{"id":104587,"date":"2024-02-05T14:24:57","date_gmt":"2024-02-05T14:24:57","guid":{"rendered":"https:\/\/culturasonora.es\/?page_id=104587"},"modified":"2024-11-22T10:59:29","modified_gmt":"2024-11-22T10:59:29","slug":"astuces-pour-ameliorer-la-qualite-audio-de-votre-casque-audio","status":"publish","type":"page","link":"https:\/\/culturasonora.es\/fr\/blog\/astuces-pour-ameliorer-la-qualite-audio-de-votre-casque-audio\/","title":{"rendered":"Conseils pour am\u00e9liorer la qualit\u00e9 audio de votre casque audio"},"content":{"rendered":"<div class=\"wp-block-image\"> <figure class=\"aligncenter size-large\"><img decoding=\"async\" width=\"700\" height=\"408\" src=\"https:\/\/culturasonora.es\/wp-content\/uploads\/2019\/10\/Calidad-de-sonido-en-auriculares.jpg\" alt=\"Qualit\u00e9 du son dans les casques\" class=\"wp-image-30345\" srcset=\"https:\/\/culturasonora.es\/wp-content\/uploads\/2019\/10\/Calidad-de-sonido-en-auriculares.jpg 700w, https:\/\/culturasonora.es\/wp-content\/uploads\/2019\/10\/Calidad-de-sonido-en-auriculares-300x175.jpg 300w, https:\/\/culturasonora.es\/wp-content\/uploads\/2019\/10\/Calidad-de-sonido-en-auriculares-480x280.jpg 480w\" sizes=\"(max-width: 700px) 100vw, 700px\" \/><\/figure><\/div>   <p>A <a href=\"https:\/\/culturasonora.es\/fr\/\" target=\"_blank\" rel=\"noreferrer noopener\">CulturaSonora<\/a>, nous \u00e9crivons le son, mais nous le vivons autant. Cette fois, nous voulions vous montrer quelques astuces pour am\u00e9liorer la qualit\u00e9 audio de votre casque. C&rsquo;est pourquoi nous avons \u00e9labor\u00e9 ce petit guide sur <strong>quatre fa\u00e7ons d&rsquo;am\u00e9liorer la qualit\u00e9 sonore de vos casques<\/strong>. Vous pouvez essayer une, plusieurs ou toutes les options \u00e0 la fois. Cela am\u00e9liorera la qualit\u00e9 sonore de votre casque. Ce qui vous permettra de vivre une exp\u00e9rience exceptionnelle en \u00e9coutant une chanson, regardant un film ou jouant \u00e0 un jeu vid\u00e9o. Pr\u00eat ?<\/p>    <h2 class=\"wp-block-heading\" id=\"id1\">Am\u00e9liorez la qualit\u00e9 de votre musique<\/h2>    <p>Il est difficile d&rsquo;obtenir un plat de restaurant Michelin, si les ingr\u00e9dients ne sont pas assez bons. C&rsquo;est la m\u00eame chose dans le monde de l&rsquo;audio. Si le format de vos fichiers musicaux est de mauvaise qualit\u00e9, vous ne pouvez pas demander trop de r\u00e9sultats. La qualit\u00e9 audio est la base de ce que l&rsquo;on appelle dans le monde du son la <strong>cha\u00eene du signal<\/strong>. Ce terme d\u00e9signe essentiellement le chemin que prend l&rsquo;audio depuis sa cr\u00e9ation jusqu&rsquo;\u00e0 ce qu&rsquo;il entre dans nos oreilles. <\/p>    <p>La cha\u00eene du signal comprend \u00e0 la fois les logiciels et le mat\u00e9riel qui convertissent l&rsquo;audio en ondes sonores que nous pouvons entendre. Si nous voulons percevoir un bon son dans nos \u00e9couteurs, nous devons avoir une cha\u00eene de signaux solide. Cela signifie que chaque membre de la cha\u00eene, chaque \u00e9quipement et chaque programme que nous utilisons, devra \u00eatre de qualit\u00e9 d\u00e9cente. Cela comprend aussi la musique \u00e0 jouer. Lire des fichiers audio de mauvaise qualit\u00e9 n&rsquo;aura aucune importance si vous avez les <a href=\"https:\/\/culturasonora.es\/fr\/casques\/hifi\/\" target=\"_blank\" rel=\"noreferrer noopener\">meilleurs \u00e9couteurs<\/a> ou <a href=\"https:\/\/culturasonora.es\/altavoces\/altavoces-wifi\/\" target=\"_blank\" rel=\"noreferrer noopener\">haut-parleurs du march\u00e9<\/a>. Pour cr\u00e9er une bonne exp\u00e9rience audio \u00e0 travers nos \u00e9couteurs, nous devons commencer par le d\u00e9but : lire des fichiers avec une bonne compression.<\/p>    <h4 class=\"wp-block-heading\">L&rsquo;importance des formats de compression<\/h4>    <p>La musique trouv\u00e9e sur les disques vinyles ou les CD est d&rsquo;excellente qualit\u00e9. Cette derni\u00e8re est bien sup\u00e9rieure \u00e0 la plupart des fichiers trouv\u00e9s dans notre biblioth\u00e8que num\u00e9rique. En effet, nous travaillons presque tous beaucoup aujourd&rsquo;hui sur des fichiers audio num\u00e9riques. Que ce soit en utilisant une plateforme de lecture en ligne, soit en stockant des fichiers sur nos disques durs ou nos lecteurs. Ils peuvent se pr\u00e9senter dans des formats tr\u00e8s compress\u00e9s. Ceci sacrifie la qualit\u00e9 audio afin de prendre moins d&rsquo;espace en m\u00e9moire.<\/p>   <div class=\"wp-block-image\"> <figure class=\"alignleft\"><img decoding=\"async\" width=\"300\" height=\"186\" src=\"https:\/\/culturasonora.es\/wp-content\/uploads\/2017\/11\/Spotify-300x186.jpg\" alt=\"Spotify\" class=\"wp-image-5004\" srcset=\"https:\/\/culturasonora.es\/wp-content\/uploads\/2017\/11\/Spotify-300x186.jpg 300w, https:\/\/culturasonora.es\/wp-content\/uploads\/2017\/11\/Spotify-768x477.jpg 768w, https:\/\/culturasonora.es\/wp-content\/uploads\/2017\/11\/Spotify-1024x636.jpg 1024w, https:\/\/culturasonora.es\/wp-content\/uploads\/2017\/11\/Spotify-1080x671.jpg 1080w, https:\/\/culturasonora.es\/wp-content\/uploads\/2017\/11\/Spotify.jpg 1200w\" sizes=\"(max-width: 300px) 100vw, 300px\" \/><\/figure><\/div>   <p><\/p>    <p>Nous devons prendre en compte le format de compression dans lequel se trouvent les fichiers que nous allons utiliser. Dans ce rapport, nous vous mettons au courant des formats audio les plus importants. Obtenir une compression de bonne qualit\u00e9 n&rsquo;est pas tr\u00e8s compliqu\u00e9. Nous pouvons faire deux choses : importer notre musique sans compression de basse qualit\u00e9 (les options d&rsquo;importation de la plupart des lecteurs n&rsquo;auront aucun probl\u00e8me \u00e0 lire des fichiers de bonne qualit\u00e9) ou, au contraire, commencer \u00e0 \u00e9couter des flux de haute qualit\u00e9. La fa\u00e7on la plus simple de le faire est de s&rsquo;abonner \u00e0 un service tel que <a href=\"https:\/\/www.spotify.com\/fr\/\" target=\"_blank\" rel=\"noreferrer noopener\">Spotify<\/a> ou <a href=\"https:\/\/tidal.com\/\" target=\"_blank\" rel=\"noreferrer noopener\">Tidal<\/a>. Leurs versions premium co\u00fbtent peu et offrent diff\u00e9rents niveaux de qualit\u00e9 de lecture, qui sont tous bons.<\/p>    <p>Tidal est probablement le meilleur service en termes de qualit\u00e9 sonore. Son option de qualit\u00e9 la plus \u00e9lev\u00e9e est appel\u00e9e Tidal HiFi. Elle propose des fichiers audio FLAC 16 bits\/44, ce qui est vraiment tr\u00e8s bien. Spotify, en revanche, est l\u00e9g\u00e8rement moins cher. Et m\u00eame s&rsquo;il n&rsquo;offre pas un son aussi bon que Tidal HiFI, ses options sont aussi tr\u00e8s solides. Il propose des fichiers <a href=\"https:\/\/es.ccm.net\/contents\/49-ogg-vorbis\" target=\"_blank\" rel=\"noopener\">Ogg Vorbis<\/a> de 320kbps. Il existe aussi d&rsquo;autres services, comme Apple Music. M\u00eame si, selon nous, ils ne sont pas aussi bons que ceux mentionn\u00e9s ci-dessus.<\/p>    <figure class=\"wp-block-image size-large\"><img decoding=\"async\" width=\"1024\" height=\"576\" src=\"https:\/\/culturasonora.es\/wp-content\/uploads\/2017\/11\/Fiio-K1-auriculares-1024x576.jpg\" alt=\"DAC pour les \u00e9couteurs\" class=\"wp-image-5021\" srcset=\"https:\/\/culturasonora.es\/wp-content\/uploads\/2017\/11\/Fiio-K1-auriculares-1024x576.jpg 1024w, https:\/\/culturasonora.es\/wp-content\/uploads\/2017\/11\/Fiio-K1-auriculares-300x169.jpg 300w, https:\/\/culturasonora.es\/wp-content\/uploads\/2017\/11\/Fiio-K1-auriculares-768x432.jpg 768w, https:\/\/culturasonora.es\/wp-content\/uploads\/2017\/11\/Fiio-K1-auriculares-1080x608.jpg 1080w, https:\/\/culturasonora.es\/wp-content\/uploads\/2017\/11\/Fiio-K1-auriculares.jpg 1280w\" sizes=\"(max-width: 1024px) 100vw, 1024px\" \/><\/figure>    <h2 class=\"wp-block-heading\" id=\"id2\">Procurez-vous un DAC<\/h2>    <p>Le prochain membre de la cha\u00eene de signal est quelque chose qui est d\u00e9j\u00e0 int\u00e9gr\u00e9e dans chaque lecteur num\u00e9rique. On parle ici du <strong>convertisseur num\u00e9rique-analogique ou DAC<\/strong> .<strong> \u00c0 quoi sert un DAC ?<\/strong> Avant que le son n&rsquo;entre dans nos oreilles, il n&rsquo;existe que sous forme num\u00e9rique : les z\u00e9ros et les uns qui contiennent les informations d&rsquo;un fichier audio. Le DAC est charg\u00e9 de convertir ces donn\u00e9es num\u00e9riques en donn\u00e9es analogiques. C&rsquo;est comme un traducteur qui convertit les informations num\u00e9riques en son r\u00e9el. Chaque ordinateur, t\u00e9l\u00e9phone ou tablette est \u00e9quip\u00e9 d&rsquo;un DAC int\u00e9gr\u00e9.<\/p>    <p>En r\u00e9alit\u00e9, la<strong> plupart des DAC <\/strong>d\u00e9j\u00e0 install\u00e9s en usine sont de <strong>tr\u00e8s mauvaise qualit\u00e9<\/strong>. Ils fonctionnent, mais n&rsquo;offrent pas un son impressionnant. Si vous voulez augmenter la qualit\u00e9 audio de vos \u00e9couteurs<strong>, i<\/strong>l faut vous<strong> procurer un<\/strong> <strong>DAC externe<\/strong>. Celui-ci contournera le convertisseur analogique-num\u00e9rique interne de vos appareils existants, pour travailler par le biais de cette unit\u00e9 externe sp\u00e9cialis\u00e9e.<\/p>    <p>La plupart des DACs externes se pr\u00e9sentent sous la forme d&rsquo;un petit bo\u00eetier qui est connect\u00e9, par exemple,<strong> via USB<\/strong>. Bien qu&rsquo;il soit possible de trouver de grandes unit\u00e9s co\u00fbtant des milliers d&rsquo;euros, il existe aussi de petites unit\u00e9s peu co\u00fbteuses et de grande qualit\u00e9. Les commandes sont g\u00e9n\u00e9ralement simples, int\u00e9grant un interrupteur marche\/arr\u00eat et un r\u00e9glage du volume. Ils ont aussi des ports diff\u00e9rents pour la connexion. Habituellement, mais pas toujours, nous pouvons connecter nos \u00e9couteurs directement \u00e0 un DAC externe.<\/p>    <p>En g\u00e9n\u00e9ral, un DAC est un appareil simple et facile \u00e0 connecter qui augmente instantan\u00e9ment la qualit\u00e9 de l&rsquo;audio que nous \u00e9coutons. Des appareils tr\u00e8s bon march\u00e9, comme le <a href=\"https:\/\/amzn.to\/3BDUiLU\" target=\"_blank\" rel=\"noreferrer noopener nofollow nofollow\">Fiio K3<\/a>, sont disponibles \u00e0 partir d&rsquo;environ 100 EUR. Vous pouvez consulter notre article sur les meilleurs DAC du march\u00e9 si vous voulez voir un examen approfondi de ce convertisseur ou d&rsquo;autres convertisseurs analogiques num\u00e9riques.<\/p>    <h2 class=\"wp-block-heading\" id=\"id3\">Achetez un amplificateur pour casque<\/h2>   <p><img decoding=\"async\" class=\"size-full wp-image-5028 alignleft\" src=\"https:\/\/culturasonora.es\/wp-content\/uploads\/2017\/11\/Bravo-Audio-V2.jpeg\" alt=\"amplificateurs de casque\" width=\"257\" height=\"196\"><\/p>   <p>Augmenter la r\u00e9solution de nos fichiers audio et ajouter un DAC de qualit\u00e9 am\u00e9liorera consid\u00e9rablement notre cha\u00eene de signaux. Mais ce n&rsquo;est pas la seule chose que vous pouvez faire. En faisant passer le son par<strong> un <a href=\"https:\/\/culturasonora.es\/hifi\/amplificadores-para-auriculares\/\" target=\"_blank\" rel=\"noreferrer noopener\">amplificateur pour casque<\/a>, vous<\/strong> obtiendrez une<strong> qualit\u00e9 sup\u00e9rieure<\/strong>. En g\u00e9n\u00e9ral, un amplificateur fait deux choses : il <strong>augmente la puissance de notre audio<\/strong>, ce qui nous permet d&rsquo;obtenir une plus grande clart\u00e9 \u00e0 faible volume, comparable \u00e0 celle des meilleurs casques du march\u00e9. D&rsquo;un autre c\u00f4t\u00e9, cela <strong>ajoute de la texture et approfondit le son<\/strong>.<\/p>    <p>Il y a quelques facteurs \u00e0 prendre en compte pour choisir un amplificateur de casque. Tout d&rsquo;abord, ils sont con\u00e7us en trois formats : amplificateurs \u00e0 tube, \u00e0 semi-conducteurs et hybrides tube\/solide. Les amplificateurs \u00e0 tube font passer le signal audio par un tube en verre sous vide, qui br\u00fble les \u00e9lectrons d&rsquo;une plaque sp\u00e9ciale pour transmettre le son. Ce faisant, il donne \u00e0 l&rsquo;audio une qualit\u00e9 tr\u00e8s caract\u00e9ristique : il est per\u00e7u comme riche et chaud, avec une l\u00e9g\u00e8re distorsion. Les amplificateurs \u00e0 semi-conducteurs, quant \u00e0 eux, n&rsquo;ont pas la m\u00eame chaleur, mais am\u00e9liorent le niveau de pr\u00e9cision sonore. Les amplificateurs \u00e0 tubes peuvent \u00eatre chers, bien que certains puissent \u00eatre trouv\u00e9s \u00e0 bas prix. Ils ne sont peut-\u00eatre pas du go\u00fbt de tout le monde, \u00e9tant donn\u00e9 leur profil sonore sp\u00e9cifique, c&rsquo;est pourquoi les amplificateurs \u00e0 semi-conducteurs sont plus populaires.<\/p>    <p>Une autre chose \u00e0 savoir est que chaque circuit d&rsquo;amplificateur int\u00e8gre deux choses : un pr\u00e9amplificateur et un amplificateur de puissance. Chaque signal audio, m\u00eame apr\u00e8s \u00eatre pass\u00e9 par un DAC, est mal aliment\u00e9, et une partie du travail de l&rsquo;amplificateur consiste \u00e0 le porter \u00e0 un niveau o\u00f9 nous pouvons l&rsquo;entendre, \u00e0 l&rsquo;amplifier. Le pr\u00e9amplificateur g\u00e8re la commutation entre les sources audio et augmente le gain du signal juste assez pour que l&rsquo;amplificateur puisse le capter et augmenter le gain de tension. La bonne nouvelle est qu&rsquo;il n&rsquo;est pas n\u00e9cessaire d&rsquo;acheter deux \u00e9quipements diff\u00e9rents. La plupart des amplificateurs, notamment ceux qui sont con\u00e7us pour am\u00e9liorer la qualit\u00e9 audio de nos \u00e9couteurs, sont connus sous le nom d&rsquo;amplificateurs int\u00e9gr\u00e9s. Ils contiennent les circuits du pr\u00e9amplificateur et de l&rsquo;amplificateur de puissance. Nous pouvons construire un syst\u00e8me avec ces circuits s\u00e9par\u00e9s, mais pour la plupart des gens, les amplificateurs int\u00e9gr\u00e9s fonctionnent tr\u00e8s bien.  <\/p>    <figure class=\"wp-block-image size-large\"><img decoding=\"async\" width=\"1024\" height=\"576\" src=\"https:\/\/culturasonora.es\/wp-content\/uploads\/2017\/11\/Plantronics-BackBeat-Pro-2-Wireless-Headphones-1024x576.jpg\" alt=\"Plantronics-BackBeat-Pro-2-Casque sans fil\" class=\"wp-image-5049\" srcset=\"https:\/\/culturasonora.es\/wp-content\/uploads\/2017\/11\/Plantronics-BackBeat-Pro-2-Wireless-Headphones-1024x576.jpg 1024w, https:\/\/culturasonora.es\/wp-content\/uploads\/2017\/11\/Plantronics-BackBeat-Pro-2-Wireless-Headphones-300x169.jpg 300w, https:\/\/culturasonora.es\/wp-content\/uploads\/2017\/11\/Plantronics-BackBeat-Pro-2-Wireless-Headphones-768x432.jpg 768w, https:\/\/culturasonora.es\/wp-content\/uploads\/2017\/11\/Plantronics-BackBeat-Pro-2-Wireless-Headphones-1080x608.jpg 1080w, https:\/\/culturasonora.es\/wp-content\/uploads\/2017\/11\/Plantronics-BackBeat-Pro-2-Wireless-Headphones.jpg 1920w\" sizes=\"(max-width: 1024px) 100vw, 1024px\" \/><\/figure>    <h2 class=\"wp-block-heading\" id=\"id4\">Am\u00e9liorez vos \u00e9couteurs<\/h2>    <p>Lorsqu&rsquo;il s&rsquo;agit d&rsquo;acheter un <a href=\"https:\/\/culturasonora.es\/fr\/casques\/\" target=\"_blank\" rel=\"noreferrer noopener\"><strong>casque d&rsquo;\u00e9coute<\/strong><\/a>, vous pouvez trouver des mod\u00e8les co\u00fbteux (voire des milliers d&rsquo;euros) comme l&rsquo;<a href=\"https:\/\/amzn.to\/3XL2Nim\" target=\"_blank\" rel=\"noreferrer noopener nofollow\">Audeze LCD-2<\/a>, qui offrent un son tr\u00e8s cool et couvrent une large gamme de fr\u00e9quences. Cependant, si vous choisissez bien, <strong>vous pouvez trouver une paire d&rsquo;\u00e9couteurs de bonne qualit\u00e9 pour un prix raisonnable<\/strong>. Vous pouvez trouver de nombreuses options dans notre gamme de produits, dont certaines sont tr\u00e8s abordables et offrent une grande qualit\u00e9 sonore.<\/p>    <p>Comme pour les amplificateurs, il y a quelques \u00e9l\u00e9ments \u00e0 prendre en compte pour choisir un bon casque. La premi\u00e8re est la diff\u00e9rence entre <strong>les \u00e9couteurs \u00e0 dos ferm\u00e9\/ouvert<\/strong>. Il s&rsquo;agit de l&rsquo;ext\u00e9rieur des oreillettes. Les mod\u00e8les ferm\u00e9s ont une isolation sonore sup\u00e9rieure, les personnes autour de vous ne pourront pas entendre ce que vous \u00e9coutez, m\u00eame \u00e0 des volumes \u00e9lev\u00e9s. Ils ont aussi tendance \u00e0 \u00eatre moins chers que les mod\u00e8les ouverts, qui offrent des caract\u00e9ristiques sonores diff\u00e9rentes en permettant une plus grande entr\u00e9e d&rsquo;air. Ils ont beaucoup de profondeur dans la gamme de sons, mais sont mauvais pour isoler le son.<\/p>    <p>Il est \u00e9galement judicieux de choisir des \u00e9couteurs \u00e0 r\u00e9duction de bruit ou des \u00e9couteurs sans fil. Si nous voyageons beaucoup, ces options peuvent \u00eatre parfaites. Ces \u00e9couteurs seront presque toujours ferm\u00e9s, et cela ne signifie pas que l&rsquo;audio sera moins bon. De plus, dans le cas des casques antibruit, ils seront livr\u00e9s avec leur propre amplificateur int\u00e9gr\u00e9. Dans ce cas, vous n&rsquo;avez pas \u00e0 vous soucier d&rsquo;amplificateurs ou de <a href=\"https:\/\/culturasonora.es\/hifi\/mejores-dac\/\" target=\"_blank\" rel=\"noreferrer noopener\">DAC suppl\u00e9mentaires<\/a>.<\/p>    <p>Il est \u00e9galement utile de conna\u00eetre les <strong>diff\u00e9rences entre les types de conducteurs<\/strong>. Le haut-parleur est essentiellement la partie du haut-parleur situ\u00e9e \u00e0 l&rsquo;int\u00e9rieur de chaque oreillette qui produit le son. Les pilotes dynamiques sont les moins chers et les plus courants, les pilotes magn\u00e9tiques planaires ont un meilleur son mais sont plus grands et plus chers, tandis que les pilotes \u00e9lectrostatiques co\u00fbtent tr\u00e8s cher et n\u00e9cessitent des amplificateurs sp\u00e9ciaux pour les utiliser.<\/p>    <p>Il est difficile d&rsquo;\u00e9tablir un tableau simple pour choisir le casque id\u00e9al, mais nous pouvons adh\u00e9rer \u00e0 quelques principes de base en fonction de l&rsquo;utilisation pr\u00e9vue. Si vous \u00e9coutez la plupart de la musique \u00e0 votre bureau et que vous pouvez vous le permettre, un <a href=\"https:\/\/culturasonora.es\/fr\/casques\/hifi\/\" target=\"_blank\" rel=\"noreferrer noopener\">casque HiFi<\/a> peut \u00eatre un bon choix. Ceux qui voyagent souvent, peuvent opter pour des mod\u00e8les avec des conducteurs dynamiques, sans fil et \u00e0 r\u00e9duction de bruit. En revanche, si vous \u00e9coutez de la musique \u00e0 la maison, en pr\u00e9sence d&rsquo;autres personnes, un mod\u00e8le ferm\u00e9 avec un haut-parleur dynamique et un c\u00e2blage peut \u00eatre id\u00e9al.<\/p>    <p>Maintenant, vous pourriez penser qu&rsquo;il faut d\u00e9penser beaucoup d&rsquo;argent pour avoir une bonne paire d&rsquo;\u00e9couteurs, mais ce n&rsquo;est pas vrai. Si vous voulez une bonne paire d&rsquo;\u00e9couteurs \u00e0 utiliser \u00e0 la maison ou sur la route, avec une connectivit\u00e9 sans fil. Etant <strong>durable, confortable<\/strong> et disposant de commandes faciles \u00e0 utiliser. Ce casque est dot\u00e9 de la <a href=\"https:\/\/fr.wikipedia.org\/wiki\/Near-field_communication\" target=\"_blank\" rel=\"noopener\">fonction NFC<\/a>, pour une synchronisation rapide avec les appareils sources. Ainsi que de la technologie d&rsquo;annulation du bruit tr\u00e8s efficace. Il offre une excellente port\u00e9e sans fil et d&rsquo;excellentes performances de la batterie. Son prix est d&rsquo;environ 199,99 \u20ac. Si vous avez un budget plus serr\u00e9, le casque <a href=\"https:\/\/amzn.to\/2Bf8FsU\" target=\"_blank\" rel=\"noreferrer noopener nofollow\">bluetooth Avantree<\/a> est une autre excellente option. Avec une autonomie de 40 heures, une bonne qualit\u00e9 sonore et un design durable et confortable. Il est \u00e9galement dot\u00e9 des technologies NFC et aptX.<\/p>    <p>Nous devons aussi parler de la fa\u00e7on d&rsquo;appairer notre casque avec les amplificateurs. Ce processus n&rsquo;est pas du tout compliqu\u00e9, m\u00eame si nous devons conna\u00eetre le terme <strong>imp\u00e9dance<\/strong>. L&rsquo;imp\u00e9dance d\u00e9signe la quantit\u00e9 de r\u00e9sistance \u00e9lectrique que poss\u00e8de un \u00e9quipement. Elle est exprim\u00e9e en ohms (\u03a9). Avant de connecter une paire d&rsquo;\u00e9couteurs \u00e0 un amplificateur, il faut regarder leur capacit\u00e9 d&rsquo;imp\u00e9dance. Cela appara\u00eetra \u00e0 la fois sur le site Web de l&rsquo;entreprise productrice et dans le manuel d&rsquo;utilisation des casques. La premi\u00e8re chose \u00e0 v\u00e9rifier est de savoir si l&rsquo;amplificateur est capable de supporter la capacit\u00e9 sp\u00e9cifi\u00e9e. Cependant, la plupart des amplificateurs de casque peuvent g\u00e9rer n&rsquo;importe quelle capacit\u00e9 de casque, ce n&rsquo;est donc pas un probl\u00e8me.<\/p>    <h2 class=\"wp-block-heading\">Un exemple pratique<\/h2>    <p>Vous pourriez penser qu&rsquo;obtenir toute la cha\u00eene dont nous avons parl\u00e9 pourrait \u00eatre assez cher, mais ce n&rsquo;est pas le cas. Tout d&rsquo;abord, nous pouvons rejoindre Spotify Premium pour seulement 9,99 euros par mois. Si nous jouons sur notre ordinateur, nous pouvons connecter un <strong>DAC externe<\/strong>. <strong>L&rsquo;Optoma Nuforce uDAC<\/strong> semble \u00eatre un bon rapport qualit\u00e9-prix. C&rsquo;est un <strong>DAC<\/strong> au <strong>son<\/strong> et aux performances <strong>exceptionnels<\/strong> \u00e0 un prix tr\u00e8s raisonnable. Une autre option est de passer <strong>directement au <a href=\"https:\/\/amzn.to\/2yW7kG7\" target=\"_blank\" rel=\"noreferrer noopener nofollow nofollow\">Fiio e10k<\/a><\/strong><a href=\"https:\/\/amzn.to\/2yW7kG7\" target=\"_blank\" rel=\"noopener nofollow\">,<\/a> qui co\u00fbte environ 80 \u20ac et qui est un DAC\/Amplificateur. Enfin, si vous achetez un Plantronics Backbeat Pro 2, qui est id\u00e9al pour la plupart des occasions, vous aurez une cha\u00eene sonore compl\u00e8te de haute qualit\u00e9.<\/p>    <p>Vous pouvez consulter ces listes des : <a href=\"https:\/\/culturasonora.es\/hifi\/mejores-dac\/\" target=\"_blank\" rel=\"noreferrer noopener\">meilleurs DAC du march\u00e9<\/a>, des <a href=\"https:\/\/culturasonora.es\/auriculares\/cancelacion-de-ruido\/\" target=\"_blank\" rel=\"noreferrer noopener\">casques antibruit<\/a>, des <a href=\"https:\/\/culturasonora.es\/hifi\/mejores-tocadiscos\/\" target=\"_blank\" rel=\"noreferrer noopener\">platines<\/a>, des casques TV et des meilleurs codecs bluetooth pour plus d&rsquo;informations lors du choix d&rsquo;un membre de la cha\u00eene sonore susmentionn\u00e9e. Nous avons \u00e9crit un article s\u00e9par\u00e9 avec des examens approfondis des meilleures options parmi les <strong>amplificateurs de casque<\/strong>, adapt\u00e9s \u00e0 diff\u00e9rentes situations et budgets, nous vous recommandons donc de consulter <a href=\"https:\/\/culturasonora.es\/fr\/\" target=\"_blank\" rel=\"noreferrer noopener\">notre page<\/a>. En attendant, nous vous laissons avec une vid\u00e9o sur les diff\u00e9rents c\u00e2bles que nous pouvons utiliser pour connecter nos \u00e9couteurs :<\/p>    <figure class=\"wp-block-embed is-type-video is-provider-youtube wp-block-embed-youtube wp-embed-aspect-16-9 wp-has-aspect-ratio\"><div class=\"wp-block-embed__wrapper\"> <iframe loading=\"lazy\" title=\"Headphone Cables: How to Optimize Sound Quality | Moon Audio\" width=\"500\" height=\"281\" src=\"https:\/\/www.youtube.com\/embed\/MdWmtVFeA_Q?feature=oembed\" frameborder=\"0\" allow=\"accelerometer; autoplay; clipboard-write; encrypted-media; gyroscope; picture-in-picture; web-share\" referrerpolicy=\"strict-origin-when-cross-origin\" allowfullscreen><\/iframe> <\/div><\/figure>","protected":false},"excerpt":{"rendered":"<p>A CulturaSonora, nous \u00e9crivons le son, mais nous le vivons autant. Cette fois, nous voulions vous montrer quelques astuces pour am\u00e9liorer la qualit\u00e9 audio de votre casque. C&rsquo;est pourquoi nous&#8230;<\/p>\n","protected":false},"author":29,"featured_media":59274,"parent":65276,"menu_order":0,"comment_status":"closed","ping_status":"closed","template":"","meta":{"footnotes":""},"tags":[],"class_list":["post-104587","page","type-page","status-publish","has-post-thumbnail","hentry"],"acf":[],"_links":{"self":[{"href":"https:\/\/culturasonora.es\/fr\/wp-json\/wp\/v2\/pages\/104587","targetHints":{"allow":["GET"]}}],"collection":[{"href":"https:\/\/culturasonora.es\/fr\/wp-json\/wp\/v2\/pages"}],"about":[{"href":"https:\/\/culturasonora.es\/fr\/wp-json\/wp\/v2\/types\/page"}],"author":[{"embeddable":true,"href":"https:\/\/culturasonora.es\/fr\/wp-json\/wp\/v2\/users\/29"}],"replies":[{"embeddable":true,"href":"https:\/\/culturasonora.es\/fr\/wp-json\/wp\/v2\/comments?post=104587"}],"version-history":[{"count":0,"href":"https:\/\/culturasonora.es\/fr\/wp-json\/wp\/v2\/pages\/104587\/revisions"}],"up":[{"embeddable":true,"href":"https:\/\/culturasonora.es\/fr\/wp-json\/wp\/v2\/pages\/65276"}],"wp:featuredmedia":[{"embeddable":true,"href":"https:\/\/culturasonora.es\/fr\/wp-json\/wp\/v2\/media\/59274"}],"wp:attachment":[{"href":"https:\/\/culturasonora.es\/fr\/wp-json\/wp\/v2\/media?parent=104587"}],"wp:term":[{"taxonomy":"post_tag","embeddable":true,"href":"https:\/\/culturasonora.es\/fr\/wp-json\/wp\/v2\/tags?post=104587"}],"curies":[{"name":"wp","href":"https:\/\/api.w.org\/{rel}","templated":true}]}}