{"id":104604,"date":"2024-02-06T09:32:53","date_gmt":"2024-02-06T09:32:53","guid":{"rendered":"https:\/\/culturasonora.es\/?page_id=104604"},"modified":"2024-02-06T09:34:21","modified_gmt":"2024-02-06T09:34:21","slug":"comment-configurer-une-telecommande-universelle-de-television","status":"publish","type":"page","link":"https:\/\/culturasonora.es\/fr\/blog\/comment-configurer-une-telecommande-universelle-de-television\/","title":{"rendered":"Comment configurer une t\u00e9l\u00e9commande universelle de t\u00e9l\u00e9vision ?"},"content":{"rendered":"<figure class=\"wp-block-image size-large\"><img decoding=\"async\" width=\"1024\" height=\"577\" src=\"https:\/\/culturasonora.es\/wp-content\/uploads\/2018\/12\/mando-universal-1024x577.jpeg\" alt=\"contr\u00f4le universel\" class=\"wp-image-16737\" srcset=\"https:\/\/culturasonora.es\/wp-content\/uploads\/2018\/12\/mando-universal-1024x577.jpeg 1024w, https:\/\/culturasonora.es\/wp-content\/uploads\/2018\/12\/mando-universal-300x169.jpeg 300w, https:\/\/culturasonora.es\/wp-content\/uploads\/2018\/12\/mando-universal-768x433.jpeg 768w, https:\/\/culturasonora.es\/wp-content\/uploads\/2018\/12\/mando-universal-1080x609.jpeg 1080w, https:\/\/culturasonora.es\/wp-content\/uploads\/2018\/12\/mando-universal.jpeg 1920w\" sizes=\"(max-width: 1024px) 100vw, 1024px\" \/><\/figure>    <p><strong>Vous voulez configurer une t\u00e9l\u00e9commande universelle sans devenir fou ? Vous avez atterri au bon endroit<\/strong>.<\/p>    <p>Les t\u00e9l\u00e9commandes universelles nous facilitent la vie. Elles ont \u00e9t\u00e9 une perc\u00e9e dans le monde des t\u00e9l\u00e9commandes. Ceci est surtout ressenti dans les maisons o\u00f9 il y a de plus en plus de gadgets.  <\/p>    <p>Non seulement ils sont compatibles avec la plupart des t\u00e9l\u00e9viseurs du march\u00e9, mais beaucoup vous permettent aussi de contr\u00f4ler d&rsquo;autres appareils tels que des magn\u00e9toscopes num\u00e9riques, des <a href=\"https:\/\/culturasonora.es\/barras-de-sonido\/\" target=\"_blank\" rel=\"noreferrer noopener\">barres de son<\/a>, des <a href=\"https:\/\/culturasonora.es\/home-cinema\/receptor-av-los-mejores-del-mercado\/\" target=\"_blank\" rel=\"noreferrer noopener\">r\u00e9cepteurs AV<\/a> ou m\u00eame des consoles de jeux.<\/p>    <p>Pour les personnes moins <em>geeks<\/em>, la configuration d&rsquo;une t\u00e9l\u00e9commande universelle peut \u00eatre une pilule am\u00e8re \u00e0 avaler.<\/p>    <p>Par cons\u00e9quent, dans cet article de CulturaSonora, nous allons vous montrer comment configurer une commande universelle, <strong>en fonction du mod\u00e8le que vous avez choisi<\/strong>.<\/p>    <p>Mais avant de commencer, assurez-vous que la t\u00e9l\u00e9commande contient des piles. Ensuite assurez-vous que l&rsquo;appareil avec lequel vous voulez coupler la t\u00e9l\u00e9commande universelle est allum\u00e9.  <\/p>    <p>Ne seriez-vous pas le premier \u00e0 jeter votre manette par la fen\u00eatre, frustr\u00e9 devant un bug si d\u00e9bile ?<\/p>    <figure class=\"wp-block-image size-large\"><img decoding=\"async\" width=\"800\" height=\"350\" src=\"https:\/\/culturasonora.es\/wp-content\/uploads\/2019\/10\/mejores-mandos-universales-tv.jpg\" alt=\"Les meilleures t\u00e9l\u00e9commandes universelles de t\u00e9l\u00e9vision\" class=\"wp-image-31156\" srcset=\"https:\/\/culturasonora.es\/wp-content\/uploads\/2019\/10\/mejores-mandos-universales-tv.jpg 800w, https:\/\/culturasonora.es\/wp-content\/uploads\/2019\/10\/mejores-mandos-universales-tv-300x131.jpg 300w, https:\/\/culturasonora.es\/wp-content\/uploads\/2019\/10\/mejores-mandos-universales-tv-768x336.jpg 768w, https:\/\/culturasonora.es\/wp-content\/uploads\/2019\/10\/mejores-mandos-universales-tv-480x210.jpg 480w\" sizes=\"(max-width: 800px) 100vw, 800px\" \/><figcaption class=\"wp-element-caption\">Vous voulez savoir quelles sont les meilleures t\u00e9l\u00e9commandes universelles du march\u00e9 ?<\/figcaption><\/figure>    <h2 class=\"wp-block-heading\">Comment programmer une t\u00e9l\u00e9commande universelle RCA ?<\/h2>    <p>Les RCA sont les t\u00e9l\u00e9commandes les plus courantes sur le march\u00e9. Si vous voulez programmer une commande universelle, <strong>Suivez les \u00e9tapes suivantes :<\/strong><\/p>    <ol class=\"wp-block-list\"> <li>Appuyez et rel\u00e2chez le bouton correspondant au composant que vous \u00eates en train de programmer. Par exemple, si vous voulez configurer une t\u00e9l\u00e9commande universelle avec un t\u00e9l\u00e9viseur, cherchez sur la t\u00e9l\u00e9commande le bouton qui dit TV en haut de la t\u00e9l\u00e9commande, appuyez dessus et rel\u00e2chez-le. Le bouton ON\/OFF s&rsquo;allume et doit rester allum\u00e9.<\/li>    <li>Une fois que c&rsquo;est fait, appuyez simultan\u00e9ment sur le bouton composant du contr\u00f4leur et sur le bouton marche\/arr\u00eat et maintenez-les enfonc\u00e9s. La lumi\u00e8re de la t\u00e9l\u00e9commande s&rsquo;\u00e9teint et s&rsquo;allume imm\u00e9diatement. \u00c0 ce stade, rel\u00e2chez les boutons. Les lumi\u00e8res de la commande doivent rester allum\u00e9es.<\/li>    <li>Appuyez et rel\u00e2chez le bouton de lecture de la t\u00e9l\u00e9commande. Si le composant ne s&rsquo;\u00e9teint pas dans les cinq secondes, r\u00e9p\u00e9tez le processus toutes les cinq secondes jusqu&rsquo;\u00e0 ce que le composant s&rsquo;\u00e9teigne.<\/li>    <li>Une fois que le composant est \u00e9teint, appuyez sur le bouton d&rsquo;<em>inversion<\/em> pour rallumer l&rsquo;appareil. Si elle ne s&rsquo;allume pas, r\u00e9p\u00e9tez le processus toutes les trois secondes jusqu&rsquo;\u00e0 ce qu&rsquo;elle le fasse.<\/li>    <li>Appuyez et rel\u00e2chez le bouton <em>Stop<\/em> pour enregistrer la programmation de l&rsquo;appareil connect\u00e9 dans la m\u00e9moire de la t\u00e9l\u00e9commande universelle.<\/li>    <li>R\u00e9p\u00e9tez les \u00e9tapes 1 \u00e0 5 chaque fois que vous voulez jumeler un nouvel appareil avec la t\u00e9l\u00e9commande universelle. C&rsquo;est tout ce que vous devez savoir pour programmer les contr\u00f4leurs universels RCA\u00a0\u00bb.<\/li> <\/ol>    <figure class=\"wp-block-image size-large\"><img decoding=\"async\" width=\"1024\" height=\"576\" src=\"https:\/\/culturasonora.es\/wp-content\/uploads\/2019\/01\/mando-universal-portada-1024x576.jpg\" alt=\"t\u00e9l\u00e9commande universelle\" class=\"wp-image-17342\" srcset=\"https:\/\/culturasonora.es\/wp-content\/uploads\/2019\/01\/mando-universal-portada-1024x576.jpg 1024w, https:\/\/culturasonora.es\/wp-content\/uploads\/2019\/01\/mando-universal-portada-300x169.jpg 300w, https:\/\/culturasonora.es\/wp-content\/uploads\/2019\/01\/mando-universal-portada-768x432.jpg 768w, https:\/\/culturasonora.es\/wp-content\/uploads\/2019\/01\/mando-universal-portada-1080x608.jpg 1080w, https:\/\/culturasonora.es\/wp-content\/uploads\/2019\/01\/mando-universal-portada.jpg 1280w\" sizes=\"(max-width: 1024px) 100vw, 1024px\" \/><\/figure>    <h2 class=\"wp-block-heading\">Comment programmer une t\u00e9l\u00e9commande universelle par recherche automatique de codes ?<\/h2>    <p>Les versions des t\u00e9l\u00e9commandes TV universelles qui incluent cette fonction rendent le processus de mise en place du contr\u00f4le universel <strong>beaucoup plus facile<\/strong>.  <\/p>    <p>C&rsquo;est l&rsquo;option id\u00e9ale pour configurer la commande universelle sans code (si la t\u00e9l\u00e9commande ne poss\u00e8de pas cette fonction, vous devez la configurer manuellement).<\/p>    <ol class=\"wp-block-list\"> <li>Identifiez la version de la t\u00e9l\u00e9commande universelle en retirant le couvercle arri\u00e8re et les piles du contr\u00f4leur sans fil. Elle est g\u00e9n\u00e9ralement sp\u00e9cifi\u00e9e sur une \u00e9tiquette.<\/li>    <li>Appuyez sur le bouton set ou prog (selon le cas) pendant quatre secondes, puis appuyez sur le bouton de la t\u00e9l\u00e9commande de l&rsquo;appareil que vous voulez synchroniser.<\/li>    <li>Appuyez sur le bouton d&rsquo;<em>alimentation<\/em> et attendez que l&rsquo;appareil s&rsquo;\u00e9teigne. Si vous avez la t\u00e9l\u00e9commande universelle V1, V2 ou V3 et si vous programmez un lecteur DVD, vous pouvez s\u00e9lectionner le bouton de lecture et attendre que l&rsquo;appareil joue.<\/li>    <li>Apr\u00e8s deux secondes, appuyez sur le bouton d&rsquo;alimentation ou de lecture, selon la situation. S&rsquo;il ne s&rsquo;\u00e9teint pas, continuez d&rsquo;essayer jusqu&rsquo;\u00e0 ce que l&rsquo;appareil le fasse.<\/li>    <li>Appuyez sur le bouton <em>Ok<\/em> ou <em>Enter<\/em> pour enregistrer la configuration dans le contr\u00f4leur V1. Pour les contr\u00f4leurs V2, V3 ou V4, vous devez appuyer sur le bouton pendant deux secondes. Si vous avez suivi toutes les \u00e9tapes correctement, le voyant rouge devrait s&rsquo;\u00e9teindre, indiquant que le processus de programmation de la t\u00e9l\u00e9commande universelle est termin\u00e9.<\/li> <\/ol>    <figure class=\"wp-block-image size-large\"><img decoding=\"async\" width=\"1024\" height=\"768\" src=\"https:\/\/culturasonora.es\/wp-content\/uploads\/2019\/01\/mando-universal-Harmony-1024x768.jpg\" alt=\"comment programmer une t\u00e9l\u00e9commande\" class=\"wp-image-17343\" srcset=\"https:\/\/culturasonora.es\/wp-content\/uploads\/2019\/01\/mando-universal-Harmony-1024x768.jpg 1024w, https:\/\/culturasonora.es\/wp-content\/uploads\/2019\/01\/mando-universal-Harmony-300x225.jpg 300w, https:\/\/culturasonora.es\/wp-content\/uploads\/2019\/01\/mando-universal-Harmony-768x576.jpg 768w, https:\/\/culturasonora.es\/wp-content\/uploads\/2019\/01\/mando-universal-Harmony-510x382.jpg 510w, https:\/\/culturasonora.es\/wp-content\/uploads\/2019\/01\/mando-universal-Harmony-1080x810.jpg 1080w, https:\/\/culturasonora.es\/wp-content\/uploads\/2019\/01\/mando-universal-Harmony.jpg 1280w\" sizes=\"(max-width: 1024px) 100vw, 1024px\" \/><\/figure>    <h2 class=\"wp-block-heading\">Comment programmer une t\u00e9l\u00e9commande universelle de t\u00e9l\u00e9vision en entrant manuellement le code ?<\/h2>    <ol class=\"wp-block-list\"> <li>Retirez le couvercle et les piles de la t\u00e9l\u00e9commande universelle. Regardez l&rsquo;\u00e9tiquette sur laquelle figure le num\u00e9ro de mod\u00e8le.<\/li>    <li>Trouvez ou t\u00e9l\u00e9chargez la liste de codes pour votre mod\u00e8le de t\u00e9l\u00e9commande universelle, et utilisez le code correspondant \u00e0 l&rsquo;appareil pour configurer le contr\u00f4le universel (qu&rsquo;il s&rsquo;agisse d&rsquo;une t\u00e9l\u00e9commande universelle Samsung, Lg, Philips, Logitech).<\/li>    <li>Appuyez sur le bouton set ou prog pendant quatre secondes jusqu&rsquo;\u00e0 ce que le voyant lumineux devienne rouge. Sur certains mod\u00e8les, vous devez maintenir enfonc\u00e9 un bouton appel\u00e9 <em>recherche de code<\/em> jusqu&rsquo;\u00e0 ce que le processus soit termin\u00e9.<\/li>    <li>Appuyez sur le bouton situ\u00e9 sur la t\u00e9l\u00e9commande de l&rsquo;appareil que vous voulez programmer.<\/li>    <li>Saisissez le code de l&rsquo;appareil, si c&rsquo;est correct, le voyant rouge doit s&rsquo;\u00e9teindre.<\/li>    <li>Appuyez sur le bouton d&rsquo;alimentation, si l&rsquo;appareil s&rsquo;\u00e9teint, alors vous l&rsquo;avez configur\u00e9 avec succ\u00e8s.<\/li> <\/ol>    <p>Si vous voulez mieux voir comment se d\u00e9roulent les \u00e9tapes de la configuration d&rsquo;une t\u00e9l\u00e9commande universelle, nous vous laissons avec une vid\u00e9o qui l&rsquo;explique tr\u00e8s bien :<\/p>    <figure class=\"wp-block-embed is-type-video is-provider-youtube wp-block-embed-youtube wp-embed-aspect-16-9 wp-has-aspect-ratio\"><div class=\"wp-block-embed__wrapper\"> <iframe loading=\"lazy\" title=\"Comment programmer une t\u00e9l\u00e9commande universelle RCA \u00e0 votre t\u00e9l\u00e9vision sans codes\" width=\"500\" height=\"281\" src=\"https:\/\/www.youtube.com\/embed\/xnlxQ_sg5CY?feature=oembed\" frameborder=\"0\" allow=\"accelerometer; autoplay; clipboard-write; encrypted-media; gyroscope; picture-in-picture; web-share\" referrerpolicy=\"strict-origin-when-cross-origin\" allowfullscreen><\/iframe> <\/div><\/figure>    <p>Comme vous pouvez le voir, il n&rsquo;est pas du tout difficile de configurer une t\u00e9l\u00e9commande universelle, il suffit de suivre les \u00e9tapes de mani\u00e8re ordonn\u00e9e. Patience : vous y arriverez sans probl\u00e8me.  <\/p>    <p><strong>Si vous avez des questions, laissez-nous un commentaire et nous essaierons de vous aider d\u00e8s que possible<\/strong>.  <\/p>    <p>Nous vous recommandons de consulter notre guide sur la fa\u00e7on de connecter les \u00e9couteurs de la t\u00e9l\u00e9vision, de configurer un <a href=\"https:\/\/culturasonora.es\/fr\/blog\/comment-installer-home-cinema\/\" target=\"_blank\" rel=\"noreferrer noopener\">syst\u00e8me de home cin\u00e9ma<\/a> et notre section <a href=\"https:\/\/culturasonora.es\/home-cinema\/\" target=\"_blank\" rel=\"noreferrer noopener\">Home Cin\u00e9ma<\/a>. Vous y trouverez des revues approfondies des meilleurs \u00e9quipements du march\u00e9.<\/p>","protected":false},"excerpt":{"rendered":"<p>Vous voulez configurer une t\u00e9l\u00e9commande universelle sans devenir fou ? Vous avez atterri au bon endroit. Les t\u00e9l\u00e9commandes universelles nous facilitent la vie. Elles ont \u00e9t\u00e9 une perc\u00e9e dans le&#8230;<\/p>\n","protected":false},"author":29,"featured_media":56304,"parent":65276,"menu_order":0,"comment_status":"closed","ping_status":"closed","template":"","meta":{"footnotes":""},"tags":[],"class_list":["post-104604","page","type-page","status-publish","has-post-thumbnail","hentry"],"acf":[],"_links":{"self":[{"href":"https:\/\/culturasonora.es\/fr\/wp-json\/wp\/v2\/pages\/104604","targetHints":{"allow":["GET"]}}],"collection":[{"href":"https:\/\/culturasonora.es\/fr\/wp-json\/wp\/v2\/pages"}],"about":[{"href":"https:\/\/culturasonora.es\/fr\/wp-json\/wp\/v2\/types\/page"}],"author":[{"embeddable":true,"href":"https:\/\/culturasonora.es\/fr\/wp-json\/wp\/v2\/users\/29"}],"replies":[{"embeddable":true,"href":"https:\/\/culturasonora.es\/fr\/wp-json\/wp\/v2\/comments?post=104604"}],"version-history":[{"count":0,"href":"https:\/\/culturasonora.es\/fr\/wp-json\/wp\/v2\/pages\/104604\/revisions"}],"up":[{"embeddable":true,"href":"https:\/\/culturasonora.es\/fr\/wp-json\/wp\/v2\/pages\/65276"}],"wp:featuredmedia":[{"embeddable":true,"href":"https:\/\/culturasonora.es\/fr\/wp-json\/wp\/v2\/media\/56304"}],"wp:attachment":[{"href":"https:\/\/culturasonora.es\/fr\/wp-json\/wp\/v2\/media?parent=104604"}],"wp:term":[{"taxonomy":"post_tag","embeddable":true,"href":"https:\/\/culturasonora.es\/fr\/wp-json\/wp\/v2\/tags?post=104604"}],"curies":[{"name":"wp","href":"https:\/\/api.w.org\/{rel}","templated":true}]}}