{"id":64851,"date":"2021-10-15T07:46:42","date_gmt":"2021-10-15T07:46:42","guid":{"rendered":"https:\/\/culturasonora.es\/comment-puis-je-charger-des-ecouteurs-sans-fil-guide-complet-et-concis-pour-charger-les-oreillettes-bluetooth\/"},"modified":"2024-11-22T11:00:00","modified_gmt":"2024-11-22T11:00:00","slug":"comment-puis-je-charger-des-ecouteurs-sans-fil-guide-complet-et-concis-pour-charger-les-oreillettes-bluetooth","status":"publish","type":"page","link":"https:\/\/culturasonora.es\/fr\/blog\/comment-puis-je-charger-des-ecouteurs-sans-fil-guide-complet-et-concis-pour-charger-les-oreillettes-bluetooth\/","title":{"rendered":"Comment puis-je charger des \u00e9couteurs sans fil ? Guide complet et concis pour charger les oreillettes Bluetooth"},"content":{"rendered":"<div class=\"wp-block-image\"> <figure class=\"aligncenter size-large\"><img decoding=\"async\" width=\"1024\" height=\"614\" src=\"https:\/\/culturasonora.es\/wp-content\/uploads\/2021\/10\/cargar-portada-cultura-1024x614.jpg\" alt=\"Comment charger l'oreillette sans fil\" class=\"wp-image-46081\" srcset=\"https:\/\/culturasonora.es\/wp-content\/uploads\/2021\/10\/cargar-portada-cultura-1024x614.jpg 1024w, https:\/\/culturasonora.es\/wp-content\/uploads\/2021\/10\/cargar-portada-cultura-300x180.jpg 300w, https:\/\/culturasonora.es\/wp-content\/uploads\/2021\/10\/cargar-portada-cultura-768x461.jpg 768w, https:\/\/culturasonora.es\/wp-content\/uploads\/2021\/10\/cargar-portada-cultura.jpg 1200w\" sizes=\"(max-width: 1024px) 100vw, 1024px\" \/><\/figure><\/div>   <p>Les casques sans fil dominent le march\u00e9 depuis des ann\u00e9es et tous ont des batteries rechargeables int\u00e9gr\u00e9es qui te permettent de profiter de leurs fonctions sans fil. Tu te demandes<strong>  Comment charger les \u00e9couteurs sans fil ? Le processus pour charger les oreillettes Bluetooth est tr\u00e8s simple<\/strong>En gros, c&rsquo;est la m\u00eame chose que de recharger ton smartphone.<\/p>    <p>Normalement, tu as besoin d&rsquo;un chargeur, d&rsquo;un c\u00e2ble USB et d&rsquo;une prise de courant. Les chargeurs varient, tout comme la vitesse de chargement, mais il est pr\u00e9f\u00e9rable d&rsquo;utiliser les transformateurs d&rsquo;origine fournis avec les \u00e9couteurs. Les chargeurs g\u00e9n\u00e9riques peuvent causer certains probl\u00e8mes, comme la surchauffe de la batterie. Comme pour tout \u00e9quipement audio, utiliser les mauvais produits pour charger tes casques peut raccourcir leur dur\u00e9e de vie.<\/p>    <p>La plupart des mod\u00e8les sont charg\u00e9s de la m\u00eame mani\u00e8re. Cela dit, dans cet article, nous expliquons la proc\u00e9dure de chargement \u00e9tape par \u00e9tape, au cas o\u00f9 tu n&rsquo;aurais pas le manuel d&rsquo;utilisation ou si tu as besoin d&rsquo;un guide simple et court pour charger les casques Bluetooth.<\/p>    <figure class=\"wp-block-image size-large\"><img decoding=\"async\" width=\"1024\" height=\"623\" src=\"https:\/\/culturasonora.es\/wp-content\/uploads\/2021\/10\/cargar-cultura-2.jpg\" alt=\"comment recharger l'oreillette sans fil\" class=\"wp-image-46080\" srcset=\"https:\/\/culturasonora.es\/wp-content\/uploads\/2021\/10\/cargar-cultura-2.jpg 1024w, https:\/\/culturasonora.es\/wp-content\/uploads\/2021\/10\/cargar-cultura-2-300x183.jpg 300w, https:\/\/culturasonora.es\/wp-content\/uploads\/2021\/10\/cargar-cultura-2-768x467.jpg 768w\" sizes=\"(max-width: 1024px) 100vw, 1024px\" \/><\/figure>    <h2 class=\"wp-block-heading\">Comment puis-je charger des \u00e9couteurs sans fil ?<\/h2>    <p>Los cascos cableados se alimentan de la fuente de sonido para funcionar, pero los inal\u00e1mbricos necesitan de una fuente independiente. Dependiendo del modelo de <a href=\"https:\/\/culturasonora.es\/fr\/casques\/bluetooth\/\" target=\"_blank\" rel=\"noreferrer noopener\">auriculares Bluetooth<\/a>, las bater\u00edas cambian en forma o tama\u00f1o, pero normalmente trabajan con bater\u00edas de litio recargables.<\/p>    <p>Les oreillettes Bluetooth ne se chargent pas ? Si tu sais comment charger ton t\u00e9l\u00e9phone, il ne te faudra probablement pas beaucoup de temps pour comprendre comment charger des \u00e9couteurs sans fil. Voici quelques \u00e9tapes simples pour charger un chargeur mobile d&rsquo;\u00e9couteurs Bluetooth.<\/p>    <ol class=\"wp-block-list\"> <li><strong>Enl\u00e8ve les casques<\/strong>. Pendant le processus de chargement des casques Bluetooth, la plupart des mod\u00e8les doivent \u00eatre \u00e9teints. En fait, de nombreux casques s&rsquo;\u00e9teignent automatiquement.<\/li>    <li><strong>Branche le c\u00e2ble USB sur le transformateur<\/strong>. Plusieurs chargeurs ont un c\u00e2ble int\u00e9gr\u00e9. Cela dit, le c\u00e2ble et le chargeur fournis avec l&#8217;emballage de ton casque seront tr\u00e8s probablement s\u00e9par\u00e9s. Si c&rsquo;est le cas, relie les deux.<\/li>    <li><strong>V\u00e9rifie la sortie de tension de ton transformateur<\/strong>. Si tu utilises un chargeur g\u00e9n\u00e9rique, assure-toi que la sortie de tension est la m\u00eame que celle dont tes casques ont besoin. Sinon, les \u00e9couteurs peuvent br\u00fbler et la batterie peut surchauffer.<\/li>    <li><strong>Branche le transformateur sur l&rsquo;entr\u00e9e d&rsquo;alimentation<\/strong>. Apr\u00e8s avoir v\u00e9rifi\u00e9 la tension, branche le chargeur sur l&rsquo;entr\u00e9e d&rsquo;alimentation.<\/li>    <li><strong>Branche le c\u00e2ble USB \u00e0 ton casque<\/strong>. Pour commencer \u00e0 charger les oreillettes Bluetooth, branche le c\u00e2ble \u00e0 l&rsquo;oreillette.<\/li>    <li><strong>Attends le temps n\u00e9cessaire pour le chargement.<\/strong>  Le processus de chargement varie selon le mod\u00e8le, la taille et le port USB. Ne laisse pas les casques allum\u00e9s plus longtemps que n\u00e9cessaire, car cela pourrait endommager la batterie \u00e0 l&rsquo;avenir.<\/li> <\/ol>    <figure class=\"wp-block-image size-large\"><img decoding=\"async\" width=\"1000\" height=\"507\" src=\"https:\/\/culturasonora.es\/wp-content\/uploads\/2021\/10\/airpods-generations-cultura-1.jpg\" alt=\"comment charger les Airpods\" class=\"wp-image-46079\" srcset=\"https:\/\/culturasonora.es\/wp-content\/uploads\/2021\/10\/airpods-generations-cultura-1.jpg 1000w, https:\/\/culturasonora.es\/wp-content\/uploads\/2021\/10\/airpods-generations-cultura-1-300x152.jpg 300w, https:\/\/culturasonora.es\/wp-content\/uploads\/2021\/10\/airpods-generations-cultura-1-768x389.jpg 768w\" sizes=\"(max-width: 1000px) 100vw, 1000px\" \/><\/figure>    <h2 class=\"wp-block-heading\">Comment charger les AirPods ?<\/h2>    <p>Los AirPods o los AirPods 3, al igual que la mayor\u00eda de <a href=\"https:\/\/culturasonora.es\/auriculares\/mejores-auriculares-in-ear\/\" target=\"_blank\" rel=\"noreferrer noopener\">auriculares True Wireless<\/a>, vienen con un estuche que tambi\u00e9n funciona como base de carga. \u00bfC\u00f3mo cargar AirPods? El proceso es muy similar, pero respondemos la pregunta a que muchos usuarios nos preguntan al respecto.<\/p>    <p>Tout d&rsquo;abord, <strong>place les casques dans l&rsquo;\u00e9tui<\/strong>. Le socle de chargement offre plusieurs charges pour tes AirPods. Pour que tes AirPods restent charg\u00e9s, laisse-les dans l&rsquo;\u00e9tui lorsque tu ne les utilises pas.<\/p>    <p><strong>Tu peux aussi charger tes AirPods avec un <a href=\"https:\/\/support.apple.com\/es-es\/guide\/iphone\/iph91de3977e\/ios\" target=\"_blank\" rel=\"noreferrer noopener\">chargeur sans fil certifi\u00e9 Qi<\/a><\/strong>. Pour ce faire, place l&rsquo;\u00e9tui sur le dessus du chargeur ferm\u00e9, la lumi\u00e8re \u00e9tant orient\u00e9e vers le haut. Le t\u00e9moin lumineux doit t&rsquo;indiquer le niveau de charge. Si tu as des AirPods Pro, tu peux appuyer sur l&rsquo;\u00e9tui pendant le processus de chargement pour t&rsquo;indiquer quand il est faible.<\/p>    <p><strong>Comment charger les Airpods avec un c\u00e2ble ?<\/strong>  Branche le c\u00e2ble Lightning fourni avec tes AirPods dans le connecteur Lighting de ton \u00e9tui. Tu peux aussi utiliser un c\u00e2ble USB-C vers Lighting ou un c\u00e2ble USB-Lightning. Puis connecte l&rsquo;autre extr\u00e9mit\u00e9 du c\u00e2ble au chargeur USB ou \u00e0 un port. Les AirPods se chargent plus rapidement par c\u00e2ble lorsque tu utilises un chargeur pour iPhone ou iPad ou que tu le connectes \u00e0 ton Mac.<\/p>    <h2 class=\"wp-block-heading\">Conclusion sur la fa\u00e7on de charger les casques sans fil<\/h2>    <p>Comme tu peux le voir, charger les oreillettes Bluetooth est tr\u00e8s simple. Cela dit, tu dois prendre les mesures n\u00e9cessaires pour le faire correctement afin de ne pas endommager les casques ou la batterie.  <strong>Tu ne dois pas connecter un transformateur g\u00e9n\u00e9rique sans v\u00e9rifier d&rsquo;abord la tension. Cependant, ne les laisse pas charger plus longtemps que n\u00e9cessaire.<\/strong><\/p>    <p>Nous esp\u00e9rons t&rsquo;avoir aid\u00e9 \u00e0 r\u00e9pondre aux questions suivantes Comment charger des \u00e9couteurs sans fil ? et Comment charger les AirPods ? Visite notre site Web pour trouver des informations et des critiques sur les meilleurs produits audio du march\u00e9.<\/p>    <figure class=\"wp-block-embed is-type-video is-provider-youtube wp-block-embed-youtube wp-embed-aspect-16-9 wp-has-aspect-ratio\"><div class=\"wp-block-embed__wrapper\"> <iframe loading=\"lazy\" title=\"How To Charge AirPods (2022)\" width=\"500\" height=\"281\" src=\"https:\/\/www.youtube.com\/embed\/cOLMUgdKA5A?feature=oembed\" frameborder=\"0\" allow=\"accelerometer; autoplay; clipboard-write; encrypted-media; gyroscope; picture-in-picture; web-share\" referrerpolicy=\"strict-origin-when-cross-origin\" allowfullscreen><\/iframe> <\/div><\/figure>","protected":false},"excerpt":{"rendered":"<p>Apprends comment charger les \u00e9couteurs sans fil, comment charger les AirPods et tout type d&rsquo;\u00e9couteurs Bluetooth.<\/p>\n","protected":false},"author":11,"featured_media":64853,"parent":65276,"menu_order":0,"comment_status":"closed","ping_status":"closed","template":"views\/page-without-intro.php","meta":{"footnotes":""},"tags":[],"class_list":["post-64851","page","type-page","status-publish","has-post-thumbnail","hentry"],"acf":[],"_links":{"self":[{"href":"https:\/\/culturasonora.es\/fr\/wp-json\/wp\/v2\/pages\/64851","targetHints":{"allow":["GET"]}}],"collection":[{"href":"https:\/\/culturasonora.es\/fr\/wp-json\/wp\/v2\/pages"}],"about":[{"href":"https:\/\/culturasonora.es\/fr\/wp-json\/wp\/v2\/types\/page"}],"author":[{"embeddable":true,"href":"https:\/\/culturasonora.es\/fr\/wp-json\/wp\/v2\/users\/11"}],"replies":[{"embeddable":true,"href":"https:\/\/culturasonora.es\/fr\/wp-json\/wp\/v2\/comments?post=64851"}],"version-history":[{"count":0,"href":"https:\/\/culturasonora.es\/fr\/wp-json\/wp\/v2\/pages\/64851\/revisions"}],"up":[{"embeddable":true,"href":"https:\/\/culturasonora.es\/fr\/wp-json\/wp\/v2\/pages\/65276"}],"wp:featuredmedia":[{"embeddable":true,"href":"https:\/\/culturasonora.es\/fr\/wp-json\/wp\/v2\/media\/64853"}],"wp:attachment":[{"href":"https:\/\/culturasonora.es\/fr\/wp-json\/wp\/v2\/media?parent=64851"}],"wp:term":[{"taxonomy":"post_tag","embeddable":true,"href":"https:\/\/culturasonora.es\/fr\/wp-json\/wp\/v2\/tags?post=64851"}],"curies":[{"name":"wp","href":"https:\/\/api.w.org\/{rel}","templated":true}]}}