{"id":64890,"date":"2021-05-06T01:56:21","date_gmt":"2021-05-06T01:56:21","guid":{"rendered":"https:\/\/culturasonora.es\/comment-connecter-des-oreillettes-bluetooth-guide-complet-et-concis-de-la-synchronisation-avec-nimporte-quel-appareil\/"},"modified":"2024-11-19T10:20:09","modified_gmt":"2024-11-19T10:20:09","slug":"comment-connecter-des-oreillettes-bluetooth-guide-complet-et-concis-de-la-synchronisation-avec-nimporte-quel-appareil","status":"publish","type":"page","link":"https:\/\/culturasonora.es\/fr\/blog\/comment-connecter-des-oreillettes-bluetooth-guide-complet-et-concis-de-la-synchronisation-avec-nimporte-quel-appareil\/","title":{"rendered":"Comment connecter des oreillettes Bluetooth ? Guide complet et concis de la synchronisation avec n&rsquo;importe quel appareil"},"content":{"rendered":"<div class=\"wp-block-image\"> <figure class=\"aligncenter size-large\"><img decoding=\"async\" width=\"1024\" height=\"683\" src=\"https:\/\/culturasonora.es\/wp-content\/uploads\/2021\/04\/Portada-colocar-auricul-bluetooth-cultura-1024x683.jpg\" alt=\"Connecter des \u00e9couteurs bluetooth\" class=\"wp-image-44617\" srcset=\"https:\/\/culturasonora.es\/wp-content\/uploads\/2021\/04\/Portada-colocar-auricul-bluetooth-cultura-1024x683.jpg 1024w, https:\/\/culturasonora.es\/wp-content\/uploads\/2021\/04\/Portada-colocar-auricul-bluetooth-cultura-300x200.jpg 300w, https:\/\/culturasonora.es\/wp-content\/uploads\/2021\/04\/Portada-colocar-auricul-bluetooth-cultura-768x512.jpg 768w, https:\/\/culturasonora.es\/wp-content\/uploads\/2021\/04\/Portada-colocar-auricul-bluetooth-cultura.jpg 1200w\" sizes=\"(max-width: 1024px) 100vw, 1024px\" \/><\/figure><\/div>   <p>Les \u00e9couteurs sans fil ont r\u00e9volutionn\u00e9 le march\u00e9. Nous semblons devenir dans l&rsquo;obligation de les acheter, puisque les nouveaux t\u00e9l\u00e9phones ne sont plus livr\u00e9s avec des ports 3,5 mm. Cela dit, ils ont un certain nombre d&rsquo;aspects positifs. Ils sont plus polyvalents et plus pratiques car ils \u00e9liminent le tracas des c\u00e2bles.  <\/p>    <p><strong>Est-il difficile de connecter des oreillettes Bluetooth ? La r\u00e9ponse la plus honn\u00eate et la plus simple est non ! <\/strong>Tout le monde peut le faire en suivant quelques \u00e9tapes simples. Dans cet article, nous expliquons tout ce que vous devez savoir pour connecter votre casque sans fil \u00e0 n&rsquo;importe quel appareil : PC, Mac, iPhone ou Android.<\/p>    <h2 class=\"wp-block-heading\">Avant de commencer<\/h2>    <ul class=\"wp-block-list\"> <li><strong>V\u00e9rifiez que le niveau audio de votre ordinateur est correct<\/strong>. Si le son est tr\u00e8s faible ou coup\u00e9, cela pourrait vous perturber, car vous n&rsquo;entendrez aucun son apr\u00e8s avoir connect\u00e9 correctement les \u00e9couteurs Bluetooth.<\/li> <\/ul>    <ul class=\"wp-block-list\"> <li>Assurez-vous que votre ordinateur et le casque sont \u00e0 distance de marche l&rsquo;un de l&rsquo;autre. <strong>Plus elle est proche, plus la connexion Bluetooth est forte<\/strong>, et plus il sera facile d&rsquo;apparier les oreillettes Bluetooth.<\/li>    <li><strong>V\u00e9rifiez que les deux appareils sont charg\u00e9s<\/strong>. Ils n&rsquo;ont pas besoin d&rsquo;\u00eatre compl\u00e8tement charg\u00e9s pour connecter des casques Bluetooth, mais ils doivent avoir assez de charge batterie pour ne pas s&rsquo;\u00e9teindre pendant le processus d&rsquo;appairage.<\/li> <\/ul>    <h2 class=\"wp-block-heading\">Comment connecter une oreillette Bluetooth \u00e0 un ordinateur Mac ?<\/h2>    <ul class=\"wp-block-list\"> <li>Ouvrez le menu Apple, la petite ic\u00f4ne en forme de pomme dans le coin sup\u00e9rieur gauche de votre \u00e9cran. Ensuite, cliquez sur les pr\u00e9f\u00e9rences syst\u00e8me et sur Bluetooth.<\/li>    <li>Assurez-vous que le Bluetooth de votre Mac est activ\u00e9. S&rsquo;il est indiqu\u00e9 que le Bluetooth est d\u00e9sactiv\u00e9, cliquez sur l&rsquo;option en-dessous, qui dit d&rsquo;activer le Bluetooth.<\/li>    <li>Appuyez et maintenez le bouton d&rsquo;alimentation de votre oreillette. Pour connecter des \u00e9couteurs sans fil, vous devez activer le mode de synchronisation de vos \u00e9couteurs. Cela d\u00e9pend du mod\u00e8le, mais normalement la fonction Bluetooth est activ\u00e9e automatiquement, ou vous devez appuyer sur le bouton Bluetooth.<\/li>    <li>Enfin, cliquez sur connecter \u00e0 c\u00f4t\u00e9 du nom de votre casque. vos casques peuvent aussi \u00eatre r\u00e9pertori\u00e9s avec le num\u00e9ro de mod\u00e8le, une s\u00e9rie de lettres et de chiffres.<\/li> <\/ul>    <figure class=\"wp-block-image size-large\"><img decoding=\"async\" width=\"1024\" height=\"682\" src=\"https:\/\/culturasonora.es\/wp-content\/uploads\/2021\/04\/boton-sincronizidad-cultura-1024x682.jpg\" alt=\"comment connecter des oreillettes Bluetooth\" class=\"wp-image-44615\" srcset=\"https:\/\/culturasonora.es\/wp-content\/uploads\/2021\/04\/boton-sincronizidad-cultura-1024x682.jpg 1024w, https:\/\/culturasonora.es\/wp-content\/uploads\/2021\/04\/boton-sincronizidad-cultura-300x200.jpg 300w, https:\/\/culturasonora.es\/wp-content\/uploads\/2021\/04\/boton-sincronizidad-cultura-768x512.jpg 768w, https:\/\/culturasonora.es\/wp-content\/uploads\/2021\/04\/boton-sincronizidad-cultura.jpg 1100w\" sizes=\"(max-width: 1024px) 100vw, 1024px\" \/><\/figure>    <h2 class=\"wp-block-heading\">Comment connecter des \u00e9couteurs sans fil \u00e0 un PC ?<\/h2>    <ul class=\"wp-block-list\"> <li>Pour connecter l&rsquo;oreillette Bluetooth au PC, cliquez sur l&rsquo;ic\u00f4ne Windows dans le menu de d\u00e9marrage. Ensuite, cliquez sur param\u00e8tres et appareils.<\/li>    <li>Appuyez sur l&rsquo;interrupteur pour activer la connectivit\u00e9 Bluetooth. Si vous ne voyez pas l&rsquo;option, cliquez sur Bluetooth et autres appareils dans l&rsquo;onglet de gauche. Ensuite, appuyez sur l&rsquo;ic\u00f4ne d&rsquo;ajout de Bluetooth ou d&rsquo;un autre appareil au-dessus de l&rsquo;interrupteur. Un nouvel onglet s&rsquo;ouvre et vous devez s\u00e9lectionner Bluetooth.<\/li>    <li>Vous devez activer le mode d&rsquo;appairage sur votre oreillette pour connecter les oreillettes Bluetooth \u00e0 votre PC. Votre mod\u00e8le peut avoir un bouton de synchronisation s\u00e9par\u00e9, sur lequel vous devez appuyer, mais certains mod\u00e8les sont activ\u00e9s lorsque vous les allumez.<\/li>    <li>Enfin, s\u00e9lectionnez le nom de votre casque dans la liste pour synchroniser les deux appareils.<\/li> <\/ul>    <h2 class=\"wp-block-heading\">Comment connecter des \u00e9couteurs bluetooth \u00e0 un iPhone ?<\/h2>    <ul class=\"wp-block-list\"> <li>Cliquez sur les param\u00e8tres, Bluetooth et assurez-vous qu&rsquo;il est activ\u00e9.<\/li>    <li>Allumez ensuite votre oreillette et activez le mode d&rsquo;appairage Bluetooth. Ils peuvent passer en mode de synchronisation automatiquement ou en appuyant sur un bouton.<\/li>    <li>La derni\u00e8re \u00e9tape consiste \u00e0 s\u00e9lectionner le nom ou le num\u00e9ro de s\u00e9rie de vos casques dans la liste en bas de votre \u00e9cran.<\/li> <\/ul>    <figure class=\"wp-block-image size-large is-resized\"><img decoding=\"async\" src=\"https:\/\/culturasonora.es\/wp-content\/uploads\/2021\/04\/Conectar-auriculares-Bluetooth-movil-cultur.jpg\" alt=\"Connecte les \u00e9couteurs Bluetooth\" class=\"wp-image-44616\" width=\"597\" height=\"259\"\/><\/figure>    <h2 class=\"wp-block-heading\">Comment connecter des \u00e9couteurs sans fil \u00e0 un t\u00e9l\u00e9phone Android.<\/h2>    <ul class=\"wp-block-list\"> <li>Ouvrez les param\u00e8tres, puis cliquez sur les connexions et Bluetooth. Assurez-vous que la connectivit\u00e9 est activ\u00e9e.<\/li>    <li>Ensuite, cliquez sur recherche dans le coin sup\u00e9rieur droit de votre \u00e9cran.<\/li>    <li>Appuyez et maintenez le bouton d&rsquo;alimentation de votre casque, puis activez le mode de synchronisation.<\/li>    <li>Enfin, trouvez le nom ou le num\u00e9ro de s\u00e9rie de vos casques dans la liste de votre t\u00e9l\u00e9phone. Une fois que vous les avez synchronis\u00e9s pour la premi\u00e8re fois, vous n&rsquo;aurez pas besoin de les rechercher \u00e0 nouveau, ils appara\u00eetront automatiquement dans la liste.<\/li> <\/ul>    <p><strong>Vous savez maintenant comment connecter des \u00e9couteurs bluetooth \u00e0 votre PC, Mac, iPhone et Android<\/strong>. C&rsquo;est un processus tr\u00e8s simple, quel que soit l&rsquo;appareil avec lequel vous voulez les synchroniser. Les casques sans fil sont tr\u00e8s polyvalents et tr\u00e8s agr\u00e9ables \u00e0 utiliser. La nouvelle technologie sans fil vous apporte simplement la libert\u00e9 et la commodit\u00e9.<\/p>    <p>Nous esp\u00e9rons avoir r\u00e9pondu \u00e0 vos questions. Mais si vous voulez en savoir plus, vous pouvez nous \u00e9crire \u00e0 CulturaSonora. Nous vous disons au revoir, mais pas avant de vous recommander de consulter notre comparatif des meilleurs <a href=\"https:\/\/culturasonora.es\/fr\/casques\/bluetooth\/\" target=\"_blank\" rel=\"noreferrer noopener\">\u00e9couteurs Bluetooth<\/a> du march\u00e9.<\/p>    <p>Vous pouvez aussi lire nos guides informatifs sur <a href=\"https:\/\/culturasonora.es\/fr\/blog\/casques-decoute-bluetooth-comment-fonctionnent-ils-tout-ce-que-tu-dois-savoir-sur-les-casques-sans-fil\/\" target=\"_blank\" rel=\"noreferrer noopener\">le fonctionnement des oreillettes Bluetooth<\/a>, <a href=\"https:\/\/culturasonora.es\/fr\/blog\/pourquoi-mon-oreillette-bluetooth-ne-se-connecte-t-elle-pas-depanne-les-eventuels-problemes-de-synchronisation\/\" target=\"_blank\" rel=\"noreferrer noopener\">pourquoi vos oreillettes Bluetooth ne se connectent pas<\/a>, <a href=\"https:\/\/culturasonora.es\/fr\/blog\/connecter-des-ecouteurs-bluetooth-a-la-television\/\" target=\"_blank\" rel=\"noreferrer noopener\">comment connecter les oreillettes Bluetooth \u00e0 laTV<\/a>, \u00e0 la <a href=\"https:\/\/culturasonora.es\/fr\/blog\/comment-connecter-des-ecouteurs-bluetooth-a-la-tv-lg-guide-concis-avec-toutes-les-etapes-necessaires\/\" target=\"_blank\" rel=\"noreferrer noopener\">TV LG<\/a>, \u00e0 la PS4 et \u00e0 la <a href=\"https:\/\/culturasonora.es\/fr\/blog\/comment-connecter-une-oreillette-bluetooth-a-la-xbox-one-guide-rapide-et-facile\/\" target=\"_blank\" rel=\"noreferrer noopener\">Xbox One<\/a>.<\/p>    <figure class=\"wp-block-embed is-type-video is-provider-youtube wp-block-embed-youtube wp-embed-aspect-16-9 wp-has-aspect-ratio\"><div class=\"wp-block-embed__wrapper\"> <iframe loading=\"lazy\" title=\"How to Pair Bluetooth Headphones to Phone - Android Bluetooth Earbud Pairing Tutorial\" width=\"500\" height=\"281\" src=\"https:\/\/www.youtube.com\/embed\/N6OZ56r6hzw?feature=oembed\" frameborder=\"0\" allow=\"accelerometer; autoplay; clipboard-write; encrypted-media; gyroscope; picture-in-picture; web-share\" referrerpolicy=\"strict-origin-when-cross-origin\" allowfullscreen><\/iframe> <\/div><\/figure>","protected":false},"excerpt":{"rendered":"<p>Article informatif sur la fa\u00e7on de connecter les \u00e9couteurs Bluetooth. Guide complet avec des \u00e9tapes faciles pour connecter ton casque sans fil \u00e0 n&rsquo;importe quel appareil&#8230;.<\/p>\n","protected":false},"author":11,"featured_media":64892,"parent":65276,"menu_order":0,"comment_status":"closed","ping_status":"closed","template":"views\/page-without-intro.php","meta":{"footnotes":""},"tags":[],"class_list":["post-64890","page","type-page","status-publish","has-post-thumbnail","hentry"],"acf":[],"_links":{"self":[{"href":"https:\/\/culturasonora.es\/fr\/wp-json\/wp\/v2\/pages\/64890","targetHints":{"allow":["GET"]}}],"collection":[{"href":"https:\/\/culturasonora.es\/fr\/wp-json\/wp\/v2\/pages"}],"about":[{"href":"https:\/\/culturasonora.es\/fr\/wp-json\/wp\/v2\/types\/page"}],"author":[{"embeddable":true,"href":"https:\/\/culturasonora.es\/fr\/wp-json\/wp\/v2\/users\/11"}],"replies":[{"embeddable":true,"href":"https:\/\/culturasonora.es\/fr\/wp-json\/wp\/v2\/comments?post=64890"}],"version-history":[{"count":0,"href":"https:\/\/culturasonora.es\/fr\/wp-json\/wp\/v2\/pages\/64890\/revisions"}],"up":[{"embeddable":true,"href":"https:\/\/culturasonora.es\/fr\/wp-json\/wp\/v2\/pages\/65276"}],"wp:featuredmedia":[{"embeddable":true,"href":"https:\/\/culturasonora.es\/fr\/wp-json\/wp\/v2\/media\/64892"}],"wp:attachment":[{"href":"https:\/\/culturasonora.es\/fr\/wp-json\/wp\/v2\/media?parent=64890"}],"wp:term":[{"taxonomy":"post_tag","embeddable":true,"href":"https:\/\/culturasonora.es\/fr\/wp-json\/wp\/v2\/tags?post=64890"}],"curies":[{"name":"wp","href":"https:\/\/api.w.org\/{rel}","templated":true}]}}