{"id":64894,"date":"2020-01-16T02:24:34","date_gmt":"2020-01-16T02:24:34","guid":{"rendered":"https:\/\/culturasonora.es\/instruments-de-musique-avis-pour-taider-a-acheter-ton-instrument-de-musique\/capos-de-guitare-les-meilleurs-capos-de-guitare-et-tout-ce-que-tu-dois-savoir-sur-eux\/"},"modified":"2024-06-13T17:47:00","modified_gmt":"2024-06-13T17:47:00","slug":"capos-de-guitare","status":"publish","type":"page","link":"https:\/\/culturasonora.es\/fr\/instruments-de-musique\/capos-de-guitare\/","title":{"rendered":"Capos de guitare : les meilleurs capos de guitare et tout ce qu&rsquo;il y a \u00e0 savoir sur eux"},"content":{"rendered":"<h2 class=\"wp-block-heading\" id=\"head_1\">Les meilleurs capodastros capos<\/h2>       <div class=\"product_item\">          <h3 class=\"product_item--title\">             Asmuse Trigger Cejilla Guitarra Electricas Skeleton        <\/h3>          <div class=\"product_item--image\">             <img decoding=\"async\" width=\"400\" height=\"400\" src=\"https:\/\/culturasonora.es\/wp-content\/uploads\/2019\/12\/Asmuse-400.jpg?wsr\" class=\"attachment-large size-large\" alt=\"\" srcset=\"https:\/\/culturasonora.es\/wp-content\/uploads\/2019\/12\/Asmuse-400.jpg 400w, https:\/\/culturasonora.es\/wp-content\/uploads\/2019\/12\/Asmuse-400-150x150.jpg 150w, https:\/\/culturasonora.es\/wp-content\/uploads\/2019\/12\/Asmuse-400-300x300.jpg 300w, https:\/\/culturasonora.es\/wp-content\/uploads\/2019\/12\/Asmuse-400-45x45.jpg 45w\" sizes=\"(max-width: 400px) 100vw, 400px\" \/>        <\/div>                  <div class=\"product_item--info\">             <div class=\"product_item--info_buttons\">                                     <a href=\"https:\/\/amz.run\/6Iq2\" class=\"product_item-button product_item-button--price\" target=\"_blank\" rel=\"noopener noreferrer\">                         VOIR LE PRIX                    <\/a>                             <\/div>         <\/div>                             <div class=\"product_item--result\">                 <div class=\"product_item--result-pros\">                     <h4>Pros<\/h4>                     <p>Les plus solides et les plus durables que l&rsquo;on puisse trouver<\/p>                 <\/div>                 <div class=\"product_item--result-cons\">                     <h4>Cons<\/h4>                     <p>Aucun.<\/p>                 <\/div>             <\/div>              <\/div>    <h4 class=\"wp-block-heading\">Caract\u00e9ristiques<\/h4>    <p>C&rsquo;est un capo de marche fabriqu\u00e9 en alliage d&rsquo;aluminium spatial, il est donc d&rsquo;une r\u00e9sistance maximale. Il est fini dans une couleur noire m\u00e9tallis\u00e9e et poss\u00e8de un excellent ressort qui a re\u00e7u de nombreux \u00e9loges de la part des utilisateurs. En plus d&rsquo;\u00eatre l\u00e9ger et construit pour durer toute une vie.<\/p>    <p>Il mesure 9 x 12 x 2 cm et ne p\u00e8se que 50 g. Comprend \u00e9galement trois picks de guitare. La meilleure chose est qu&rsquo;Asmuse offre une garantie \u00e0 vie.  <\/p>       <div class=\"product_item\">          <h3 class=\"product_item--title\">             Shubb C1 &#8211; Cejilla pour guitare        <\/h3>          <div class=\"product_item--image\">             <img decoding=\"async\" width=\"400\" height=\"400\" src=\"https:\/\/culturasonora.es\/wp-content\/uploads\/2019\/12\/Shubb-C1-400.jpg?wsr\" class=\"attachment-large size-large\" alt=\"\" srcset=\"https:\/\/culturasonora.es\/wp-content\/uploads\/2019\/12\/Shubb-C1-400.jpg 400w, https:\/\/culturasonora.es\/wp-content\/uploads\/2019\/12\/Shubb-C1-400-150x150.jpg 150w, https:\/\/culturasonora.es\/wp-content\/uploads\/2019\/12\/Shubb-C1-400-300x300.jpg 300w, https:\/\/culturasonora.es\/wp-content\/uploads\/2019\/12\/Shubb-C1-400-45x45.jpg 45w\" sizes=\"(max-width: 400px) 100vw, 400px\" \/>        <\/div>                  <div class=\"product_item--info\">             <div class=\"product_item--info_buttons\">                                     <a href=\"https:\/\/amzn.to\/3O1b2Tc\" class=\"product_item-button product_item-button--price\" target=\"_blank\" rel=\"noopener noreferrer nofollow\">                         VOIR LE PRIX                    <\/a>                             <\/div>         <\/div>                             <div class=\"product_item--result\">                 <div class=\"product_item--result-pros\">                     <h4>Pros<\/h4>                     <p>Il est presque indestructible.<\/p>                 <\/div>                 <div class=\"product_item--result-cons\">                     <h4>Cons<\/h4>                     <p>Aucun.<\/p>                 <\/div>             <\/div>              <\/div>    <h4 class=\"wp-block-heading\">Caract\u00e9ristiques<\/h4>    <p>C&rsquo;est un excellent<strong> capodastre<\/strong> nickel\u00e9<strong> pour les guitares acoustiques, classiques et \u00e9lectriques<\/strong>. Cela lui conf\u00e8re non seulement une r\u00e9sistance sup\u00e9rieure, mais il est \u00e9galement antirouille.<\/p>    <p>En termes de design, il n&rsquo;a pas re\u00e7u de tr\u00e8s bons commentaires car certains utilisateurs l&rsquo;ont trouv\u00e9 trop court. Mais ce n&rsquo;est pas vrai car il poss\u00e8de les mesures n\u00e9cessaires pour \u00eatre utilis\u00e9 sur n&rsquo;importe quel instrument. Le design de la fermeture est \u00e9galement excellent et nous l&rsquo;adorons car il reste bien fixe.<\/p>       <div class=\"product_item\">          <h3 class=\"product_item--title\">             NEUMA Cejillas Guitarra Multicapo        <\/h3>          <div class=\"product_item--image\">             <img decoding=\"async\" width=\"540\" height=\"505\" src=\"https:\/\/culturasonora.es\/wp-content\/uploads\/2019\/12\/Neuma-guitarra-el\u00e9ctrica-ac\u00fastica-ukelele.jpg?wsr\" class=\"attachment-large size-large\" alt=\"\" srcset=\"https:\/\/culturasonora.es\/wp-content\/uploads\/2019\/12\/Neuma-guitarra-el\u00e9ctrica-ac\u00fastica-ukelele.jpg 540w, https:\/\/culturasonora.es\/wp-content\/uploads\/2019\/12\/Neuma-guitarra-el\u00e9ctrica-ac\u00fastica-ukelele-300x281.jpg 300w, https:\/\/culturasonora.es\/wp-content\/uploads\/2019\/12\/Neuma-guitarra-el\u00e9ctrica-ac\u00fastica-ukelele-480x449.jpg 480w\" sizes=\"(max-width: 540px) 100vw, 540px\" \/>        <\/div>                  <div class=\"product_item--info\">             <div class=\"product_item--info_buttons\">                                     <a href=\"https:\/\/amzn.to\/3tqkeXT\" class=\"product_item-button product_item-button--price\" target=\"_blank\" rel=\"noopener noreferrer nofollow\">                         VOIR LE PRIX                    <\/a>                             <\/div>         <\/div>                             <div class=\"product_item--result\">                 <div class=\"product_item--result-pros\">                     <h4>Pros<\/h4>                     <p>Construction ultra-r\u00e9sistante.<\/p>                 <\/div>                 <div class=\"product_item--result-cons\">                     <h4>Cons<\/h4>                     <p>Ne peut pas \u00eatre utilis\u00e9 pour la guitare classique.<\/p>                 <\/div>             <\/div>              <\/div>    <h4 class=\"wp-block-heading\">Caract\u00e9ristiques<\/h4>    <p>Il s&rsquo;agit d&rsquo;un capot fabriqu\u00e9 par NEUMA qui est en aluminium haute r\u00e9sistance. Il est \u00e9galement dot\u00e9 d&rsquo;un ressort au design cach\u00e9 qui exerce une pression et un soutien plus importants. On peut l&rsquo;utiliser avec des guitares \u00e9lectriques et acoustiques, mais il n&rsquo;est pas recommand\u00e9 pour les guitares classiques, les ukul\u00e9l\u00e9s ou les basses \u00e9lectriques.<\/p>       <div class=\"product_item\">          <h3 class=\"product_item--title\">             Rayzm Cejilla Capo pour Ukulele        <\/h3>          <div class=\"product_item--image\">             <img decoding=\"async\" width=\"562\" height=\"500\" src=\"https:\/\/culturasonora.es\/wp-content\/uploads\/2019\/12\/Rayzm-Cejilla-Capo-para-Ukulele.jpg?wsr\" class=\"attachment-large size-large\" alt=\"\" srcset=\"https:\/\/culturasonora.es\/wp-content\/uploads\/2019\/12\/Rayzm-Cejilla-Capo-para-Ukulele.jpg 562w, https:\/\/culturasonora.es\/wp-content\/uploads\/2019\/12\/Rayzm-Cejilla-Capo-para-Ukulele-300x267.jpg 300w, https:\/\/culturasonora.es\/wp-content\/uploads\/2019\/12\/Rayzm-Cejilla-Capo-para-Ukulele-480x427.jpg 480w\" sizes=\"(max-width: 562px) 100vw, 562px\" \/>        <\/div>                  <div class=\"product_item--info\">             <div class=\"product_item--info_buttons\">                                     <a href=\"https:\/\/amzn.to\/3DWrPCc\" class=\"product_item-button product_item-button--price\" target=\"_blank\" rel=\"noopener noreferrer nofollow\">                         VOIR LE PRIX                    <\/a>                             <\/div>         <\/div>                             <div class=\"product_item--result\">                 <div class=\"product_item--result-pros\">                     <h4>Pros<\/h4>                     <p>Excellent pour les ukul\u00e9l\u00e9s.<\/p>                 <\/div>                 <div class=\"product_item--result-cons\">                     <h4>Cons<\/h4>                     <p>Ne peut \u00eatre utilis\u00e9 qu&rsquo;avec des ukul\u00e9l\u00e9s.<\/p>                 <\/div>             <\/div>              <\/div>    <h4 class=\"wp-block-heading\">Caract\u00e9ristiques<\/h4>    <p>Fabriqu\u00e9 en alliage de zinc et est de petite taille. C&rsquo;est parce qu&rsquo;il a \u00e9t\u00e9 con\u00e7u pour \u00eatre utilis\u00e9 exclusivement sur des ukul\u00e9l\u00e9s. Il est petit, l\u00e9ger et a une excellente tenue pour de si petits instruments. De plus, l&rsquo;entreprise offre une garantie de remboursement valable pendant soixante jours.<\/p>       <div class=\"product_item\">          <h3 class=\"product_item--title\">             Stagg SCPM-F &#8211; Capo pour guitare classique        <\/h3>          <div class=\"product_item--image\">             <img decoding=\"async\" width=\"607\" height=\"501\" src=\"https:\/\/culturasonora.es\/wp-content\/uploads\/2019\/12\/Stagg-SCPM-F-Cejilla-para-guitarra-para-guitarra-cl\u00e1sica.jpg?wsr\" class=\"attachment-large size-large\" alt=\"\" srcset=\"https:\/\/culturasonora.es\/wp-content\/uploads\/2019\/12\/Stagg-SCPM-F-Cejilla-para-guitarra-para-guitarra-cl\u00e1sica.jpg 607w, https:\/\/culturasonora.es\/wp-content\/uploads\/2019\/12\/Stagg-SCPM-F-Cejilla-para-guitarra-para-guitarra-cl\u00e1sica-300x248.jpg 300w, https:\/\/culturasonora.es\/wp-content\/uploads\/2019\/12\/Stagg-SCPM-F-Cejilla-para-guitarra-para-guitarra-cl\u00e1sica-480x396.jpg 480w\" sizes=\"(max-width: 607px) 100vw, 607px\" \/>        <\/div>                  <div class=\"product_item--info\">             <div class=\"product_item--info_buttons\">                                     <a href=\"https:\/\/amzn.to\/3toVcbB\" class=\"product_item-button product_item-button--price\" target=\"_blank\" rel=\"noopener noreferrer nofollow\">                         VOIR LE PRIX                    <\/a>                             <\/div>         <\/div>                             <div class=\"product_item--result\">                 <div class=\"product_item--result-pros\">                     <h4>Pros<\/h4>                     <p>C&rsquo;est un capo traditionnel avec une excellente durabilit\u00e9.<\/p>                 <\/div>                 <div class=\"product_item--result-cons\">                     <h4>Cons<\/h4>                     <p>Ne peut \u00eatre utilis\u00e9 que sur les guitares classiques.<\/p>                 <\/div>             <\/div>              <\/div>    <h4 class=\"wp-block-heading\">Caract\u00e9ristiques<\/h4>    <p>Il s&rsquo;agit d&rsquo;un capo pour les guitares classiques de fabrication traditionnelle. Sa conception plate rend le serrage de la corde beaucoup plus fiable. De plus, le m\u00e9tal de base est en acier inoxydable et le bracelet en polyester est tr\u00e8s r\u00e9sistant et durable.<\/p>       <div class=\"product_item\">          <h3 class=\"product_item--title\">             Ortega OCAPO-CR &#8211; Capo pour guitare classique        <\/h3>          <div class=\"product_item--image\">             <img decoding=\"async\" width=\"574\" height=\"510\" src=\"https:\/\/culturasonora.es\/wp-content\/uploads\/2019\/12\/Ortega-OCAPO-CR-Cejilla-para-guitarra-cl\u00e1sica.jpg?wsr\" class=\"attachment-large size-large\" alt=\"\" srcset=\"https:\/\/culturasonora.es\/wp-content\/uploads\/2019\/12\/Ortega-OCAPO-CR-Cejilla-para-guitarra-cl\u00e1sica.jpg 574w, https:\/\/culturasonora.es\/wp-content\/uploads\/2019\/12\/Ortega-OCAPO-CR-Cejilla-para-guitarra-cl\u00e1sica-300x267.jpg 300w, https:\/\/culturasonora.es\/wp-content\/uploads\/2019\/12\/Ortega-OCAPO-CR-Cejilla-para-guitarra-cl\u00e1sica-480x426.jpg 480w\" sizes=\"(max-width: 574px) 100vw, 574px\" \/>        <\/div>                  <div class=\"product_item--info\">             <div class=\"product_item--info_buttons\">                                     <a href=\"https:\/\/amzn.to\/3GcvpLu\" class=\"product_item-button product_item-button--price\" target=\"_blank\" rel=\"noopener noreferrer nofollow\">                         VOIR LE PRIX                    <\/a>                             <\/div>         <\/div>                             <div class=\"product_item--result\">                 <div class=\"product_item--result-pros\">                     <h4>Pros<\/h4>                     <p>C&rsquo;est de loin le meilleur capo pour la guitare classique\/espagnole.<\/p>                 <\/div>                 <div class=\"product_item--result-cons\">                     <h4>Cons<\/h4>                     <p>Aucun.<\/p>                 <\/div>             <\/div>              <\/div>    <h4 class=\"wp-block-heading\">Caract\u00e9ristiques<\/h4>    <p>Ortega ne fabrique pas seulement des guitares, mais aussi des accessoires tr\u00e8s utiles pour jouer de l&rsquo;instrument. Ce capodastre en est un exemple, car il a \u00e9t\u00e9 con\u00e7u pour s&rsquo;adapter \u00e0 la plupart des guitares classiques, qui ont un manche plat jusqu&rsquo;\u00e0 52 mm de large. De plus, sa construction en aluminium a\u00e9ronautique le rend exceptionnellement durable.<\/p>       <div class=\"product_item\">          <h3 class=\"product_item--title\">             Adagio Pro Deluxe        <\/h3>          <div class=\"product_item--image\">             <img decoding=\"async\" width=\"539\" height=\"503\" src=\"https:\/\/culturasonora.es\/wp-content\/uploads\/2019\/12\/Planet-Waves-NS-Capo-Lite.jpg?wsr\" class=\"attachment-large size-large\" alt=\"\" srcset=\"https:\/\/culturasonora.es\/wp-content\/uploads\/2019\/12\/Planet-Waves-NS-Capo-Lite.jpg 539w, https:\/\/culturasonora.es\/wp-content\/uploads\/2019\/12\/Planet-Waves-NS-Capo-Lite-300x280.jpg 300w, https:\/\/culturasonora.es\/wp-content\/uploads\/2019\/12\/Planet-Waves-NS-Capo-Lite-480x448.jpg 480w\" sizes=\"(max-width: 539px) 100vw, 539px\" \/>        <\/div>                  <div class=\"product_item--info\">             <div class=\"product_item--info_buttons\">                                     <a href=\"https:\/\/amzn.to\/3tqkjuF\" class=\"product_item-button product_item-button--price\" target=\"_blank\" rel=\"noopener noreferrer nofollow\">                         VOIR LE PRIX                    <\/a>                             <\/div>         <\/div>                             <div class=\"product_item--result\">                 <div class=\"product_item--result-pros\">                     <h4>Pros<\/h4>                     <p>Il est excellent pour le fingerstyle.<\/p>                 <\/div>                 <div class=\"product_item--result-cons\">                     <h4>Cons<\/h4>                     <p>C&rsquo;est pour les petits m\u00e2ts.<\/p>                 <\/div>             <\/div>              <\/div>    <h4 class=\"wp-block-heading\">Caract\u00e9ristiques<\/h4>    <p>Ce capo est l&rsquo;une des meilleures nouvelles que les amateurs de <em>fingerstyle<\/em> ont eu au cours de la derni\u00e8re d\u00e9cennie. Les personnes qui ont vu la vid\u00e9o <em>Raylynn<\/em> d&rsquo;Andy Mckee se demandent toujours : d&rsquo;o\u00f9 vient ce capo ? Eh bien, pas besoin de chercher plus loin. C&rsquo;est le capo dont chaque musicien a besoin pour pouvoir explorer rapidement, dynamiquement et sans nuire \u00e0 la force de la prise sur les cordes.<\/p>    <p>Nous vous recommandons \u00e9galement de consulter notre comparatif, si vous \u00eates \u00e0 la recherche d&rsquo;un <a href=\"https:\/\/culturasonora.es\/fr\/instruments-de-musique\/harmonica-les-meilleurs-harmonicas-du-marche\/\" target=\"_blank\" rel=\"noreferrer noopener\">harmonica<\/a>.<\/p>    <figure class=\"wp-block-embed is-type-video is-provider-youtube wp-block-embed-youtube wp-embed-aspect-16-9 wp-has-aspect-ratio\"><div class=\"wp-block-embed__wrapper\"> <iframe loading=\"lazy\" title=\"Shubb Capos - Still The Best\" width=\"500\" height=\"281\" src=\"https:\/\/www.youtube.com\/embed\/MtTfU5s0H8Q?feature=oembed\" frameborder=\"0\" allow=\"accelerometer; autoplay; clipboard-write; encrypted-media; gyroscope; picture-in-picture; web-share\" referrerpolicy=\"strict-origin-when-cross-origin\" allowfullscreen><\/iframe> <\/div><\/figure>  <div id=\"mediavine-settings\" data-blocklist-content-desktop=\"1\" data-blocklist-content-mobile=\"1\" data-blocklist-adhesion-mobile=\"1\" data-blocklist-adhesion-tablet=\"1\" data-blocklist-adhesion-desktop=\"1\" data-blocklist-recipe=\"1\" data-blocklist-auto-insert-sticky=\"1\" data-blocklist-in-image=\"1\" data-blocklist-chicory=\"1\" data-blocklist-zergnet=\"1\" data-blocklist-interstitial-mobile=\"1\" data-blocklist-interstitial-desktop=\"1\" data-blocklist-universal-player-desktop=\"1\" data-blocklist-universal-player-mobile=\"1\" data-expires-at=\"2032-05-27\"><\/div>","protected":false},"excerpt":{"rendered":"<p>Le capo est un accessoire essentiel pour les instruments \u00e0 cordes. Dans cet article, nous te disons ce qu&rsquo;est un capo et nous te pr\u00e9sentons une liste des meilleurs capos du march\u00e9. Nous incluons un guide complet avec tout ce que tu dois savoir pour choisir le capo de guitare id\u00e9al : techniques, fonction, types de capos, mat\u00e9riaux, etc. ..<\/p>\n","protected":false},"author":11,"featured_media":64897,"parent":64471,"menu_order":0,"comment_status":"closed","ping_status":"closed","template":"","meta":{"footnotes":""},"tags":[627],"class_list":["post-64894","page","type-page","status-publish","has-post-thumbnail","hentry","tag-instruments"],"acf":[],"_links":{"self":[{"href":"https:\/\/culturasonora.es\/fr\/wp-json\/wp\/v2\/pages\/64894","targetHints":{"allow":["GET"]}}],"collection":[{"href":"https:\/\/culturasonora.es\/fr\/wp-json\/wp\/v2\/pages"}],"about":[{"href":"https:\/\/culturasonora.es\/fr\/wp-json\/wp\/v2\/types\/page"}],"author":[{"embeddable":true,"href":"https:\/\/culturasonora.es\/fr\/wp-json\/wp\/v2\/users\/11"}],"replies":[{"embeddable":true,"href":"https:\/\/culturasonora.es\/fr\/wp-json\/wp\/v2\/comments?post=64894"}],"version-history":[{"count":0,"href":"https:\/\/culturasonora.es\/fr\/wp-json\/wp\/v2\/pages\/64894\/revisions"}],"up":[{"embeddable":true,"href":"https:\/\/culturasonora.es\/fr\/wp-json\/wp\/v2\/pages\/64471"}],"wp:featuredmedia":[{"embeddable":true,"href":"https:\/\/culturasonora.es\/fr\/wp-json\/wp\/v2\/media\/64897"}],"wp:attachment":[{"href":"https:\/\/culturasonora.es\/fr\/wp-json\/wp\/v2\/media?parent=64894"}],"wp:term":[{"taxonomy":"post_tag","embeddable":true,"href":"https:\/\/culturasonora.es\/fr\/wp-json\/wp\/v2\/tags?post=64894"}],"curies":[{"name":"wp","href":"https:\/\/api.w.org\/{rel}","templated":true}]}}