{"id":64906,"date":"2021-05-02T03:52:28","date_gmt":"2021-05-02T03:52:28","guid":{"rendered":"https:\/\/culturasonora.es\/comment-connecter-des-ecouteurs-bluetooth-a-la-tv-lg-guide-concis-avec-toutes-les-etapes-necessaires\/"},"modified":"2024-11-19T10:21:30","modified_gmt":"2024-11-19T10:21:30","slug":"comment-connecter-des-ecouteurs-bluetooth-a-la-tv-lg-guide-concis-avec-toutes-les-etapes-necessaires","status":"publish","type":"page","link":"https:\/\/culturasonora.es\/fr\/blog\/comment-connecter-des-ecouteurs-bluetooth-a-la-tv-lg-guide-concis-avec-toutes-les-etapes-necessaires\/","title":{"rendered":"Comment connecter des \u00e9couteurs Bluetooth \u00e0 la TV LG ? Guide concis avec toutes les \u00e9tapes n\u00e9cessaires"},"content":{"rendered":"<div class=\"wp-block-image\"> <figure class=\"aligncenter size-large\"><img decoding=\"async\" width=\"1024\" height=\"683\" src=\"https:\/\/culturasonora.es\/wp-content\/uploads\/2021\/04\/LG-portada-cultura-1024x683.jpg\" alt=\"Connecte l'oreillette Bluetooth \u00e0 LG TV\" class=\"wp-image-44663\" srcset=\"https:\/\/culturasonora.es\/wp-content\/uploads\/2021\/04\/LG-portada-cultura-1024x683.jpg 1024w, https:\/\/culturasonora.es\/wp-content\/uploads\/2021\/04\/LG-portada-cultura-300x200.jpg 300w, https:\/\/culturasonora.es\/wp-content\/uploads\/2021\/04\/LG-portada-cultura-768x512.jpg 768w, https:\/\/culturasonora.es\/wp-content\/uploads\/2021\/04\/LG-portada-cultura.jpg 1200w\" sizes=\"(max-width: 1024px) 100vw, 1024px\" \/><\/figure><\/div>   <p>Si vous cherchez des informations sur la fa\u00e7on de <strong>connecter des \u00e9couteurs Bluetooth aux t\u00e9l\u00e9viseurs LG<\/strong>, cet article est fait pour vous. Les \u00e9couteurs sans fil pour la t\u00e9l\u00e9vision sont tr\u00e8s confortables. Ils vous permettent de profiter de vos films ou \u00e9missions pr\u00e9f\u00e9r\u00e9s sans d\u00e9ranger personne d&rsquo;autre. Ils vous \u00e9pargnent les tracas des c\u00e2bles, et vous pouvez utiliser le volume que vous voulez.<\/p>    <p>Pour vous dire vrai, le processus de connexion des \u00e9couteurs Bluetooth aux Smart TV de LG est tr\u00e8s simple. Cependant, si vous \u00eates novice en mati\u00e8re de technologie, vous avez peut-\u00eatre besoin d&rsquo;un peu plus d&rsquo;informations. Mais ne vous inqui\u00e8tez pas ! Dans cet article, nous vous expliquons, \u00e9tape par \u00e9tape, ce que vous devez faire pour commencer \u00e0 profiter de vos \u00e9couteurs sans fil. De plus, nous vous dirons comment obtenir une connectivit\u00e9 sans fil avec un \u00e9metteur Bluetooth, au cas o\u00f9 votre t\u00e9l\u00e9viseur serait vieux.  <\/p>    <h2 class=\"wp-block-heading\">Comment connecter des \u00e9couteurs Bluetooth \u00e0 la TV LG avec un \u00e9metteur ?<\/h2>    <p>Connecter un t\u00e9l\u00e9viseur LG \u00e0 une <a href=\"https:\/\/culturasonora.es\/fr\/casques\/bluetooth\/\" target=\"_blank\" rel=\"noreferrer noopener\">oreillette Bluetooth<\/a> est simple. Le processus est tr\u00e8s similaire, quelle que soit la marque de votre t\u00e9l\u00e9viseur. Mais dans ce cas, nous allons expliquer les \u00e9tapes pour r\u00e9aliser la synchronisation avec un mod\u00e8le LG. Avant tout, voici ce que vous devez faire si votre t\u00e9l\u00e9viseur n&rsquo;a pas de technologie sans fil int\u00e9gr\u00e9e.<\/p>    <p>Toutes les nouvelles Smart TV de LG sont compatibles avec Bluetooth. Cependant, les anciens mod\u00e8les ne disposent pas de cette technologie. Cela ne devrait pas vous inqui\u00e9ter. Si c&rsquo;est le cas pour vous, <strong>v<\/strong>ous<strong> pouvez connecter des \u00e9couteurs Bluetooth aux t\u00e9l\u00e9viseurs LG avec un adaptateur audio TV Bluetooth<\/strong>. Ces appareils sont petits et tr\u00e8s bon march\u00e9. Ils vous permettent de connecter des \u00e9couteurs sans fil, des haut-parleurs et tout autre \u00e9quipement audio \u00e0 votre t\u00e9l\u00e9viseur Bluetooth LG sans aucun probl\u00e8me.<\/p>    <p><strong>La chose la plus importante lors de l&rsquo;achat d&rsquo;un r\u00e9cepteur audio Bluetooth, est de v\u00e9rifier les connexions de votre t\u00e9l\u00e9viseur Bluetooth LG<\/strong>. Par exemple, si votre TV 4K ne dispose que d&rsquo;entr\u00e9es audio optiques, vous devrez chercher un \u00e9metteur avec ces connexions. Nous vous recommandons de consulter notre comparatif des meilleurs r\u00e9cepteurs audio Bluetooth pour trouver le mod\u00e8le id\u00e9al.<\/p>    <p>Le processus de connexion des \u00e9couteurs Bluetooth aux t\u00e9l\u00e9viseurs LG avec un \u00e9metteur est simple et rapide. Il suffit de connecter l&rsquo;\u00e9metteur au port USB de votre t\u00e9l\u00e9viseur pour l&rsquo;alimenter. Ensuite, appuyez sur les boutons d\u00e9di\u00e9s \u00e0 la synchronisation sur l&rsquo;adaptateur et l&rsquo;oreillette. Lorsque le voyant lumineux de l&rsquo;appareil cesse de clignoter, vous \u00eates pr\u00eat \u00e0 profiter de votre casque LG TV.<\/p>    <figure class=\"wp-block-image size-large\"><img decoding=\"async\" width=\"1000\" height=\"563\" src=\"https:\/\/culturasonora.es\/wp-content\/uploads\/2021\/04\/cascos-LG-cultura.jpg\" alt=\"Comment connecter des \u00e9couteurs Bluetooth \u00e0 la TV LG\" class=\"wp-image-44662\" srcset=\"https:\/\/culturasonora.es\/wp-content\/uploads\/2021\/04\/cascos-LG-cultura.jpg 1000w, https:\/\/culturasonora.es\/wp-content\/uploads\/2021\/04\/cascos-LG-cultura-300x169.jpg 300w, https:\/\/culturasonora.es\/wp-content\/uploads\/2021\/04\/cascos-LG-cultura-768x432.jpg 768w\" sizes=\"(max-width: 1000px) 100vw, 1000px\" \/><\/figure>   <div class=\"about_product_page\">     <div class=\"half_children_block\">                 <div>                                 <\/div>     <\/div>             <div class=\"fullwidth_block product_after\"><\/div> <\/div>     <h2 class=\"wp-block-heading\">Comment connecter des \u00e9couteurs Bluetooth \u00e0 la TV LG ?<\/h2>    <p>Les t\u00e9l\u00e9viseurs LG font partie des t\u00e9l\u00e9viseurs les plus populaires du march\u00e9 pour leur rapport qualit\u00e9-prix. Cela dit, l&rsquo;achat d&rsquo;un casque TV sans fil LG vous permet de profiter du son au volume que vous voulez et en excellente qualit\u00e9. <strong>Les nouveaux Smart TV de LG int\u00e8grent la connectivit\u00e9 Bluetooth. <\/strong>Cela signifie que <strong>le processus de connexion des casques Bluetooth aux TV de LG est incroyablement simple. <\/strong>Tout ce que vous devez faire, c&rsquo;est suivre les \u00e9tapes suivantes :<\/p>    <ul class=\"wp-block-list\"> <li>Assurez-vous que votre casque TV sans fil LG est charg\u00e9 pour le processus d&rsquo;appairage.<\/li>    <li>Supprimez les connexions sans fil de votre casque pour \u00e9viter les probl\u00e8mes.<\/li>    <li>Mettez le casque LG TV en mode recherche. Ils ont g\u00e9n\u00e9ralement un bouton d\u00e9di\u00e9 \u00e0 cette fonction, bien que certains mod\u00e8les recherchent aussi des \u00e9quipements Bluetooth avec un bouton d&rsquo;alimentation.<\/li>    <li>Appuyez sur le bouton de configuration de la t\u00e9l\u00e9commande ou de la Magic Remote pour lancer le processus de connexion des \u00e9couteurs Bluetooth \u00e0 LG TV.<\/li>    <li>Apr\u00e8s avoir entr\u00e9 la configuration, un menu secondaire contenant plusieurs options s&rsquo;affiche. S\u00e9lectionnez Bluetooth sur le t\u00e9l\u00e9viseur LG ou la sortie audio Bluetooth.<\/li>    <li>S\u00e9lectionnez votre oreillette dans la liste des appareils Bluetooth.<\/li>    <li>Cliquez sur la liste des appareils de recherche. Une liste des appareils TV Bluetooth LG avec lesquels votre t\u00e9l\u00e9viseur peut \u00eatre coupl\u00e9 s&rsquo;affiche. Si les \u00e9couteurs de votre t\u00e9l\u00e9viseur sans fil LG sont en mode d&rsquo;appairage, ils devraient appara\u00eetre dans la liste.<\/li>    <li>S\u00e9lectionnez votre casque dans la liste pour connecter le casque \u00e0 LG TV. Ceux-ci appara\u00eetront avec votre nom ou votre num\u00e9ro de mod\u00e8le, une s\u00e9rie de chiffres et de lettres.<\/li>    <li>Apr\u00e8s avoir s\u00e9lectionn\u00e9 vos \u00e9couteurs, vous recevrez un message indiquant qu&rsquo;ils sont appair\u00e9s avec le t\u00e9l\u00e9viseur. <\/li>    <li>C&rsquo;est tout ce que vous devez faire pour connecter Bluetooth \u00e0 la TV LG. Attendez quelques secondes apr\u00e8s l&rsquo;apparition du message, et vous \u00eates pr\u00eat \u00e0 commencer \u00e0 profiter de l&rsquo;audio avec votre oreillette LG Bluetooth TV.<\/li> <\/ul>    <p>Nous esp\u00e9rons que cet article vous aidera \u00e0 connecter votre oreillette Bluetooth \u00e0 votre t\u00e9l\u00e9viseur LG. Nous vous recommandons \u00e9galement de consulter notre site Web pour trouver <a href=\"https:\/\/culturasonora.es\/fr\/blog\/casques-decoute-bluetooth-comment-fonctionnent-ils-tout-ce-que-tu-dois-savoir-sur-les-casques-sans-fil\/\" target=\"_blank\" rel=\"noreferrer noopener\">toutes sortes d&rsquo;informations sur les casques sans fil<\/a>. Par exemple, nos guides sur la fa\u00e7on de <a href=\"https:\/\/culturasonora.es\/fr\/blog\/comment-connecter-une-oreillette-bluetooth-a-la-xbox-one-guide-rapide-et-facile\/\" target=\"_blank\" rel=\"noreferrer noopener\">connecter des casques Bluetooth \u00e0 la Xbox One<\/a>, au PC< ou \u00e0 la PS4.<\/p>    <figure class=\"wp-block-embed is-type-video is-provider-youtube wp-block-embed-youtube wp-embed-aspect-16-9 wp-has-aspect-ratio\"><div class=\"wp-block-embed__wrapper\"> <iframe loading=\"lazy\" title=\"How to Connect Bluetooth Wireless Headphones to any TV \ud83d\udccd How To With Kristin\" width=\"500\" height=\"281\" src=\"https:\/\/www.youtube.com\/embed\/3W7oVF5dkmU?feature=oembed\" frameborder=\"0\" allow=\"accelerometer; autoplay; clipboard-write; encrypted-media; gyroscope; picture-in-picture; web-share\" referrerpolicy=\"strict-origin-when-cross-origin\" allowfullscreen><\/iframe> <\/div><\/figure>","protected":false},"excerpt":{"rendered":"<p>Article informatif sur la fa\u00e7on de connecter des \u00e9couteurs Bluetooth \u00e0 la TV LG. Guide complet et concis avec toutes les \u00e9tapes n\u00e9cessaires pour r\u00e9aliser la synchronisation de tes casques.<\/p>\n","protected":false},"author":11,"featured_media":64908,"parent":65276,"menu_order":0,"comment_status":"closed","ping_status":"closed","template":"views\/page-without-intro.php","meta":{"footnotes":""},"tags":[],"class_list":["post-64906","page","type-page","status-publish","has-post-thumbnail","hentry"],"acf":[],"_links":{"self":[{"href":"https:\/\/culturasonora.es\/fr\/wp-json\/wp\/v2\/pages\/64906","targetHints":{"allow":["GET"]}}],"collection":[{"href":"https:\/\/culturasonora.es\/fr\/wp-json\/wp\/v2\/pages"}],"about":[{"href":"https:\/\/culturasonora.es\/fr\/wp-json\/wp\/v2\/types\/page"}],"author":[{"embeddable":true,"href":"https:\/\/culturasonora.es\/fr\/wp-json\/wp\/v2\/users\/11"}],"replies":[{"embeddable":true,"href":"https:\/\/culturasonora.es\/fr\/wp-json\/wp\/v2\/comments?post=64906"}],"version-history":[{"count":0,"href":"https:\/\/culturasonora.es\/fr\/wp-json\/wp\/v2\/pages\/64906\/revisions"}],"up":[{"embeddable":true,"href":"https:\/\/culturasonora.es\/fr\/wp-json\/wp\/v2\/pages\/65276"}],"wp:featuredmedia":[{"embeddable":true,"href":"https:\/\/culturasonora.es\/fr\/wp-json\/wp\/v2\/media\/64908"}],"wp:attachment":[{"href":"https:\/\/culturasonora.es\/fr\/wp-json\/wp\/v2\/media?parent=64906"}],"wp:term":[{"taxonomy":"post_tag","embeddable":true,"href":"https:\/\/culturasonora.es\/fr\/wp-json\/wp\/v2\/tags?post=64906"}],"curies":[{"name":"wp","href":"https:\/\/api.w.org\/{rel}","templated":true}]}}