{"id":64917,"date":"2020-12-22T01:19:22","date_gmt":"2020-12-22T01:19:22","guid":{"rendered":"https:\/\/culturasonora.es\/comment-connecter-des-ecouteurs-bluetooth-a-la-television-un-guide-complet-et-simple\/"},"modified":"2024-11-25T11:16:26","modified_gmt":"2024-11-25T11:16:26","slug":"connecter-des-ecouteurs-bluetooth-a-la-television","status":"publish","type":"page","link":"https:\/\/culturasonora.es\/fr\/blog\/connecter-des-ecouteurs-bluetooth-a-la-television\/","title":{"rendered":"Comment connecter des \u00e9couteurs Bluetooth \u00e0 la t\u00e9l\u00e9vision ? Un guide complet et simple"},"content":{"rendered":"<div class=\"wp-block-image\"> <figure class=\"aligncenter size-large\"><img decoding=\"async\" width=\"850\" height=\"600\" src=\"https:\/\/culturasonora.es\/wp-content\/uploads\/2020\/12\/portada-conectar-cascos-cultura.jpg\" alt=\"Comment connecter des \u00e9couteurs Bluetooth \u00e0 la t\u00e9l\u00e9vision\" class=\"wp-image-41899\" srcset=\"https:\/\/culturasonora.es\/wp-content\/uploads\/2020\/12\/portada-conectar-cascos-cultura.jpg 850w, https:\/\/culturasonora.es\/wp-content\/uploads\/2020\/12\/portada-conectar-cascos-cultura-300x212.jpg 300w, https:\/\/culturasonora.es\/wp-content\/uploads\/2020\/12\/portada-conectar-cascos-cultura-768x542.jpg 768w\" sizes=\"(max-width: 850px) 100vw, 850px\" \/><\/figure><\/div>   <p>Si vous avez besoin de savoir <strong>comment connecter des \u00e9couteurs Bluetooth \u00e0 la t\u00e9l\u00e9vision<\/strong>, vous \u00eates au bon endroit. Les \u00e9couteurs TV Bluetooth vous permettent de profiter de vos films pr\u00e9f\u00e9r\u00e9s sans d\u00e9ranger personne d&rsquo;autre. Vous pouvez ainsi profiter d&rsquo;une exp\u00e9rience plus immersive. Elles sont id\u00e9ales pour \u00eatre utilis\u00e9es la nuit. Mais \u00e9galement lorsqu&rsquo;il y a plusieurs personnes autour de vous, et que vous ne voulez manquer aucun d\u00e9tail.<\/p>    <p>Aujourd&rsquo;hui, les meilleurs t\u00e9l\u00e9viseurs int\u00e8grent souvent la technologie Bluetooth. Le processus de connexion d&rsquo;une oreillette Bluetooth \u00e0 un t\u00e9l\u00e9viseur est tr\u00e8s simple. M\u00eame si votre t\u00e9l\u00e9vision est ancienne et ne dispose pas de connectivit\u00e9 sans fil, vous pouvez toujours la synchroniser avec un \u00e9metteur Bluetooth.<\/p>    <p>Les \u00e9tapes pour connecter une oreillette Bluetooth \u00e0 un t\u00e9l\u00e9viseur sont tr\u00e8s simples. Dans cet article, nous vous expliquons tout ce que vous devez savoir sur la fa\u00e7on de connecter Bluetooth aux t\u00e9l\u00e9viseurs LG et Samsung. Vous saurez aussi la diff\u00e9rence entre les casques TV Bluetooth et les casques \u00e0 radiofr\u00e9quence. De plus, tout ce que vous devez savoir sur les \u00e9metteurs Bluetooth. Pour finir avec le processus pour profiter simultan\u00e9ment de l&rsquo;audio de vos \u00e9couteurs et des haut-parleurs de votre t\u00e9l\u00e9vision.<\/p>   <div class=\"about_product_page\">     <div class=\"half_children_block\">                 <div>                                 <\/div>     <\/div>             <div class=\"fullwidth_block product_after\"><\/div> <\/div>     <h2 class=\"wp-block-heading\">Avantages de connecter les oreillettes Bluetooth \u00e0 la t\u00e9l\u00e9vision<\/h2>    <p><strong>Les \u00e9couteurs TV Bluetooth sont un excellent achat pour la maison.<\/strong> Les technologies sans fil se sont beaucoup am\u00e9lior\u00e9es ces derni\u00e8res ann\u00e9es. Ils offrent aujourd&rsquo;hui un son qui rivalise avec les mod\u00e8les filaires. De plus, ils fonctionnent avec une connectivit\u00e9 tr\u00e8s stable. Ayant \u00e9galement une large port\u00e9e qui vous permet de vous d\u00e9placer sans manquer l&rsquo;action.<\/p>    <p>Le son \u00e9mis par les haut-parleurs int\u00e9gr\u00e9s des t\u00e9l\u00e9viseurs n&rsquo;est souvent pas le meilleur. Les mod\u00e8les plus chers peuvent offrir de bons d\u00e9tails audio, mais dans la plupart des cas, ils seront d\u00e9cevants. Pour am\u00e9liorer votre exp\u00e9rience audiovisuelle, vous pouvez opter pour diff\u00e9rents \u00e9quipements, comme des <a href=\"https:\/\/culturasonora.es\/home-cinema\/mejores-altavoces-home-cinema-5-1\/\" target=\"_blank\" rel=\"noreferrer noopener\">home cin\u00e9mas 5.1<\/a>, des <a href=\"https:\/\/culturasonora.es\/home-cinema\/torres-de-sonido\/\" target=\"_blank\" rel=\"noreferrer noopener\">tours de son<\/a>, des <a href=\"https:\/\/culturasonora.es\/barras-de-sonido\/\" target=\"_blank\" rel=\"noreferrer noopener\">barres de son<\/a>, des <a href=\"https:\/\/culturasonora.es\/altavoces\/subwoofer\/\" target=\"_blank\" rel=\"noreferrer noopener\">caissons de basses<\/a>, etc. Cependant, les casques TV Bluetooth sont une autre excellente option.<\/p>    <p>Si vous ne voulez pas d\u00e9penser beaucoup d&rsquo;argent pour un syst\u00e8me audio, les \u00e9couteurs TV Bluetooth sont id\u00e9aux. Non seulement ils vous permettent de profiter d&rsquo;un son plus riche et plus vivant. Mais ils vous isolent du bruit ambiant. Vous pourrez alors vous concentrer pleinement au monde qui vous est pr\u00e9sent\u00e9 dans le film. Avec un bon casque TV Bluetooth, vous pouvez \u00e9couter de l&rsquo;audio au volume que vous voulez, sans r\u00e9veiller les voisins. Cela tout en profitant d&rsquo;une excellente qualit\u00e9 de son.<\/p>    <figure class=\"wp-block-image size-large\"><img decoding=\"async\" width=\"600\" height=\"338\" src=\"https:\/\/culturasonora.es\/wp-content\/uploads\/2020\/12\/transmisor-bluetooth-cultura.jpg\" alt=\"Connecte les \u00e9couteurs Bluetooth  \" class=\"wp-image-41895\" srcset=\"https:\/\/culturasonora.es\/wp-content\/uploads\/2020\/12\/transmisor-bluetooth-cultura.jpg 600w, https:\/\/culturasonora.es\/wp-content\/uploads\/2020\/12\/transmisor-bluetooth-cultura-300x169.jpg 300w\" sizes=\"(max-width: 600px) 100vw, 600px\" \/><\/figure>    <h2 class=\"wp-block-heading\">Comment fonctionnent les casques TV sans fil ?<\/h2>    <p>Les <a href=\"https:\/\/culturasonora.es\/auriculares\/los-mejores-auriculares-inalambricos-para-tv\/\" target=\"_blank\" rel=\"noreferrer noopener\">casques TV<\/a> sont g\u00e9n\u00e9ralement sans fil, vous permettant de vous asseoir et de profiter des films en tout confort. De plus, vous pouvez vous d\u00e9placer pour aller chercher les popcorn ou un go\u00fbter sans manquer l&rsquo;action. Gr\u00e2ce aux am\u00e9liorations de la connectivit\u00e9 sans fil, les casques TV peuvent avoir un son aussi bon que de nombreux mod\u00e8les filaires.<\/p>    <p>Comment fonctionnent-ils ? En gros, ils se connectent sans fil \u00e0 la source audio via un signal audio transmis par voie a\u00e9rienne \u00e0 certaines fr\u00e9quences. Les mod\u00e8les les plus populaires fonctionnent avec deux technologies diff\u00e9rentes : Bluetooth et fr\u00e9quence radio.<\/p>    <p><strong>La technologie de radiofr\u00e9quence offre une superbe port\u00e9e sans fil jusqu&rsquo;\u00e0 100 m\u00e8tres<\/strong>. Ayant aussi l&rsquo;avantage de vous permettre d&rsquo;utiliser plusieurs casques simultan\u00e9ment avec un seul \u00e9metteur. Les signaux de radiofr\u00e9quence sont id\u00e9aux pour la maison car la connectivit\u00e9 reste stable, m\u00eame \u00e0 travers les murs. Ils peuvent avoir quelques bruits statiques ou des interf\u00e9rences, mais ils sont parfaits pour regarder la t\u00e9l\u00e9vision.<\/p>    <p>Les <a href=\"https:\/\/culturasonora.es\/fr\/casques\/bluetooth\/\" target=\"_blank\" rel=\"noreferrer noopener\">oreillettes Bluetooth<\/a>, en revanche, sont beaucoup plus polyvalentes. La plupart des \u00e9quipements audio et vid\u00e9o utilisent cette technologie. M\u00eame quand ce n&rsquo;est pas le cas, vous pouvez vous procurer un adaptateur Bluetooth bon march\u00e9 pour les coupler. La port\u00e9e des casques TV Bluetooth n&rsquo;est pas aussi large que celle des casques RF. Ils fonctionnent toutefois sans probl\u00e8me dans n&rsquo;importe quelle pi\u00e8ce. \u00c9couter la t\u00e9l\u00e9vision avec des \u00e9couteurs Bluetooth est une exp\u00e9rience que vous n&rsquo;avez pas int\u00e9r\u00eat \u00e0 manquer.<\/p>    <h2 class=\"wp-block-heading\">Pourquoi connecter des casques TV Bluetooth ?<\/h2>    <p>Ils offrent plusieurs avantages importants.<strong> Vous pouvez d\u00e9cider du volume sans d\u00e9ranger personne<\/strong>. Pourquoi des casques TV Bluetooth ? Les \u00e9couteurs \u00e0 radiofr\u00e9quence sont excellents si vous n&rsquo;avez besoin de les utiliser qu&rsquo;\u00e0 la maison. La port\u00e9e sans fil est remarquable, et vous pouvez connecter plusieurs casques simultan\u00e9ment. Cependant, vous avez besoin d&rsquo;une base pour la synchronisation sans fil.<\/p>    <p>Ce qu&rsquo;il y a de mieux dans la connexion des casques TV Bluetooth, c&rsquo;est qu&rsquo;ils sont plus flexibles. Vous pouvez les synchroniser avec votre t\u00e9l\u00e9, votre <a href=\"https:\/\/culturasonora.es\/auriculares\/reproductor-mp3-o-dap\/\" target=\"_blank\" rel=\"noreferrer noopener\">lecteur MP3<\/a>, votre smartphone et tout autre appareil compatible. De plus, vous pouvez les utiliser n&rsquo;importe o\u00f9, car ils <strong>n&rsquo;ont pas besoin d&rsquo;une base pour \u00eatre connect\u00e9s<\/strong>.  <\/p>    <p>Ils sont le meilleur choix si vous avez besoin d&rsquo;un casque polyvalent. A choisir si vous ne voulez pas seulement l&rsquo;utiliser pour regarder la t\u00e9l\u00e9vision. Les meilleurs mod\u00e8les du march\u00e9 offrent un son incroyable. Ils sont confortables, peuvent vous <a href=\"https:\/\/culturasonora.es\/auriculares\/cancelacion-de-ruido\/\" target=\"_blank\" rel=\"noreferrer noopener\">isoler des bruits ext\u00e9rieurs<\/a>, et ont une bonne autonomie.<\/p>    <h2 class=\"wp-block-heading\">Comment connecter des \u00e9couteurs Bluetooth \u00e0 la t\u00e9l\u00e9vision ?<\/h2>    <p>Le processus de synchronisation est tr\u00e8s simple, mais il d\u00e9pend de votre \u00e9quipement. Nous allons vous expliquer comment connecter des casques Bluetooth aux t\u00e9l\u00e9viseurs de toutes les grandes marques. S&rsquo;ils ne fonctionnent pas avec Bluetooth, pas de probl\u00e8me. Vous n&rsquo;aurez besoin que d&rsquo;acheter un \u00e9metteur Bluetooth, qui sont disponibles \u00e0 des prix tr\u00e8s, tr\u00e8s abordables.<br><\/p>    <p>Vous avez besoin d&rsquo;un adaptateur Bluetooth pour Samsung, LG ou une autre marque sp\u00e9cifique de TV ? La r\u00e9ponse simple est non. Les r\u00e9cepteurs et les \u00e9metteurs Bluetooth sont de petits appareils peu co\u00fbteux, qui sont tr\u00e8s utiles dans votre maison. Ils vous permettent de connecter sans fil des <a href=\"https:\/\/culturasonora.es\/fr\/casques\/\" target=\"_blank\" rel=\"noreferrer noopener\">\u00e9couteurs<\/a>, des <a href=\"https:\/\/culturasonora.es\/fr\/des-avis-sur-les-meilleures-enceintes-pour-te-conseiller-dans-ton-achat\/\" target=\"_blank\" rel=\"noreferrer noopener\">enceintes<\/a> et des t\u00e9l\u00e9viseurs. Vous pouvez aussi connecter vos appareils mobiles, pour pouvoir profiter de votre musique ou de vos films pr\u00e9f\u00e9r\u00e9s sans avoir besoin de c\u00e2bles.<\/p>    <p>Pour connecter un casque TV \u00e0 un \u00e9metteur Bluetooth, le plus important est de v\u00e9rifier les connexions propos\u00e9es par votre t\u00e9l\u00e9viseur. Si vous n&rsquo;avez pas de port audio auxiliaire, et seulement des entr\u00e9es optiques, vous aurez besoin d&rsquo;un mod\u00e8le avec ces connexions. Il est \u00e9galement bon d&rsquo;opter pour des mod\u00e8les qui fonctionnent avec le <a href=\"https:\/\/culturasonora.es\/fr\/non-classifiee\/sbc-vs-aac-aptx-vs-aac\/\" target=\"_blank\" rel=\"noreferrer noopener\">codec aptX<\/a>. Cela vous permet de profiter de vos films ou s\u00e9ries pr\u00e9f\u00e9r\u00e9s sans latence.<\/p>    <p>Nous vous recommandons de consulter notre comparatif des meilleurs <a href=\"https:\/\/culturasonora.es\/altavoces\/receptor-bluetooth-audio\/\" target=\"_blank\" rel=\"noreferrer noopener\">r\u00e9cepteurs audio Bluetooth<\/a>. Vous y trouverez des r\u00e9cepteurs\/\u00e9metteurs tr\u00e8s bon march\u00e9 et excellents.<\/p>    <figure class=\"wp-block-image size-large is-resized\"><img decoding=\"async\" width=\"600\" height=\"500\" src=\"https:\/\/culturasonora.es\/wp-content\/uploads\/2020\/12\/adaptador-tv-cultura.jpg\" alt=\"Comment connecter des \u00e9couteurs Bluetooth \u00e0 la t\u00e9l\u00e9vision\" class=\"wp-image-41894\" style=\"width:539px;height:449px\" srcset=\"https:\/\/culturasonora.es\/wp-content\/uploads\/2020\/12\/adaptador-tv-cultura.jpg 600w, https:\/\/culturasonora.es\/wp-content\/uploads\/2020\/12\/adaptador-tv-cultura-300x250.jpg 300w\" sizes=\"(max-width: 600px) 100vw, 600px\" \/><\/figure>    <h2 class=\"wp-block-heading\">Comment connecter une oreillette TV Bluetooth avec un \u00e9metteur ?<\/h2>    <p>Le processus est tr\u00e8s simple. Pour connecter des casques Bluetooth \u00e0 un t\u00e9l\u00e9viseur avec un \u00e9metteur, vous devez \u00e9videmment acheter l&rsquo;adaptateur. Ensuite, <strong>vous le connectez \u00e0 la sortie casque de la t\u00e9l\u00e9vision, g\u00e9n\u00e9ralement une prise jack de 3,5 mm<\/strong>. Si votre t\u00e9l\u00e9viseur ne dispose pas de cette sortie, vous pouvez le connecter \u00e0 d&rsquo;autres sorties fournies par l&rsquo;adaptateur et le t\u00e9l\u00e9viseur, comme une sortie optique.<\/p>    <p>L&rsquo;\u00e9tape suivante consiste \u00e0 <strong>connecter l&rsquo;\u00e9metteur Bluetooth au port USB de votre t\u00e9l\u00e9viseur<\/strong> pour l&rsquo;alimenter. Ensuite, vous devez appuyer sur les boutons d&rsquo;appairage \u00e0 la fois sur l&rsquo;adaptateur et sur l&rsquo;oreillette TV Bluetooth. Apr\u00e8s quelques secondes, le voyant clignotant du processus d&rsquo;appairage reste fixe, ce qui indique que vous \u00eates pr\u00eat \u00e0 utiliser les \u00e9couteurs sans fil avec votre t\u00e9l\u00e9viseur.<\/p>    <h2 class=\"wp-block-heading\">Connecte l&rsquo;oreillette Bluetooth \u00e0 LG TV<\/h2>    <p>Le processus pour connecter les \u00e9couteurs Bluetooth \u00e0 la t\u00e9l\u00e9vision est fondamentalement le m\u00eame, quelle que soit la marque de votre t\u00e9l\u00e9vision. Cependant, pour vous faciliter la t\u00e2che, voici ce que vous devez faire pour les synchroniser avec les mod\u00e8les LG et Samsung, deux des marques les plus populaires du march\u00e9.<\/p>    <p>Les t\u00e9l\u00e9viseurs LG sont excellents, et le fait de connecter plusieurs oreillettes Bluetooth LG TV vous donne de nombreux avantages. LG en est bien conscient, c&rsquo;est pourquoi ils ont un syst\u00e8me de connexion sans fil tr\u00e8s simple gr\u00e2ce \u00e0 la <a href=\"https:\/\/culturasonora.es\/blog\/tipos-de-bluetooth-y-diferencias\/\" target=\"_blank\" rel=\"noreferrer noopener\">connectivit\u00e9 Bluetooth<\/a>. Gr\u00e2ce \u00e0 cette technologie, vous pouvez synchroniser votre LG Smart TV avec des t\u00e9l\u00e9phones portables, des syst\u00e8mes home cin\u00e9ma sans fil et des casques.<\/p>    <p>Pour connecter les casques TV Bluetooth aux <a href=\"https:\/\/www.lg.com\/es\/smart-tv\" target=\"_blank\" rel=\"noreferrer noopener\">Smart TV de LG<\/a> et aux versions plus r\u00e9centes, vous pouvez suivre ces \u00e9tapes simples :<\/p>    <ol class=\"wp-block-list\"> <li>Mettez l&rsquo;oreillette TV Bluetooth en mode recherche et r\u00e9initialisez la connexion aux autres appareils pour \u00e9viter les probl\u00e8mes.<\/li>    <li>Appuyez sur le bouton de configuration de votre <a href=\"https:\/\/culturasonora.es\/home-cinema\/mando-universal-para-tv\/\" target=\"_blank\" rel=\"noreferrer noopener\">t\u00e9l\u00e9commande<\/a> ou de la t\u00e9l\u00e9commande Magic.<\/li>    <li>Apr\u00e8s avoir appuy\u00e9 sur le bouton de configuration, un deuxi\u00e8me menu avec des options diff\u00e9rentes appara\u00eetra. Cliquez sur Bluetooth ou sur la sortie audio Bluetooth, puis sur la recherche ou la liste des appareils.<\/li>    <li>Une liste des appareils Bluetooth trouv\u00e9s par le t\u00e9l\u00e9viseur vous est alors pr\u00e9sent\u00e9e. Ensuite, il suffit de s\u00e9lectionner vos \u00e9couteurs pour connecter votre casque TV Bluetooth.<\/li>    <li>Si vous l&rsquo;avez s\u00e9lectionn\u00e9, vous devriez recevoir un message disant \u00ab\u00a0connexion\u00a0\u00bb et, apr\u00e8s quelques secondes, vous serez pr\u00eat \u00e0 l&rsquo;utiliser.<\/li> <\/ol>    <h2 class=\"wp-block-heading\">Comment connecter des \u00e9couteurs Bluetooth \u00e0 la TV Samsung ?<\/h2>    <p>Si vous voulez connecter des \u00e9couteurs sans fil \u00e0 la <a href=\"https:\/\/www.samsung.com\/es\/smart-tv\/\" target=\"_blank\" rel=\"noreferrer noopener\">Smart TV de Samsung<\/a>, ou connecter des AirPods \u00e0 la TV de Samsung, le processus est tr\u00e8s simple. La grande majorit\u00e9 des t\u00e9l\u00e9viseurs Samsung apparus apr\u00e8s 2016 sont dot\u00e9s de cette technologie, des mod\u00e8les les plus abordables aux plus chers.<\/p>    <ol class=\"wp-block-list\"> <li>Pour connecter l&rsquo;oreillette Bluetooth \u00e0 la TV Samsung, activez le mode d&rsquo;appairage sur votre oreillette TV Bluetooth.<\/li>    <li>Pour poursuivre le processus de connexion des \u00e9couteurs Bluetooth \u00e0 la TV Samsung, s\u00e9lectionnez le bouton des param\u00e8tres dans le menu principal.<\/li>    <li>Faites d\u00e9filer la page jusqu&rsquo;\u00e0 la section son, s\u00e9lectionnez la sortie son, puis choisissez dans la liste des haut-parleurs ou des appareils Bluetooth.<\/li>    <li>Une liste des appareils reconnus par le t\u00e9l\u00e9viseur Samsung s&rsquo;affiche. S\u00e9lectionnez vos casques et appuyez sur OK. Si la connexion est r\u00e9ussie, vous recevrez un message de confirmation.<\/li>    <li>C&rsquo;est fait ! Maintenant quittez le menu et vous commencerez \u00e0 profiter du son dans votre casque. Le processus de connexion des \u00e9couteurs \u00e0 la TV Samsung est termin\u00e9.<br><\/li> <\/ol>    <p>Ce processus est fondamentalement le m\u00eame quel que soit le mod\u00e8le. Vous devez suivre les m\u00eames \u00e9tapes pour connecter l&rsquo;oreillette Bluetooth au t\u00e9l\u00e9viseur Samsung s\u00e9rie 7, et pour connecter l&rsquo;oreillette Bluetooth au t\u00e9l\u00e9viseur Samsung s\u00e9rie 6.<\/p>    <figure class=\"wp-block-image size-large\"><img decoding=\"async\" width=\"600\" height=\"338\" src=\"https:\/\/culturasonora.es\/wp-content\/uploads\/2020\/12\/tv-juegos-cultura.jpg\" alt=\"Oreillette bluetooth pour TV\" class=\"wp-image-41892\" srcset=\"https:\/\/culturasonora.es\/wp-content\/uploads\/2020\/12\/tv-juegos-cultura.jpg 600w, https:\/\/culturasonora.es\/wp-content\/uploads\/2020\/12\/tv-juegos-cultura-300x169.jpg 300w\" sizes=\"(max-width: 600px) 100vw, 600px\" \/><\/figure>    <h2 class=\"wp-block-heading\">Avez-vous besoin d&rsquo;\u00e9couter du son \u00e0 travers un casque et des haut-parleurs simultan\u00e9ment ?<\/h2>    <p>Si vous avez besoin de connecter des \u00e9couteurs TV Bluetooth et d&rsquo;\u00e9couter le son simultan\u00e9ment dans les \u00e9couteurs et les haut-parleurs, vous pouvez le faire. Cette option n&rsquo;est pas disponible sur tous les mod\u00e8les, mais voici les \u00e9tapes pour les t\u00e9l\u00e9viseurs Samsung et LG qui fonctionnent avec cette fonction.<\/p>    <p><strong>Pour les mod\u00e8les LG, vous devez s\u00e9lectionner l&rsquo;option \u00ab\u00a0sortie audio haut-parleurs internes plus haut-parleurs Bluetooth\u00a0\u00bb<\/strong>. Cela ouvrira un sous-menu \u00e0 partir duquel vous pourrez connecter des casques TV Bluetooth. Cette option est quelque peu limit\u00e9e, et ne vous permet pas de contr\u00f4ler le volume ind\u00e9pendamment des \u00e9couteurs. Elle est toutefois utile.<\/p>    <p>Si vous voulez profiter de cette fonction avec les<strong> t\u00e9l\u00e9viseurs Samsung<\/strong>, vous devez ouvrir le menu des param\u00e8tres, cliquer sur g\u00e9n\u00e9ral et accessibilit\u00e9. Ensuite, cliquez sur l&rsquo;option de <strong>sorties audio multiples<\/strong> et vous entendrez le son simultan\u00e9ment dans le casque et les haut-parleurs internes.<\/p>    <p>Nous esp\u00e9rons que ce guide vous aidera \u00e0 connecter des \u00e9couteurs Bluetooth \u00e0 la t\u00e9l\u00e9vision. Nous vous recommandons de consulter <a href=\"https:\/\/culturasonora.es\/fr\/\" target=\"_blank\" rel=\"noreferrer noopener\">notre page CulturaSonora<\/a>. Vous y trouverez des comparaisons des meilleurs \u00e9quipements audio du march\u00e9, et des articles informatifs pour vous faciliter la vie.  <\/p>    <p>Par exemple, vous pouvez consulter nos guides pour savoir comment connecter un <a href=\"https:\/\/culturasonora.es\/fr\/blog\/comment-installer-home-cinema\/\" target=\"_blank\" rel=\"noreferrer noopener\">syst\u00e8me de home cin\u00e9ma<\/a>, programmer une <a href=\"https:\/\/culturasonora.es\/fr\/blog\/comment-configurer-une-telecommande-universelle-de-television\/\" target=\"_blank\" rel=\"noreferrer noopener\">t\u00e9l\u00e9commande universelle<\/a> et bien plus encore&#8230;<\/p>    <figure class=\"wp-block-embed is-type-video is-provider-youtube wp-block-embed-youtube wp-embed-aspect-16-9 wp-has-aspect-ratio\"><div class=\"wp-block-embed__wrapper\"> <iframe loading=\"lazy\" title=\"How to Connect Bluetooth Wireless Headphones to any TV \ud83d\udccd How To With Kristin\" width=\"500\" height=\"281\" src=\"https:\/\/www.youtube.com\/embed\/3W7oVF5dkmU?feature=oembed\" frameborder=\"0\" allow=\"accelerometer; autoplay; clipboard-write; encrypted-media; gyroscope; picture-in-picture; web-share\" referrerpolicy=\"strict-origin-when-cross-origin\" allowfullscreen><\/iframe> <\/div><\/figure>","protected":false},"excerpt":{"rendered":"<p>Article informatif sur la fa\u00e7on de connecter des \u00e9couteurs Bluetooth \u00e0 la t\u00e9l\u00e9vision. Guide complet avec des \u00e9tapes faciles pour connecter ton casque sans fil \u00e0 n&rsquo;importe quelle TV&#8230;..<\/p>\n","protected":false},"author":11,"featured_media":64919,"parent":65276,"menu_order":0,"comment_status":"closed","ping_status":"closed","template":"views\/page-without-intro.php","meta":{"footnotes":""},"tags":[],"class_list":["post-64917","page","type-page","status-publish","has-post-thumbnail","hentry"],"acf":[],"_links":{"self":[{"href":"https:\/\/culturasonora.es\/fr\/wp-json\/wp\/v2\/pages\/64917","targetHints":{"allow":["GET"]}}],"collection":[{"href":"https:\/\/culturasonora.es\/fr\/wp-json\/wp\/v2\/pages"}],"about":[{"href":"https:\/\/culturasonora.es\/fr\/wp-json\/wp\/v2\/types\/page"}],"author":[{"embeddable":true,"href":"https:\/\/culturasonora.es\/fr\/wp-json\/wp\/v2\/users\/11"}],"replies":[{"embeddable":true,"href":"https:\/\/culturasonora.es\/fr\/wp-json\/wp\/v2\/comments?post=64917"}],"version-history":[{"count":0,"href":"https:\/\/culturasonora.es\/fr\/wp-json\/wp\/v2\/pages\/64917\/revisions"}],"up":[{"embeddable":true,"href":"https:\/\/culturasonora.es\/fr\/wp-json\/wp\/v2\/pages\/65276"}],"wp:featuredmedia":[{"embeddable":true,"href":"https:\/\/culturasonora.es\/fr\/wp-json\/wp\/v2\/media\/64919"}],"wp:attachment":[{"href":"https:\/\/culturasonora.es\/fr\/wp-json\/wp\/v2\/media?parent=64917"}],"wp:term":[{"taxonomy":"post_tag","embeddable":true,"href":"https:\/\/culturasonora.es\/fr\/wp-json\/wp\/v2\/tags?post=64917"}],"curies":[{"name":"wp","href":"https:\/\/api.w.org\/{rel}","templated":true}]}}