{"id":64921,"date":"2021-05-02T03:46:05","date_gmt":"2021-05-02T03:46:05","guid":{"rendered":"https:\/\/culturasonora.es\/casques-decoute-bluetooth-comment-fonctionnent-ils-tout-ce-que-tu-dois-savoir-sur-les-casques-sans-fil\/"},"modified":"2024-11-22T10:59:39","modified_gmt":"2024-11-22T10:59:39","slug":"casques-decoute-bluetooth-comment-fonctionnent-ils-tout-ce-que-tu-dois-savoir-sur-les-casques-sans-fil","status":"publish","type":"page","link":"https:\/\/culturasonora.es\/fr\/blog\/casques-decoute-bluetooth-comment-fonctionnent-ils-tout-ce-que-tu-dois-savoir-sur-les-casques-sans-fil\/","title":{"rendered":"Casques d&rsquo;\u00e9coute Bluetooth, comment fonctionnent-ils ? Tout ce que vous devez savoir sur les casques sans fil"},"content":{"rendered":"<div class=\"wp-block-image\"> <figure class=\"aligncenter size-large\"><img decoding=\"async\" width=\"900\" height=\"600\" src=\"https:\/\/culturasonora.es\/wp-content\/uploads\/2021\/04\/como-funcionan-auriculares-portada-culltura.jpg\" alt=\"Les oreillettes Bluetooth comment elles fonctionnent\" class=\"wp-image-44695\" srcset=\"https:\/\/culturasonora.es\/wp-content\/uploads\/2021\/04\/como-funcionan-auriculares-portada-culltura.jpg 900w, https:\/\/culturasonora.es\/wp-content\/uploads\/2021\/04\/como-funcionan-auriculares-portada-culltura-300x200.jpg 300w, https:\/\/culturasonora.es\/wp-content\/uploads\/2021\/04\/como-funcionan-auriculares-portada-culltura-768x512.jpg 768w\" sizes=\"(max-width: 900px) 100vw, 900px\" \/><\/figure><\/div>   <p>Comment fonctionnent les oreillettes sans fil Bluetooth ? Le fonctionnement est le m\u00eame que pour les filaires, sauf que, dans ce cas-ci, le Bluetooth remplace les fils. <\/p>    <p>Si vous lisez ceci, vous envisagez probablement d&rsquo;acheter un casque Bluetooth. Ou alors vous voulez d\u00e9couvrir cette technologie qui a provoqu\u00e9 une r\u00e9volution dans le monde de l&rsquo;audio. Aujourd&rsquo;hui, les nouveaux t\u00e9l\u00e9phones abandonnent les ports filaires au profit de la connectivit\u00e9 sans fil. C&rsquo;est tout \u00e0 fait compr\u00e9hensible. Les nouvelles oreillettes Bluetooth vous lib\u00e8rent de l&rsquo;encombrement des fils. Elles int\u00e8grent des fonctions vous permettant de r\u00e9pondre aux appels en mains libres, et ont une grande autonomie.<\/p>    <p>Dans ce guide complet, nous vous disons comment fonctionnent les casques Bluetooth. Nous vous parlons de leurs structure, ce qu&rsquo;est la connectivit\u00e9 Bluetooth et bien plus encore. Nous esp\u00e9rons que cela vous aidera \u00e0 d\u00e9cider d&rsquo;acheter ces nouveaux \u00e9couteurs. Ou juste \u00e0 mieux savoir <strong>Comment fonctionnent<\/strong> <strong>les \u00e9couteurs Bluetooth.<\/strong><\/p>    <h2 class=\"wp-block-heading\">Comment les \u00e9couteurs fonctionnent-ils ?<\/h2>    <p>Avant de r\u00e9pondre \u00e0 cette question, nous allons \u00e9voquer la technologie qui se cache derri\u00e8re les casques en g\u00e9n\u00e9ral. Apr\u00e8s tout, les casques Bluetooth ne sont pas diff\u00e9rents des casques filaires. Sauf pour la m\u00e9thode par laquelle ils re\u00e7oivent et envoient l&rsquo;audio \u00e0 leurs pilotes ou transducteurs.<\/p>    <p>Le principal objectif des \u00e9couteurs est d&rsquo;agir comme un transducteur qui convertit l&rsquo;\u00e9nergie \u00e9lectrique (signaux audio) en ondes sonores. Cela est vrai pour les casques filaires et sans fil. Les conducteurs du casque sont les transducteurs. Ils convertissent l&rsquo;audio en son, et par cons\u00e9quent, les \u00e9l\u00e9ments essentiels des \u00e9couteurs sont une paire de haut-parleurs.<\/p>    <p>Les casques filaires et sans fil fonctionnent lorsqu&rsquo;un signal audio analogique (courant alternatif) passe par les haut-parleurs. Ce qui provoque un mouvement proportionnel dans le diaphragme des haut-parleurs. Le mouvement du diaphragme d\u00e9place l&rsquo;air pour produire des ondes sonores, imitant la forme de la tension alternative du signal audio.<\/p>    <p>Cette action est n\u00e9cessaire, quel que soit le type de pilote des \u00e9couteurs. Cela dit, les plus courantes sont de type dynamique. L&rsquo;excellent WH-1000XM4 de Sony, par exemple, notre casque sans fil pr\u00e9f\u00e9r\u00e9, utilise de tels pilotes.<br><\/p>    <figure class=\"wp-block-image size-large\"><img decoding=\"async\" width=\"830\" height=\"375\" src=\"https:\/\/culturasonora.es\/wp-content\/uploads\/2017\/10\/bluetooth-1.jpg\" alt=\"R\u00e9 r\u00e9cep r\u00e9cepteurs bluetooth\" class=\"wp-image-4439\" srcset=\"https:\/\/culturasonora.es\/wp-content\/uploads\/2017\/10\/bluetooth-1.jpg 830w, https:\/\/culturasonora.es\/wp-content\/uploads\/2017\/10\/bluetooth-1-300x136.jpg 300w, https:\/\/culturasonora.es\/wp-content\/uploads\/2017\/10\/bluetooth-1-768x347.jpg 768w\" sizes=\"(max-width: 830px) 100vw, 830px\" \/><\/figure>    <h2 class=\"wp-block-heading\">Qu&rsquo;est-ce que la technologie Bluetooth ?<\/h2>    <p>Pour comprendre comment fonctionnent les oreillettes Bluetooth, il faut d&rsquo;abord savoir ce qu&rsquo;est la technologie Bluetooth. Cette connectivit\u00e9 sans fil est utilis\u00e9e pour transmettre des donn\u00e9es entre des appareils fixes ou mobiles sur de courtes distances. Cela se fait par le biais d&rsquo;ondes \u00e0 haute fr\u00e9quence, appel\u00e9es UHF.<\/p>    <p>Plus pr\u00e9cis\u00e9ment, la technologie Bluetooth utilise des fr\u00e9quences radio dans la gamme de 2,402 GHz \u00e0 2,480 GHz pour transmettre des donn\u00e9es sans fil. Cette technologie est assez complexe et int\u00e8gre trop de d\u00e9tails. Cela est d\u00fb \u00e0 l&rsquo;incroyable gamme d&rsquo;applications qu&rsquo;elle sert.<\/p>    <h2 class=\"wp-block-heading\">Versions Bluetooth<\/h2>    <p>Cette technologie a \u00e9t\u00e9 d\u00e9velopp\u00e9e \u00e0 l&rsquo;origine en 1989. Cependant, la premi\u00e8re version officielle a \u00e9t\u00e9 lanc\u00e9e en 1999. Les responsables qui d\u00e9veloppent cette connectivit\u00e9 l&rsquo;am\u00e9liorent constamment et publient r\u00e9guli\u00e8rement de nouvelles versions. Les nouveaux types de Bluetooth am\u00e9liorent la port\u00e9e, la vitesse de transfert et la consommation d&rsquo;\u00e9nergie. Les nouveaux \u00e9couteurs sans fil utilisent la version 5.0 ou ult\u00e9rieure. N\u00e9anmoins, ils peuvent parfaitement fonctionner avec les appareils audio avec la version 4.2.<\/p>    <figure class=\"wp-block-image size-large\"><img decoding=\"async\" width=\"1024\" height=\"683\" src=\"https:\/\/culturasonora.es\/wp-content\/uploads\/2021\/04\/como-funcionan-cascos-cultura-1024x683.jpg\" alt=\"Les \u00e9couteurs bluetooth comment ils fonctionnent\" class=\"wp-image-44696\" srcset=\"https:\/\/culturasonora.es\/wp-content\/uploads\/2021\/04\/como-funcionan-cascos-cultura-1024x683.jpg 1024w, https:\/\/culturasonora.es\/wp-content\/uploads\/2021\/04\/como-funcionan-cascos-cultura-300x200.jpg 300w, https:\/\/culturasonora.es\/wp-content\/uploads\/2021\/04\/como-funcionan-cascos-cultura-768x512.jpg 768w, https:\/\/culturasonora.es\/wp-content\/uploads\/2021\/04\/como-funcionan-cascos-cultura.jpg 1200w\" sizes=\"(max-width: 1024px) 100vw, 1024px\" \/><\/figure>    <h2 class=\"wp-block-heading\">Les oreillettes Bluetooth : comment fonctionnent-elles ?<\/h2>    <p>L&rsquo;oreillette Bluetooth re\u00e7oit des signaux audio via la technologie Bluetooth. Pour fonctionner correctement avec un appareil audio, ils doivent \u00eatre synchronis\u00e9s ou connect\u00e9s sans fil \u00e0 de tels appareils.<\/p>    <p><strong>Une fois appari\u00e9s, les \u00e9couteurs et le p\u00e9riph\u00e9rique audio cr\u00e9ent un r\u00e9seau appel\u00e9 Piconet.<\/strong> C&rsquo;est dans ce r\u00e9seau que le p\u00e9riph\u00e9rique peut effectivement envoyer des signaux audio aux \u00e9couteurs via Bluetooth. De m\u00eame, les \u00e9couteurs sont dot\u00e9s de fonctions intelligentes, de la commande vocale et de la lecture. Ils renvoient \u00e9galement des informations \u00e0 l&rsquo;appareil via le r\u00e9seau.<\/p>    <p>Une fois que le signal audio est capt\u00e9 par le r\u00e9cepteur Bluetooth de l&rsquo;oreillette, il doit passer par deux composants cl\u00e9s pour que les pilotes puissent faire leur travail. Tout d&rsquo;abord, le signal audio re\u00e7u doit \u00eatre converti en un signal analogique. Cela se fait par le biais des DACs int\u00e9gr\u00e9s. L&rsquo;audio est ensuite envoy\u00e9 \u00e0 un amplificateur de casque pour porter le signal \u00e0 un niveau de tension \u00e0 m\u00eame \u00e0 piloter efficacement les pilotes.<\/p>    <p>Nous esp\u00e9rons que le guide simple suivant vous permettra de comprendre comment fonctionnent les oreillettes Bluetooth. Maintenant que vous connaissez la technologie, vous pouvez consulter notre comparatif des meilleures <a href=\"https:\/\/culturasonora.es\/fr\/casques\/bluetooth\/\" target=\"_blank\" rel=\"noreferrer noopener\">oreillettes Bluetooth<\/a> du march\u00e9. Nous vous recommandons \u00e9galement de consulter nos guides sur la fa\u00e7on de connecter des casques Bluetooth \u00e0 un PC, une PS4, une <a href=\"https:\/\/culturasonora.es\/fr\/blog\/comment-connecter-une-oreillette-bluetooth-a-la-xbox-one-guide-rapide-et-facile\/\" target=\"_blank\" rel=\"noreferrer noopener\">Xbox One<\/a> et une <a href=\"https:\/\/culturasonora.es\/fr\/blog\/comment-connecter-des-ecouteurs-bluetooth-a-la-tv-lg-guide-concis-avec-toutes-les-etapes-necessaires\/\" target=\"_blank\" rel=\"noreferrer noopener\">TV LG<\/a>.<\/p>    <figure class=\"wp-block-embed is-type-video is-provider-youtube wp-block-embed-youtube wp-embed-aspect-16-9 wp-has-aspect-ratio\"><div class=\"wp-block-embed__wrapper\"> <iframe loading=\"lazy\" title=\"The Engineering Inside Wireless Earbuds || How do Wireless Earbuds and Audio Codecs Work?\" width=\"500\" height=\"281\" src=\"https:\/\/www.youtube.com\/embed\/_ZKNOKHpqE4?feature=oembed\" frameborder=\"0\" allow=\"accelerometer; autoplay; clipboard-write; encrypted-media; gyroscope; picture-in-picture; web-share\" referrerpolicy=\"strict-origin-when-cross-origin\" allowfullscreen><\/iframe> <\/div><\/figure>","protected":false},"excerpt":{"rendered":"<p>Casques d&rsquo;\u00e9coute Bluetooth Comment fonctionnent-ils ? D\u00e9couvre les d\u00e9tails les plus importants sur les casques d&rsquo;\u00e9coute sans fil. Guide concis et informatif sur&#8230;<\/p>\n","protected":false},"author":11,"featured_media":64923,"parent":65276,"menu_order":0,"comment_status":"closed","ping_status":"closed","template":"views\/page-without-intro.php","meta":{"footnotes":""},"tags":[],"class_list":["post-64921","page","type-page","status-publish","has-post-thumbnail","hentry"],"acf":[],"_links":{"self":[{"href":"https:\/\/culturasonora.es\/fr\/wp-json\/wp\/v2\/pages\/64921","targetHints":{"allow":["GET"]}}],"collection":[{"href":"https:\/\/culturasonora.es\/fr\/wp-json\/wp\/v2\/pages"}],"about":[{"href":"https:\/\/culturasonora.es\/fr\/wp-json\/wp\/v2\/types\/page"}],"author":[{"embeddable":true,"href":"https:\/\/culturasonora.es\/fr\/wp-json\/wp\/v2\/users\/11"}],"replies":[{"embeddable":true,"href":"https:\/\/culturasonora.es\/fr\/wp-json\/wp\/v2\/comments?post=64921"}],"version-history":[{"count":0,"href":"https:\/\/culturasonora.es\/fr\/wp-json\/wp\/v2\/pages\/64921\/revisions"}],"up":[{"embeddable":true,"href":"https:\/\/culturasonora.es\/fr\/wp-json\/wp\/v2\/pages\/65276"}],"wp:featuredmedia":[{"embeddable":true,"href":"https:\/\/culturasonora.es\/fr\/wp-json\/wp\/v2\/media\/64923"}],"wp:attachment":[{"href":"https:\/\/culturasonora.es\/fr\/wp-json\/wp\/v2\/media?parent=64921"}],"wp:term":[{"taxonomy":"post_tag","embeddable":true,"href":"https:\/\/culturasonora.es\/fr\/wp-json\/wp\/v2\/tags?post=64921"}],"curies":[{"name":"wp","href":"https:\/\/api.w.org\/{rel}","templated":true}]}}