{"id":64925,"date":"2021-05-02T03:42:51","date_gmt":"2021-05-02T03:42:51","guid":{"rendered":"https:\/\/culturasonora.es\/comment-ecouter-la-radio-avec-des-ecouteurs-bluetooth-decouvrez-toutes-les-methodes\/"},"modified":"2024-11-19T10:16:20","modified_gmt":"2024-11-19T10:16:20","slug":"comment-ecouter-la-radio-avec-des-ecouteurs-bluetooth-decouvrez-toutes-les-methodes","status":"publish","type":"page","link":"https:\/\/culturasonora.es\/fr\/blog\/comment-ecouter-la-radio-avec-des-ecouteurs-bluetooth-decouvrez-toutes-les-methodes\/","title":{"rendered":"Comment \u00e9couter la radio avec des \u00e9couteurs Bluetooth ? D\u00e9couvrez toutes les m\u00e9thodes"},"content":{"rendered":"<div class=\"wp-block-image\"> <figure class=\"aligncenter size-large\"><img decoding=\"async\" width=\"1024\" height=\"683\" src=\"https:\/\/culturasonora.es\/wp-content\/uploads\/2021\/04\/radio-portada-cultura-1024x683.jpg\" alt=\"\u00c9coute la radio avec des \u00e9couteurs Bluetooth\" class=\"wp-image-44709\" srcset=\"https:\/\/culturasonora.es\/wp-content\/uploads\/2021\/04\/radio-portada-cultura-1024x683.jpg 1024w, https:\/\/culturasonora.es\/wp-content\/uploads\/2021\/04\/radio-portada-cultura-300x200.jpg 300w, https:\/\/culturasonora.es\/wp-content\/uploads\/2021\/04\/radio-portada-cultura-768x512.jpg 768w, https:\/\/culturasonora.es\/wp-content\/uploads\/2021\/04\/radio-portada-cultura.jpg 1200w\" sizes=\"(max-width: 1024px) 100vw, 1024px\" \/><\/figure><\/div>   <p><strong>\u00c9couter la radio avec une oreillette Bluetooth<\/strong> peut \u00eatre difficile. Certains t\u00e9l\u00e9phones int\u00e8grent l&rsquo;application radio FM, mais beaucoup ne le font pas. C&rsquo;est parce que l&rsquo;infrastructure est complexe.  <\/p>    <p>Cela peut \u00eatre ennuyeux pour plusieurs personnes. La plupart des utilisateurs ach\u00e8tent un smartphone pour chatter sur WhatsApp, prendre des photos et consulter les m\u00e9dias sociaux.  <\/p>    <p>Cela dit, beaucoup veulent \u00e9couter la radio avec des \u00e9couteurs Bluetooth. Comment utiliser la radio avec une oreillette Bluetooth ? Dans cet article, nous vous parlons de toutes les options.<\/p>    <h2 class=\"wp-block-heading\">Puis-je \u00e9couter la radio sur mon t\u00e9l\u00e9phone portable avec des \u00e9couteurs Bluetooth ?<\/h2>    <p>Dans la plupart des smartphones modernes, vous ne pouvez \u00e9couter la radio qu&rsquo;avec un casque filaire, car le casque lui-m\u00eame sert d&rsquo;antenne.  <\/p>    <p>Si vous n&rsquo;ins\u00e8rez pas le c\u00e2ble dans le port, le syst\u00e8me bloque simplement le programme radio. Comment \u00e9couter la radio avec des \u00e9couteurs sans fil ? Ne vous inqui\u00e8tez pas, dans cet article, nous pr\u00e9sentons quelques m\u00e9thodes que vous pouvez utiliser pour profiter de la radio FM avec votre casque sans fil.<\/p>    <figure class=\"wp-block-image size-large\"><img decoding=\"async\" width=\"1024\" height=\"639\" src=\"https:\/\/culturasonora.es\/wp-content\/uploads\/2021\/04\/Radio-FM-cultura-1024x639.jpg\" alt=\"\u00c9coute la radio avec des \u00e9couteurs Bluetooth\" class=\"wp-image-44708\" srcset=\"https:\/\/culturasonora.es\/wp-content\/uploads\/2021\/04\/Radio-FM-cultura-1024x639.jpg 1024w, https:\/\/culturasonora.es\/wp-content\/uploads\/2021\/04\/Radio-FM-cultura-300x187.jpg 300w, https:\/\/culturasonora.es\/wp-content\/uploads\/2021\/04\/Radio-FM-cultura-768x479.jpg 768w, https:\/\/culturasonora.es\/wp-content\/uploads\/2021\/04\/Radio-FM-cultura.jpg 1200w\" sizes=\"(max-width: 1024px) 100vw, 1024px\" \/><\/figure>    <h2 class=\"wp-block-heading\">Comment \u00e9couter la radio avec des \u00e9couteurs Bluetooth ?<\/h2>    <p>Tout d&rsquo;abord, vous devez connecter des \u00e9couteurs au port 3.5mm. C&rsquo;est parce que<strong> le c\u00e2ble sert d&rsquo;extension \u00e0 l&rsquo;antenne interne<\/strong> de votre t\u00e9l\u00e9phone.<\/p>    <p>Sans brancher de casque sur le port, vous ne pourrez pas \u00e9couter de la musique ou autre chose. Comment \u00e9couter la radio FM avec des \u00e9couteurs Bluetooth ? Vous devez suivre les \u00e9tapes suivantes :<\/p>    <ul class=\"wp-block-list\"> <li>Naviguez vers la configuration.<\/li>    <li>Ensuite, allez dans l&rsquo;option des appareils.<\/li>    <li>L\u00e0, vous devriez pouvoir synchroniser vos \u00e9couteurs. Si ce n&rsquo;est pas le cas, red\u00e9marrez-les.<\/li>    <li>Une fois que c&rsquo;est fait, activez l&rsquo;oreillette via Bluetooth.<\/li>    <li>Vous devriez entendre un son indiquant que la connexion est r\u00e9ussie.<\/li>    <li>Ouvrez ensuite l&rsquo;application radio FM pour \u00e9couter la radio avec les \u00e9couteurs Bluetooth.<\/li> <\/ul>    <p>Le seul probl\u00e8me de cette m\u00e9thode est que vous ne pouvez pas d\u00e9connecter vos autres \u00e9couteurs connect\u00e9s au port 3,5 mm. Si vous le faites, la connexion sera perdue et vous ne pourrez rien entendre.<\/p>    <h2 class=\"wp-block-heading\">Comment \u00e9couter la radio avec des appareils Android ?<\/h2>    <p>Cette option est id\u00e9ale pour les casques sans fil connect\u00e9s \u00e0 des appareils Android avec une fonctionnalit\u00e9 radio int\u00e9gr\u00e9e. Des \u00e9couteurs filaires sont \u00e9galement n\u00e9cessaires.<\/p>    <p>Avec cette m\u00e9thode, vous utiliserez l&rsquo;application radio Android normale. <strong>Le casque filaire servira d&rsquo;antenne, et la sortie sonore sera transmise par Bluetooth avec un programme suppl\u00e9mentaire.<\/strong> <\/p>    <p>Pour cela, suis les \u00e9tapes ci-dessous :<\/p>    <ul class=\"wp-block-list\"> <li>Connectez l&rsquo;oreillette Bluetooth \u00e0 l&rsquo;appareil.<\/li>    <li>Le son de l&rsquo;\u00e9mission de radio sera transmis aux \u00e9couteurs filaires. Pour \u00e9viter cela, nous vous recommandons de t\u00e9l\u00e9charger l&rsquo;application MonoBluetooth Router. Cette application fonctionne avec n&rsquo;importe quel micrologiciel, et envoie le son aux \u00e9couteurs sans fil.<\/li>    <li>Ins\u00e8rez la fiche du casque filaire dans la prise de 3,5 mm.<\/li>    <li>Ouvrez l&rsquo;application radio et profitez-en avec votre oreillette Bluetooth.<br><\/li> <\/ul>    <figure class=\"wp-block-image size-large\"><img decoding=\"async\" width=\"1024\" height=\"731\" src=\"https:\/\/culturasonora.es\/wp-content\/uploads\/2021\/04\/radio-bluetooth-cultura-1024x731.jpg\" alt=\"comment \u00e9couter la radio avec des \u00e9couteurs Bluetooth\" class=\"wp-image-44707\" srcset=\"https:\/\/culturasonora.es\/wp-content\/uploads\/2021\/04\/radio-bluetooth-cultura-1024x731.jpg 1024w, https:\/\/culturasonora.es\/wp-content\/uploads\/2021\/04\/radio-bluetooth-cultura-300x214.jpg 300w, https:\/\/culturasonora.es\/wp-content\/uploads\/2021\/04\/radio-bluetooth-cultura-768x548.jpg 768w, https:\/\/culturasonora.es\/wp-content\/uploads\/2021\/04\/radio-bluetooth-cultura.jpg 1200w\" sizes=\"(max-width: 1024px) 100vw, 1024px\" \/><\/figure>    <h2 class=\"wp-block-heading\">Comment \u00e9couter la radio avec des \u00e9couteurs sans fil si l&rsquo;appareil ne prend pas en charge la fonction ?<\/h2>    <p><strong>Cette m\u00e9thode est id\u00e9ale lorsque votre appareil Android n&rsquo;a pas le micrologiciel pour \u00e9couter la radio FM<\/strong>. Cette option n\u00e9cessite \u00e9galement une connexion \u00e0 la prise jack 3,5 mm. Ceci dit, nous devons vous pr\u00e9venir que cela ne fonctionne pas avec tous les t\u00e9l\u00e9phones. <\/p>    <p>Pour \u00e9couter la radio avec des \u00e9couteurs sans fil suivant cette m\u00e9thode, suivez les \u00e9tapes suivantes :<\/p>    <ul class=\"wp-block-list\"> <li>T\u00e9l\u00e9chargez et ouvrez l&rsquo;application Spirit1 : RealFM Radio sur Google Play (elle est payante, mais vous pouvez aussi la trouver gratuitement sur des forums en ligne).<\/li>    <li>Apr\u00e8s avoir lanc\u00e9 l&rsquo;application, allez sur l&rsquo;ic\u00f4ne de l&rsquo;outil.<\/li>    <li>Choisissez la configuration et ensuite l&rsquo;audio.<\/li>    <li>Maintenant, vous devez s\u00e9lectionner les param\u00e8tres de votre t\u00e9l\u00e9phone dans M\u00e9thode. Essayez de trouver votre mod\u00e8le ou d&rsquo;exp\u00e9rimenter des mod\u00e8les similaires pour obtenir une bonne performance. Puis retournez \u00e0 la page d&rsquo;accueil.<\/li> <\/ul>    <ul class=\"wp-block-list\"> <li>Si vous entendez un sifflement, cela signifie que les param\u00e8tres choisis fonctionnent correctement avec l&rsquo;appareil. Vous pouvez alors vous connecter et \u00e9couter la radio avec des \u00e9couteurs Bluetooth, m\u00eame si votre t\u00e9l\u00e9phone n&rsquo;a pas la fonction int\u00e9gr\u00e9e.<\/li> <\/ul>    <h2 class=\"wp-block-heading\">Comment connecter des \u00e9couteurs sans fil \u00e0 une radio DAB ?<\/h2>    <p>Pour une connexion sans fil, vous pouvez acheter un \u00e9metteur Bluetooth abordable et le connecter au port du casque DAB pour \u00e9couter la radio sans fil du casque.  <\/p>    <p>Si vous cherchez \u00e0 acheter un nouveau DAB, assurez-vous qu&rsquo;il dispose d&rsquo;un port pour casque, car certains mod\u00e8les n&rsquo;en ont pas. Quant aux \u00e9metteurs Bluetooth, il existe plusieurs mod\u00e8les excellents et bon march\u00e9. Vous pouvez consulter notre comparatif des meilleurs r\u00e9cepteurs audio Bluetooth.<\/p>    <p>Nous esp\u00e9rons que ces informations vous permettront d&rsquo;\u00e9couter la radio avec des <a href=\"https:\/\/culturasonora.es\/fr\/casques\/bluetooth\/\" target=\"_blank\" rel=\"noreferrer noopener\">\u00e9couteurs Bluetooth<\/a>. N&rsquo;h\u00e9sitez-pas \u00e0 consulter nos guides sur la fa\u00e7on de connecter des casques Bluetooth \u00e0 la PS4, la <a href=\"https:\/\/culturasonora.es\/fr\/blog\/comment-connecter-une-oreillette-bluetooth-a-la-xbox-one-guide-rapide-et-facile\/\" target=\"_blank\" rel=\"noreferrer noopener\">Xbox One<\/a> et la <a href=\"https:\/\/culturasonora.es\/fr\/blog\/comment-connecter-des-ecouteurs-bluetooth-a-la-tv-lg-guide-concis-avec-toutes-les-etapes-necessaires\/\" target=\"_blank\" rel=\"noreferrer noopener\">TV LG<\/a>.  <\/p>    <p>Vous pouvez aussi obtenir des informations sur <a href=\"https:\/\/culturasonora.es\/fr\/blog\/casques-decoute-bluetooth-comment-fonctionnent-ils-tout-ce-que-tu-dois-savoir-sur-les-casques-sans-fil\/\" target=\"_blank\" rel=\"noreferrer noopener\">le fonctionnement des casques d&rsquo;\u00e9coute Bluetooth<\/a> et si vos <a href=\"https:\/\/culturasonora.es\/fr\/blog\/pourquoi-mon-oreillette-bluetooth-ne-se-connecte-t-elle-pas-depanne-les-eventuels-problemes-de-synchronisation\/\" target=\"_blank\">oreillettes Bluetooth ne se connectent pas<\/a>.<\/p>    <figure class=\"wp-block-embed is-type-video is-provider-youtube wp-block-embed-youtube wp-embed-aspect-16-9 wp-has-aspect-ratio\"><div class=\"wp-block-embed__wrapper\"> <iframe loading=\"lazy\" title=\"How Bluetooth Works\" width=\"500\" height=\"281\" src=\"https:\/\/www.youtube.com\/embed\/jzxZUJmOu3o?feature=oembed\" frameborder=\"0\" allow=\"accelerometer; autoplay; clipboard-write; encrypted-media; gyroscope; picture-in-picture; web-share\" referrerpolicy=\"strict-origin-when-cross-origin\" allowfullscreen><\/iframe> <\/div><\/figure>","protected":false},"excerpt":{"rendered":"<p>Article informatif sur la fa\u00e7on d&rsquo;\u00e9couter la radio avec des \u00e9couteurs Bluetooth. Nous te disons toutes les m\u00e9thodes que tu peux suivre avec n&rsquo;importe quel type de casque sans fil.<\/p>\n","protected":false},"author":11,"featured_media":64927,"parent":65276,"menu_order":0,"comment_status":"closed","ping_status":"closed","template":"views\/page-without-intro.php","meta":{"footnotes":""},"tags":[],"class_list":["post-64925","page","type-page","status-publish","has-post-thumbnail","hentry"],"acf":[],"_links":{"self":[{"href":"https:\/\/culturasonora.es\/fr\/wp-json\/wp\/v2\/pages\/64925","targetHints":{"allow":["GET"]}}],"collection":[{"href":"https:\/\/culturasonora.es\/fr\/wp-json\/wp\/v2\/pages"}],"about":[{"href":"https:\/\/culturasonora.es\/fr\/wp-json\/wp\/v2\/types\/page"}],"author":[{"embeddable":true,"href":"https:\/\/culturasonora.es\/fr\/wp-json\/wp\/v2\/users\/11"}],"replies":[{"embeddable":true,"href":"https:\/\/culturasonora.es\/fr\/wp-json\/wp\/v2\/comments?post=64925"}],"version-history":[{"count":0,"href":"https:\/\/culturasonora.es\/fr\/wp-json\/wp\/v2\/pages\/64925\/revisions"}],"up":[{"embeddable":true,"href":"https:\/\/culturasonora.es\/fr\/wp-json\/wp\/v2\/pages\/65276"}],"wp:featuredmedia":[{"embeddable":true,"href":"https:\/\/culturasonora.es\/fr\/wp-json\/wp\/v2\/media\/64927"}],"wp:attachment":[{"href":"https:\/\/culturasonora.es\/fr\/wp-json\/wp\/v2\/media?parent=64925"}],"wp:term":[{"taxonomy":"post_tag","embeddable":true,"href":"https:\/\/culturasonora.es\/fr\/wp-json\/wp\/v2\/tags?post=64925"}],"curies":[{"name":"wp","href":"https:\/\/api.w.org\/{rel}","templated":true}]}}