{"id":64929,"date":"2021-05-06T01:52:03","date_gmt":"2021-05-06T01:52:03","guid":{"rendered":"https:\/\/culturasonora.es\/comment-connecter-deux-enceintes-bluetooth-en-meme-temps-guide-simple-avec-toutes-les-options\/"},"modified":"2024-11-19T10:19:50","modified_gmt":"2024-11-19T10:19:50","slug":"comment-connecter-deux-enceintes-bluetooth-en-meme-temps-guide-simple-avec-toutes-les-options","status":"publish","type":"page","link":"https:\/\/culturasonora.es\/fr\/blog\/comment-connecter-deux-enceintes-bluetooth-en-meme-temps-guide-simple-avec-toutes-les-options\/","title":{"rendered":"Comment connecter deux enceintes bluetooth en m\u00eame temps ? Guide simple avec toutes les options"},"content":{"rendered":"<div class=\"wp-block-image\"> <figure class=\"aligncenter size-large\"><img decoding=\"async\" width=\"1024\" height=\"576\" src=\"https:\/\/culturasonora.es\/wp-content\/uploads\/2021\/05\/bluetooth-pc-2-cultura-1024x576.jpg\" alt=\"comment connecter deux enceintes bluetooth en m\u00eame temps\" class=\"wp-image-44818\" srcset=\"https:\/\/culturasonora.es\/wp-content\/uploads\/2021\/05\/bluetooth-pc-2-cultura-1024x576.jpg 1024w, https:\/\/culturasonora.es\/wp-content\/uploads\/2021\/05\/bluetooth-pc-2-cultura-300x169.jpg 300w, https:\/\/culturasonora.es\/wp-content\/uploads\/2021\/05\/bluetooth-pc-2-cultura-768x432.jpg 768w, https:\/\/culturasonora.es\/wp-content\/uploads\/2021\/05\/bluetooth-pc-2-cultura.jpg 1200w\" sizes=\"(max-width: 1024px) 100vw, 1024px\" \/><\/figure><\/div>   <p>Les enceintes Bluetooth ont domin\u00e9 le march\u00e9 ces derni\u00e8res ann\u00e9es. Toutes les grandes marques lancent p\u00e9riodiquement de nouveaux mod\u00e8les pour r\u00e9pondre \u00e0 toutes sortes de besoins.  <\/p>    <p>Ils vous permettent d&rsquo;\u00e9couter votre musique pr\u00e9f\u00e9r\u00e9e partout, offrent un son \u00e9tonnamment bon pour leur taille, et sont tout \u00e0 fait abordables.<\/p>    <p>Cela dit, parfois une seule enceinte ne suffit pas pour obtenir le son puissant ou st\u00e9r\u00e9o que vous voulez.  <strong>Comment alors connecter deux enceintes Bluetooth en m\u00eame temps ?<\/strong> <\/p>    <p>Dans ce guide, nous expliquons toutes les options dont vous disposez pour coupler deux enceintes Bluetooth simultan\u00e9ment, que ce soit avec une application ou avec une paire de mod\u00e8les de la m\u00eame marque.<\/p>    <h2 class=\"wp-block-heading\">Pourquoi connecter deux enceintes Bluetooth en m\u00eame temps ?<\/h2>    <p><strong>Il y a diff\u00e9rentes raisons de connecter 2 enceintes bluetooth<\/strong>. Parmi eux :<\/p>    <ol class=\"wp-block-list\"> <li>Vous n&rsquo;avez pas l&rsquo;espace n\u00e9cessaire pour installer deux tours de son ou une grande cha\u00eene st\u00e9r\u00e9o.<\/li>    <li>Ils sont faciles \u00e0 installer et \u00e0 utiliser.<\/li>    <li>Vous voulez un son plus puissant et plus large.<\/li>    <li>Vous voulez \u00e9couter votre musique pr\u00e9f\u00e9r\u00e9e en mode st\u00e9r\u00e9o.<\/li> <\/ol>    <p>Connecter deux haut-parleurs Bluetooth en m\u00eame temps vous permet de profiter d&rsquo;un son plus large et plus riche, et am\u00e9liore le plaisir de l&rsquo;exp\u00e9rience musicale.  <\/p>    <p>Cela dit, vous devez commencer par choisir des <a href=\"https:\/\/culturasonora.es\/altavoces\/mejores-altavoces-bluetooth\/\" target=\"_blank\" rel=\"noreferrer noopener\">enceintes Bluetooth<\/a> de qualit\u00e9. Vous pouvez connecter plusieurs mauvaises enceintes Bluetooth, et la qualit\u00e9 du son ne s&rsquo;am\u00e9liorera jamais.<\/p>    <figure class=\"wp-block-image size-large is-resized\"><img decoding=\"async\" width=\"1000\" height=\"563\" src=\"https:\/\/culturasonora.es\/wp-content\/uploads\/2021\/05\/conectar-2-cultura.jpg\" alt=\"comment connecter deux enceintes bluetooth en m\u00eame temps\" class=\"wp-image-44819\" style=\"width:798px;height:535px\" srcset=\"https:\/\/culturasonora.es\/wp-content\/uploads\/2021\/05\/conectar-2-cultura.jpg 1000w, https:\/\/culturasonora.es\/wp-content\/uploads\/2021\/05\/conectar-2-cultura-300x169.jpg 300w, https:\/\/culturasonora.es\/wp-content\/uploads\/2021\/05\/conectar-2-cultura-768x432.jpg 768w\" sizes=\"(max-width: 1000px) 100vw, 1000px\" \/><\/figure>    <h2 class=\"wp-block-heading\">Comment connecter deux enceintes Bluetooth en m\u00eame temps au m\u00eame appareil ?<\/h2>    <p>Si vous voulez connecter deux appareils Bluetooth en m\u00eame temps \u00e0 votre t\u00e9l\u00e9phone ou votre tablette, vous devez vous procurer deux mod\u00e8les de la m\u00eame marque, comme JBL, Ultimate Ears, Bose ou Harman Kardon.  <\/p>    <p>Vous pouvez trouver des hacks en ligne pour connecter des enceintes de diff\u00e9rentes marques, mais le succ\u00e8s de cette op\u00e9ration d\u00e9pend du syst\u00e8me d&rsquo;exploitation de votre appareil. De plus, c&rsquo;est compliqu\u00e9.<\/p>    <p>Cela dit, l&rsquo;appairage des enceintes Bluetooth est g\u00e9n\u00e9ralement tr\u00e8s simple. Comment puis-je connecter deux enceintes JBL ou autres enceintes Bluetooth ? Suivez ces \u00e9tapes simples :<\/p>    <ol class=\"wp-block-list\"> <li>Allumez les enceintes.<\/li>    <li>Appuyez sur le bouton de connectivit\u00e9 Bluetooth du haut-parleur et attendez qu&rsquo;il s&rsquo;apparie avec votre appareil.<\/li>    <li>Dans certains cas, il est n\u00e9cessaire de naviguer dans le menu Bluetooth de votre t\u00e9l\u00e9phone et de vous connecter manuellement. Certains syst\u00e8mes vous demanderont aussi d&rsquo;effectuer le processus via une application.<\/li> <\/ol>    <h2 class=\"wp-block-heading\">Connectez 2 haut-parleurs Bluetooth pour obtenir un son st\u00e9r\u00e9o<\/h2>    <p>Certaines enceintes, comme UE ou JBL, vous permettent de synchroniser deux mod\u00e8les compatibles simultan\u00e9ment.  <\/p>    <p>Avec cette fonction, chaque enceinte est charg\u00e9e de diffuser la m\u00eame musique, mais sur le canal gauche ou droit. Si vous avez d\u00e9j\u00e0 deux enceintes de la m\u00eame marque, il vous suffit de v\u00e9rifier la technologie de synchronisation st\u00e9r\u00e9o qu&rsquo;elles utilisent, comme JBL Connect Plus ou PartyBox, par exemple.<\/p>    <h2 class=\"wp-block-heading\">Comment connecter deux enceintes Bluetooth en m\u00eame temps avec l&rsquo;application AmpMe ?<\/h2>    <p>Application pour connecter deux enceintes Bluetooth ?  <\/p>    <p><strong>Si vous voulez connecter deux enceintes Bluetooth de marques diff\u00e9rentes, vous n&rsquo;avez qu&rsquo;une seule option : t\u00e9l\u00e9charger une application comme Ampme<\/strong>.<\/p>    <p>Cette application vous permet de connecter 2 enceintes Bluetooth en m\u00eame temps, ou plusieurs appareils, pour \u00e9couter la m\u00eame musique. Cependant, vous avez besoin de plusieurs smartphones pour que cela fonctionne. Sa fonction est de synchroniser diff\u00e9rents t\u00e9l\u00e9phones, pour que vous puissiez profiter de la m\u00eame chanson avec tous les participants \u00e0 une r\u00e9union.<\/p>    <p>Il existe diff\u00e9rentes applications pour connecter plusieurs enceintes via Bluetooth, comme celles de Bose ou Ultimate Ears. Cela dit, AmpMe est l&rsquo;application de connexion d&rsquo;enceintes Bluetooth la plus polyvalente, car vous pouvez effectuer le processus avec des enceintes de n&rsquo;importe quelle marque.  <\/p>    <p>Avec l&rsquo;application, vous pouvez synchroniser plusieurs t\u00e9l\u00e9phones et enceintes pour \u00e9couter la m\u00eame musique \u00e0 partir de n&rsquo;importe quel service de streaming en ligne, comme Spotify ou YouTube. Il vous permet aussi de jouer depuis la m\u00e9moire de n&rsquo;importe quel appareil mobile.<\/p>    <p><strong>Les utilisateurs peuvent cr\u00e9er ou rejoindre des \u00ab\u00a0f\u00eates\u00a0\u00bb<\/strong>. La personne qui cr\u00e9e la f\u00eate ou la r\u00e9union contr\u00f4le la musique, mais les autres utilisateurs peuvent envoyer des chansons en utilisant la fonction de chat.<\/p>    <p>L&rsquo;h\u00f4te a \u00e9galement la possibilit\u00e9 d&rsquo;activer le mode DJ invit\u00e9, pour permettre aux autres d&rsquo;ajouter des morceaux \u00e0 la liste de lecture. Il est id\u00e9al pour jumeler deux enceintes Bluetooth.<\/p>    <p>Utiliser AmpMe est tr\u00e8s simple. Apr\u00e8s avoir t\u00e9l\u00e9charg\u00e9 l&rsquo;application, connectez-vous \u00e0 partir de vos comptes Google ou Facebook. Pour lancer une f\u00eate, il vous suffit de suivre les \u00e9tapes suivantes :<\/p>    <ol class=\"wp-block-list\"> <li>Appuyez sur l&rsquo;ic\u00f4ne Plus (+).<\/li>    <li>S\u00e9lectionnez le service, comme Spotify ou YoutTube.<\/li>    <li>Appuyez sur \u00ab\u00a0Connexion\u00a0\u00bb.<\/li>    <li>Connectez-vous \u00e0 votre compte.<\/li>    <li>Choisissez ou cr\u00e9ez une liste de lecture.<\/li> <\/ol>    <figure class=\"wp-block-image size-large\"><img decoding=\"async\" width=\"1000\" height=\"518\" src=\"https:\/\/culturasonora.es\/wp-content\/uploads\/2021\/05\/dual-audio-cultura.jpg\" alt=\"Connecte deux enceintes Bluetooth en m\u00eame temps\" class=\"wp-image-44821\" srcset=\"https:\/\/culturasonora.es\/wp-content\/uploads\/2021\/05\/dual-audio-cultura.jpg 1000w, https:\/\/culturasonora.es\/wp-content\/uploads\/2021\/05\/dual-audio-cultura-300x155.jpg 300w, https:\/\/culturasonora.es\/wp-content\/uploads\/2021\/05\/dual-audio-cultura-768x398.jpg 768w\" sizes=\"(max-width: 1000px) 100vw, 1000px\" \/><\/figure>    <h2 class=\"wp-block-heading\">Synchronisation de plusieurs appareils Bluetooth avec Samsung et Apple<\/h2>    <p>Avec les applications de JBL, Bose ou Ultimate Ears, vous pouvez connecter deux enceintes Bluetooth en m\u00eame temps, mais seulement des mod\u00e8les particuliers des marques respectives.  <\/p>    <p>Nous vous recommandons de v\u00e9rifier les mod\u00e8les compatibles sur les pages d&rsquo;applications trouv\u00e9es sur Google Play ou l&rsquo;App Store. D&rsquo;autre part, vous avez aussi d&rsquo;autres options, si vous poss\u00e8dez un t\u00e9l\u00e9phone Samsung ou des enceintes HomePod d&rsquo;Apple.<\/p>    <h2 class=\"wp-block-heading\">Comment connecter plusieurs enceintes Bluetooth \u00e0 l&rsquo;aide de Samsung Dual Audio ?<\/h2>    <p><strong>Si vous avez un Samsung Galaxy S8, S+ ou un mod\u00e8le plus r\u00e9cent, vous pouvez profiter de la fonction Bluetooth Dual Audio pour coupler deux enceintes Bluetooth.<\/strong> <\/p>    <p>Cette technologie prend en charge presque tous les mod\u00e8les d&rsquo;enceintes ou de casques sans fil. Pour activer la fonction, suivez les \u00e9tapes suivantes :<\/p>    <ol class=\"wp-block-list\"> <li>Naviguez jusqu&rsquo;\u00e0 Param\u00e8tres, Connexions et Bluetooth.<\/li>    <li>Cliquez sur avanc\u00e9 ou sur l&rsquo;ic\u00f4ne du menu (trois points verticaux).<\/li>    <li>Allumez l&rsquo;interrupteur Dual Audio.<\/li>    <li>Pour utiliser le Dual Audio, associez votre t\u00e9l\u00e9phone \u00e0 deux haut-parleurs, deux \u00e9couteurs ou un de chacun, et l&rsquo;audio sera lu sur les deux appareils.<\/li> <\/ol>    <h2 class=\"wp-block-heading\">Paire de st\u00e9r\u00e9o HomePod<\/h2>    <p>Apple propose une fonction tr\u00e8s similaire \u00e0 la fonction Dual Audio de Samsung pour connecter deux enceintes Bluetooth iPhone. Elle s&rsquo;appelle <strong>HomePod Stereo Pair, et vous permet de synchroniser un iPhone ou un Mac avec deux haut-parleurs intelligents HomePod<\/strong>.<\/p>    <p>Lorsque vous installez un HomePod \u00e0 c\u00f4t\u00e9 d&rsquo;un autre dans la m\u00eame pi\u00e8ce, vous pouvez les synchroniser ensemble pour obtenir un son st\u00e9r\u00e9o. Il est aussi possible de se connecter \u00e0 l&rsquo;application Home depuis un iPhone, un iPad, un iPod Touch ou un Mac. Voici les \u00e9tapes \u00e0 suivre pour ce faire :<\/p>    <ol class=\"wp-block-list\"> <li>Ouvrez l&rsquo;application Home, double-cliquez ou appuyez deux fois sur HomePod et maintenez-le enfonc\u00e9, puis cliquez sur Param\u00e8tres.<\/li>    <li>S\u00e9lectionnez un deuxi\u00e8me HomePod.<\/li>    <li>Vous verrez deux ic\u00f4nes HomePod dans l&rsquo;application. S\u00e9lectionnz l&rsquo;un d&rsquo;entre eux pour envoyer le son vers le canal droit ou gauche.<\/li>    <li>Choisissez le retour et c&rsquo;est fait !<\/li> <\/ol>    <p>Nous esp\u00e9rons que ces informations vous aideront, et que vous n&rsquo;avez plus besoin de demander comment connecter deux enceintes Bluetooth en m\u00eame temps. Vous avez plusieurs options, bien que le plus simple serait d&rsquo;acheter deux mod\u00e8les de la m\u00eame marque.  <\/p>      <figure class=\"wp-block-embed is-type-video is-provider-youtube wp-block-embed-youtube wp-embed-aspect-16-9 wp-has-aspect-ratio\"><div class=\"wp-block-embed__wrapper\"> https:\/\/www.youtube.com\/watch?v=zZmz8oSn8uA <\/div><\/figure>","protected":false},"excerpt":{"rendered":"<p>Article informatif sur la fa\u00e7on de connecter deux enceintes bluetooth en m\u00eame temps. Guide complet avec des \u00e9tapes faciles pour connecter tes enceintes sans fil simultan\u00e9ment<\/p>\n","protected":false},"author":11,"featured_media":64931,"parent":65276,"menu_order":0,"comment_status":"closed","ping_status":"closed","template":"views\/page-without-intro.php","meta":{"footnotes":""},"tags":[],"class_list":["post-64929","page","type-page","status-publish","has-post-thumbnail","hentry"],"acf":[],"_links":{"self":[{"href":"https:\/\/culturasonora.es\/fr\/wp-json\/wp\/v2\/pages\/64929","targetHints":{"allow":["GET"]}}],"collection":[{"href":"https:\/\/culturasonora.es\/fr\/wp-json\/wp\/v2\/pages"}],"about":[{"href":"https:\/\/culturasonora.es\/fr\/wp-json\/wp\/v2\/types\/page"}],"author":[{"embeddable":true,"href":"https:\/\/culturasonora.es\/fr\/wp-json\/wp\/v2\/users\/11"}],"replies":[{"embeddable":true,"href":"https:\/\/culturasonora.es\/fr\/wp-json\/wp\/v2\/comments?post=64929"}],"version-history":[{"count":0,"href":"https:\/\/culturasonora.es\/fr\/wp-json\/wp\/v2\/pages\/64929\/revisions"}],"up":[{"embeddable":true,"href":"https:\/\/culturasonora.es\/fr\/wp-json\/wp\/v2\/pages\/65276"}],"wp:featuredmedia":[{"embeddable":true,"href":"https:\/\/culturasonora.es\/fr\/wp-json\/wp\/v2\/media\/64931"}],"wp:attachment":[{"href":"https:\/\/culturasonora.es\/fr\/wp-json\/wp\/v2\/media?parent=64929"}],"wp:term":[{"taxonomy":"post_tag","embeddable":true,"href":"https:\/\/culturasonora.es\/fr\/wp-json\/wp\/v2\/tags?post=64929"}],"curies":[{"name":"wp","href":"https:\/\/api.w.org\/{rel}","templated":true}]}}