{"id":64932,"date":"2021-05-02T03:40:13","date_gmt":"2021-05-02T03:40:13","guid":{"rendered":"https:\/\/culturasonora.es\/comment-connecter-une-oreillette-bluetooth-a-la-xbox-one-guide-rapide-et-facile\/"},"modified":"2024-11-19T11:56:19","modified_gmt":"2024-11-19T11:56:19","slug":"comment-connecter-une-oreillette-bluetooth-a-la-xbox-one-guide-rapide-et-facile","status":"publish","type":"page","link":"https:\/\/culturasonora.es\/fr\/blog\/comment-connecter-une-oreillette-bluetooth-a-la-xbox-one-guide-rapide-et-facile\/","title":{"rendered":"Comment connecter une oreillette Bluetooth \u00e0 la Xbox One ? Guide rapide et facile"},"content":{"rendered":"<div class=\"wp-block-image\"> <figure class=\"aligncenter size-large\"><img decoding=\"async\" width=\"1024\" height=\"576\" src=\"https:\/\/culturasonora.es\/wp-content\/uploads\/2021\/04\/Xbox-portada-cultura-1024x576.jpg\" alt=\"comment connecter des \u00e9couteurs Bluetooth \u00e0 la box One\" class=\"wp-image-44724\" srcset=\"https:\/\/culturasonora.es\/wp-content\/uploads\/2021\/04\/Xbox-portada-cultura-1024x576.jpg 1024w, https:\/\/culturasonora.es\/wp-content\/uploads\/2021\/04\/Xbox-portada-cultura-300x169.jpg 300w, https:\/\/culturasonora.es\/wp-content\/uploads\/2021\/04\/Xbox-portada-cultura-768x432.jpg 768w, https:\/\/culturasonora.es\/wp-content\/uploads\/2021\/04\/Xbox-portada-cultura.jpg 1200w\" sizes=\"(max-width: 1024px) 100vw, 1024px\" \/><\/figure><\/div>   <p>Les \u00e9couteurs sont un accessoire indispensable pour les jeux. Ils permettent au joueur de profiter d&rsquo;un son de qualit\u00e9 sup\u00e9rieure et de discuter en jeu avec ses amis. Avec l&rsquo;avanc\u00e9e de la technologie, les casques sans fil sont devenus le meilleur choix pour les joueurs. Ils te lib\u00e8rent de l&rsquo;encombrement des c\u00e2bles et facilitent les d\u00e9placements.  <strong>Connecter une oreillette Bluetooth \u00e0 la Xbox One est une nouvelle exp\u00e9rience tr\u00e8s satisfaisante.<\/strong><\/p>    <p>La Xbox est l&rsquo;une des consoles les plus populaires du march\u00e9, mais connecter des casques Bluetooth \u00e0 la Xbox One n&rsquo;est pas si simple. Cependant, gr\u00e2ce \u00e0 ce guide, tu pourras connecter la plupart des casques sans fil sans aucun probl\u00e8me.<\/p>    <h2 class=\"wp-block-heading\">Peux-tu connecter des \u00e9couteurs Bluetooth \u00e0 la Xbox One ?<\/h2>    <p>\u00c0 premi\u00e8re vue, il semble que tu ne puisses pas connecter Bluetooth \u00e0 la Xbox One. La console dispose d&rsquo;un port USB, mais ne prend pas en charge la connexion Bluetooth. Cependant, avant d&rsquo;investir dans un autre casque, nous te recommandons de lire nos conseils, car tu pourras obtenir une solution pour connecter les casques Bluetooth \u00e0 la Xbox One.<br><\/p>    <h2 class=\"wp-block-heading\">La Xbox One int\u00e8gre-t-elle le Bluetooth ?<\/h2>    <p><strong>La console Xbox One ne poss\u00e8de pas la technologie Bluetooth<\/strong>, tu ne peux donc pas connecter directement une oreillette Xbox One Bluetooth. C&rsquo;est surprenant car Bluetooth est incroyablement populaire, m\u00eame sur d&rsquo;autres consoles de jeu. La Xbox One<strong> utilise la technologie Microsoft Xbox Wireless<\/strong> qui permet une connectivit\u00e9 sans fil entre diff\u00e9rents joueurs Xbox.<\/p>    <p><br>Il semble qu&rsquo;il ne soit pas possible de les jumeler avec une oreillette Bluetooth. Cela dit, si tu as un casque sans fil et que tu veux le connecter \u00e0 la console, tu peux le faire avec une solution simple.<\/p>    <figure class=\"wp-block-image size-large\"><img decoding=\"async\" width=\"1000\" height=\"563\" src=\"https:\/\/culturasonora.es\/wp-content\/uploads\/2021\/04\/cascos-Bluetooth-Xbox-Cultura.jpg\" alt=\"Connecte une oreillette Bluetooth \u00e0 la Xbox One\" class=\"wp-image-44725\" srcset=\"https:\/\/culturasonora.es\/wp-content\/uploads\/2021\/04\/cascos-Bluetooth-Xbox-Cultura.jpg 1000w, https:\/\/culturasonora.es\/wp-content\/uploads\/2021\/04\/cascos-Bluetooth-Xbox-Cultura-300x169.jpg 300w, https:\/\/culturasonora.es\/wp-content\/uploads\/2021\/04\/cascos-Bluetooth-Xbox-Cultura-768x432.jpg 768w\" sizes=\"(max-width: 1000px) 100vw, 1000px\" \/><\/figure>    <h2 class=\"wp-block-heading\">Casque compatible Xbox One<\/h2>    <p>Si tu cherches \u00e0 connecter une oreillette Bluetooth \u00e0 la Xbox, tu dois acheter une oreillette qui peut se connecter au syst\u00e8me Xbox Wireless. Ces mod\u00e8les ne sont pas les plus courants sur le march\u00e9, mais il existe d&rsquo;excellents mod\u00e8les dans toutes les gammes de prix. Les casques Xbox One sont sp\u00e9cialement con\u00e7us pour la console. Ils ne sont pas aussi polyvalents, mais ils constituent le meilleur choix si tu joues avec du mat\u00e9riel Microsoft.<\/p>    <p>Les <strong>casques Xbox ont tendance \u00e0 \u00eatre un peu plus chers, mais ils peuvent te donner une excellente qualit\u00e9 sonore<\/strong>. De plus, ils sont tr\u00e8s faciles \u00e0 connecter \u00e0 l&rsquo;\u00e9quipement. Nous te recommandons de consulter notre comparatif des meilleurs casques de jeu pour conna\u00eetre les meilleures options du march\u00e9.<\/p>    <h2 class=\"wp-block-heading\">Comment connecter une oreillette Bluetooth \u00e0 la Xbox One en utilisant la manette ?<\/h2>    <p>Pour tous ceux qui poss\u00e8dent une paire de <a href=\"https:\/\/culturasonora.es\/fr\/casques\/bluetooth\/\" target=\"_blank\" rel=\"noreferrer noopener\">casques Bluetooth<\/a>, ou pour ceux qui n&rsquo;ont pas le budget pour acheter un casque con\u00e7u pour la console, il existe une option pour connecter le casque \u00e0 la manette Xbox. Il est important de noter que<strong> pour les synchroniser, tu dois \u00e9tablir la connexion via le contr\u00f4leur<\/strong>.<\/p>    <p>Pour connecter une oreillette Bluetooth \u00e0 la Xbox <strong>, tu dois acheter un \u00e9metteur Bluetooth \u00e0 connecter au port 3,5 mm de la manette<\/strong>. Certains contr\u00f4leurs n&rsquo;ont pas de prise audio de 3,5 mm. Si c&rsquo;est ton cas, tu dois acheter une commande suppl\u00e9mentaire qui int\u00e8gre ce port.<\/p>    <p>Une fois que tu as connect\u00e9 l&rsquo;\u00e9metteur Bluetooth, il te suffit d&rsquo;appuyer sur le bouton d&rsquo;appairage et de connecter la Xbox One Bluetooth. Ce processus semble compliqu\u00e9, mais il est tr\u00e8s facile et te permet de profiter d&rsquo;une excellente qualit\u00e9 audio sans fil. Les transmetteurs USB Bluetooth sont tr\u00e8s bon march\u00e9 et petits, donc ils ne g\u00eanent pas.<\/p>    <p>Voici un guide \u00e9tape par \u00e9tape pour connecter un casque Bluetooth \u00e0 la Xbox X ou \u00e0 la One Series :<\/p>    <ul class=\"wp-block-list\"> <li>V\u00e9rifie que la manette de ta console int\u00e8gre un port 3.5mm. Si ce n&rsquo;est pas le cas, tu dois acheter un adaptateur qui se connecte au port MicroSoft. Cet adaptateur poss\u00e8de la fiche de 3,5 mm dont tu as besoin pour connecter une oreillette Bluetooth \u00e0 ta Xbox.<\/li>    <li>Branche l&rsquo;\u00e9metteur Bluetooth sur le port 3.5mm.<\/li>    <li>Appuie sur le bouton de synchronisation et connecte ton casque avec la manette Xbox.<\/li>    <li>Tu es maintenant pr\u00eat \u00e0 profiter de l&rsquo;audio de ta console sans fil.<\/li> <\/ul>    <figure class=\"wp-block-image size-large\"><img decoding=\"async\" width=\"720\" height=\"481\" src=\"https:\/\/culturasonora.es\/wp-content\/uploads\/2021\/04\/como-conectar-a-Xbox-portada-cultura.jpg\" alt=\"comment connecter une oreillette Bluetooth \u00e0 la Xbox One\" class=\"wp-image-44726\" srcset=\"https:\/\/culturasonora.es\/wp-content\/uploads\/2021\/04\/como-conectar-a-Xbox-portada-cultura.jpg 720w, https:\/\/culturasonora.es\/wp-content\/uploads\/2021\/04\/como-conectar-a-Xbox-portada-cultura-300x200.jpg 300w\" sizes=\"(max-width: 720px) 100vw, 720px\" \/><\/figure>    <h2 class=\"wp-block-heading\">Puis-je chatter dans les jeux Xbox One avec une oreillette Bluetooth ?<\/h2>    <p>Malheureusement, <strong>lorsque tu connectes un casque Bluetooth Xbox One, tu ne pourras profiter que de l&rsquo;audio<\/strong>. Le micro ne fonctionne pas pour le chat. Il est possible d&rsquo;activer la fonction de conversation avec la connectivit\u00e9 Bluetooth, mais tu devras te procurer un \u00e9metteur Bluetooth sp\u00e9cial pour pouvoir utiliser la fonction et ils sont un peu chers.<\/p>    <p>Nous esp\u00e9rons avoir r\u00e9pondu \u00e0 la question Comment connecter un casque \u00e0 la Xbox One ? Nous te recommandons de consulter notre page si tu veux obtenir des informations sur les oreillettes Bluetooth. Par exemple, nos guides sur la fa\u00e7on de connecter des casques Bluetooth \u00e0 un PC ou sur la fa\u00e7on de connecter des casques Bluetooth \u00e0 une PS4.<\/p>    <figure class=\"wp-block-embed is-type-video is-provider-youtube wp-block-embed-youtube wp-embed-aspect-16-9 wp-has-aspect-ratio\"><div class=\"wp-block-embed__wrapper\"> <iframe loading=\"lazy\" title=\"Xbox One S\" width=\"500\" height=\"281\" src=\"https:\/\/www.youtube.com\/embed\/XuTwtOo88r8?feature=oembed\" frameborder=\"0\" allow=\"accelerometer; autoplay; clipboard-write; encrypted-media; gyroscope; picture-in-picture; web-share\" referrerpolicy=\"strict-origin-when-cross-origin\" allowfullscreen><\/iframe> <\/div><\/figure>","protected":false},"excerpt":{"rendered":"<p>Article informatif sur la fa\u00e7on de connecter une oreillette Bluetooth \u00e0 la Xbox One. Guide complet avec des \u00e9tapes faciles pour connecter ton casque sans fil \u00e0 ta console pr\u00e9f\u00e9r\u00e9e&#8230;.<\/p>\n","protected":false},"author":11,"featured_media":64934,"parent":65276,"menu_order":0,"comment_status":"closed","ping_status":"closed","template":"views\/page-without-intro.php","meta":{"footnotes":""},"tags":[],"class_list":["post-64932","page","type-page","status-publish","has-post-thumbnail","hentry"],"acf":[],"_links":{"self":[{"href":"https:\/\/culturasonora.es\/fr\/wp-json\/wp\/v2\/pages\/64932","targetHints":{"allow":["GET"]}}],"collection":[{"href":"https:\/\/culturasonora.es\/fr\/wp-json\/wp\/v2\/pages"}],"about":[{"href":"https:\/\/culturasonora.es\/fr\/wp-json\/wp\/v2\/types\/page"}],"author":[{"embeddable":true,"href":"https:\/\/culturasonora.es\/fr\/wp-json\/wp\/v2\/users\/11"}],"replies":[{"embeddable":true,"href":"https:\/\/culturasonora.es\/fr\/wp-json\/wp\/v2\/comments?post=64932"}],"version-history":[{"count":0,"href":"https:\/\/culturasonora.es\/fr\/wp-json\/wp\/v2\/pages\/64932\/revisions"}],"up":[{"embeddable":true,"href":"https:\/\/culturasonora.es\/fr\/wp-json\/wp\/v2\/pages\/65276"}],"wp:featuredmedia":[{"embeddable":true,"href":"https:\/\/culturasonora.es\/fr\/wp-json\/wp\/v2\/media\/64934"}],"wp:attachment":[{"href":"https:\/\/culturasonora.es\/fr\/wp-json\/wp\/v2\/media?parent=64932"}],"wp:term":[{"taxonomy":"post_tag","embeddable":true,"href":"https:\/\/culturasonora.es\/fr\/wp-json\/wp\/v2\/tags?post=64932"}],"curies":[{"name":"wp","href":"https:\/\/api.w.org\/{rel}","templated":true}]}}