{"id":64953,"date":"2021-05-24T03:03:23","date_gmt":"2021-05-24T03:03:23","guid":{"rendered":"https:\/\/culturasonora.es\/comment-connecter-la-barre-de-son-a-la-tele-via-hdmi-un-guide-complet-et-simple\/"},"modified":"2024-11-19T10:18:51","modified_gmt":"2024-11-19T10:18:51","slug":"comment-connecter-la-barre-de-son-a-la-tele-via-hdmi-un-guide-complet-et-simple","status":"publish","type":"page","link":"https:\/\/culturasonora.es\/fr\/blog\/comment-connecter-la-barre-de-son-a-la-tele-via-hdmi-un-guide-complet-et-simple\/","title":{"rendered":"Comment connecter la barre de son \u00e0 la t\u00e9l\u00e9 via HDMI ? Un guide complet et simple"},"content":{"rendered":"<div class=\"wp-block-image\"> <figure class=\"aligncenter size-large\"><img decoding=\"async\" width=\"1000\" height=\"563\" src=\"https:\/\/culturasonora.es\/wp-content\/uploads\/2021\/05\/barra-hdmi-cultura.jpg\" alt=\"Connecte la barre de son \u00e0 la t\u00e9l\u00e9vision par hdmi\" class=\"wp-image-44978\" srcset=\"https:\/\/culturasonora.es\/wp-content\/uploads\/2021\/05\/barra-hdmi-cultura.jpg 1000w, https:\/\/culturasonora.es\/wp-content\/uploads\/2021\/05\/barra-hdmi-cultura-300x169.jpg 300w, https:\/\/culturasonora.es\/wp-content\/uploads\/2021\/05\/barra-hdmi-cultura-768x432.jpg 768w\" sizes=\"(max-width: 1000px) 100vw, 1000px\" \/><\/figure><\/div>   <p>Si vous voulez <strong>connecter la barre de son \u00e0 la t\u00e9l\u00e9vision via HDMI<\/strong>, cet article r\u00e9pondra \u00e0 toutes vos questions. Les meilleures barres de son sont tr\u00e8s faciles \u00e0 connecter \u00e0 votre t\u00e9l\u00e9vision.  <\/p>    <p>Ceci dit, ils int\u00e8grent de multiples ports et connexions qui peuvent vous d\u00e9router. C&rsquo;est pourquoi nous avons \u00e9labor\u00e9 ce guide avec toutes les informations dont vous avez besoin, pour commencer \u00e0 profiter d&rsquo;un son de meilleure qualit\u00e9.<\/p>    <h2 class=\"wp-block-heading\">Quelle est la meilleure fa\u00e7on de connecter une barre de son \u00e0 la t\u00e9l\u00e9vision ?<\/h2>    <p>La meilleure fa\u00e7on de connecter votre barre de son \u00e0 votre t\u00e9l\u00e9viseur est <strong>d&rsquo;utiliser l&rsquo;entr\u00e9e HDMI<\/strong>. Cette connexion peut traiter la technologie du son surround pour vous donner un son plus clair.  <\/p>    <p>Il est aussi tr\u00e8s facile \u00e0 utiliser et les c\u00e2bles sont les moins chers. Par cons\u00e9quent, si vous voulez l&rsquo;audio le plus clair, HDMI est le meilleur choix.<\/p>    <p>Pour profiter du contenu dans <strong>des formats tels que Dolby Digital, Dolby Atmos ou DTS:X, <\/strong>vous devez <strong>connecter la barre de son \u00e0 la t\u00e9l\u00e9vision via hdmi.<\/strong> <\/p>    <p>Cette connexion peut d\u00e9coder sans probl\u00e8me le son offert par ces technologies. Cela est d\u00fb au fait que les autres entr\u00e9es, num\u00e9riques ou analogiques, ne peuvent pas transmettre un son aussi clair ou net que la connexion HDMI ARC.<\/p>    <h3 class=\"wp-block-heading\">C\u00e2ble HDMI ARC pour la barre de son<\/h3>    <p>Si vous voulez connecter votre barre de son en utilisant HDMI, votre t\u00e9l\u00e9viseur doit prendre en charge HDMI ARC.  <\/p>    <p>La <strong>capacit\u00e9 ARC (Audio Return Channel) signifie que l&rsquo;audio peut voyager dans les deux sens le long du c\u00e2ble<\/strong>. Si votre t\u00e9l\u00e9viseur prend en charge les connexions ARC, vous pouvez connecter tous vos \u00e9quipements \u00e0 votre barre de son. Nous parlons ici des consoles de jeu, lecteurs Blu-ray, etc&#8230;<\/p>    <p>Ensuite, il vous suffit d&rsquo;utiliser un seul c\u00e2ble HDMI pour connecter la barre de son au t\u00e9l\u00e9viseur via HDMI.<\/p>    <p>Nous avons test\u00e9 avec plusieurs <a href=\"https:\/\/culturasonora.es\/barras-de-sonido\/\" target=\"_blank\" rel=\"noreferrer noopener\">barres de son<\/a>. Nous avons appr\u00e9ci\u00e9, \u00e0 chaque fois, le meilleur son en utilisant l&rsquo;entr\u00e9e HDMI. La deuxi\u00e8me meilleure option est le port optique num\u00e9rique. Ceci dit, si la barre poss\u00e8de un port HDMI compatible ARC, vous devriez opter pour celui-ci.<\/p>    <figure class=\"wp-block-image size-large\"><img decoding=\"async\" width=\"605\" height=\"333\" src=\"https:\/\/culturasonora.es\/wp-content\/uploads\/2021\/05\/HDMI-cultura.jpg\" alt=\"Connecte la barre de son \u00e0 la t\u00e9l\u00e9vision par hdmi\" class=\"wp-image-44976\" srcset=\"https:\/\/culturasonora.es\/wp-content\/uploads\/2021\/05\/HDMI-cultura.jpg 605w, https:\/\/culturasonora.es\/wp-content\/uploads\/2021\/05\/HDMI-cultura-300x165.jpg 300w\" sizes=\"(max-width: 605px) 100vw, 605px\" \/><\/figure>    <h2 class=\"wp-block-heading\">Comment connecter votre barre de son via HDMI ?<\/h2>      <p>Il y a deux m\u00e9thodes de connecter votre barre en utilisant HDMI. La premi\u00e8re est en connectant un appareil \u00e0 la barre (comme un lecteur Blu-ray), puis en connectant la barre au t\u00e9l\u00e9viseur. La seconde est en utilisant le port ARC.<\/p>    <p>Nous vous recommandons la premi\u00e8re option pour obtenir le meilleur son d&rsquo;une source externe, si vous utilisez r\u00e9guli\u00e8rement la source pour regarder des films ou jouer \u00e0 des jeux.  <\/p>    <p>La seconde m\u00e9thode (en utilisant ARC) est la meilleure option si vous n&rsquo;avez que le t\u00e9l\u00e9viseur et la barre de son. L&rsquo;utilisation d&rsquo;un c\u00e2ble de barre de son HDMI vous permet de profiter du meilleur son des applications de streaming en ligne comme Netflix ou Hulu. Pour connecter une barre de son \u00e0 un t\u00e9l\u00e9viseur via HDMI, il vous suffit de suivre les \u00e9tapes ci-dessous :<\/p>    <ol class=\"wp-block-list\"> <li>Assurez-vous que le t\u00e9l\u00e9viseur et la barre de son sont tous deux \u00e9teints. Ensuite, connectez une extr\u00e9mit\u00e9 du c\u00e2ble au port du t\u00e9l\u00e9viseur (souvenez-vous du num\u00e9ro de connexion) et l&rsquo;autre extr\u00e9mit\u00e9 \u00e0 la sortie HDMI de votre barre de son.<\/li>    <li>Connectez un deuxi\u00e8me c\u00e2ble HDMI de la sortie HDMI de votre console, ou de votre lecteur, \u00e0 une entr\u00e9e HDMI de votre barre de son.<\/li>    <li>Allumez l&rsquo;appareil et ensuite la barre, appuyez sur source ou fonction et passe \u00e0 HDMI.<\/li>    <li>Allumez le t\u00e9l\u00e9viseur et appuyez sur la source ou la fonction pour passer au port HDMI auquel vous avez connect\u00e9 la barre de son.<\/li>    <li>Vous allez maintenant voir l&rsquo;image diffus\u00e9e par l&rsquo;appareil sur votre t\u00e9l\u00e9viseur, et entendre le son de votre barre de son.<\/li> <\/ol>    <figure class=\"wp-block-image size-large\"><img decoding=\"async\" width=\"800\" height=\"376\" src=\"https:\/\/culturasonora.es\/wp-content\/uploads\/2021\/05\/barras-arc-cultura.jpg\" alt=\"comment connecter la barre de son \u00e0 la tv via hdmi\" class=\"wp-image-44979\" srcset=\"https:\/\/culturasonora.es\/wp-content\/uploads\/2021\/05\/barras-arc-cultura.jpg 800w, https:\/\/culturasonora.es\/wp-content\/uploads\/2021\/05\/barras-arc-cultura-300x141.jpg 300w, https:\/\/culturasonora.es\/wp-content\/uploads\/2021\/05\/barras-arc-cultura-768x361.jpg 768w\" sizes=\"(max-width: 800px) 100vw, 800px\" \/><\/figure>    <h3 class=\"wp-block-heading\">Connecter des barres de son en utilisant HDMI ARC<\/h3>    <p>Si vous n&rsquo;avez probablement jamais entendu parler d&rsquo;HDMI ARC auparavant,  est la meilleure fonction. Elle <strong>permet \u00e0 certains t\u00e9l\u00e9viseurs et barres de son de transf\u00e9rer l&rsquo;audio d&rsquo;un appareil \u00e0 un autre en utilisant un seul c\u00e2ble HDMI<\/strong>.  <\/p>    <p>En d&rsquo;autres termes, vous pouvez utiliser le port HDMI \u00e0 la fois comme sortie audio et comme entr\u00e9e audio. Le seul inconv\u00e9nient est que votre barre de son utilise un port sur lequel vous brancheriez normalement un appareil externe.<\/p>    <p>Pour connecter votre barre de son via HDMI ARC, allumez votre t\u00e9l\u00e9viseur et la barre de son. Ensuite, connectez une extr\u00e9mit\u00e9 du c\u00e2ble \u00e0 l&rsquo;entr\u00e9e HDMI ARC de votre t\u00e9l\u00e9viseur et l&rsquo;autre \u00e0 la sortie HDMI Out TV-ARC de votre barre de son.  <\/p>    <p>Apr\u00e8s quelques secondes, si votre barre a un \u00e9cran int\u00e9gr\u00e9, il affichera les mots TV ARC. Voil\u00e0, maintenant votre t\u00e9l\u00e9vision peut transf\u00e9rer l&rsquo;audio \u00e0 votre barre de son.<\/p>    <p>Nous esp\u00e9rons vous avoir aid\u00e9 \u00e0 r\u00e9pondre \u00e0 toutes vos questions sur la connexion de votre barre de son via le port HDMI.<\/p>      <figure class=\"wp-block-embed is-type-video is-provider-youtube wp-block-embed-youtube wp-embed-aspect-16-9 wp-has-aspect-ratio\"><div class=\"wp-block-embed__wrapper\"> <iframe loading=\"lazy\" title=\"Soundbar Setup - How to Connect a Soundbar to a TV with HDMI, HDMI ARC, Optical, Bluetooth, etc.)\" width=\"500\" height=\"281\" src=\"https:\/\/www.youtube.com\/embed\/kW1beEUiZGE?feature=oembed\" frameborder=\"0\" allow=\"accelerometer; autoplay; clipboard-write; encrypted-media; gyroscope; picture-in-picture; web-share\" referrerpolicy=\"strict-origin-when-cross-origin\" allowfullscreen><\/iframe> <\/div><\/figure>","protected":false},"excerpt":{"rendered":"<p>Article informatif sur la fa\u00e7on de connecter la barre de son \u00e0 la t\u00e9l\u00e9vision via hdmi. Guide complet avec des \u00e9tapes faciles pour connecter ta barre de son avec un c\u00e2ble HDMI&#8230;.<\/p>\n","protected":false},"author":11,"featured_media":64955,"parent":65276,"menu_order":0,"comment_status":"closed","ping_status":"closed","template":"views\/page-without-intro.php","meta":{"footnotes":""},"tags":[],"class_list":["post-64953","page","type-page","status-publish","has-post-thumbnail","hentry"],"acf":[],"_links":{"self":[{"href":"https:\/\/culturasonora.es\/fr\/wp-json\/wp\/v2\/pages\/64953","targetHints":{"allow":["GET"]}}],"collection":[{"href":"https:\/\/culturasonora.es\/fr\/wp-json\/wp\/v2\/pages"}],"about":[{"href":"https:\/\/culturasonora.es\/fr\/wp-json\/wp\/v2\/types\/page"}],"author":[{"embeddable":true,"href":"https:\/\/culturasonora.es\/fr\/wp-json\/wp\/v2\/users\/11"}],"replies":[{"embeddable":true,"href":"https:\/\/culturasonora.es\/fr\/wp-json\/wp\/v2\/comments?post=64953"}],"version-history":[{"count":0,"href":"https:\/\/culturasonora.es\/fr\/wp-json\/wp\/v2\/pages\/64953\/revisions"}],"up":[{"embeddable":true,"href":"https:\/\/culturasonora.es\/fr\/wp-json\/wp\/v2\/pages\/65276"}],"wp:featuredmedia":[{"embeddable":true,"href":"https:\/\/culturasonora.es\/fr\/wp-json\/wp\/v2\/media\/64955"}],"wp:attachment":[{"href":"https:\/\/culturasonora.es\/fr\/wp-json\/wp\/v2\/media?parent=64953"}],"wp:term":[{"taxonomy":"post_tag","embeddable":true,"href":"https:\/\/culturasonora.es\/fr\/wp-json\/wp\/v2\/tags?post=64953"}],"curies":[{"name":"wp","href":"https:\/\/api.w.org\/{rel}","templated":true}]}}