{"id":65171,"date":"2021-05-02T03:48:30","date_gmt":"2021-05-02T03:48:30","guid":{"rendered":"https:\/\/culturasonora.es\/pourquoi-mon-oreillette-bluetooth-ne-se-connecte-t-elle-pas-depanne-les-eventuels-problemes-de-synchronisation\/"},"modified":"2022-12-24T18:56:36","modified_gmt":"2022-12-24T18:56:36","slug":"pourquoi-mon-oreillette-bluetooth-ne-se-connecte-t-elle-pas-depanne-les-eventuels-problemes-de-synchronisation","status":"publish","type":"page","link":"https:\/\/culturasonora.es\/fr\/blog\/pourquoi-mon-oreillette-bluetooth-ne-se-connecte-t-elle-pas-depanne-les-eventuels-problemes-de-synchronisation\/","title":{"rendered":"Pourquoi mon oreillette Bluetooth ne se connecte-t-elle pas ? D\u00e9pannage des \u00e9ventuels probl\u00e8mes de synchronisation"},"content":{"rendered":"<div class=\"wp-block-image\"> <figure class=\"aligncenter size-large\"><img decoding=\"async\" width=\"1024\" height=\"576\" src=\"https:\/\/culturasonora.es\/wp-content\/uploads\/2021\/04\/usuario-de-cascos-cultura-1024x576.jpg\" alt=\"Mon oreillette Bluetooth ne se connecte pas\" class=\"wp-image-44680\" srcset=\"https:\/\/culturasonora.es\/wp-content\/uploads\/2021\/04\/usuario-de-cascos-cultura-1024x576.jpg 1024w, https:\/\/culturasonora.es\/wp-content\/uploads\/2021\/04\/usuario-de-cascos-cultura-300x169.jpg 300w, https:\/\/culturasonora.es\/wp-content\/uploads\/2021\/04\/usuario-de-cascos-cultura-768x432.jpg 768w, https:\/\/culturasonora.es\/wp-content\/uploads\/2021\/04\/usuario-de-cascos-cultura.jpg 1200w\" sizes=\"(max-width: 1024px) 100vw, 1024px\" \/><\/figure><\/div>   <p>Les casques Bluetooth sont tr\u00e8s pratiques car ils vous lib\u00e8rent des c\u00e2bles. Ils vous permettent \u00e9galement de recevoir des appels et d&rsquo;effectuer d&rsquo;autres fonctions utiles en mains libres. C&rsquo;est pourquoi il est frustrant lorsqu&rsquo;ils ne se connectent pas \u00e0 votre t\u00e9l\u00e9phone portable ou \u00e0 votre PC. <\/p>    <p>On peut parfois \u00eatre ramen\u00e9 \u00e0 se gratter la t\u00eate, pour savoir <strong>pourquoi s<\/strong>es<strong> oreillettes Bluetooth ne se connectent pas <\/strong>les unes aux autres aux moments inopportuns.<\/p>    <p>Ne vous inqui\u00e8tez pas ! Les probl\u00e8mes de connectivit\u00e9 Bluetooth sont faciles \u00e0 r\u00e9soudre. Dans cet article, nous vous disons tout ce que vous devez savoir pour r\u00e9parer l&rsquo;appairage de vos \u00e9couteurs avec n&rsquo;importe quel appareil.<\/p>    <p> Nous commen\u00e7ons par les cas les plus simples, pour en arriver aux plus \u00e9pineux.<\/p>    <h2 class=\"wp-block-heading\">V\u00e9rifiez l&rsquo;\u00e9tat de la batterie<\/h2>    <p>L&rsquo;une des raisons les plus courantes derri\u00e8re les probl\u00e8mes de connexion. La dur\u00e9e de vie de la batterie des casques Bluetooth est souvent trop faible. Certains mod\u00e8les n&rsquo;int\u00e8grent pas de capteurs de batterie sophistiqu\u00e9s. Par cons\u00e9quent, lorsque leur batterie est faible, le processeur qui contr\u00f4le les casques n&rsquo;a pas la puissance n\u00e9cessaire pour fonctionner correctement.<\/p>    <p>Si vous vous trouvez dans une situation o\u00f9 votre oreillette Bluetooth ne se connecte pas au PC, t\u00e9l\u00e9phone Android, iOS ou tout autre appareil, <strong>nous vous recommandons de commencer par v\u00e9rifier l&rsquo;\u00e9tat de la batterie.<\/strong><\/p>    <h2 class=\"wp-block-heading\">Assurez-vous que les appareils Bluetooth sont pr\u00eats \u00e0 \u00eatre connect\u00e9s.<\/h2>    <p>Les appareils Bluetooth ne sont pas toujours pr\u00eats \u00e0 se connecter. La plupart des \u00e9quipements sans fil, comme les haut-parleurs ou les \u00e9couteurs, doivent \u00eatre plac\u00e9s en mode synchro. <\/p>    <p>V\u00e9rifiez le manuel d&rsquo;utilisation pour savoir comment activer le mode de synchronisation, car cela peut varier selon le mod\u00e8le.<\/p>    <p>V\u00e9rifiez que l&rsquo;<a href=\"https:\/\/culturasonora.es\/fr\/casques\/bluetooth\/\" target=\"_blank\" rel=\"noreferrer noopener\">oreillette Bluetooth<\/a> n&rsquo;est pas jumel\u00e9e avec un autre appareil. Quand elle l&rsquo;est, cela peut l&#8217;emp\u00eacher de se connecter \u00e0 votre appareil.<strong> <\/strong><\/p>    <p><strong>La plupart des casques sans fil ne peuvent se synchroniser qu&rsquo;avec un seul appareil,<\/strong> \u00e0 la fois. Vous devez donc annuler l&rsquo;ancienne connexion avant d&rsquo;en \u00e9tablir une nouvelle.<\/p>    <figure class=\"wp-block-image size-large is-resized\"><img decoding=\"async\" src=\"https:\/\/culturasonora.es\/wp-content\/uploads\/2021\/04\/olvidar-conex-bluetooth-cultura-473x1024.jpg\" alt=\"Mon oreillette bluetooth ne se connecte pas\" class=\"wp-image-44682\" width=\"265\" height=\"575\"\/><\/figure>    <h2 class=\"wp-block-heading\">R\u00e9initialisez la connexion<\/h2>    <p>Si aucune de ces \u00e9tapes ne vous aide \u00e0 r\u00e9soudre le probl\u00e8me de connexion de votre casque Bluetooth, il serait temps de r\u00e9initialiser la connexion Bluetooth. <\/p>    <p>Naviguez dans la section Bluetooth de votre ordinateur, de votre tablette ou de votre t\u00e9l\u00e9phone et <strong>jusqu&rsquo;\u00e0 trouver votre casque. S\u00e9lectionnez \u00ab\u00a0oublier l&rsquo;appareil\u00a0\u00bb<\/strong>. Remettez ensuite l&rsquo;oreillette en mode d&rsquo;appairage et reconnectez-la.<\/p>    <h2 class=\"wp-block-heading\">Red\u00e9marrez les appareils<\/h2>    <p>Si vous n&rsquo;arrivez toujours pas \u00e0 obtenir une connexion, <strong>vous pouvez tenter de r\u00e9initialiser votre appareil aux param\u00e8tres d&rsquo;usine.<\/strong> Pour ce faire, vous devez probablement appuyer sur un bouton pendant quelques secondes (v\u00e9rifiez le manuel d&rsquo;utilisation). Une fois que vous avez red\u00e9marr\u00e9 l&rsquo;ordinateur, essayez de connecter \u00e0 nouveau l&rsquo;oreillette.<\/p>    <p>Maintenant, si vous remarquez que votre appareil peut se connecter \u00e0 d&rsquo;autres appareils, mais pas \u00e0 votre t\u00e9l\u00e9phone, votre ordinateur ou votre tablette, vous devriez \u00e9galement le red\u00e9marrer. <\/p>    <p>Cela se fait par le biais du menu des appareils, qui ont tous une option. Cela dit, il faut bien comprendre que ce processus efface toutes les donn\u00e9es de la m\u00e9moire ou des disques durs.<\/p>    <h2 class=\"wp-block-heading\">Comment reconnecter l&rsquo;oreillette Bluetooth ?<\/h2>    <p>La plupart des casques sans fil se synchronisent automatiquement avec le dernier appareil avec lequel ils ont \u00e9t\u00e9 appari\u00e9s. Ceci s&rsquo;effectue lorsque vous les allumez, tant qu&rsquo;ils sont \u00e0 port\u00e9e et disponibles pour la connexion.<\/p>    <p>Cependant, il n&rsquo;est pas rare de devoir les resynchroniser manuellement lorsqu&rsquo;ils sont allum\u00e9s ou que la batterie est vide. C&rsquo;est ennuyeux, bien s\u00fbr. Cela dit, c&rsquo;est assez simple \u00e0 r\u00e9parer.<\/p>    <p>Vous pouvez tout simplement ouvrir le menu Bluetooth de votre t\u00e9l\u00e9phone ou de votre ordinateur, et chercher le nom de l&rsquo;oreillette \u00e0 laquelle vous voulez vous connecter. <\/p>    <p>Normalement, vous n&rsquo;aurez pas besoin de remettre l&rsquo;oreillette en mode d&rsquo;appairage apr\u00e8s le processus d&rsquo;appairage initial.<\/p>    <figure class=\"wp-block-image size-large is-resized\"><img decoding=\"async\" src=\"https:\/\/culturasonora.es\/wp-content\/uploads\/2021\/04\/problemas-de-conx-Blluetooth-cultura-576x1024.jpg\" alt=\"Mon oreillette Bluetooth ne se connecte pas\" class=\"wp-image-44679\" width=\"299\" height=\"493\"\/><\/figure>    <h2 class=\"wp-block-heading\">Comment connecter un casque Bluetoth \u00e0 mon PC, mon t\u00e9l\u00e9phone ou ma tablette pour la premi\u00e8re fois ?<\/h2>    <p>Si vous venez d&rsquo;acheter une oreillette sans fil, il est naturel que vos \u00e9couteurs Bluetooth ne se connectent pas. Le processus de la premi\u00e8re synchronisation d&rsquo;un casque Bluetooth avec votre ordinateur ou smartphone est tr\u00e8s simple et rapide, bien qu&rsquo;il varie selon le mod\u00e8le.<\/p>    <p>Tout d&rsquo;abord, naviguez dans les param\u00e8tres de votre appareil et s\u00e9lectionnez le sous-menu Bluetooth. Assurez-vous que Bluetooth est activ\u00e9. Ensuite, appuyez sur le bouton d&rsquo;appairage de vos \u00e9couteurs sans fil. Si vous ne savez pas de quel bouton il s&rsquo;agit, consultez le manuel d&rsquo;utilisation. <\/p>    <p>Certains casques int\u00e8grent cette fonction dans le bouton d&rsquo;alimentation, et d&rsquo;autres ont un bouton d\u00e9di\u00e9 \u00e0 la connexion. Certains mod\u00e8les passent m\u00eame en mode synchro en les allumant simplement.<\/p>    <p>Une fois que vous avez appuy\u00e9 sur le bouton de connexion, et que vous l&rsquo;avez maintenu enfonc\u00e9 pendant le temps n\u00e9cessaire (g\u00e9n\u00e9ralement quelques secondes), le voyant LED de vos \u00e9couteurs vous indiquera qu&rsquo;ils sont pr\u00eats \u00e0 \u00eatre appair\u00e9s. <\/p>    <p>Maintenant, allez sur votre t\u00e9l\u00e9phone ou votre tablette, v\u00e9rifiez la liste des appareils et appuyez sur la recherche. Vous devriez maintenant voir le nom de votre oreillette, et ainsi la connecter \u00e0 votre appareil.<\/p>    <p>Nous esp\u00e9rons vous avoir aid\u00e9 avec tous vos soucis de connexion de vos casques Bluetooth. Ce sont les probl\u00e8mes les plus courants avec les appareils Bluetooth. Et avec ces recommandations, vous  devriez  pouvoir facilement connecter vos \u00e9couteurs, pour profiter de votre musique pr\u00e9f\u00e9r\u00e9e sans fil.<\/p>    <p>Nous vous recommandons \u00e9galement de consulter nos guides informatifs sur : Les <a href=\"https:\/\/culturasonora.es\/fr\/blog\/casques-decoute-bluetooth-comment-fonctionnent-ils-tout-ce-que-tu-dois-savoir-sur-les-casques-sans-fil\/\" target=\"_blank\" rel=\"noreferrer noopener\">casques Bluetooth, comment ils fonctionnent<\/a>, comment <a href=\"https:\/\/culturasonora.es\/fr\/blog\/comment-connecter-des-oreillettes-bluetooth-guide-complet-et-concis-de-la-synchronisation-avec-nimporte-quel-appareil\/\" target=\"_blank\" rel=\"noreferrer noopener\">connecter les casques Bluetooth<\/a> ou comment <a href=\"https:\/\/culturasonora.es\/fr\/blog\/comment-ecouter-la-radio-avec-des-ecouteurs-bluetooth-decouvrez-toutes-les-methodes\/\" target=\"_blank\" rel=\"noreferrer noopener\">\u00e9couter la radio avec des casques Bluetooth<\/a>.<\/p>    <figure class=\"wp-block-embed is-type-video is-provider-youtube wp-block-embed-youtube wp-embed-aspect-16-9 wp-has-aspect-ratio\"><div class=\"wp-block-embed__wrapper\"> <iframe loading=\"lazy\" title=\"Bluetooth is Not Working \/Connecting to Mobile\/Headphone\/Speaker - How to Solve Bluetooth Issues\" width=\"500\" height=\"281\" src=\"https:\/\/www.youtube.com\/embed\/55GtGJ2W5ZQ?feature=oembed\" frameborder=\"0\" allow=\"accelerometer; autoplay; clipboard-write; encrypted-media; gyroscope; picture-in-picture; web-share\" referrerpolicy=\"strict-origin-when-cross-origin\" allowfullscreen><\/iframe> <\/div><\/figure>","protected":false},"excerpt":{"rendered":"<p>tu te retrouves \u00e0 te demander Pourquoi mon oreillette Bluetooth ne se connecte pas ? Trouve la solution \u00e0 ton probl\u00e8me dans ce guide court mais pr\u00e9cis&#8230;<\/p>\n","protected":false},"author":11,"featured_media":65173,"parent":65276,"menu_order":0,"comment_status":"closed","ping_status":"closed","template":"views\/page-without-intro.php","meta":{"footnotes":""},"tags":[],"class_list":["post-65171","page","type-page","status-publish","has-post-thumbnail","hentry"],"acf":[],"_links":{"self":[{"href":"https:\/\/culturasonora.es\/fr\/wp-json\/wp\/v2\/pages\/65171","targetHints":{"allow":["GET"]}}],"collection":[{"href":"https:\/\/culturasonora.es\/fr\/wp-json\/wp\/v2\/pages"}],"about":[{"href":"https:\/\/culturasonora.es\/fr\/wp-json\/wp\/v2\/types\/page"}],"author":[{"embeddable":true,"href":"https:\/\/culturasonora.es\/fr\/wp-json\/wp\/v2\/users\/11"}],"replies":[{"embeddable":true,"href":"https:\/\/culturasonora.es\/fr\/wp-json\/wp\/v2\/comments?post=65171"}],"version-history":[{"count":0,"href":"https:\/\/culturasonora.es\/fr\/wp-json\/wp\/v2\/pages\/65171\/revisions"}],"up":[{"embeddable":true,"href":"https:\/\/culturasonora.es\/fr\/wp-json\/wp\/v2\/pages\/65276"}],"wp:featuredmedia":[{"embeddable":true,"href":"https:\/\/culturasonora.es\/fr\/wp-json\/wp\/v2\/media\/65173"}],"wp:attachment":[{"href":"https:\/\/culturasonora.es\/fr\/wp-json\/wp\/v2\/media?parent=65171"}],"wp:term":[{"taxonomy":"post_tag","embeddable":true,"href":"https:\/\/culturasonora.es\/fr\/wp-json\/wp\/v2\/tags?post=65171"}],"curies":[{"name":"wp","href":"https:\/\/api.w.org\/{rel}","templated":true}]}}