{"id":65276,"date":"2017-11-06T07:59:19","date_gmt":"2017-11-06T07:59:19","guid":{"rendered":"https:\/\/culturasonora.es\/sound-blog-guides-et-solutions-aux-problemes-les-plus-courants-du-monde-de-laudio\/"},"modified":"2024-11-20T09:40:00","modified_gmt":"2024-11-20T09:40:00","slug":"blog","status":"publish","type":"page","link":"https:\/\/culturasonora.es\/fr\/blog\/","title":{"rendered":"SOUND BLOG : Guides et solutions aux probl\u00e8mes les plus courants du monde de l&rsquo;audio."},"content":{"rendered":"<div class=\"slider_wrapper\">     <h2 class=\"section_title\">CONSEILS PRATIQUES<\/h2>     <div class=\"products_slider\">                         <div>                     <div class=\"product_slide\">                         <div class=\"product_photo\">                             <img decoding=\"async\" width=\"1200\" height=\"720\" src=\"https:\/\/culturasonora.es\/wp-content\/uploads\/2021\/10\/cargar-portada-cultura.jpg?wsr\" class=\"attachment-post-thumbnail size-post-thumbnail wp-post-image\" alt=\"\" srcset=\"https:\/\/culturasonora.es\/wp-content\/uploads\/2021\/10\/cargar-portada-cultura.jpg 1200w, https:\/\/culturasonora.es\/wp-content\/uploads\/2021\/10\/cargar-portada-cultura-300x180.jpg 300w, https:\/\/culturasonora.es\/wp-content\/uploads\/2021\/10\/cargar-portada-cultura-1024x614.jpg 1024w, https:\/\/culturasonora.es\/wp-content\/uploads\/2021\/10\/cargar-portada-cultura-768x461.jpg 768w\" sizes=\"(max-width: 1200px) 100vw, 1200px\" \/>                        <\/div>                         <a href=\"https:\/\/culturasonora.es\/fr\/blog\/comment-puis-je-charger-des-ecouteurs-sans-fil-guide-complet-et-concis-pour-charger-les-oreillettes-bluetooth\/\" class=\"product_title\" target=\"_blank\">Comment charger les \u00e9couteurs sans fil<\/a>                         <p>Apprends comment charger les \u00e9couteurs sans fil, comment charger les AirPods et tout type d&rsquo;\u00e9couteurs Bluetooth.<\/p>                     <\/div>                 <\/div>                             <div>                     <div class=\"product_slide\">                         <div class=\"product_photo\">                             <img decoding=\"async\" width=\"1200\" height=\"800\" src=\"https:\/\/culturasonora.es\/wp-content\/uploads\/2021\/04\/Portada-colocar-auricul-bluetooth-cultura.jpg?wsr\" class=\"attachment-post-thumbnail size-post-thumbnail wp-post-image\" alt=\"\" srcset=\"https:\/\/culturasonora.es\/wp-content\/uploads\/2021\/04\/Portada-colocar-auricul-bluetooth-cultura.jpg 1200w, https:\/\/culturasonora.es\/wp-content\/uploads\/2021\/04\/Portada-colocar-auricul-bluetooth-cultura-300x200.jpg 300w, https:\/\/culturasonora.es\/wp-content\/uploads\/2021\/04\/Portada-colocar-auricul-bluetooth-cultura-1024x683.jpg 1024w, https:\/\/culturasonora.es\/wp-content\/uploads\/2021\/04\/Portada-colocar-auricul-bluetooth-cultura-768x512.jpg 768w\" sizes=\"(max-width: 1200px) 100vw, 1200px\" \/>                        <\/div>                         <a href=\"https:\/\/culturasonora.es\/fr\/blog\/comment-connecter-des-oreillettes-bluetooth-guide-complet-et-concis-de-la-synchronisation-avec-nimporte-quel-appareil\/\" class=\"product_title\" target=\"_blank\">connecter des \u00e9couteurs bluetooth  <\/a>                         <p>Article informatif sur la fa\u00e7on de connecter les \u00e9couteurs Bluetooth. Guide complet avec des \u00e9tapes faciles pour connecter ton casque sans fil \u00e0 n&rsquo;importe quel appareil&#8230;.<\/p>                     <\/div>                 <\/div>                             <div>                     <div class=\"product_slide\">                         <div class=\"product_photo\">                             <img decoding=\"async\" width=\"1200\" height=\"800\" src=\"https:\/\/culturasonora.es\/wp-content\/uploads\/2021\/04\/LG-portada-cultura.jpg?wsr\" class=\"attachment-post-thumbnail size-post-thumbnail wp-post-image\" alt=\"\" srcset=\"https:\/\/culturasonora.es\/wp-content\/uploads\/2021\/04\/LG-portada-cultura.jpg 1200w, https:\/\/culturasonora.es\/wp-content\/uploads\/2021\/04\/LG-portada-cultura-300x200.jpg 300w, https:\/\/culturasonora.es\/wp-content\/uploads\/2021\/04\/LG-portada-cultura-1024x683.jpg 1024w, https:\/\/culturasonora.es\/wp-content\/uploads\/2021\/04\/LG-portada-cultura-768x512.jpg 768w\" sizes=\"(max-width: 1200px) 100vw, 1200px\" \/>                        <\/div>                         <a href=\"https:\/\/culturasonora.es\/fr\/blog\/comment-connecter-des-ecouteurs-bluetooth-a-la-tv-lg-guide-concis-avec-toutes-les-etapes-necessaires\/\" class=\"product_title\" target=\"_blank\">Connecte les \u00e9couteurs bluetooth \u00e0 la t\u00e9l\u00e9 LG<\/a>                         <p>Article informatif sur la fa\u00e7on de connecter des \u00e9couteurs Bluetooth \u00e0 la TV LG. Guide complet et concis avec toutes les \u00e9tapes n\u00e9cessaires pour r\u00e9aliser la synchronisation de tes casques.<\/p>                     <\/div>                 <\/div>                             <div>                     <div class=\"product_slide\">                         <div class=\"product_photo\">                             <img decoding=\"async\" width=\"1200\" height=\"800\" src=\"https:\/\/culturasonora.es\/wp-content\/uploads\/2021\/04\/radio-portada-cultura.jpg?wsr\" class=\"attachment-post-thumbnail size-post-thumbnail wp-post-image\" alt=\"\" srcset=\"https:\/\/culturasonora.es\/wp-content\/uploads\/2021\/04\/radio-portada-cultura.jpg 1200w, https:\/\/culturasonora.es\/wp-content\/uploads\/2021\/04\/radio-portada-cultura-300x200.jpg 300w, https:\/\/culturasonora.es\/wp-content\/uploads\/2021\/04\/radio-portada-cultura-1024x683.jpg 1024w, https:\/\/culturasonora.es\/wp-content\/uploads\/2021\/04\/radio-portada-cultura-768x512.jpg 768w\" sizes=\"(max-width: 1200px) 100vw, 1200px\" \/>                        <\/div>                         <a href=\"https:\/\/culturasonora.es\/fr\/blog\/comment-ecouter-la-radio-avec-des-ecouteurs-bluetooth-decouvrez-toutes-les-methodes\/\" class=\"product_title\" target=\"_blank\">\u00c9coute la radio avec des \u00e9couteurs Bluetooth<\/a>                         <p>Article informatif sur la fa\u00e7on d&rsquo;\u00e9couter la radio avec des \u00e9couteurs Bluetooth. Nous te disons toutes les m\u00e9thodes que tu peux suivre avec n&rsquo;importe quel type de casque sans fil.<\/p>                     <\/div>                 <\/div>                             <div>                     <div class=\"product_slide\">                         <div class=\"product_photo\">                             <img decoding=\"async\" width=\"1200\" height=\"675\" src=\"https:\/\/culturasonora.es\/wp-content\/uploads\/2021\/05\/bluetooth-pc-2-cultura.jpg?wsr\" class=\"attachment-post-thumbnail size-post-thumbnail wp-post-image\" alt=\"\" srcset=\"https:\/\/culturasonora.es\/wp-content\/uploads\/2021\/05\/bluetooth-pc-2-cultura.jpg 1200w, https:\/\/culturasonora.es\/wp-content\/uploads\/2021\/05\/bluetooth-pc-2-cultura-300x169.jpg 300w, https:\/\/culturasonora.es\/wp-content\/uploads\/2021\/05\/bluetooth-pc-2-cultura-1024x576.jpg 1024w, https:\/\/culturasonora.es\/wp-content\/uploads\/2021\/05\/bluetooth-pc-2-cultura-768x432.jpg 768w\" sizes=\"(max-width: 1200px) 100vw, 1200px\" \/>                        <\/div>                         <a href=\"https:\/\/culturasonora.es\/fr\/blog\/comment-connecter-deux-enceintes-bluetooth-en-meme-temps-guide-simple-avec-toutes-les-options\/\" class=\"product_title\" target=\"_blank\">connecter deux enceintes bluetooth en m\u00eame temps<\/a>                         <p>Article informatif sur la fa\u00e7on de connecter deux enceintes bluetooth en m\u00eame temps. Guide complet avec des \u00e9tapes faciles pour connecter tes enceintes sans fil simultan\u00e9ment<\/p>                     <\/div>                 <\/div>                             <div>                     <div class=\"product_slide\">                         <div class=\"product_photo\">                             <img decoding=\"async\" width=\"1200\" height=\"675\" src=\"https:\/\/culturasonora.es\/wp-content\/uploads\/2021\/04\/Xbox-portada-cultura.jpg?wsr\" class=\"attachment-post-thumbnail size-post-thumbnail wp-post-image\" alt=\"\" srcset=\"https:\/\/culturasonora.es\/wp-content\/uploads\/2021\/04\/Xbox-portada-cultura.jpg 1200w, https:\/\/culturasonora.es\/wp-content\/uploads\/2021\/04\/Xbox-portada-cultura-300x169.jpg 300w, https:\/\/culturasonora.es\/wp-content\/uploads\/2021\/04\/Xbox-portada-cultura-1024x576.jpg 1024w, https:\/\/culturasonora.es\/wp-content\/uploads\/2021\/04\/Xbox-portada-cultura-768x432.jpg 768w\" sizes=\"(max-width: 1200px) 100vw, 1200px\" \/>                        <\/div>                         <a href=\"https:\/\/culturasonora.es\/fr\/blog\/comment-connecter-une-oreillette-bluetooth-a-la-xbox-one-guide-rapide-et-facile\/\" class=\"product_title\" target=\"_blank\">Connecter une oreillette Bluetooth \u00e0 la Xbox One<\/a>                         <p>Article informatif sur la fa\u00e7on de connecter une oreillette Bluetooth \u00e0 la Xbox One. Guide complet avec des \u00e9tapes faciles pour connecter ton casque sans fil \u00e0 ta console pr\u00e9f\u00e9r\u00e9e&#8230;.<\/p>                     <\/div>                 <\/div>                             <div>                     <div class=\"product_slide\">                         <div class=\"product_photo\">                             <img decoding=\"async\" width=\"1000\" height=\"563\" src=\"https:\/\/culturasonora.es\/wp-content\/uploads\/2021\/05\/barra-hdmi-cultura.jpg?wsr\" class=\"attachment-post-thumbnail size-post-thumbnail wp-post-image\" alt=\"\" srcset=\"https:\/\/culturasonora.es\/wp-content\/uploads\/2021\/05\/barra-hdmi-cultura.jpg 1000w, https:\/\/culturasonora.es\/wp-content\/uploads\/2021\/05\/barra-hdmi-cultura-300x169.jpg 300w, https:\/\/culturasonora.es\/wp-content\/uploads\/2021\/05\/barra-hdmi-cultura-768x432.jpg 768w\" sizes=\"(max-width: 1000px) 100vw, 1000px\" \/>                        <\/div>                         <a href=\"https:\/\/culturasonora.es\/fr\/blog\/comment-connecter-la-barre-de-son-a-la-tele-via-hdmi-un-guide-complet-et-simple\/\" class=\"product_title\" target=\"_blank\">Connecte la barre de son \u00e0 la t\u00e9l\u00e9vision par hdmi<\/a>                         <p>Article informatif sur la fa\u00e7on de connecter la barre de son \u00e0 la t\u00e9l\u00e9vision via hdmi. Guide complet avec des \u00e9tapes faciles pour connecter ta barre de son avec un c\u00e2ble HDMI&#8230;.<\/p>                     <\/div>                 <\/div>                             <div>                     <div class=\"product_slide\">                         <div class=\"product_photo\">                             <img decoding=\"async\" width=\"1200\" height=\"675\" src=\"https:\/\/culturasonora.es\/wp-content\/uploads\/2021\/04\/usuario-de-cascos-cultura.jpg?wsr\" class=\"attachment-post-thumbnail size-post-thumbnail wp-post-image\" alt=\"\" srcset=\"https:\/\/culturasonora.es\/wp-content\/uploads\/2021\/04\/usuario-de-cascos-cultura.jpg 1200w, https:\/\/culturasonora.es\/wp-content\/uploads\/2021\/04\/usuario-de-cascos-cultura-300x169.jpg 300w, https:\/\/culturasonora.es\/wp-content\/uploads\/2021\/04\/usuario-de-cascos-cultura-1024x576.jpg 1024w, https:\/\/culturasonora.es\/wp-content\/uploads\/2021\/04\/usuario-de-cascos-cultura-768x432.jpg 768w\" sizes=\"(max-width: 1200px) 100vw, 1200px\" \/>                        <\/div>                         <a href=\"https:\/\/culturasonora.es\/fr\/blog\/pourquoi-mon-oreillette-bluetooth-ne-se-connecte-t-elle-pas-depanne-les-eventuels-problemes-de-synchronisation\/\" class=\"product_title\" target=\"_blank\">Mon oreillette Bluetooth ne se connecte pas<\/a>                         <p>tu te retrouves \u00e0 te demander Pourquoi mon oreillette Bluetooth ne se connecte pas ? Trouve la solution \u00e0 ton probl\u00e8me dans ce guide court mais pr\u00e9cis&#8230;<\/p>                     <\/div>                 <\/div>                 <\/div> <\/div>","protected":false},"excerpt":{"rendered":"","protected":false},"author":4,"featured_media":65278,"parent":0,"menu_order":0,"comment_status":"closed","ping_status":"closed","template":"views\/page-without-toc.php","meta":{"footnotes":""},"tags":[],"class_list":["post-65276","page","type-page","status-publish","has-post-thumbnail","hentry"],"acf":[],"_links":{"self":[{"href":"https:\/\/culturasonora.es\/fr\/wp-json\/wp\/v2\/pages\/65276","targetHints":{"allow":["GET"]}}],"collection":[{"href":"https:\/\/culturasonora.es\/fr\/wp-json\/wp\/v2\/pages"}],"about":[{"href":"https:\/\/culturasonora.es\/fr\/wp-json\/wp\/v2\/types\/page"}],"author":[{"embeddable":true,"href":"https:\/\/culturasonora.es\/fr\/wp-json\/wp\/v2\/users\/4"}],"replies":[{"embeddable":true,"href":"https:\/\/culturasonora.es\/fr\/wp-json\/wp\/v2\/comments?post=65276"}],"version-history":[{"count":0,"href":"https:\/\/culturasonora.es\/fr\/wp-json\/wp\/v2\/pages\/65276\/revisions"}],"wp:featuredmedia":[{"embeddable":true,"href":"https:\/\/culturasonora.es\/fr\/wp-json\/wp\/v2\/media\/65278"}],"wp:attachment":[{"href":"https:\/\/culturasonora.es\/fr\/wp-json\/wp\/v2\/media?parent=65276"}],"wp:term":[{"taxonomy":"post_tag","embeddable":true,"href":"https:\/\/culturasonora.es\/fr\/wp-json\/wp\/v2\/tags?post=65276"}],"curies":[{"name":"wp","href":"https:\/\/api.w.org\/{rel}","templated":true}]}}