{"id":66995,"date":"2017-11-17T10:17:06","date_gmt":"2017-11-17T10:17:06","guid":{"rendered":"https:\/\/culturasonora.es\/a-propos-de-culturasonora\/"},"modified":"2023-01-09T06:00:22","modified_gmt":"2023-01-09T06:00:22","slug":"a-propos-de-culturasonora","status":"publish","type":"page","link":"https:\/\/culturasonora.es\/fr\/a-propos-de-culturasonora\/","title":{"rendered":"\u00c0 propos de Culturasonora"},"content":{"rendered":"<p style=\"text-align: justify;\">Qui a dit que le son ne peut pas \u00eatre \u00e9crit ? Chez Culturasonora, nous adorons \u00e7a. Mais nous pensons que cela doit \u00eatre fait de mani\u00e8re claire et divertissante, en fournissant des informations rigoureuses et, surtout, sans fautes d&rsquo;orthographe. Depuis que nous sommes enfants, nous aimons \u00e9ventrer toutes sortes d&rsquo;appareils pour voir de quoi ils sont faits \u00e0 l&rsquo;int\u00e9rieur. Puis nous avons commenc\u00e9 \u00e0 \u00e9tudier l&rsquo;image et le son. Les m\u00e9lomanes que nous sommes et les festivals de rock que nous d\u00e9vorons, c&rsquo;\u00e9tait clair : nous d\u00e9rivions davantage vers le monde de l&rsquo;audio. C&rsquo;est alors que nous avons r\u00e9alis\u00e9 l&rsquo;importance de ce sens. Pas seulement pour \u00e9couter ce qui se passe dans le monde. Saviez-vous que l&rsquo;oreille est responsable de l&rsquo;\u00e9quilibre de notre corps ?<\/p> <p style=\"text-align: justify;\">C&rsquo;est peut-\u00eatre pour cela que nous sommes attir\u00e9s par des sons plus \u00e9quilibr\u00e9s, et que nous accordons beaucoup d&rsquo;attention \u00e0 la fa\u00e7on dont les choses sonnent. Nous faisons partie de ces gens bizarres qui ont toujours aim\u00e9 tester des \u00e9couteurs nouvellement achet\u00e9s, bricoler des enceintes chez un ami, aider un coll\u00e8gue \u00e0 installer un nouveau syst\u00e8me de sonorisation et essayer les derni\u00e8res nouveaut\u00e9s du secteur. \u00c7a a l&rsquo;air un peu bizarre, n&rsquo;est-ce pas ? C&rsquo;est ce qui arrive quand on fait de sa passion son mode de vie.<\/p> <p style=\"text-align: justify;\">Chez CulturaSonora, nous sommes une \u00e9quipe de quatre professionnels : Pere, Joel, Javi et I\u00f1igo. Nous ne sommes pas parents consanguins, mais il y a une chose qui nous unit : nous consid\u00e9rons <strong>l&rsquo;acoustique comme un art.<\/strong> Nous pensons qu&rsquo;une grande partie de la culture a \u00e9t\u00e9 transmise par le son : la musique, les films, la radio, la voix et m\u00eame le claquement de la langue &#8211; pourquoi pas ? D&rsquo;o\u00f9 notre nom. Nous r\u00e9alisons des <strong>rapports, des articles et des interviews<\/strong> sur <strong>les derniers d\u00e9veloppements dans le monde de l&rsquo;audio.<\/strong> Nous sommes sp\u00e9cialis\u00e9s dans <strong>les comparaisons et les examens<\/strong> pour vous aider dans votre processus d&rsquo;achat. Sur notre plateforme, vous trouverez \u00e9galement des <strong>conseils et des articles informatifs sur la technologie<\/strong> qui vous seront utiles lorsque vous vous demanderez : de quoi parlent ces fous ?<\/p> <p style=\"text-align: justify;\">Nous sommes passionn\u00e9s, reconnaissants et un peu fous. Mais nous sommes des gens bien. Avant tout, nous sommes des personnes qui croient en ce projet, et c&rsquo;est pourquoi chaque ligne de cette plateforme est \u00e9crite avec soin. Nous aimons \u00e9couter de la bonne musique sur un syst\u00e8me audio qui ne l&rsquo;alt\u00e8re pas et, pourquoi pas, avec un verre de bourbon \u00e0 la main. Nous aimons aussi les sports extr\u00eames, les animaux et prendre soin de la nature, qui, \u00e0 ce rythme, va nous durer toute la vie. Nous sommes tout cela, et bien plus encore.&nbsp;Nous sommes <strong>CulturaSonora<\/strong>.<\/p> <h2 style=\"text-align: justify;\"><strong>Comment est n\u00e9 le projet ?<\/strong><\/h2> <p style=\"text-align: justify;\">En cherchant sur le web des informations sur les dispositifs, nous nous sommes rendu compte que la plupart des plateformes num\u00e9riques en espagnol pr\u00e9sentaient leur contenu de mani\u00e8re confuse et contradictoire. Et nous nous sentons impuissants. Soudain, nous nous sommes demand\u00e9 : et si nous pouvions sauver des gens de cette \u00e9preuve ? Pourquoi ne pas proposer des informations rigoureuses, lisibles et agr\u00e9ables sur la technologie du son ? C&rsquo;est ce que nous faisons, \u00e7a ne devrait pas \u00eatre si difficile, n&rsquo;est-ce pas ? Et ce qui \u00e9tait cens\u00e9 \u00eatre quelque chose de th\u00e9oriquement simple, \u00e9tait compliqu\u00e9 par ce d\u00e9sir de bien faire les choses. Et c&rsquo;est l\u00e0 que nous sommes.<\/p> <h2 style=\"text-align: left;\"><strong>Quelle est notre philosophie d&rsquo;entreprise ?<\/strong><\/h2> <h3 style=\"text-align: justify;\"><strong>Ind\u00e9pendance<\/strong><\/h3> <p style=\"text-align: justify;\">Nous ne travaillons pour aucune marque, nous ne sommes inject\u00e9s en capital par aucun fonds, et nous ne faisons jamais de publicit\u00e9. Toutes nos informations sont bas\u00e9es sur une analyse approfondie de chaque produit. Nous sommes une <strong>plateforme ind\u00e9pendante<\/strong> et nous nous effor\u00e7ons de garantir que toutes nos informations sont critiques et objectives.<\/p> <h3 style=\"text-align: justify;\"><strong>Clart\u00e9<\/strong><\/h3> <p style=\"text-align: justify;\">Nous essayons d&rsquo;\u00e9crire de mani\u00e8re \u00e0 ce que tout le monde comprenne nos textes. D&rsquo;accord, nous sommes des fous, mais notre public cible est l&rsquo;utilisateur moyen.<\/p> <h3 style=\"text-align: justify;\"><strong>Rigueur informative<\/strong><\/h3> <p style=\"text-align: justify;\">Tous nos <strong>comparatifs, rapports et critiques<\/strong> sont le r\u00e9sultat d&rsquo;une analyse approfondie du produit. Nous les testons, les analysons et les rassemblons pour vous fournir des informations fiables. Si nous n&rsquo;aimons pas ou n&rsquo;appr\u00e9cions pas quelque chose \u00e0 propos d&rsquo;un appareil, nous vous le disons simplement pour que ce soit \u00e0 vous de d\u00e9cider.<\/p> <h3 style=\"text-align: justify;\"><strong>Professionnalisme<\/strong><\/h3> <p style=\"text-align: justify;\">Derri\u00e8re chaque article, il y a avant tout beaucoup de travail. Le but est avant tout d&rsquo;aider nos lecteurs. Ainsi, avant d&rsquo;\u00e9crire quoi que ce soit, il y a beaucoup de <strong>recherches, d&rsquo;analyses, de tests, d&rsquo;\u00e9preuves, de r\u00e9daction, de conception, d&rsquo;\u00e9dition, de relecture, de positionnement, puis de relecture \u00e0 nouveau.<\/strong> Nous sommes engag\u00e9s envers le projet, mais surtout envers vous.<\/p> <h2 style=\"text-align: justify;\"><strong>Annonces<\/strong><\/h2> <p style=\"text-align: justify;\">Comme vous l&rsquo;avez peut-\u00eatre remarqu\u00e9, nous n&rsquo;avons pratiquement aucune publicit\u00e9 sur notre plateforme. Ce n&rsquo;est pas par hasard ou parce que nous n&rsquo;avons pas \u00e9t\u00e9 tent\u00e9s. Nous pensons qu&rsquo;en fin de compte, de telles actions ternissent notre plateforme et surtout d\u00e9t\u00e9riorent votre exp\u00e9rience. En tant qu&rsquo;affili\u00e9 d&rsquo;Amazon, <a class=\"c-link\" tabindex=\"-1\" href=\"https:\/\/culturasonora.es\/fr\/\" target=\"_blank\" rel=\"noopener noreferrer\" data-remove-tab-index=\"true\">CulturaSonora.es<\/a> per\u00e7oit des revenus des achats effectu\u00e9s par les affili\u00e9s. C&rsquo;est ainsi que nous nous finan\u00e7ons.<\/p> <h2 style=\"text-align: justify;\"><strong>Notre politique de r\u00e9vision ?<\/strong><\/h2> <p style=\"text-align: justify;\">Comme nous l&rsquo;avons d\u00e9j\u00e0 expliqu\u00e9, nous lan\u00e7ons r\u00e9guli\u00e8rement de nouvelles <strong>revues<\/strong> et analysons de nombreux appareils dans notre \u00ab\u00a0chambre des jouets\u00a0\u00bb. Nous essayons de publier au moins <strong>une fois par semaine.<\/strong> Avant tout, nous nous effor\u00e7ons de vous fournir des informations exactes. Comme nous vous l&rsquo;avons dit, nous sommes une <strong>entreprise ind\u00e9pendante,<\/strong> et c&rsquo;est pr\u00e9cis\u00e9ment l\u00e0 que r\u00e9side notre force. C&rsquo;est pourquoi nous essayons toujours d&rsquo;\u00eatre honn\u00eates et de vous indiquer les <strong>avantages et les inconv\u00e9nients<\/strong> de chaque produit. Chacun d&rsquo;entre eux, cependant, a \u00e9t\u00e9 pr\u00e9alablement s\u00e9lectionn\u00e9 dans un ensemble de dispositifs g\u00e9n\u00e9raux. Nous sommes comme des mineurs \u00e0 la recherche des p\u00e9pites d&rsquo;or de chaque segment.<\/p> <p style=\"text-align: justify;\">Nous esp\u00e9rons que vous vous sentirez \u00e0 l&rsquo;aise avec nous. Vos commentaires sont les bienvenus. Nous ne sommes pas des machines et nous savons que nous faisons parfois des erreurs. Pour toute question, aide, critique ou commentaire, n&rsquo;h\u00e9sitez pas \u00e0 nous contacter \u00e0 l&rsquo;adresse culturasonora.es@gmail.com. Nous serons heureux de vous donner un coup de main.<\/p> <p style=\"text-align: justify;\">Merci de la confiance que vous nous accordez.<\/p> <p>CulturaSonora<\/p> <p>C\/ Pintor Rosales 38, Madrid, 28008 Spain<\/p> <p>info@culturasonora.es<\/p>","protected":false},"excerpt":{"rendered":"<p>Qui a dit que le son ne peut pas \u00eatre \u00e9crit ? Chez Culturasonora, nous adorons \u00e7a. Mais nous pensons que cela doit \u00eatre fait de mani\u00e8re claire et divertissante,&#8230;<\/p>\n","protected":false},"author":27,"featured_media":0,"parent":0,"menu_order":0,"comment_status":"closed","ping_status":"closed","template":"views\/page-without-intro.php","meta":{"footnotes":""},"tags":[],"class_list":["post-66995","page","type-page","status-publish","hentry"],"acf":[],"_links":{"self":[{"href":"https:\/\/culturasonora.es\/fr\/wp-json\/wp\/v2\/pages\/66995","targetHints":{"allow":["GET"]}}],"collection":[{"href":"https:\/\/culturasonora.es\/fr\/wp-json\/wp\/v2\/pages"}],"about":[{"href":"https:\/\/culturasonora.es\/fr\/wp-json\/wp\/v2\/types\/page"}],"author":[{"embeddable":true,"href":"https:\/\/culturasonora.es\/fr\/wp-json\/wp\/v2\/users\/27"}],"replies":[{"embeddable":true,"href":"https:\/\/culturasonora.es\/fr\/wp-json\/wp\/v2\/comments?post=66995"}],"version-history":[{"count":0,"href":"https:\/\/culturasonora.es\/fr\/wp-json\/wp\/v2\/pages\/66995\/revisions"}],"wp:attachment":[{"href":"https:\/\/culturasonora.es\/fr\/wp-json\/wp\/v2\/media?parent=66995"}],"wp:term":[{"taxonomy":"post_tag","embeddable":true,"href":"https:\/\/culturasonora.es\/fr\/wp-json\/wp\/v2\/tags?post=66995"}],"curies":[{"name":"wp","href":"https:\/\/api.w.org\/{rel}","templated":true}]}}