{"id":69778,"date":"2018-07-07T18:56:13","date_gmt":"2018-07-07T18:56:13","guid":{"rendered":"https:\/\/culturasonora.es\/revues-des-meilleurs-ecouteurs-pour-taider-dans-le-processus-dachat\/casque-sans-fil\/"},"modified":"2024-11-21T08:40:52","modified_gmt":"2024-11-21T08:40:52","slug":"casque-sans-fil","status":"publish","type":"page","link":"https:\/\/culturasonora.es\/fr\/casques\/casque-sans-fil\/","title":{"rendered":"Casques sans fil : Tout ce qu&rsquo;il faut savoir avant d&rsquo;en acheter un"},"content":{"rendered":"<p>Le <strong>casque sans fil<\/strong> nous offre une libert\u00e9 de mouvement jusqu&rsquo;alors inconnue. Gr\u00e2ce aux casques sans fil, nous avons dit au revoir \u00e0 l&rsquo;\u00e8re des fils et accueilli un monde plein de fonctionnalit\u00e9s et de connectivit\u00e9 qui semblera illimit\u00e9 \u00e0 l&rsquo;avenir. Aujourd&rsquo;hui, les \u00e9couteurs sans fil sont confortables, peuvent transf\u00e9rer de l&rsquo;audio haute r\u00e9solution, ont une autonomie largement am\u00e9lior\u00e9e, et nous offrent des options d&rsquo;utilisation que les appareils filaires ne peuvent pas \u00e9galer. De plus, leur ancien talon d&rsquo;Achille -la qualit\u00e9 du son- s&rsquo;am\u00e9liore \u00e0 pas de g\u00e9ant, et de nombreux mod\u00e8les haut de gamme ont un son presque aussi bon que celui des gros casques filaires.<\/p>    <p>Les entreprises pionni\u00e8res du secteur misent sur les casques sans fil, et lancent des produits de haute qualit\u00e9. <strong><a href=\"https:\/\/culturasonora.es\/fr\/casques\/casque-sans-fil\/\" target=\"_blank\" rel=\"noreferrer noopener\">Les casques d&rsquo;\u00e9coute Bluetooth<\/a> sont parfaits <a href=\"https:\/\/culturasonora.es\/fr\/casques\/bluetooth\/sport\/\" target=\"_blank\" rel=\"noreferrer noopener\">pour les sports<\/a>, <\/strong>vous n&rsquo;avez pas besoin de les connecter \u00e0 la source de musique \u00e0 l&rsquo;aide de c\u00e2bles. Il existe des casques antibruit sans fil, id\u00e9aux pour ceux qui cherchent \u00e0 s&rsquo;isoler du bruit ambiant, et des <strong>casques \u00e0 radiofr\u00e9quence parfaits pour regarder la t\u00e9l\u00e9vision<\/strong>. Les \u00e9couteurs de musique sans fil sont en vogue, et constituent une excellente solution. Cependant, trouver le meilleur mod\u00e8le pour vous peut \u00eatre d\u00e9licat, car il existe de nombreuses options sur le march\u00e9. Mais ne vous inqui\u00e8tez pas, chez Culturasonora, nous avons entrepris de vous conseiller sur tout ce qui concerne les \u00e9couteurs sans fil.<\/p>    <p>On commence ?<\/p>    <div class=\"wp-block-columns is-layout-flex wp-container-core-columns-is-layout-9d6595d7 wp-block-columns-is-layout-flex\"> <div class=\"wp-block-column is-layout-flow wp-block-column-is-layout-flow\"> <p class=\"has-text-align-center\"><strong>Oreillette Bluetooth<\/strong><\/p>   <div class=\"wp-block-image\"> <figure class=\"aligncenter size-large\"><img decoding=\"async\" width=\"1024\" height=\"455\" src=\"https:\/\/culturasonora.es\/wp-content\/uploads\/2018\/06\/mejores-auriculares-bluetooth-1024x455.jpg\" alt=\"les meilleurs \u00e9couteurs bluetooth\" class=\"wp-image-11499\" srcset=\"https:\/\/culturasonora.es\/wp-content\/uploads\/2018\/06\/mejores-auriculares-bluetooth-1024x455.jpg 1024w, https:\/\/culturasonora.es\/wp-content\/uploads\/2018\/06\/mejores-auriculares-bluetooth-300x133.jpg 300w, https:\/\/culturasonora.es\/wp-content\/uploads\/2018\/06\/mejores-auriculares-bluetooth-768x341.jpg 768w, https:\/\/culturasonora.es\/wp-content\/uploads\/2018\/06\/mejores-auriculares-bluetooth-1080x480.jpg 1080w, https:\/\/culturasonora.es\/wp-content\/uploads\/2018\/06\/mejores-auriculares-bluetooth.jpg 1350w\" sizes=\"(max-width: 1024px) 100vw, 1024px\" \/><\/figure><\/div>   <p>Les casques <a href=\"https:\/\/culturasonora.es\/blog\/tipos-de-bluetooth-y-diferencias\/\" target=\"_blank\" rel=\"noreferrer noopener\">Bluetooth<\/a> sans fil sont la coqueluche de l&rsquo;industrie. Sa technologie permet de transmettre de l&rsquo;audio sans fil sur de courtes distances. <strong>Les casques Bluetooth sont les plus populaires<\/strong>, car la plupart des ordinateurs et des smartphones int\u00e8grent d\u00e9j\u00e0 cette technologie, ce qui rend le couplage avec le casque rapide et facile.<\/p>    <p>Le march\u00e9 des \u00e9couteurs sans fil a \u00e9norm\u00e9ment progress\u00e9 ces derni\u00e8res ann\u00e9es, mais aujourd&rsquo;hui, plusieurs des t\u00e9l\u00e9phones mobiles les plus populaires du march\u00e9, comme l&rsquo;iPhone X ou le Pixel 2, ont supprim\u00e9 toute prise casque, alors se procurer une paire d&rsquo;\u00e9couteurs Bluetooth est un investissement pour l&rsquo;avenir. De plus, les casques Bluetooth se sont beaucoup am\u00e9lior\u00e9s ces derni\u00e8res ann\u00e9es. <strong>Le <a href=\"https:\/\/culturasonora.es\/fr\/non-classifiee\/sbc-vs-aac-aptx-vs-aac\/\" target=\"_blank\" rel=\"noreferrer noopener\">codec aptX<\/a> vous permet de transf\u00e9rer de l&rsquo;audio de haute qualit\u00e9 avec une latence tr\u00e8s faible<\/strong>, de sorte que la diff\u00e9rence de qualit\u00e9 sonore entre les casques sans fil et les casques filaires est minime.<\/p>    <p>Des \u00e9couteurs intra-auriculaires Bluetooth compacts sont disponibles, parfaits pour la natation ou toute activit\u00e9 sportive. Bien que ceux que nous aimons le plus soient les casques Bluetooth circum-auriculaires (Over-Ear) et supra-auriculaires (On-Ear), des mod\u00e8les plus confortables dans lesquels beaucoup int\u00e8grent des technologies de suppression du bruit.<\/p> <\/div>    <div class=\"wp-block-column is-layout-flow wp-block-column-is-layout-flow\"> <p class=\"has-text-align-center\"><strong>Casque sans fil \u00e0 radiofr\u00e9quence<\/strong> (RF)<\/p>   <div class=\"wp-block-image\"> <figure class=\"aligncenter size-large\"><img decoding=\"async\" width=\"1024\" height=\"342\" src=\"https:\/\/culturasonora.es\/wp-content\/uploads\/2017\/10\/Portada-Auriculares-TV-peke-1024x342.jpg\" alt=\"Gar\u00e7on regardant la t\u00e9l\u00e9vision avec des \u00e9couteurs\" class=\"wp-image-2789\" srcset=\"https:\/\/culturasonora.es\/wp-content\/uploads\/2017\/10\/Portada-Auriculares-TV-peke-1024x342.jpg 1024w, https:\/\/culturasonora.es\/wp-content\/uploads\/2017\/10\/Portada-Auriculares-TV-peke-300x100.jpg 300w, https:\/\/culturasonora.es\/wp-content\/uploads\/2017\/10\/Portada-Auriculares-TV-peke-768x257.jpg 768w, https:\/\/culturasonora.es\/wp-content\/uploads\/2017\/10\/Portada-Auriculares-TV-peke-1080x361.jpg 1080w, https:\/\/culturasonora.es\/wp-content\/uploads\/2017\/10\/Portada-Auriculares-TV-peke.jpg 1500w\" sizes=\"(max-width: 1024px) 100vw, 1024px\" \/><\/figure><\/div>   <p><br>L&rsquo;aspect positif de la <strong>technologie sans fil \u00e0 radiofr\u00e9quence (ou RF) est qu&rsquo;elle offre une tr\u00e8s grande port\u00e9e de connexion<\/strong> (jusqu&rsquo;\u00e0 100 m\u00e8tres), <strong>permettant \u00e9galement de connecter plusieurs casques simultan\u00e9ment<\/strong> \u00e0 la m\u00eame base. Les \u00e9couteurs RF utilisent un \u00e9metteur qui se connecte \u00e0 votre t\u00e9l\u00e9vision, votre home cin\u00e9ma ou votre cha\u00eene st\u00e9r\u00e9o. Ils sont faciles \u00e0 utiliser et, de notre point de vue,<strong> sont la meilleure option pour regarder la t\u00e9l\u00e9vision<\/strong>.<\/p>    <p>Les t\u00e9l\u00e9viseurs haute d\u00e9finition ont consid\u00e9rablement am\u00e9lior\u00e9 la qualit\u00e9 de l&rsquo;image, mais les haut-parleurs des t\u00e9l\u00e9viseurs mont\u00e9s en usine sont encore assez m\u00e9diocres. <strong>Les <a href=\"https:\/\/culturasonora.es\/auriculares\/los-mejores-auriculares-inalambricos-para-tv\/\" target=\"_blank\" rel=\"noreferrer noopener\">\u00e9couteurs TV sans fil<\/a> \u00e0 radiofr\u00e9quence sont une excellente solution<\/strong> si vous voulez un son de qualit\u00e9 sup\u00e9rieure pour un prix tr\u00e8s abordable. Les casques RF <strong>peuvent transf\u00e9rer l&rsquo;audio avec une latence minimale<\/strong>, inf\u00e9rieure \u00e0 celle de la plupart des casques Bluetooth. C&rsquo;est tr\u00e8s important lorsque vous regardez la t\u00e9l\u00e9vision ou des films, car tout retard dans l&rsquo;audio peut faire que les voix ne soient pas synchronis\u00e9es avec l&rsquo;image.<\/p>    <p>Le casque TV sans fil \u00e0 radiofr\u00e9quence vous permet d&rsquo;\u00e9couter vos \u00e9missions ou vos films pr\u00e9f\u00e9r\u00e9s sans d\u00e9ranger les autres personnes de la maison, et<strong> vous d\u00e9placer sans avoir \u00e0 vous soucier de tr\u00e9bucher sur des c\u00e2bles.<\/strong> Vous pouvez aussi les utiliser pour \u00e9couter de la musique, tout en faisant d&rsquo;autres activit\u00e9s, comme cuisiner, jouer \u00e0 des jeux ou faire des pompes dans le salon.<\/p> <\/div>    <div class=\"wp-block-column is-layout-flow wp-block-column-is-layout-flow\"> <p class=\"has-text-align-center\"><strong>Casque sans fil \u00e0 infrarouge (IR)<\/strong><\/p>   <div class=\"wp-block-image\"> <figure class=\"aligncenter size-large\"><img decoding=\"async\" width=\"1024\" height=\"813\" src=\"https:\/\/culturasonora.es\/wp-content\/uploads\/2018\/06\/auriculares-infrarojos-1024x813.jpg\" alt=\"\u00c9couteurs infrarouges\" class=\"wp-image-11526\" srcset=\"https:\/\/culturasonora.es\/wp-content\/uploads\/2018\/06\/auriculares-infrarojos-1024x813.jpg 1024w, https:\/\/culturasonora.es\/wp-content\/uploads\/2018\/06\/auriculares-infrarojos-300x238.jpg 300w, https:\/\/culturasonora.es\/wp-content\/uploads\/2018\/06\/auriculares-infrarojos-768x610.jpg 768w, https:\/\/culturasonora.es\/wp-content\/uploads\/2018\/06\/auriculares-infrarojos-1080x857.jpg 1080w, https:\/\/culturasonora.es\/wp-content\/uploads\/2018\/06\/auriculares-infrarojos.jpg 1125w\" sizes=\"(max-width: 1024px) 100vw, 1024px\" \/><\/figure><\/div>   <p><strong>Les \u00e9couteurs sans fil \u00e0 infrarouge utilisent la m\u00eame technologie IR que celle des t\u00e9l\u00e9commandes<\/strong>. Ils fonctionnent de la m\u00eame mani\u00e8re que les \u00e9couteurs \u00e0 radiofr\u00e9quence : ils int\u00e8grent un \u00e9metteur qui se branche sur votre t\u00e9l\u00e9vision ou votre cha\u00eene st\u00e9r\u00e9o, qui envoie des signaux aux \u00e9couteurs \u00e0 infrarouge.<\/p>    <p>Les casques sans fil \u00e0 infrarouge sont moins populaires que les casques Bluetooth ou les casques \u00e0 radiofr\u00e9quence, car <strong>ils doivent \u00eatre maintenus dans la m\u00eame ligne de vue d&rsquo;un \u00e9metteur, sinon la connexion est perdue<\/strong>. Le point positif est que les faisceaux infrarouges n&rsquo;interf\u00e8rent pas avec d&rsquo;autres signaux radio ou infrarouges, ils <strong>offrent donc une qualit\u00e9 sonore remarquable, sans aucun parasite et une latence tr\u00e8s faible<\/strong>.<\/p>    <p>Bien que les casques sans fil IR ne soient pas les plus populaires, certaines marques comme Sennheiser l&rsquo;int\u00e8grent toujours dans certains de leurs mod\u00e8les. Une autre utilisation des casques sans fil est le moyen d&rsquo;\u00e9couter de la musique, ou de regarder un film dans la voiture sans d\u00e9ranger les autres passagers. Nous vous recommandons de jeter un coup d&rsquo;\u0153il au lien suivant si vous voulez en savoir plus sur ce type de casque de musique IR, ou si vous souhaitez <a href=\"https:\/\/amzn.to\/2PKP2RR\" target=\"_blank\" rel=\"noreferrer noopener nofollow\">acheter une paire de casques<\/a>.<\/p> <\/div> <\/div>   <div class=\"wp-block-image\"> <figure class=\"aligncenter size-large\"><img decoding=\"async\" width=\"963\" height=\"725\" src=\"https:\/\/culturasonora.es\/wp-content\/uploads\/2018\/11\/mejores-auriculares-inalambricos-2018.jpg\" alt=\"meilleurs casques sans fil-2018\" class=\"wp-image-15564\" srcset=\"https:\/\/culturasonora.es\/wp-content\/uploads\/2018\/11\/mejores-auriculares-inalambricos-2018.jpg 963w, https:\/\/culturasonora.es\/wp-content\/uploads\/2018\/11\/mejores-auriculares-inalambricos-2018-300x226.jpg 300w, https:\/\/culturasonora.es\/wp-content\/uploads\/2018\/11\/mejores-auriculares-inalambricos-2018-768x578.jpg 768w\" sizes=\"(max-width: 963px) 100vw, 963px\" \/><\/figure><\/div>   <h2 class=\"wp-block-heading\"><strong>Guide d&rsquo;achat d&rsquo;\u00e9couteurs sans fil<\/strong><\/h2>    <h3 class=\"wp-block-heading\"><strong>De quel type d&rsquo;\u00e9couteurs sans fil avez-vous besoin ?<\/strong><\/h3>    <p>Il existe des casques <em>sans fil<\/em> con\u00e7us pour chaque utilisateur, mais il faut savoir comment les choisir. Voici quelques notions de base sur les casques que vous devez conna\u00eetre afin de choisir le casque qui vous convient. Pour plus d&rsquo;informations sur ce point, vous pouvez consulter notre <a href=\"https:\/\/culturasonora.es\/fr\/non-classifiee\/specifications-techniques-des-casques\/\" target=\"_blank\" rel=\"noreferrer noopener\">guide<\/a> des sp\u00e9cifications techniques des casques.<\/p>    <h4 class=\"wp-block-heading\"><strong>Casques sans fil ouverts ou ferm\u00e9s<\/strong><\/h4>    <p>Les \u00e9couteurs peuvent avoir un design ouvert ou ferm\u00e9. <strong>Les casques ouverts sont reconnaissables car ils poss\u00e8dent une sorte de grille<\/strong> \u00e0 partir de laquelle vous pouvez voir les composants internes du casque. Ils n&rsquo;isolent pas tr\u00e8s bien le son qu&rsquo;ils produisent, et n&rsquo;att\u00e9nuent pas non plus tr\u00e8s bien le bruit ambiant, c&rsquo;est pourquoi ils sont souvent utilis\u00e9s \u00e0 l&rsquo;int\u00e9rieur. D&rsquo;autre part, <strong>ils produisent la meilleure qualit\u00e9 sonore du march\u00e9<\/strong>. Les casques ferm\u00e9s n&rsquo;int\u00e8grent pas les grilles des casques ouverts et <strong>sont bien meilleurs pour isoler le son<\/strong> et att\u00e9nuer les bruits ext\u00e9rieurs. Ils sont le meilleur choix si vous avez besoin d&rsquo;un casque pour les environnements ext\u00e9rieurs.<\/p>    <p>Si vous cherchez un casque sans fil pour \u00e9couter de la musique \u00e0 la maison ou dans des environnements calmes, les \u00e9couteurs ouverts offrent les meilleures performances en termes de qualit\u00e9 sonore. Si vous avez besoin d&rsquo;un casque polyvalent et portable \u00e0 utiliser dans plusieurs endroits, les \u00e9couteurs \u00e0 dos ferm\u00e9 sont la solution.<\/p>    <h4 class=\"wp-block-heading\"><strong>Casque sans fil Over-Ear, On-Ear et In-Ear<\/strong><\/h4>   <div class=\"wp-block-image\"> <figure class=\"aligncenter size-large\"><img decoding=\"async\" width=\"800\" height=\"531\" src=\"https:\/\/culturasonora.es\/wp-content\/uploads\/2017\/11\/tipos-de-auriculares-tres-opciones.jpg\" alt=\"Types d'\u00e9couteurs\" class=\"wp-image-6089\" srcset=\"https:\/\/culturasonora.es\/wp-content\/uploads\/2017\/11\/tipos-de-auriculares-tres-opciones.jpg 800w, https:\/\/culturasonora.es\/wp-content\/uploads\/2017\/11\/tipos-de-auriculares-tres-opciones-300x199.jpg 300w, https:\/\/culturasonora.es\/wp-content\/uploads\/2017\/11\/tipos-de-auriculares-tres-opciones-768x510.jpg 768w\" sizes=\"(max-width: 800px) 100vw, 800px\" \/><\/figure><\/div>   <p>En plus de la conception ferm\u00e9e ou ouverte, les \u00e9couteurs sont divis\u00e9s en trois types : Over-Ear (circum-auriculaire), On-Ear (supra-auriculaire) et In-Ear (intra-auriculaire) :<\/p>    <ul class=\"wp-block-list\"> <li>Les <strong>casques Over-Ear (circum-auriculaires)<\/strong> sont les plus grands des trois types. Ils couvrent compl\u00e8tement les oreilles et offrent g\u00e9n\u00e9ralement la meilleure qualit\u00e9 sonore. Ils sacrifient une partie de la portabilit\u00e9 des mod\u00e8les On-Ear et In-Ear, en faveur d&rsquo;un plus grand confort et d&rsquo;une meilleure qualit\u00e9 sonore. Les meilleurs casques Hifi du march\u00e9 sont g\u00e9n\u00e9ralement des casques circumaural et ouvert. Ce sont aussi les \u00e9couteurs les plus s\u00fbrs pour \u00e9viter une \u00e9ventuelle perte d&rsquo;audition caus\u00e9e par une mauvaise utilisation des \u00e9couteurs.<\/li>    <li>Les <strong>casques On-Ear (supra-auriculaires)<\/strong> reposent sur les oreilles mais ne les recouvrent pas compl\u00e8tement. Ils sont moins confortables, et n&rsquo;offrent pas la m\u00eame qualit\u00e9 sonore que les \u00e9couteurs supra-auriculaires (\u00e0 quelques exceptions pr\u00e8s), mais ils sont plus portables et moins chers.<\/li>    <li>Les <strong>casques <a href=\"https:\/\/culturasonora.es\/auriculares\/mejores-auriculares-in-ear\/\" target=\"_blank\" rel=\"noreferrer noopener\">In-Ear<\/a> (intra-auriculaires)<\/strong> s&rsquo;ins\u00e8rent dans le conduit auditif de chaque oreille. Ce sont les \u00e9couteurs les plus petits et les plus portables. Les meilleurs mod\u00e8les peuvent avoir un son presque aussi bon que les \u00e9couteurs supra-auriculaires. Cependant, ils sont inconfortables \u00e0 porter pendant des p\u00e9riodes prolong\u00e9es.<\/li> <\/ul>    <h3 class=\"wp-block-heading\"><strong>Quels sont les principaux codecs Bluetooth ?<\/strong><\/h3>    <p>Les casques Bluetooth utilisent diff\u00e9rents algorithmes pour transf\u00e9rer la musique sans fil. <strong>Le plus courant est le SBC<\/strong>. Trouv\u00e9 dans la plupart des appareils sur le march\u00e9, mais a une latence un peu \u00e9lev\u00e9e, ce qui rend difficile la lecture de fichiers audio de haute qualit\u00e9.<\/p>    <p>D&rsquo;autre part, <strong>le codec aptX a une latence assez faible et permet de transf\u00e9rer des formats de haute qualit\u00e9 sans aucun probl\u00e8me<\/strong>. Si vous voulez \u00e9couter de la musique haute d\u00e9finition avec des \u00e9couteurs Bluetooth, nous vous recommandons d&rsquo;opter pour des mod\u00e8les qui prennent en charge ce codec. Le seul inconv\u00e9nient de cet algorithme est que tous les appareils ne le prennent pas en charge, c&rsquo;est pourquoi Apple a lanc\u00e9 le codec AAC. <strong>Le codec AAC est utilis\u00e9 par la plateforme <a href=\"https:\/\/www.apple.com\/itunes\/download\/\" target=\"_blank\" rel=\"noreferrer noopener\">iTunes<\/a><\/strong>, m\u00eame s&rsquo;il est rare de le trouver dans les \u00e9couteurs. Vous pouvez lire un guide plus d\u00e9taill\u00e9 sur les diff\u00e9rents codecs sur ce lien.<\/p>    <h3 class=\"wp-block-heading\"><strong>Qu&rsquo;est-ce que la technologie NFC ?<\/strong><\/h3>    <p><strong>NFC (Near Field Communication)<\/strong> est une technologie sans fil qui <strong>permet de transf\u00e9rer de petites donn\u00e9es dans une tr\u00e8s petite port\u00e9e (10 centim\u00e8tres maximum)<\/strong>. Cette technologie est utilis\u00e9e pour synchroniser deux appareils compatibles instantan\u00e9ment.<\/p>    <p><strong>Si vous avez un casque sans fil NFC et un t\u00e9l\u00e9phone portable compatible NFC, l&rsquo;appairage est tr\u00e8s rapide et facile.<\/strong> Il vous suffit d&rsquo;allumer l&rsquo;oreillette NFC et de la toucher avec votre t\u00e9l\u00e9phone portable. Cela permet d&rsquo;\u00e9tablir une connexion s\u00e9curis\u00e9e entre les deux ordinateurs. Ce n&rsquo;est pas une technologie tr\u00e8s n\u00e9cessaire, franchement, mais cela ne fait pas de mal de l&rsquo;avoir si vous avez un appareil compatible, car cela permet de gagner du temps dans le processus de synchronisation.<\/p>    <h3 class=\"wp-block-heading\"><strong>Quels \u00e9couteurs sans fil sont id\u00e9aux pour quelle personne ?<\/strong><\/h3>    <p><strong>Les casques Bluetooth intra-auriculaires sont parfaits pour le sport<\/strong>, m\u00eame si certains mod\u00e8les supra-auriculaires peuvent aussi \u00eatre utilis\u00e9s \u00e0 la salle de sport. Les oreillettes de sport sont \u00e9quip\u00e9es de poign\u00e9es qui fixent les oreillettes \u00e0 vos oreilles, pour qu&rsquo;elles ne tombent pas pendant que vous faites de l&rsquo;exercice. De plus, de nombreux mod\u00e8les ont des microphones int\u00e9gr\u00e9s pour que vous puissiez r\u00e9pondre aux appels tout en courant, et vous pouvez aussi les obtenir avec une protection \u00e9tanche pour pouvoir nager avec.<\/p>    <p><strong>Les \u00e9couteurs sans fil circum-auriculaires sont un excellent moyen de s&rsquo;isoler du bruit de l&rsquo;environnement de travail, et de ne pas d\u00e9ranger les personnes qui vous entourent avec votre musique<\/strong>. Les oreillettes Bluetooth sont id\u00e9ales pour voyager. Vous pouvez opter pour un casque l\u00e9ger avec un cadre pliable, mais si vous passez beaucoup de temps dans les avions ou les terminaux, nous vous recommandons un <a href=\"https:\/\/culturasonora.es\/auriculares\/cancelacion-de-ruido\/\" target=\"_blank\" rel=\"noreferrer noopener\">casque antibruit<\/a> sans fil. Ils sont un peu plus lourds, mais ils sont confortables et vous emp\u00eachent d&rsquo;\u00eatre distrait par le bruit ambiant.<\/p>    <p><strong>Si vous voulez \u00e9couter de la musique de haute qualit\u00e9 \u00e0 la maison, votre meilleure option est un <a href=\"https:\/\/culturasonora.es\/fr\/casques\/hifi\/\" target=\"_blank\" rel=\"noreferrer noopener\">casque Hifi<\/a><\/strong> <strong>circum-auriculaire ouvert<\/strong>. Ces \u00e9couteurs sont dot\u00e9s de grands haut-parleurs, qui produisent un son plus profond et de meilleure qualit\u00e9. En revanche, si vous vivez avec beaucoup de monde et que vous ne voulez pas les d\u00e9ranger avec votre musique, nous vous recommandons d&rsquo;opter pour un mod\u00e8le ferm\u00e9. Les <strong>\u00e9couteurs sans fil, qu&rsquo;ils soient \u00e0 fr\u00e9quence radio ou Bluetooth, sont tr\u00e8s utiles et parfaits pour regarder la t\u00e9l\u00e9vision<\/strong>. Vous pouvez vous \u00e9loigner de l&rsquo;\u00e9cran sans manquer les informations audio, tout en faisant d&rsquo;autres activit\u00e9s.<\/p>   <div class=\"wp-block-image\"> <figure class=\"aligncenter size-large\"><img decoding=\"async\" width=\"768\" height=\"512\" src=\"https:\/\/culturasonora.es\/wp-content\/uploads\/2018\/06\/mejores-auriculares-Bluetooth-2018.jpg\" alt=\"\u00e9couteurs bluetooth 2018\" class=\"wp-image-11508\" srcset=\"https:\/\/culturasonora.es\/wp-content\/uploads\/2018\/06\/mejores-auriculares-Bluetooth-2018.jpg 768w, https:\/\/culturasonora.es\/wp-content\/uploads\/2018\/06\/mejores-auriculares-Bluetooth-2018-300x200.jpg 300w\" sizes=\"(max-width: 768px) 100vw, 768px\" \/><\/figure><\/div>   <h3 class=\"wp-block-heading\"><strong><br>Pourquoi avez-vous besoin d&rsquo;un casque sans fil ?<\/strong><\/h3>    <p><strong>La raison la plus importante d&rsquo;acheter un casque sans fil est sa polyvalence<\/strong>. Les casques sans fil vous donnent une grande libert\u00e9 de mouvement, et sont parfaits pour \u00eatre utilis\u00e9s partout. Ils \u00e9liminent le tracas des c\u00e2bles, sont pratiques et offrent des options de connectivit\u00e9 plus larges, car vous n&rsquo;avez pas besoin de les connecter \u00e0 une prise casque.<\/p>    <p><strong>Les \u00e9couteurs intra-auriculaires sans fil sont id\u00e9aux pour faire des activit\u00e9s sportives en plein air<\/strong>. D&rsquo;autre part, <strong>les casques sans fil supra-auriculaires et circumauriculaires sont les plus populaires pour une utilisation quotidienne<\/strong>. Ils sont plus pratiques, ont souvent des batteries plus performantes, et peuvent \u00eatre c\u00e2bl\u00e9s si vous n&rsquo;avez plus de batterie.<\/p>    <p>Le jugement sur la qualit\u00e9 sonore des \u00e9couteurs est toujours tr\u00e8s personnel, et varie d&rsquo;une personne \u00e0 l&rsquo;autre. La meilleure chose \u00e0 faire est d&rsquo;essayer plusieurs mod\u00e8les et de lire des critiques objectives, pour se faire une id\u00e9e des performances d&rsquo;une paire d&rsquo;\u00e9couteurs sans fil. Sur Culturasonora, vous trouverez des avis professionnels sur les meilleurs \u00e9couteurs du march\u00e9. Nous vous laissons avec une vid\u00e9o des \u00e9couteurs Bluetooth <strong>Bose QuietComfort 35 II <\/strong>:<\/p>","protected":false},"excerpt":{"rendered":"<p>Les \u00e9couteurs sans fil font fureur. Les casques de musique sans fil offrent une libert\u00e9 de mouvement et des possibilit\u00e9s de connectivit\u00e9 in\u00e9dites. Apprends avec Culturasonora tout sur les \u00e9couteurs sans fil. Tu es pr\u00eate \u00e0 le faire ?<\/p>\n","protected":false},"author":11,"featured_media":69779,"parent":69500,"menu_order":0,"comment_status":"closed","ping_status":"closed","template":"","meta":{"footnotes":""},"tags":[],"class_list":["post-69778","page","type-page","status-publish","has-post-thumbnail","hentry"],"acf":[],"_links":{"self":[{"href":"https:\/\/culturasonora.es\/fr\/wp-json\/wp\/v2\/pages\/69778","targetHints":{"allow":["GET"]}}],"collection":[{"href":"https:\/\/culturasonora.es\/fr\/wp-json\/wp\/v2\/pages"}],"about":[{"href":"https:\/\/culturasonora.es\/fr\/wp-json\/wp\/v2\/types\/page"}],"author":[{"embeddable":true,"href":"https:\/\/culturasonora.es\/fr\/wp-json\/wp\/v2\/users\/11"}],"replies":[{"embeddable":true,"href":"https:\/\/culturasonora.es\/fr\/wp-json\/wp\/v2\/comments?post=69778"}],"version-history":[{"count":0,"href":"https:\/\/culturasonora.es\/fr\/wp-json\/wp\/v2\/pages\/69778\/revisions"}],"up":[{"embeddable":true,"href":"https:\/\/culturasonora.es\/fr\/wp-json\/wp\/v2\/pages\/69500"}],"wp:featuredmedia":[{"embeddable":true,"href":"https:\/\/culturasonora.es\/fr\/wp-json\/wp\/v2\/media\/69779"}],"wp:attachment":[{"href":"https:\/\/culturasonora.es\/fr\/wp-json\/wp\/v2\/media?parent=69778"}],"wp:term":[{"taxonomy":"post_tag","embeddable":true,"href":"https:\/\/culturasonora.es\/fr\/wp-json\/wp\/v2\/tags?post=69778"}],"curies":[{"name":"wp","href":"https:\/\/api.w.org\/{rel}","templated":true}]}}