{"id":70309,"date":"2022-07-13T13:41:08","date_gmt":"2022-07-13T13:41:08","guid":{"rendered":"https:\/\/culturasonora.es\/sennheiser-momentum-true-wireless-2-excellente-qualite-sonore-et-annulation-active-du-bruit\/"},"modified":"2024-11-25T10:18:54","modified_gmt":"2024-11-25T10:18:54","slug":"sennheiser-momentum-wireless-2","status":"publish","type":"page","link":"https:\/\/culturasonora.es\/fr\/sennheiser-momentum-wireless-2\/","title":{"rendered":"Sennheiser Momentum True Wireless 2 : Excellente qualit\u00e9 sonore et annulation active du bruit"},"content":{"rendered":"<div class=\"wp-block-image\"> <figure class=\"aligncenter size-large\"><img decoding=\"async\" width=\"1024\" height=\"576\" src=\"https:\/\/culturasonora.es\/wp-content\/uploads\/2020\/08\/sennheiser-portada-web-1024x576.jpg\" alt=\"sennheiser momentum true wireless\" class=\"wp-image-37806\" srcset=\"https:\/\/culturasonora.es\/wp-content\/uploads\/2020\/08\/sennheiser-portada-web-1024x576.jpg 1024w, https:\/\/culturasonora.es\/wp-content\/uploads\/2020\/08\/sennheiser-portada-web-300x169.jpg 300w, https:\/\/culturasonora.es\/wp-content\/uploads\/2020\/08\/sennheiser-portada-web-768x432.jpg 768w, https:\/\/culturasonora.es\/wp-content\/uploads\/2020\/08\/sennheiser-portada-web-1080x608.jpg 1080w, https:\/\/culturasonora.es\/wp-content\/uploads\/2020\/08\/sennheiser-portada-web-980x551.jpg 980w, https:\/\/culturasonora.es\/wp-content\/uploads\/2020\/08\/sennheiser-portada-web-480x270.jpg 480w, https:\/\/culturasonora.es\/wp-content\/uploads\/2020\/08\/sennheiser-portada-web.jpg 1280w\" sizes=\"(max-width: 1024px) 100vw, 1024px\" \/><\/figure><\/div>  <div class=\"about_product_page\">     <div class=\"half_children_block\">                 <div>                             <img decoding=\"async\" width=\"350\" height=\"77\" src=\"https:\/\/culturasonora.es\/wp-content\/themes\/new-cultura-sonora\/assets\/img\/PROS.jpg\" alt=\"Pros\" loading=\"lazy\">                 <p>Qualit\u00e9 sonore, annulation remarquable du bruit, longue dur\u00e9e de vie de la batterie, design \u00e9l\u00e9gant.<\/p>                                         <img decoding=\"async\" width=\"350\" height=\"77\" src=\"https:\/\/culturasonora.es\/wp-content\/themes\/new-cultura-sonora\/assets\/img\/CONS.jpg\" alt=\"Cons\" loading=\"lazy\">                 <p>Co\u00fbteux.<\/p>                     <\/div>     <\/div>             <div class=\"fullwidth_block\">             <a href=\"https:\/\/amzn.to\/3eYQOMq\" class=\"style_btn orange_btn\" target=\"_blank\" rel=\"noopener noreferrer nofollow\"><span>VOIR LE PRIX<\/span><\/a>         <\/div>             <div class=\"fullwidth_block product_after\"><h4 class=\"subtitulo_producto_comparativos\">Caract\u00e9ristiques techniques Sennheiser Momentum True Wireless II :<\/h4> <ul> <li><strong>Type : <\/strong>Intraural.<\/li> <li><strong>Annulation du bruit :<\/strong> Oui.<\/li> <li><strong>Autonomie de la batterie : 7 <\/strong>heures (28 heures avec l&rsquo;\u00e9tui).<\/li> <li><strong>Poids : 6 <\/strong>grammes (chaque \u00e9couteur).<\/li> <\/ul> <\/div> <\/div>     <p>Les Sennheiser Momentum True Wireless originaux ont \u00e9t\u00e9 lanc\u00e9s pour concurrencer les AirPods. Ils offraient un son \u00e9quilibr\u00e9, de bonnes fonctionnalit\u00e9s et une autonomie de batterie assez d\u00e9cente. Les nouveaux Momentum True Wireless 2 pr\u00e9sentent des am\u00e9liorations significatives dans tous les d\u00e9partements. Ils sont dot\u00e9s d&rsquo;une annulation active du bruit robuste, d&rsquo;une batterie haute performance et d&rsquo;une qualit\u00e9 sonore am\u00e9lior\u00e9e.<\/p>    <figure class=\"wp-block-image size-full is-resized\"><img decoding=\"async\" width=\"1000\" height=\"921\" src=\"https:\/\/culturasonora.es\/wp-content\/uploads\/2020\/08\/sennheiser-estuche-web.jpg\" alt=\"\u00e9tui sennheiser momentum true wireless\" class=\"wp-image-37810\" style=\"width:642px;height:591px\" srcset=\"https:\/\/culturasonora.es\/wp-content\/uploads\/2020\/08\/sennheiser-estuche-web.jpg 1000w, https:\/\/culturasonora.es\/wp-content\/uploads\/2020\/08\/sennheiser-estuche-web-300x276.jpg 300w, https:\/\/culturasonora.es\/wp-content\/uploads\/2020\/08\/sennheiser-estuche-web-768x707.jpg 768w, https:\/\/culturasonora.es\/wp-content\/uploads\/2020\/08\/sennheiser-estuche-web-980x903.jpg 980w, https:\/\/culturasonora.es\/wp-content\/uploads\/2020\/08\/sennheiser-estuche-web-480x442.jpg 480w\" sizes=\"(max-width: 1000px) 100vw, 1000px\" \/><\/figure>    <h2 class=\"wp-block-heading\">Design<\/h2>    <p>Les nouveaux <strong>Momentum True Wireless 2 de Sennheiser<\/strong> sont un peu chers, mais il suffit de les toucher pendant une seconde pour se rendre compte que c&rsquo;est un produit de la plus haute qualit\u00e9. En termes de design, ils ressemblent beaucoup \u00e0 la version pr\u00e9c\u00e9dente. Les oreillettes ont une forme arrondie et des commandes tactiles int\u00e9gr\u00e9es \u00e0 l&rsquo;ext\u00e9rieur.<\/p>    <p><strong>Ils ont une finition noire et argent\u00e9e qui a l&rsquo;air \u00e9l\u00e9gante et moderne<\/strong>. Et comme tous les meilleurs \u00e9couteurs True Wireless, ils sont livr\u00e9s avec un \u00e9tui tout aussi \u00e9l\u00e9gant qui fait office de port de charge. L&rsquo;\u00e9tui comporte un port USB-C et un petit bouton sur lequel vous pouvez appuyer pour savoir combien de charge il vous reste. Un voyant LED s&rsquo;allume en rouge, orange ou vert selon l&rsquo;\u00e9tat.<\/p>    <p><strong>Les nouveaux True Wireless 2 sont 2 mm plus petits que le mod\u00e8le pr\u00e9c\u00e9dent.<\/strong> Ils sont plus discrets que les Sony WF-1000XM3 et sont tr\u00e8s confortables. Ils sont livr\u00e9s avec quatre paires de coussinets en silicone de diff\u00e9rentes tailles. Les coussinets sont faciles \u00e0 changer et sont tr\u00e8s agr\u00e9ables au toucher. Ils conviennent parfaitement \u00e0 la plupart des utilisateurs. Bien que les personnes ayant de tr\u00e8s petites oreilles puissent les trouver inconfortables pour de longues sessions.<\/p>    <p>Ils sont <strong>certifi\u00e9s IPX4<\/strong>, ce qui signifie qu&rsquo;ils peuvent r\u00e9sister aux gouttes de pluie et \u00e0 la sueur. Ils sont parfaits pour \u00eatre utilis\u00e9s dans la salle de sport ou dans la rue.<\/p>    <h2 class=\"wp-block-heading\">Qualit\u00e9 du son<\/h2>    <p>Comme leurs pr\u00e9d\u00e9cesseurs, <strong>les Sennheiser Momentum True Wireless 2 sont dot\u00e9s de pilotes dynamiques de 7 mm<\/strong>, qui produisent un son exceptionnel pour leur taille. L&rsquo;imagerie st\u00e9r\u00e9o est remarquable, avec des basses profondes, des m\u00e9diums naturels et des aigus d\u00e9taill\u00e9s. Nous les avons test\u00e9s en jouant diff\u00e9rents genres de musique et avons trouv\u00e9 un son riche avec d&rsquo;excellentes textures \u00e0 toutes les fr\u00e9quences.<\/p>    <p>Les percussions sont fortes et contr\u00f4l\u00e9es. Les Sennheiser Momentum True Wireless 2 offrent une <strong>grande pr\u00e9cision de battement<\/strong>. La spatialit\u00e9 vous permet aussi de profiter de tous les instruments dans leur propre espace. Le profil sonore est raffin\u00e9 et mature. Aucun \u00e9l\u00e9ment ne semble exag\u00e9r\u00e9 ou \u00e9touff\u00e9. Les basses, les moyennes et les aigus ont la m\u00eame force.<\/p>    <p>Les sons graves sont \u00e9tonnamment forts pour des \u00e9couteurs True Wireless. Cela dit, les tons moyens et aigus conservent une excellente pr\u00e9sence. <strong>Les voix sont d\u00e9taill\u00e9es<\/strong> et les aigus sont tr\u00e8s nets. Le profil sonore est tr\u00e8s bien r\u00e9alis\u00e9. La spatialit\u00e9 est ample et les d\u00e9tails ressortent. La seule concurrence sur le march\u00e9 du True Wireless est les Sony WF-1000XM3.<\/p>    <p>Dans les hautes fr\u00e9quences, les Momentum True Wireless 2 ont un son plus contr\u00f4l\u00e9 que les Sony et les AirPods Pro, m\u00eame si l&rsquo;annulation du bruit des WF-1000XM3 est un peu meilleure. Cela dit, les d\u00e9tails sont stup\u00e9fiants lorsqu&rsquo;on joue n&rsquo;importe quel genre de musique. Ils fonctionnent aussi tr\u00e8s bien pour regarder des vid\u00e9os sur Internet ou des films sur Netflix.<\/p>    <h2 class=\"wp-block-heading\">Annulation active du bruit<\/h2>    <p><strong>La plus grande nouveaut\u00e9 du Sennheiser Momentum True Wireless 2 est l&rsquo;ajout de la technologie d&rsquo;annulation active du bruit<\/strong>. Il fonctionne de mani\u00e8re tr\u00e8s solide et les avantages sont remarquables. Lorsqu&rsquo;il est activ\u00e9, il \u00e9limine presque compl\u00e8tement le bruit ambiant. Sony a l&rsquo;avantage dans ce domaine, mais la diff\u00e9rence n&rsquo;est pas tr\u00e8s importante. Pour activer ou d\u00e9sactiver l&rsquo;annulation active du bruit, vous pouvez utiliser les commandes tactiles sur les oreillettes ou l&rsquo;<a href=\"https:\/\/www.sennheiser-hearing.com\/fr-FR\/smartcontrol\/\" target=\"_blank\" rel=\"noreferrer noopener\">appli<\/a>.<\/p>    <p>Ces \u00e9couteurs sans fil Sennheiser offrent \u00e9galement un certain nombre de fonctions utiles. La lecture s&rsquo;interrompt automatiquement d\u00e8s que vous retirez l&rsquo;un des \u00e9couteurs. <strong>Le mode Audition transparente vous permet d&rsquo;entendre certains sons ambiants<\/strong>, ce qui est n\u00e9cessaire dans les a\u00e9roports ou les gares, par exemple.<\/p>    <figure class=\"wp-block-image size-large\"><img decoding=\"async\" width=\"1024\" height=\"576\" src=\"https:\/\/culturasonora.es\/wp-content\/uploads\/2020\/08\/sennheiser-caja-web-1024x576.jpg\" alt=\"sennheiser-box-web\" class=\"wp-image-37807\" srcset=\"https:\/\/culturasonora.es\/wp-content\/uploads\/2020\/08\/sennheiser-caja-web-1024x576.jpg 1024w, https:\/\/culturasonora.es\/wp-content\/uploads\/2020\/08\/sennheiser-caja-web-300x169.jpg 300w, https:\/\/culturasonora.es\/wp-content\/uploads\/2020\/08\/sennheiser-caja-web-768x432.jpg 768w, https:\/\/culturasonora.es\/wp-content\/uploads\/2020\/08\/sennheiser-caja-web-1080x608.jpg 1080w, https:\/\/culturasonora.es\/wp-content\/uploads\/2020\/08\/sennheiser-caja-web-980x551.jpg 980w, https:\/\/culturasonora.es\/wp-content\/uploads\/2020\/08\/sennheiser-caja-web-480x270.jpg 480w, https:\/\/culturasonora.es\/wp-content\/uploads\/2020\/08\/sennheiser-caja-web.jpg 1280w\" sizes=\"(max-width: 1024px) 100vw, 1024px\" \/><\/figure>    <h2 class=\"wp-block-heading\">Connectivit\u00e9  <\/h2>    <p><strong>Les commandes tactiles vous permettent de contr\u00f4ler la lecture et d&rsquo;ex\u00e9cuter plusieurs fonctions<\/strong>. En outre, vous pouvez attribuer diff\u00e9rentes fonctions aux commandes via l&rsquo;application Sennheiser Smart Control, disponible pour les appareils IOS et Android. Sur l&rsquo;oreillette de gauche, vous pouvez contr\u00f4ler la lecture et changer de chanson. Avec l&rsquo;oreillette droite, vous pouvez activer l&rsquo;assistant personnel, r\u00e9pondre aux appels, activer le mode Audition transparente et activer ou d\u00e9sactiver l&rsquo;ANC.<\/p>    <p>La connectivit\u00e9 avec un smartphone fonctionne parfaitement gr\u00e2ce \u00e0 la nouvelle <strong>technologie Bluetooth 5.1<\/strong>. De plus, ils prennent en charge le codec aptX de Qualcomm qui vous permet de diffuser de l&rsquo;audio haute r\u00e9solution sans fil.<\/p>    <h2 class=\"wp-block-heading\">Dur\u00e9e de vie de la batterie<\/h2>    <p>Le Sennheiser Momentum True Wireless 2 dispose d&rsquo;une plus grande autonomie que ses pr\u00e9d\u00e9cesseurs. <strong>Les gobelets vous donnent sept heures suppl\u00e9mentaires et l&rsquo;\u00e9tui vous donne 21 heures suppl\u00e9mentaires<\/strong>. Ils augmentent les performances des \u00e9couteurs de quatre heures et du chargeur de huit heures, une capacit\u00e9 qui se situe au sommet du march\u00e9 du True Wireless.<\/p>    <h2 class=\"wp-block-heading\">Conclusion<\/h2>    <p><strong>Ces \u00e9couteurs True Wireless sont un peu chers, mais ils sont tr\u00e8s performants dans tous les domaines<\/strong>. Ils sont tr\u00e8s confortables, ont une excellente autonomie et une solide annulation du bruit. Cette nouvelle version am\u00e9liore consid\u00e9rablement tous les aspects de ses pr\u00e9d\u00e9cesseurs et offre une excellente qualit\u00e9 audio.<\/p>    <p>Ils sont excellents et au sommet du march\u00e9. Ils sont certifi\u00e9s IPX4 et peuvent \u00eatre utilis\u00e9s partout. Si vous avez besoin d&rsquo;\u00e9couteurs sans fil qui offrent une qualit\u00e9 audio capable de satisfaire les audiophiles exigeants, les Sennheiser Momentum True Wireless 2 sont id\u00e9aux. Vous \u00eates int\u00e9ress\u00e9 ? Trouvez le <a href=\"https:\/\/amzn.to\/3eYQOMq\" target=\"_blank\" rel=\"noreferrer noopener nofollow nofollow\">meilleur prix sur Amazon<\/a>.<\/p>    <p>Nous vous recommandons de consulter les Huawei FreeBuds Pro 2, un autre excellent True Wireless. Plus, la revue de la nouvelle mise \u00e0 jour : le Sennheiser Momentum True Wireless 3.<\/p>    <h2 class=\"wp-block-heading\">Avis sur les Sennheiser Momentum True Wireless 2<\/h2>    <p>Ce mod\u00e8le a une note moyenne de 4,3 sur 5 \u00e9toiles sur Amazon. Dans l&rsquo;ensemble, la plupart des utilisateurs sont d&rsquo;accord avec la qualit\u00e9 du son, la construction et l&rsquo;ANC. Cela dit, ils pensent aussi qu&rsquo;ils sont un peu chers. Vous trouverez ci-dessous quelques-unes des diff\u00e9rentes critiques du portail d&rsquo;achat :<\/p>    <ul class=\"wp-block-list\"> <li>Moi : Super. Ils sonnent mieux que les AirPods Pro, avec des basses puissantes et un son net et d\u00e9taill\u00e9 \u00e0 toutes les fr\u00e9quences.<\/li>    <li>Daniel V : Ils ont l&rsquo;air et le son tr\u00e8s bons. Cependant, j&rsquo;ai trouv\u00e9 que l&rsquo;annulation du bruit \u00e9tait minime.<\/li>    <li>Client Amazon : Je pense que les \u00e9couteurs sont excellents en termes de son et de design, mais le service technique est honteux.<\/li> <\/ul>    <figure class=\"wp-block-embed is-type-video is-provider-youtube wp-block-embed-youtube wp-embed-aspect-16-9 wp-has-aspect-ratio\"><div class=\"wp-block-embed__wrapper\"> <iframe loading=\"lazy\" title=\"Sennheiser Momentum True Wireless 2 | Sennheiser\" width=\"500\" height=\"281\" src=\"https:\/\/www.youtube.com\/embed\/CUANvNUwFeI?feature=oembed\" frameborder=\"0\" allow=\"accelerometer; autoplay; clipboard-write; encrypted-media; gyroscope; picture-in-picture; web-share\" referrerpolicy=\"strict-origin-when-cross-origin\" allowfullscreen><\/iframe> <\/div><\/figure>   <div id=\"mediavine-settings\" data-blocklist-content-desktop=\"1\" data-blocklist-content-mobile=\"1\" data-blocklist-adhesion-mobile=\"1\" data-blocklist-adhesion-tablet=\"1\" data-blocklist-adhesion-desktop=\"1\" data-blocklist-recipe=\"1\" data-blocklist-auto-insert-sticky=\"1\" data-blocklist-in-image=\"1\" data-blocklist-chicory=\"1\" data-blocklist-zergnet=\"1\" data-blocklist-interstitial-mobile=\"1\" data-blocklist-interstitial-desktop=\"1\" data-blocklist-universal-player-desktop=\"1\" data-blocklist-universal-player-mobile=\"1\" data-expires-at=\"2032-05-27\"><\/div>","protected":false},"excerpt":{"rendered":"<p>Examen approfondi du nouveau Sennheiser Momentum True Wireless 2. Apprenez tout sur ces \u00e9couteurs Sennheiser vraiment sans fil qui sont dot\u00e9s d&rsquo;une superbe annulation du bruit, offrent une qualit\u00e9 sonore incroyable et int\u00e8grent une batterie haute performance&#8230;..<\/p>\n","protected":false},"author":11,"featured_media":64087,"parent":0,"menu_order":0,"comment_status":"closed","ping_status":"closed","template":"views\/page-without-intro.php","meta":{"footnotes":""},"tags":[],"class_list":["post-70309","page","type-page","status-publish","has-post-thumbnail","hentry"],"acf":[],"_links":{"self":[{"href":"https:\/\/culturasonora.es\/fr\/wp-json\/wp\/v2\/pages\/70309","targetHints":{"allow":["GET"]}}],"collection":[{"href":"https:\/\/culturasonora.es\/fr\/wp-json\/wp\/v2\/pages"}],"about":[{"href":"https:\/\/culturasonora.es\/fr\/wp-json\/wp\/v2\/types\/page"}],"author":[{"embeddable":true,"href":"https:\/\/culturasonora.es\/fr\/wp-json\/wp\/v2\/users\/11"}],"replies":[{"embeddable":true,"href":"https:\/\/culturasonora.es\/fr\/wp-json\/wp\/v2\/comments?post=70309"}],"version-history":[{"count":0,"href":"https:\/\/culturasonora.es\/fr\/wp-json\/wp\/v2\/pages\/70309\/revisions"}],"wp:featuredmedia":[{"embeddable":true,"href":"https:\/\/culturasonora.es\/fr\/wp-json\/wp\/v2\/media\/64087"}],"wp:attachment":[{"href":"https:\/\/culturasonora.es\/fr\/wp-json\/wp\/v2\/media?parent=70309"}],"wp:term":[{"taxonomy":"post_tag","embeddable":true,"href":"https:\/\/culturasonora.es\/fr\/wp-json\/wp\/v2\/tags?post=70309"}],"curies":[{"name":"wp","href":"https:\/\/api.w.org\/{rel}","templated":true}]}}