{"id":70463,"date":"2019-02-13T05:26:34","date_gmt":"2019-02-13T05:26:34","guid":{"rendered":"https:\/\/culturasonora.es\/revues-des-meilleurs-ecouteurs-pour-taider-dans-le-processus-dachat\/les-meilleurs-ecouteurs-xiaomi-de-2022-comparaison-critiques-et-prix\/xiaomi-airdots-revue-opinions-et-prix-des-xiaomi-mi-airdots\/"},"modified":"2024-11-25T11:17:53","modified_gmt":"2024-11-25T11:17:53","slug":"airdots","status":"publish","type":"page","link":"https:\/\/culturasonora.es\/fr\/casques\/xiaomi\/airdots\/","title":{"rendered":"Xiaomi Airdots : revue, opinions et prix des Xiaomi Mi Airdots."},"content":{"rendered":"<figure class=\"wp-block-image size-large\"><img decoding=\"async\" width=\"870\" height=\"550\" src=\"https:\/\/culturasonora.es\/wp-content\/uploads\/2019\/02\/Airdots-Xiaomi-Mi.jpg\" alt=\"Airdots-Xiaomi-Mi\" class=\"wp-image-19615\" srcset=\"https:\/\/culturasonora.es\/wp-content\/uploads\/2019\/02\/Airdots-Xiaomi-Mi.jpg 870w, https:\/\/culturasonora.es\/wp-content\/uploads\/2019\/02\/Airdots-Xiaomi-Mi-300x190.jpg 300w, https:\/\/culturasonora.es\/wp-content\/uploads\/2019\/02\/Airdots-Xiaomi-Mi-768x486.jpg 768w\" sizes=\"(max-width: 870px) 100vw, 870px\" \/><\/figure>   <div class=\"about_product_page\">     <div class=\"half_children_block\">                     <div class=\"rating_wrapper\">                 <div id=\"rating\" class=\"rating\">                     <span id=\"ratingCount\">85<\/span>                 <\/div>                 <p>Rating<\/p>             <\/div>                 <div>                             <img decoding=\"async\" width=\"350\" height=\"77\" src=\"https:\/\/culturasonora.es\/wp-content\/themes\/new-cultura-sonora\/assets\/img\/PROS.jpg\" alt=\"Pros\" loading=\"lazy\">                 <p>Bonne qualit\u00e9 sonore, design \u00e9pur\u00e9 et \u00e9l\u00e9gant, station de charge de type \u00e9tui, r\u00e9sistant \u00e0 la transpiration.<\/p>                                         <img decoding=\"async\" width=\"350\" height=\"77\" src=\"https:\/\/culturasonora.es\/wp-content\/themes\/new-cultura-sonora\/assets\/img\/CONS.jpg\" alt=\"Cons\" loading=\"lazy\">                 <p>Microphone ordinaire, vitesse de chargement un peu lente.<\/p>                     <\/div>     <\/div>             <div class=\"fullwidth_block\">             <a href=\"https:\/\/www.amazon.fr\/AirDots-%C3%89couteurs-Bluetooth-charge-rapide\/dp\/B08ZHXGPSP\/ref=sr_1_5?__mk_fr_FR=%C3%85M%C3%85%C5%BD%C3%95%C3%91&#038;crid=4BS671FYCH86&#038;keywords=Xiaomi+%2BAirdots&#038;qid=1676235212&#038;sprefix=xiaomi+%2Bairdots%2Caps%2C152&#038;sr=8-5\" class=\"style_btn orange_btn\" target=\"_blank\" rel=\"noopener noreferrer\"><span>VOIR LE PRIX<\/span><\/a>         <\/div>             <div class=\"fullwidth_block product_after\"><h2 class=\"subtitulo_producto_comparativos\">Caract\u00e9ristiques techniques des <strong>Xiaomi Airdots<\/strong>:<\/h2> <ul> <li><strong>Type<\/strong>: In-Ear<\/li> <li><strong>Autonomie de la batterie :<\/strong> 3,5 heures.<\/li> <li><strong>Couleurs<\/strong>: Blanc.<\/li> <li><strong>Poids :<\/strong> 4 g (chaque oreillette).<\/li> <li><strong>Connectivit\u00e9 :<\/strong> Bluetooth 5.0.<\/li> <\/ul> <\/div> <\/div>     <p>L&rsquo;avis est plus ou moins unanime : les Xiaomi Airdots sont des \u00e9couteurs sans fil qui \u00e9branlent la r\u00e9putation peut-\u00eatre excessive de leurs plus proches concurrents d&rsquo;Apple.  <\/p>    <p>Pour une fraction du prix des AirPods d&rsquo;Apple, vous pouvez profiter d&rsquo;un produit qui offre une gamme de fonctions et de caract\u00e9ristiques qui en ont fait <strong>l&rsquo;un des meilleurs rapports qualit\u00e9-prix des \u00e9couteurs <em>sans fil<\/em> de milieu de gamme<\/strong>.<\/p>    <p>Dans cette critique de Culturasonora, nous vous expliquons les raisons de cette folie collective.<\/p>   <div class=\"wp-block-image\"> <figure class=\"aligncenter size-large\"><img decoding=\"async\" width=\"1024\" height=\"576\" src=\"https:\/\/culturasonora.es\/wp-content\/uploads\/2019\/02\/Airdots-Mi-1024x576.jpg\" alt=\"xiaomi Airdtos\" class=\"wp-image-19609\" srcset=\"https:\/\/culturasonora.es\/wp-content\/uploads\/2019\/02\/Airdots-Mi-1024x576.jpg 1024w, https:\/\/culturasonora.es\/wp-content\/uploads\/2019\/02\/Airdots-Mi-300x169.jpg 300w, https:\/\/culturasonora.es\/wp-content\/uploads\/2019\/02\/Airdots-Mi-768x432.jpg 768w, https:\/\/culturasonora.es\/wp-content\/uploads\/2019\/02\/Airdots-Mi-1080x608.jpg 1080w, https:\/\/culturasonora.es\/wp-content\/uploads\/2019\/02\/Airdots-Mi.jpg 1920w\" sizes=\"(max-width: 1024px) 100vw, 1024px\" \/><\/figure><\/div>   <h2 class=\"wp-block-heading\">Design<\/h2>    <p><strong>Les Airdots de Xiaomi sont fabriqu\u00e9s avec amour<\/strong>. Ce n&rsquo;est pas toujours la qualit\u00e9 d&rsquo;un produit qui explique les diff\u00e9rences de prix importantes. Le bo\u00eetier et les oreillettes sont tous deux fabriqu\u00e9s dans un plastique doux et agr\u00e9able au toucher.<\/p>    <p>C&rsquo;est s\u00fbrement diff\u00e9rent du plastique dur des AirPods d&rsquo;Apple, mais ils offrent certainement une alternative int\u00e9ressante. Les oreillettes elles-m\u00eames ont des <strong>petites extr\u00e9mit\u00e9s caoutchout\u00e9es tr\u00e8s subtiles. Ceci leur donne une touche d&rsquo;\u00e9l\u00e9gance et de style<\/strong>.<\/p>    <p>Le couvercle de <strong>l&rsquo;\u00e9tui, qui est aussi la base de chargement, est l\u00e9g\u00e8rement translucide<\/strong>. Ce qui vous permet de voir quand les Xiaomi Airdots se chargent. C&rsquo;est une fonctionnalit\u00e9 plut\u00f4t cool et utile qui m\u00e9rite d&rsquo;\u00eatre soulign\u00e9e.  <\/p>    <p>Le bo\u00eetier est dot\u00e9 d&rsquo;aimants qui maintiennent les Airdots ensemble lorsqu&rsquo;ils sont charg\u00e9s ou rang\u00e9s. Ils les ajustent aussi parfaitement lorsque le couvercle est ferm\u00e9. Nous avons fait des tests en faitesant voler un sac \u00e0 dos avec l&rsquo;\u00e9tui et d&rsquo;autres affaires \u00e0 l&rsquo;int\u00e9rieur. Les \u00e9couteurs sont rest\u00e9s en place.<\/p>    <p>En termes de taille, <strong>ils sont un peu plus petits que leurs homologues Apple<\/strong>. C&rsquo;est un d\u00e9tail mineur \u00e0 notre avis. Mais cela peut servir de point de comparaison pour ceux qui ont port\u00e9 ces \u00e9couteurs. Leur design est sobre et simple : ils ne sont pas faits pour frimer mais pour passer inaper\u00e7us tout en d\u00e9livrant leur pleine qualit\u00e9 sonore.<\/p>    <h2 class=\"wp-block-heading\">Commodit\u00e9<\/h2>    <p><strong>Les Xiaomi Airdots sont dot\u00e9s de la technologie de r\u00e9sistance \u00e0 l&rsquo;eau et \u00e0 la sueur IPX5<\/strong>. C&rsquo;est une caract\u00e9ristique bienvenue qui s&rsquo;ajoute grandement \u00e0 leurs autres vertus. Cela nous permet d&rsquo;avoir l&rsquo;esprit tranquille et d&rsquo;utiliser les \u00e9couteurs lorsque nous allons \u00e0 la salle de sport ou lors d&rsquo;un jogging matinal, sans avoir la crainte constante qu&rsquo;ils tombent en panne.<\/p>    <p>Il n&rsquo;y a pas de d\u00e9tails particuliers dans la conception pour faciliter l&rsquo;insertion des appareils dans l&rsquo;oreille. Mais dans nos tests, ils s&rsquo;adaptent parfaitement. Certains rapports d&rsquo;autres tests indiquent qu&rsquo;ils peuvent \u00eatre un peu d\u00e9tendus, mais cela n&rsquo;a pas \u00e9t\u00e9 notre exp\u00e9rience. <strong>Chaque oreillette ne p\u00e8se que 4 grammes<\/strong>, elles passent inaper\u00e7ues et nous avons rapidement oubli\u00e9 que nous les portions.<\/p>    <h2 class=\"wp-block-heading\">Fonctionnalit\u00e9s<\/h2>    <p><strong>Les Airdots de Xiaomi sont dot\u00e9s de commandes tactiles sensibles<\/strong>. Appuyez une ou deux fois pour<strong> lancer <a href=\"https:\/\/assistant.google.com\/\" target=\"_blank\" rel=\"noreferrer noopener\">Google Assistant<\/a> ou lire\/pause<\/strong>, respectivement.  <\/p>    <p>C&rsquo;est vraiment cool de voir que le syst\u00e8me d&rsquo;allumage et d&rsquo;extinction fonctionne sans aucun bouton. Il suffit de passer votre doigt sur les \u00e9couteurs pendant quelques secondes. Une fois en service, ils s&rsquo;associent assez rapidement et sont pr\u00eats \u00e0 \u00eatre utilis\u00e9s.<\/p>    <p><strong>Ils fonctionnent avec Bluetooth 5.0<\/strong>. Ceci vous permet de profiter de fonctionnalit\u00e9s comme la r\u00e9duction de la distorsion du signal, ainsi qu&rsquo;une meilleure qualit\u00e9 sonore.<\/p>    <p>Lorsque nous sortons les Airdots de leur station de charge, <strong>ils se connectent automatiquement au dernier appareil disponible<\/strong>. Lorsque nous les remettons dans leur berceau, le processus est invers\u00e9.  <\/p>    <p>De tels d\u00e9tails font toute la diff\u00e9rence, et offrent une exp\u00e9rience utilisateur que l&rsquo;on voit rarement dans les \u00e9couteurs de cette gamme de prix.<\/p>    <p>Un aspect n\u00e9gatif peut \u00eatre le fait <strong>qu&rsquo;il n&rsquo;y a pas de contr\u00f4le du volume et pas de possibilit\u00e9 d&rsquo;avancer ou de reculer les pistes<\/strong> directement depuis les \u00e9couteurs. Sa petite taille a \u00e9t\u00e9 rendue possible par la suppression de ces contr\u00f4les. Bien qu&rsquo;il y ait toujours la possibilit\u00e9 de contr\u00f4ler ces aspects depuis votre lecteur.<\/p>   <div class=\"wp-block-image\"> <figure class=\"aligncenter size-large\"><img decoding=\"async\" width=\"800\" height=\"526\" src=\"https:\/\/culturasonora.es\/wp-content\/uploads\/2019\/02\/Xiaomi-Airdots.jpg\" alt=\"xiaomi airdots\" class=\"wp-image-19610\" srcset=\"https:\/\/culturasonora.es\/wp-content\/uploads\/2019\/02\/Xiaomi-Airdots.jpg 800w, https:\/\/culturasonora.es\/wp-content\/uploads\/2019\/02\/Xiaomi-Airdots-300x197.jpg 300w, https:\/\/culturasonora.es\/wp-content\/uploads\/2019\/02\/Xiaomi-Airdots-768x505.jpg 768w\" sizes=\"(max-width: 800px) 100vw, 800px\" \/><\/figure><\/div>   <h2 class=\"wp-block-heading\">Qualit\u00e9 sonore des Xiaomi Airdots<\/h2>    <p>Les Xiaomi Mi Airdots vous permettent d&rsquo;entendre leur grande qualit\u00e9 sonore d\u00e8s leur appairage avec votre appareil de lecture. Ils n&rsquo;ont pas la puissance des basses, ni la qualit\u00e9 que l&rsquo;on trouve dans le <strong>Sony WF1000X<\/strong>. Mais pour l&rsquo;\u00e9norme diff\u00e9rence de prix entre les deux, ce n&rsquo;est pas du tout perceptible.<\/p>    <p><strong>Les haut-parleurs internes de 7,2 mm<\/strong> <strong>d\u00e9livrent des basses profondes et un son chaud tr\u00e8s agr\u00e9able et polyvalent<\/strong>. Ils sont dot\u00e9s d&rsquo;une technologie appel\u00e9e True <em>Wireless Stereo<\/em>, qui tient ses promesses : un v\u00e9ritable son st\u00e9r\u00e9o dans des \u00e9couteurs sans fil.<\/p>    <p>Il est \u00e9galement important d&rsquo;avoir un microphone de qualit\u00e9, car nous n&rsquo;utiliserons pas seulement les \u00e9couteurs pour nous divertir, mais aussi pour r\u00e9pondre aux appels et aux conversations t\u00e9l\u00e9phoniques. La qualit\u00e9 de la reproduction vocale est moyenne et, en raison de la petite taille des Xiaomi Mi Airdots, il y a parfois un peu d&rsquo;\u00e9cho.  <\/p>    <p><strong>Votre voix sera suffisamment forte et claire pour \u00eatre bien re\u00e7ue,<\/strong> mais il peut \u00eatre risqu\u00e9 d&rsquo;utiliser ces \u00e9couteurs dans une r\u00e9union d&rsquo;affaires tr\u00e8s importante par t\u00e9l\u00e9conf\u00e9rence.<\/p>    <h2 class=\"wp-block-heading\">Batterie et syst\u00e8me de charge<\/h2>    <p><strong>Les Xiaomi Mi Airdots promettent quatre heures de lecture apr\u00e8s une charge compl\u00e8te<\/strong>, bien que cela soit variable en fonction du volume de lecture. Dans des conditions r\u00e9elles, ces quatre heures peuvent \u00eatre r\u00e9duites \u00e0 environ trois heures et demie.  <\/p>    <p>Une recharge plus rapide serait souhaitable : il faut entre 45 minutes et une heure. Ce n&rsquo;est pas un mauvais chiffre. Mais si vous \u00eates habitu\u00e9 aux options de charge rapide des derniers produits sur le march\u00e9, cela semble un peu lent.<\/p>    <p>Le c\u00e2ble de chargement \u00e0 utiliser est un micro-USB standard, inclus \u00e0 l&rsquo;achat. Il est vrai qu&rsquo;un c\u00e2ble USB Type-C aurait augment\u00e9 la valeur du produit, mais il faudrait se demander si cela aurait co\u00fbt\u00e9 plus cher.<\/p>    <p><strong>La station de charge est incluse<\/strong> et, comme mentionn\u00e9 ci-dessus, <strong>elle est dot\u00e9e d&rsquo;aimants qui attirent les \u00e9couteurs et les maintiennent en place, tout en faitesant office d&rsquo;\u00e9tui de rangement<\/strong>.<\/p>    <h2 class=\"wp-block-heading\">Conclusion<\/h2>    <p><strong>Les Xiaomi Airdots ont r\u00e9volutionn\u00e9 le march\u00e9 des \u00e9couteurs sans fil depuis leur sortie<\/strong>. Cela s&rsquo;explique essentiellement par la qualit\u00e9 \u00e9lev\u00e9e qu&rsquo;ils offrent \u00e0 tous les \u00e9gards, comparable \u00e0 celle des produits concurrents qui sont quatre \u00e0 cinq fois plus chers.  <\/p>    <p>Vous pouvez avoir acc\u00e8s aux fonctionnalit\u00e9s des c\u00e9l\u00e8bres \u00e9couteurs sans fil d&rsquo;Apple \u00e0 une fraction du prix. Si vous ne faites pas partie de ceux qui ont un faible pour les marques, et que vous vous souciez simplement de ce qu&rsquo;un appareil peut vous offrir, ces \u00e9couteurs sans fil valent vraiment la peine d&rsquo;\u00eatre essay\u00e9s.  <\/p>    <p><strong>Vous serez \u00e9tonn\u00e9 en r\u00e9alisant le niveau de fabrication que des entreprises chinoises comme Xiaomi ont atteint<\/strong>, \u00e0 des co\u00fbts qui rel\u00e8vent parfois de la fiction. Vous \u00eates int\u00e9ress\u00e9 ? Trouvez les meilleurs prix sur <a href=\"https:\/\/www.amazon.fr\/AirDots-%C3%89couteurs-Bluetooth-charge-rapide\/dp\/B08ZHXGPSP\/ref=sr_1_5?__mk_fr_FR=%C3%85M%C3%85%C5%BD%C3%95%C3%91&amp;crid=4BS671FYCH86&amp;keywords=Xiaomi+%2BAirdots&amp;qid=1676235212&amp;sprefix=xiaomi+%2Bairdots%2Caps%2C152&amp;sr=8-5\" target=\"_blank\" rel=\"noreferrer noopener\">Amazon France<\/a>.<\/p>    <p>Nous vous recommandons \u00e9galement de consulter la nouvelle Xiaomi Airdots Pro 2, une mise \u00e0 jour qui pr\u00e9sente plusieurs am\u00e9liorations. De m\u00eame, les Xiaomi Redmi Buds 3 Pro, Tronsmart Apollo Bold, realme Buds Air 3 et les Huawei Freebuds 4i. Dans le comparatif des meilleurs casques Energy Sistem, vous pouvez aussi trouver de bonnes options.<\/p>    <figure class=\"wp-block-embed is-type-video is-provider-youtube wp-block-embed-youtube wp-embed-aspect-16-9 wp-has-aspect-ratio\"><div class=\"wp-block-embed__wrapper\"> <iframe loading=\"lazy\" title=\"Xiaomi AirDots REVIEW - Best BUDGET Wireless Earbuds To Use In 2019?\" width=\"500\" height=\"281\" src=\"https:\/\/www.youtube.com\/embed\/LADxk9MDTOw?feature=oembed\" frameborder=\"0\" allow=\"accelerometer; autoplay; clipboard-write; encrypted-media; gyroscope; picture-in-picture; web-share\" referrerpolicy=\"strict-origin-when-cross-origin\" allowfullscreen><\/iframe> <\/div><\/figure>    <h2 class=\"wp-block-heading has-text-align-center\">Caract\u00e9ristiques techniques de Xiaomi Airdots<\/h2>   <div class=\"wptm_table tablesorter-bootstrap\" data-id=\"1394\" data-hightlight=\"0\"><div class=\"wptm_buttons buttons_wptmTbl1394\"><\/div><div class=\"wptmresponsive dataTables-wptmtable wptmtable\" id=\"wptmtable1394\" data-tableid=\"wptmTbl1394\"><table data-format=\"YYYY-MM-DD\" id=\"wptmTbl1394\" data-id=\"1394\" data-responsive=\"false\" data-hidecols=\"false\" data-type=\"html\" data-paging=\"false\" data-searching=\"false\" data-ordering=\"false\" data-table-breakpoint=\"980\" data-scroll-x=\"true\" data-scroll-collapse=\"true\" data-align=\"center\" data-range=\"[]\" data-hidecolumn=\"[0,0]\" data-colwidths=\"[290,320]\" class=\"disablePager\"><colgroup><col data-dtr=\"0\" data-dtc=\"0\" class=\"dtc0\"><col data-dtr=\"0\" data-dtc=\"1\" class=\"dtc1\"><\/colgroup><thead><tr class=\"wptm-header-cells-index dnone\"><th rowspan=\"1\" colspan=\"1\" data-dtr=\"0\" data-dtc=\"0\" class=\"dtr0 dtc0\"><\/th><th rowspan=\"1\" colspan=\"1\" data-dtr=\"0\" data-dtc=\"1\" class=\"dtr0 dtc1\"><\/th><\/tr><tr class=\"row0\"><th   data-priority=\"0\" class=\"dtr0 dtc0\">Sp\u00e9cifications techniques<\/th><th   data-priority=\"0\" class=\"dtr0 dtc1\">Xiaomi Airdots<\/th><\/thead><tbody><tr class=\"row1\"><td    class=\"dtr1 dtc0\">Type<\/td><td    class=\"dtr1 dtc1\">Intra-auriculaires (In-Ear)<\/td><\/tr><tr class=\"row2\"><td    class=\"dtr2 dtc0\">Connectivit\u00e9<\/td><td    class=\"dtr2 dtc1\">Bluetooth 5.1<\/td><\/tr><tr class=\"row3\"><td    class=\"dtr3 dtc0\">Microphone int\u00e9gr\u00e9<\/td><td    class=\"dtr3 dtc1\">Oui<\/td><\/tr><tr class=\"row4\"><td    class=\"dtr4 dtc0\">Poids<\/td><td    class=\"dtr4 dtc1\">4 grammes (chaque oreillette)<\/td><\/tr><tr class=\"row5\"><td    class=\"dtr5 dtc0\">Couleurs<\/td><td    class=\"dtr5 dtc1\">Blanc<\/td><\/tr><tr class=\"row6\"><td    class=\"dtr6 dtc0\">Dur\u00e9e de vie de la batterie<\/td><td    class=\"dtr6 dtc1\">4 heures<\/td><\/tr><tr class=\"row7\"><td    class=\"dtr7 dtc0\">Temps de charge<\/td><td    class=\"dtr7 dtc1\">45 minutes<\/td><\/tr><tr class=\"row8\"><td    class=\"dtr8 dtc0\">Imp\u00e9dance<\/td><td    class=\"dtr8 dtc1\">15 ohms<\/td><\/tr><tr class=\"row9\"><td    class=\"dtr9 dtc0\">Port\u00e9e sans fil<\/td><td    class=\"dtr9 dtc1\">10 m\u00e8tres<\/td><\/tr><tr class=\"row10\"><td    class=\"dtr10 dtc0\">Sensibilit\u00e9<\/td><td    class=\"dtr10 dtc1\">106 dB<\/td><\/tr><\/tbody><tfoot><tr><td class=\"dtr10 dtc0\" style=\"height: 0;\"><\/td><td class=\"dtr10 dtc1\" style=\"height: 0;\"><\/td><\/tr><\/tfoot><\/table><\/div><style>#wptmtable1394 .dataTables_wrapper > .dataTables_scroll {max-height:500px;overflow: auto;}<\/style><script>window.wptm_ajaxurl = 'https:\/\/culturasonora.es\/wp-admin\/admin-ajax.php?juwpfisadmin=false&action=Wptm&'; window.wptm_front = 'https:\/\/culturasonora.es\/wp-content\/plugins\/wp-table-manager\/app\/site\/assets\/'; window.wptm_style = 'https:\/\/culturasonora.es\/wp-content\/uploads\/wptm\/';<\/script><\/div><style>.droptables-highlight-horizontal, .droptables-highlight-vertical  {  color: #ffffff !important; background: rgba(255,255,170,0.9) !important; }<\/style>","protected":false},"excerpt":{"rendered":"<p>L&rsquo;avis est plus ou moins unanime : les Xiaomi Airdots sont des \u00e9couteurs sans fil qui \u00e9branlent la r\u00e9putation peut-\u00eatre excessive de leurs plus proches concurrents d&rsquo;Apple. Pour une fraction&#8230;<\/p>\n","protected":false},"author":4,"featured_media":70464,"parent":69543,"menu_order":0,"comment_status":"closed","ping_status":"closed","template":"views\/page-without-intro.php","meta":{"footnotes":""},"tags":[],"class_list":["post-70463","page","type-page","status-publish","has-post-thumbnail","hentry"],"acf":[],"_links":{"self":[{"href":"https:\/\/culturasonora.es\/fr\/wp-json\/wp\/v2\/pages\/70463","targetHints":{"allow":["GET"]}}],"collection":[{"href":"https:\/\/culturasonora.es\/fr\/wp-json\/wp\/v2\/pages"}],"about":[{"href":"https:\/\/culturasonora.es\/fr\/wp-json\/wp\/v2\/types\/page"}],"author":[{"embeddable":true,"href":"https:\/\/culturasonora.es\/fr\/wp-json\/wp\/v2\/users\/4"}],"replies":[{"embeddable":true,"href":"https:\/\/culturasonora.es\/fr\/wp-json\/wp\/v2\/comments?post=70463"}],"version-history":[{"count":0,"href":"https:\/\/culturasonora.es\/fr\/wp-json\/wp\/v2\/pages\/70463\/revisions"}],"up":[{"embeddable":true,"href":"https:\/\/culturasonora.es\/fr\/wp-json\/wp\/v2\/pages\/69543"}],"wp:featuredmedia":[{"embeddable":true,"href":"https:\/\/culturasonora.es\/fr\/wp-json\/wp\/v2\/media\/70464"}],"wp:attachment":[{"href":"https:\/\/culturasonora.es\/fr\/wp-json\/wp\/v2\/media?parent=70463"}],"wp:term":[{"taxonomy":"post_tag","embeddable":true,"href":"https:\/\/culturasonora.es\/fr\/wp-json\/wp\/v2\/tags?post=70463"}],"curies":[{"name":"wp","href":"https:\/\/api.w.org\/{rel}","templated":true}]}}