{"id":70796,"date":"2022-02-02T03:00:33","date_gmt":"2022-02-02T03:00:33","guid":{"rendered":"https:\/\/culturasonora.es\/lg-tone-free-fn7-rencontre-les-ecouteurs-true-wireless-les-plus-propres-du-marche\/"},"modified":"2024-06-13T17:37:20","modified_gmt":"2024-06-13T17:37:20","slug":"lg-tone-free-fn7-rencontre-les-ecouteurs-true-wireless-les-plus-propres-du-marche","status":"publish","type":"page","link":"https:\/\/culturasonora.es\/fr\/lg-tone-free-fn7-rencontre-les-ecouteurs-true-wireless-les-plus-propres-du-marche\/","title":{"rendered":"LG Tone Free FN7 : Voici les \u00e9couteurs True Wireless les plus propres du march\u00e9"},"content":{"rendered":"<div class=\"wp-block-image\"> <figure class=\"aligncenter size-large\"><img decoding=\"async\" width=\"1024\" height=\"628\" src=\"https:\/\/culturasonora.es\/wp-content\/uploads\/2022\/01\/LG-portada-cultura-1024x628.jpg\" alt=\"Couvercle frontal LG Couvercle frontal\" class=\"wp-image-47679\" srcset=\"https:\/\/culturasonora.es\/wp-content\/uploads\/2022\/01\/LG-portada-cultura-1024x628.jpg 1024w, https:\/\/culturasonora.es\/wp-content\/uploads\/2022\/01\/LG-portada-cultura-300x184.jpg 300w, https:\/\/culturasonora.es\/wp-content\/uploads\/2022\/01\/LG-portada-cultura-768x471.jpg 768w, https:\/\/culturasonora.es\/wp-content\/uploads\/2022\/01\/LG-portada-cultura.jpg 1132w\" sizes=\"(max-width: 1024px) 100vw, 1024px\" \/><\/figure><\/div>  <div class=\"about_product_page\">     <div class=\"half_children_block\">                     <div class=\"rating_wrapper\">                 <div id=\"rating\" class=\"rating\">                     <span id=\"ratingCount\">87<\/span>                 <\/div>                 <p>Rating<\/p>             <\/div>                 <div>                             <img decoding=\"async\" width=\"350\" height=\"77\" src=\"https:\/\/culturasonora.es\/wp-content\/themes\/new-cultura-sonora\/assets\/img\/PROS.jpg\" alt=\"Pros\" loading=\"lazy\">                 <p>Un son confortable, fonctionnel, \u00e9quilibr\u00e9 et vivant.<\/p>                                         <img decoding=\"async\" width=\"350\" height=\"77\" src=\"https:\/\/culturasonora.es\/wp-content\/themes\/new-cultura-sonora\/assets\/img\/CONS.jpg\" alt=\"Cons\" loading=\"lazy\">                 <p>L&rsquo;annulation du son n&rsquo;est pas la meilleure, l&rsquo;autonomie de la batterie est standard.<\/p>                     <\/div>     <\/div>             <div class=\"fullwidth_block\">             <a href=\"https:\/\/www.amazon.fr\/LG-Ecouteurs-Bluetooth-certaines-t%C3%A9l%C3%A9travail\/dp\/B08YLCV7M4\/ref=sr_1_1?__mk_fr_FR=%C3%85M%C3%85%C5%BD%C3%95%C3%91&#038;crid=1VGH3ZKS5H80I&#038;keywords=LG+Tone+Free+FN7&#038;qid=1676319620&#038;sprefix=lg+tone+free+fn7%2Caps%2C589&#038;sr=8-1\" class=\"style_btn orange_btn\" target=\"_blank\" rel=\"noopener noreferrer\"><span>VOIR LE PRIX<\/span><\/a>         <\/div>                                 <div class=\"fullwidth_block product_after\"><h2 class=\"subtitulo_producto_comparativos\">Sp\u00e9cifications du LG Tone Free FN7 :<\/h2> <ul> <li><strong>Autonomie de la batterie :<\/strong> 7 heures (ANC d\u00e9sactiv\u00e9), 5 heures (ANC activ\u00e9).<\/li> <li><strong>Connectivit\u00e9 : <\/strong>Bluetooth 5.0.<\/li> <li><strong>Assistants : <\/strong>Google Assistant et Siri.<\/li> <li><strong>Annulation active du bruit :<\/strong> Oui.<\/li> <\/ul> <\/div> <\/div>     <p>Les \u00e9couteurs sans fil v\u00e9ritables dominent le march\u00e9. Il existe des mod\u00e8les chers, bon march\u00e9, excellents et mauvais. <strong>Les LG Tone Free se distinguent pour trois raisons : de bonnes performances, de bonnes fonctionnalit\u00e9s et un excellent rapport qualit\u00e9-prix.<\/strong><\/p>    <p>Il y a beaucoup de concurrence avec les mod\u00e8les de Sennheiser, Cambidge Audio, Sony ou Panasonic. Cela dit, les LG Tone Free FN7 sont sur un pied d&rsquo;\u00e9galit\u00e9 avec le meilleur en termes de performances. Dans cette critique, nous vous disons tout sur les caract\u00e9ristiques, les avantages et les inconv\u00e9nients des \u00e9couteurs LG Tone Free.<\/p>    <figure class=\"wp-block-image size-full is-resized\"><img decoding=\"async\" width=\"1000\" height=\"663\" src=\"https:\/\/culturasonora.es\/wp-content\/uploads\/2022\/01\/LG-TONE-Free-copas-cultura.jpg\" alt=\"FN7 coupes\" class=\"wp-image-47680\" style=\"width:704px;height:466px\" srcset=\"https:\/\/culturasonora.es\/wp-content\/uploads\/2022\/01\/LG-TONE-Free-copas-cultura.jpg 1000w, https:\/\/culturasonora.es\/wp-content\/uploads\/2022\/01\/LG-TONE-Free-copas-cultura-300x199.jpg 300w, https:\/\/culturasonora.es\/wp-content\/uploads\/2022\/01\/LG-TONE-Free-copas-cultura-768x509.jpg 768w\" sizes=\"(max-width: 1000px) 100vw, 1000px\" \/><\/figure>    <h2 class=\"wp-block-heading\">Design<\/h2>    <p>LG est une garantie de qualit\u00e9 de fabrication. Le portefeuille de l&rsquo;entreprise est tr\u00e8s large, allant des t\u00e9l\u00e9viseurs aux r\u00e9frig\u00e9rateurs. Tous leurs produits fonctionnent parfaitement, et les \u00e9couteurs LG Tone Free FN7 ne font pas exception. <strong>Les oreillettes reprennent le design des <a href=\"https:\/\/culturasonora.es\/fr\/?page_id=70432\" target=\"_blank\" rel=\"noreferrer noopener\">AirPods d&rsquo;Apple<\/a>, mais ont l&rsquo;air plus \u00e9pur\u00e9es. Mieux encore : ils sont assez petits.<\/strong><\/p>    <p>Ils sont beaux et la finition est bonne. Les empreintes digitales sont marqu\u00e9es, et vous devez les toucher pour les commandes tactiles, mais ce sont des \u00e9couteurs intra-auriculaires sans fil attrayants. L&rsquo;\u00e9tui circulaire compact a une finition mate qui est plus durable mais moins brillante. Vous pouvez transporter l&rsquo;\u00e9tui dans n&rsquo;importe quelle poche sans aucun probl\u00e8me.<\/p>    <h3 class=\"wp-block-heading\">Confort<\/h3>    <p>Les \u00e9couteurs LG Tone Free FN7 sont tr\u00e8s confortables. <strong>Chaque oreillette ne p\u00e8se que 5,6 grammes<\/strong>. Vous pouvez les porter pendant de longues sessions et oublier que vous les portez au bout d&rsquo;un moment. De plus, ils sont livr\u00e9s avec plusieurs coussinets en gel de silicone hypoallerg\u00e9nique qui s&rsquo;adaptent bien \u00e0 tout utilisateur.<\/p>    <p>Ils sont bien fix\u00e9s et peuvent \u00eatre utilis\u00e9s dans n&rsquo;importe quel environnement. Ils ne sont pas con\u00e7us pour les athl\u00e8tes, mais ils sont <strong>certifi\u00e9s IPX4<\/strong>, ils peuvent donc r\u00e9sister \u00e0 la sueur sans probl\u00e8me. Vous ne pouvez pas les immerger dans une piscine, bien qu&rsquo;ils puissent r\u00e9sister aux \u00e9claboussures de la pluie.<\/p>    <h2 class=\"wp-block-heading\">Contr\u00f4les et fonctions<\/h2>    <p>Ils fonctionnent avec <strong>la technologie Bluetooth 5.0<\/strong>, et la connectivit\u00e9 fonctionne parfaitement sur une large gamme. Ils prennent en charge les codecs SBC et AAC, qui vous permettent de diffuser des formats haute r\u00e9solution \u00e0 partir de n&rsquo;importe quel service.<\/p>    <p>Malheureusement, ils ne prennent pas en charge le codec aptX Low Latency, bien que vous n&rsquo;en ayez besoin que si vous voulez regarder des films ou des s\u00e9ries sur la route, car la latence aptX est minimale. <strong>Ils sont \u00e9quip\u00e9s de haut-parleurs en n\u00e9odyme de 6 mm<\/strong>,<strong> cr\u00e9\u00e9s avec l&rsquo;aide de Meridian Audio<\/strong>. Ces transducteurs sont robustes et tr\u00e8s performants, et b\u00e9n\u00e9ficient de l&rsquo;assurance qualit\u00e9 des deux entreprises.<\/p>    <p>Les oreillettes des \u00e9couteurs LG Tone Free ont des commandes tactiles int\u00e9gr\u00e9es, et vous pouvez aussi les utiliser avec l&rsquo;application cool Tone Free. En appuyant sur les oreillettes, vous pouvez g\u00e9rer le volume, la lecture, avancer ou reculer rapidement les chansons, activer <strong>l&rsquo;annulation active du bruit ou le mode ambiant<\/strong>, et r\u00e9pondre aux appels ou les couper. <strong>Chaque oreillette int\u00e8gre trois microphones<\/strong> pour ces derni\u00e8res fonctions.<\/p>    <p>L&rsquo;application Tone Free de LF vous permet de modifier les commandes tactiles selon vos go\u00fbts personnels. Elle propose \u00e9galement diff\u00e9rents modes d&rsquo;\u00e9galisation pour accentuer les diff\u00e9rentes fr\u00e9quences, am\u00e9liorer la spatialit\u00e9 ou la fid\u00e9lit\u00e9 du son.  <\/p>    <p>En outre, vous pouvez passer d&rsquo;un mode d&rsquo;annulation du bruit actif \u00e9lev\u00e9 ou faible \u00e0 un autre, ou activer la fonction \u00ab\u00a0<em>Trouver mes \u00e9couteurs<\/em>\u00ab\u00a0. Cette derni\u00e8re fonction est tr\u00e8s utile car elle permet de localiser l&rsquo;oreillette si vous la perdez, ce qui arrive souvent avec les True Wireless.<\/p>    <h2 class=\"wp-block-heading\">Autonomie de la batterie<\/h2>    <p>En termes d&rsquo;autonomie, la batterie <strong>dure cinq heures par oreillette avec l&rsquo;annulation active du bruit<\/strong>. Sans l&rsquo;ANC, chaque batterie dure environ sept heures. De plus, l&rsquo;\u00e9tui\/socle de chargement vous donne deux charges compl\u00e8tes suppl\u00e9mentaires, pour un total de 21 heures ou 15 avec l&rsquo;ANC.  <\/p>    <p>Ce n&rsquo;est pas la capacit\u00e9 la plus surprenante du march\u00e9. En fait, c&rsquo;est un peu bas par rapport aux meilleurs \u00e9couteurs True Wireless. N\u00e9anmoins, elle est tout \u00e0 fait d\u00e9cente et suffisante pour la plupart des utilisateurs.<\/p>    <p><strong>L&rsquo;\u00e9tui est dot\u00e9 de la technologie <a href=\"https:\/\/www.lg.com\/ph\/about-lg\/press-and-media\/lgs-uvnano-technology-redefines-cleanliness\" target=\"_blank\" rel=\"noreferrer noopener\">UVnano<\/a> qui nettoie jusqu&rsquo;\u00e0 99,9 % des bact\u00e9ries des oreillettes<\/strong> apr\u00e8s seulement 10 minutes sur la base de chargement, une fonctionnalit\u00e9 que nous n&rsquo;avons pas test\u00e9e sur d&rsquo;autres \u00e9couteurs. L&rsquo;\u00e9tui LG Tone Free FN7 se charge avec un port USB-C et poss\u00e8de des voyants d&rsquo;\u00e9tat int\u00e9gr\u00e9s. Vous pouvez aussi le charger sans fil avec un <em>pad<\/em> Qi certifi\u00e9.<\/p>    <figure class=\"wp-block-image size-full is-resized\"><img decoding=\"async\" width=\"559\" height=\"781\" src=\"https:\/\/culturasonora.es\/wp-content\/uploads\/2022\/01\/LG-TONE-Free-cuerpo-base-cultura.jpg\" alt=\"LF Tone Free FN7 base\" class=\"wp-image-47681\" style=\"width:416px;height:578px\" srcset=\"https:\/\/culturasonora.es\/wp-content\/uploads\/2022\/01\/LG-TONE-Free-cuerpo-base-cultura.jpg 559w, https:\/\/culturasonora.es\/wp-content\/uploads\/2022\/01\/LG-TONE-Free-cuerpo-base-cultura-215x300.jpg 215w\" sizes=\"(max-width: 559px) 100vw, 559px\" \/><\/figure>    <h2 class=\"wp-block-heading\">Qualit\u00e9 du son<\/h2>    <p>Nous avons test\u00e9 le LG Tone Free en utilisant l&rsquo;\u00e9galisation naturelle Meridian, en jouant des fichiers 24bit\/88.2kHz, et nous avons per\u00e7u un<strong> son riche \u00e0 toutes les fr\u00e9quences<\/strong>. Les basses sont profondes et contr\u00f4l\u00e9es, avec suffisamment de d\u00e9tails pour diff\u00e9rencier les instruments num\u00e9riques des machines. Le profil sonore est bien \u00e9quilibr\u00e9 et les timings sont corrects.<\/p>    <p>Ils ne g\u00e8rent pas de mani\u00e8re optimale les aspects rythmiques des enregistrements complexes. Cela dit, les chansons conventionnelles ont un son tr\u00e8s solide. Les tons moyens sont tr\u00e8s d\u00e9taill\u00e9s, tandis que les tons aigus sont nets et clairs. Les enceintes LG Tone Free offrent un son dynamique, avec des d\u00e9tails subtils dans toutes les tonalit\u00e9s. Dans cette gamme de prix, ils excellent dans la qualit\u00e9 du son.<\/p>    <p><strong>La technologie d&rsquo;annulation du bruit est solide<\/strong>. Lorsque vous r\u00e8glez l&rsquo;ANC des \u00e9couteurs LG Tone Free FN7 sur le niveau \u00e9lev\u00e9, ils r\u00e9duisent consid\u00e9rablement tous les bruits ext\u00e9rieurs. Cependant, il ne se compare pas \u00e0 la technologie offerte par le <a href=\"https:\/\/culturasonora.es\/fr\/?page_id=70883\" target=\"_blank\" rel=\"noreferrer noopener\">Sony WF<\/a> ou le <a href=\"https:\/\/culturasonora.es\/fr\/?page_id=70152\" target=\"_blank\" rel=\"noreferrer noopener\">Bose QuietComfort<\/a>. <strong>\u00c0 bas niveau, l&rsquo;ANC est vraiment faible<\/strong> et ne vous prot\u00e8ge pas beaucoup. D&rsquo;autre part, les microphones fonctionnent tr\u00e8s bien pour passer des appels. Les voix sont claires et pleines.<\/p>    <h2 class=\"wp-block-heading\">Qu&rsquo;est-ce que nous aimons dans les \u00e9couteurs LG Tone Free ?<\/h2>    <p>Ils sont de bonne qualit\u00e9 de fabrication, confortables, l\u00e9gers et durables. Ils offrent une bonne qualit\u00e9 sonore et disposent de la technologie d&rsquo;annulation active du bruit. Mieux encore : le prix est tr\u00e8s juste pour tout ce qu&rsquo;ils proposent.<\/p>    <h3 class=\"wp-block-heading\">Qu&rsquo;est-ce qui n&rsquo;est pas \u00e0 aimer ?<\/h3>    <p>La batterie est limit\u00e9e. L&rsquo;\u00e9tui vous donne des charges suppl\u00e9mentaires, mais les meilleurs True Wireless ont de meilleures batteries. De plus, l&rsquo;annulation active du bruit n&rsquo;est pas la meilleure. Solide, certes, mais pas la meilleure.<\/p>    <figure class=\"wp-block-image size-full is-resized\"><img decoding=\"async\" width=\"1000\" height=\"766\" src=\"https:\/\/culturasonora.es\/wp-content\/uploads\/2022\/01\/LG-TONE-Free-uso-cultura.jpg\" alt=\"FN7 utilisation\" class=\"wp-image-47682\" style=\"width:696px;height:533px\" srcset=\"https:\/\/culturasonora.es\/wp-content\/uploads\/2022\/01\/LG-TONE-Free-uso-cultura.jpg 1000w, https:\/\/culturasonora.es\/wp-content\/uploads\/2022\/01\/LG-TONE-Free-uso-cultura-300x230.jpg 300w, https:\/\/culturasonora.es\/wp-content\/uploads\/2022\/01\/LG-TONE-Free-uso-cultura-768x588.jpg 768w\" sizes=\"(max-width: 1000px) 100vw, 1000px\" \/><\/figure>    <h2 class=\"wp-block-heading\">Conclusion<\/h2>    <p>Les \u00e9couteurs True Wireless LG Tone Free FN7 ont un excellent rapport qualit\u00e9-prix. La qualit\u00e9 de fabrication est bonne, la qualit\u00e9 sonore est \u00e9lev\u00e9e et l&rsquo;annulation active du bruit est solide, m\u00eame si ce n&rsquo;est pas la meilleure. La batterie laisse \u00e0 d\u00e9sirer, mais dans l&rsquo;ensemble, ils constituent un bon choix et ont un prix attractif. Vous \u00eates int\u00e9ress\u00e9 ? Trouvez <a href=\"https:\/\/www.amazon.fr\/LG-Ecouteurs-Bluetooth-certaines-t%C3%A9l%C3%A9travail\/dp\/B08YLCV7M4\/ref=sr_1_1?__mk_fr_FR=%C3%85M%C3%85%C5%BD%C3%95%C3%91&amp;crid=1VGH3ZKS5H80I&amp;keywords=LG+Tone+Free+FN7&amp;qid=1676319620&amp;sprefix=lg+tone+free+fn7%2Caps%2C589&amp;sr=8-1\" target=\"_blank\" rel=\"noreferrer noopener\">le meilleur prix sur ce lien<\/a>.<\/p>    <h2 class=\"wp-block-heading\">Critiques des LG Tone Free<\/h2>    <p>Les \u00e9couteurs Tone Free FN7 ont une note de 4,5 sur 5 \u00e9toiles sur Amazon UK. Nous avons copi\u00e9 ci-dessous quelques critiques pour que vous puissiez vous laisser guider par leurs utilisateurs :<\/p>    <ul class=\"wp-block-list\"> <li>JLOtero : \u00ab\u00a0Tr\u00e8s impressionnant. Ils se connectent tr\u00e8s rapidement, le son est tr\u00e8s bon et le bo\u00eetier est compact. De plus, l&rsquo;application offre de nombreuses fonctions.<\/li>    <li>Luka : \u00ab\u00a0Bonne application, ils sont confortables et le son est bon\u00a0\u00bb.<\/li>    <li>gabriavanz : \u00a0\u00bb L&rsquo;annulation du bruit est minimale et l&rsquo;application ne fonctionne pas bien pour moi avec le nouveau syst\u00e8me d&rsquo;exploitation iOS \u00ab\u00a0.<\/li> <\/ul>    <figure class=\"wp-block-embed is-type-video is-provider-youtube wp-block-embed-youtube wp-embed-aspect-16-9 wp-has-aspect-ratio\"><div class=\"wp-block-embed__wrapper\"> <iframe loading=\"lazy\" title=\"2021 New Wireless Earbuds LG TONE Free FN7\" width=\"500\" height=\"281\" src=\"https:\/\/www.youtube.com\/embed\/LoRr793JQJA?feature=oembed\" frameborder=\"0\" allow=\"accelerometer; autoplay; clipboard-write; encrypted-media; gyroscope; picture-in-picture; web-share\" referrerpolicy=\"strict-origin-when-cross-origin\" allowfullscreen><\/iframe> <\/div><\/figure>   <div class=\"wptm_table tablesorter-bootstrap\" data-id=\"1397\" data-hightlight=\"0\"><div class=\"wptm_buttons buttons_wptmTbl1397\"><\/div><div class=\"wptmresponsive dataTables-wptmtable wptmtable\" id=\"wptmtable1397\" data-tableid=\"wptmTbl1397\"><table data-format=\"YYYY-MM-DD\" id=\"wptmTbl1397\" data-id=\"1397\" data-responsive=\"false\" data-hidecols=\"false\" data-type=\"html\" data-paging=\"false\" data-searching=\"false\" data-ordering=\"false\" data-table-breakpoint=\"980\" data-scroll-x=\"true\" data-scroll-collapse=\"true\" data-align=\"center\" data-range=\"[]\" data-hidecolumn=\"[0,0]\" data-colwidths=\"[290,320]\" class=\"disablePager\"><colgroup><col data-dtr=\"0\" data-dtc=\"0\" class=\"dtc0\"><col data-dtr=\"0\" data-dtc=\"1\" class=\"dtc1\"><\/colgroup><thead><tr class=\"wptm-header-cells-index dnone\"><th rowspan=\"1\" colspan=\"1\" data-dtr=\"0\" data-dtc=\"0\" class=\"dtr0 dtc0\"><\/th><th rowspan=\"1\" colspan=\"1\" data-dtr=\"0\" data-dtc=\"1\" class=\"dtr0 dtc1\"><\/th><\/tr><tr class=\"row0\"><th   data-priority=\"0\" class=\"dtr0 dtc0\">Sp\u00e9cifications techniques<\/th><th   data-priority=\"0\" class=\"dtr0 dtc1\">LG Tone Free FN7<\/th><\/thead><tbody><tr class=\"row1\"><td    class=\"dtr1 dtc0\">Type<\/td><td    class=\"dtr1 dtc1\">In-Ear\/intra-auriculaires<\/td><\/tr><tr class=\"row2\"><td    class=\"dtr2 dtc0\">Connectivit\u00e9<\/td><td    class=\"dtr2 dtc1\">Bluetooth 5.0<\/td><\/tr><tr class=\"row3\"><td    class=\"dtr3 dtc0\">Annulation du bruit<\/td><td    class=\"dtr3 dtc1\">Oui<\/td><\/tr><tr class=\"row4\"><td    class=\"dtr4 dtc0\">Poids<\/td><td    class=\"dtr4 dtc1\">5,6 grammes par oreillettes<\/td><\/tr><tr class=\"row5\"><td    class=\"dtr5 dtc0\">Assistants personnels<\/td><td    class=\"dtr5 dtc1\">Assistant Google, Siri<\/td><\/tr><tr class=\"row6\"><td    class=\"dtr6 dtc0\">Dur\u00e9e de vie de la batterie<\/td><td    class=\"dtr6 dtc1\">7 heures sans ANC, 5 heures avec ANC<\/td><\/tr><\/tbody><tfoot><tr><td class=\"dtr6 dtc0\" style=\"height: 0;\"><\/td><td class=\"dtr6 dtc1\" style=\"height: 0;\"><\/td><\/tr><\/tfoot><\/table><\/div><style>#wptmtable1397 .dataTables_wrapper > .dataTables_scroll {max-height:500px;overflow: auto;}<\/style><script>window.wptm_ajaxurl = 'https:\/\/culturasonora.es\/wp-admin\/admin-ajax.php?juwpfisadmin=false&action=Wptm&'; window.wptm_front = 'https:\/\/culturasonora.es\/wp-content\/plugins\/wp-table-manager\/app\/site\/assets\/'; window.wptm_style = 'https:\/\/culturasonora.es\/wp-content\/uploads\/wptm\/';<\/script><\/div><style>.droptables-highlight-horizontal, .droptables-highlight-vertical  {  color: #ffffff !important; background: rgba(255,255,170,0.9) !important; }<\/style>    <p><\/p>  <div id=\"mediavine-settings\" data-blocklist-content-desktop=\"1\" data-blocklist-content-mobile=\"1\" data-blocklist-adhesion-mobile=\"1\" data-blocklist-adhesion-tablet=\"1\" data-blocklist-adhesion-desktop=\"1\" data-blocklist-recipe=\"1\" data-blocklist-auto-insert-sticky=\"1\" data-blocklist-in-image=\"1\" data-blocklist-chicory=\"1\" data-blocklist-zergnet=\"1\" data-blocklist-interstitial-mobile=\"1\" data-blocklist-interstitial-desktop=\"1\" data-blocklist-universal-player-desktop=\"1\" data-blocklist-universal-player-mobile=\"1\" data-expires-at=\"2032-05-27\"><\/div>","protected":false},"excerpt":{"rendered":"<p>Voici le LG Tone Free FN7, un casque de performance qui se nettoie compl\u00e8tement lorsqu&rsquo;il est rang\u00e9 dans son \u00e9tui.<\/p>\n","protected":false},"author":11,"featured_media":0,"parent":0,"menu_order":0,"comment_status":"closed","ping_status":"closed","template":"views\/page-without-intro.php","meta":{"footnotes":""},"tags":[],"class_list":["post-70796","page","type-page","status-publish","hentry"],"acf":[],"_links":{"self":[{"href":"https:\/\/culturasonora.es\/fr\/wp-json\/wp\/v2\/pages\/70796","targetHints":{"allow":["GET"]}}],"collection":[{"href":"https:\/\/culturasonora.es\/fr\/wp-json\/wp\/v2\/pages"}],"about":[{"href":"https:\/\/culturasonora.es\/fr\/wp-json\/wp\/v2\/types\/page"}],"author":[{"embeddable":true,"href":"https:\/\/culturasonora.es\/fr\/wp-json\/wp\/v2\/users\/11"}],"replies":[{"embeddable":true,"href":"https:\/\/culturasonora.es\/fr\/wp-json\/wp\/v2\/comments?post=70796"}],"version-history":[{"count":0,"href":"https:\/\/culturasonora.es\/fr\/wp-json\/wp\/v2\/pages\/70796\/revisions"}],"wp:attachment":[{"href":"https:\/\/culturasonora.es\/fr\/wp-json\/wp\/v2\/media?parent=70796"}],"wp:term":[{"taxonomy":"post_tag","embeddable":true,"href":"https:\/\/culturasonora.es\/fr\/wp-json\/wp\/v2\/tags?post=70796"}],"curies":[{"name":"wp","href":"https:\/\/api.w.org\/{rel}","templated":true}]}}