{"id":70921,"date":"2018-07-25T11:16:26","date_gmt":"2018-07-25T11:16:26","guid":{"rendered":"https:\/\/culturasonora.es\/casques-bluetooth-revue-des-meilleurs-casques-bluetooth-sans-fil\/sennheiser-momentum-2-0-on-ear-wireless-bluetooth-headphones-specifications-techniques\/"},"modified":"2024-02-01T14:18:06","modified_gmt":"2024-02-01T14:18:06","slug":"sennheiser-momentum-2","status":"publish","type":"page","link":"https:\/\/culturasonora.es\/fr\/casques\/bluetooth\/sennheiser-momentum-2\/","title":{"rendered":"Sennheiser Momentum 2.0 Casque Bluetooth On-Ear : Sp\u00e9cifications techniques"},"content":{"rendered":"<div class=\"wp-block-image\"> <figure class=\"aligncenter size-large\"><img decoding=\"async\" width=\"600\" height=\"600\" src=\"https:\/\/culturasonora.es\/wp-content\/uploads\/2017\/11\/Sennheiser-Momentum-2.0-On-Ear-Wireless-peke.jpg\" alt=\"Sennheiser-Momentum-2.0-On-Ear-Casque Bluetooth sans fil\" class=\"wp-image-6122\" srcset=\"https:\/\/culturasonora.es\/wp-content\/uploads\/2017\/11\/Sennheiser-Momentum-2.0-On-Ear-Wireless-peke.jpg 600w, https:\/\/culturasonora.es\/wp-content\/uploads\/2017\/11\/Sennheiser-Momentum-2.0-On-Ear-Wireless-peke-150x150.jpg 150w, https:\/\/culturasonora.es\/wp-content\/uploads\/2017\/11\/Sennheiser-Momentum-2.0-On-Ear-Wireless-peke-300x300.jpg 300w, https:\/\/culturasonora.es\/wp-content\/uploads\/2017\/11\/Sennheiser-Momentum-2.0-On-Ear-Wireless-peke-45x45.jpg 45w\" sizes=\"(max-width: 600px) 100vw, 600px\" \/><\/figure><\/div>      <div class=\"fullwidth_block\">                         <a href=\"https:\/\/amzn.to\/2Gx8pVy\" class=\"style_btn orange_btn in_content_btn\" target=\"_blank\" rel=\"noopener noreferrer nofollow\"><span>VOIR LE PRIX<\/span><\/a>             <\/div>    <p><strong>Le Sennheiser Momentum 2.0 On-Ear <\/strong>Wireless fait partie d&rsquo;une nouvelle gamme de <strong>casques antibruit Sennheiser <\/strong>con\u00e7us pour \u00eatre utilis\u00e9s partout. Vous pouvez lire notre critique de  sur la version plus grande<strong> (Over-Ear<\/strong>). En revanche, si vous cherchez une option moins ch\u00e8re, sans connectivit\u00e9 sans fil, nous vous recommandons d&rsquo;opter pour les versions filaires <strong><a href=\"https:\/\/amzn.to\/2zmY9yd\" target=\"_blank\" rel=\"noreferrer noopener nofollow\">On-Ear<\/a> et <a href=\"https:\/\/amzn.to\/2L2x2LR\" target=\"_blank\" rel=\"noreferrer noopener nofollow\">Over-Ear<\/a><\/strong>.<\/p>    <h2 class=\"wp-block-heading\">Design et construction<\/h2>    <p><strong>Ce casque Bluetooth a un design attrayant et \u00e9l\u00e9gant<\/strong>. Il est \u00e9galement <strong>assez l\u00e9ger et pr\u00e9sente une construction pliable<\/strong>. Si vous cherchez la portabilit\u00e9 et la qualit\u00e9, les Sennheiser Momentum 2.0 On-Ear Wireless sont un excellent choix. L&rsquo;un des casques supra-aural les plus confortables que nous ayons essay\u00e9s. Il comporte <strong>un bandeau en acier inoxydable recouvert de cuir<\/strong>, et les coques ont un rembourrage de qualit\u00e9 tr\u00e8s doux. Ils peuvent \u00eatre port\u00e9s pendant des heures d&rsquo;affil\u00e9e sans presque aucune fatigue. La pression qu&rsquo;ils exercent est tr\u00e8s tol\u00e9rable.<\/p>    <h2 class=\"wp-block-heading\">Connectivit\u00e9<\/h2>    <p>Le casque Bluetooth Sennheiser Momentum 2.0 On-Ear Wireless <strong>prend en charge le codec aptx<\/strong>, qui permet de lire sans fil des fichiers de haute qualit\u00e9 avec une faible latence de transfert. Il int\u00e8gre \u00e9galement la <strong>connectivit\u00e9 NFC<\/strong> pour une synchronisation rapide avec tout appareil mobile compatible NFC. Il est \u00e9quip\u00e9e d&rsquo;<strong>une batterie haute capacit\u00e9 qui offre jusqu&rsquo;\u00e0 22 heures de lecture continue en mode Bluetooth<\/strong>. De plus, vous pouvez l&rsquo;utiliser en mode \u00ab\u00a0passif\u00a0\u00bb avec le c\u00e2ble audio inclus pour \u00e9conomiser la batterie.<\/p>    <h2 class=\"wp-block-heading\">Qualit\u00e9 du son et annulation du bruit<\/h2>    <p><strong>Les microphones omnidirectionnels int\u00e9gr\u00e9s dans les deux coques<\/strong> permettent d&rsquo;entendre n&rsquo;importe quel appel t\u00e9l\u00e9phonique avec une clart\u00e9 remarquable, car ils sont filtr\u00e9s pour att\u00e9nuer les bruits ext\u00e9rieurs. Le casque Sennheiser Momentum 2.0 On-Ear Wireless est \u00e9quip\u00e9 de <strong>la technologie d&rsquo;annulation active du bruit appel\u00e9e Noisegard<\/strong>. Il n&rsquo;isole pas aussi bien les sons externes que la version Over-Ear, mais il att\u00e9nue le bruit de mani\u00e8re tr\u00e8s d\u00e9cente pour un casque supra-auriculaire.<\/p>    <p><strong>La qualit\u00e9 sonore du casque Sennheiser Momentum 2.0 On-Ear Wireless est tr\u00e8s bonne<\/strong>. Les basses ont une forte pr\u00e9sence mais toutes les notes sont per\u00e7ues comme bien \u00e9quilibr\u00e9es et avec de bons d\u00e9tails. En g\u00e9n\u00e9ral, il <strong>est performant dans tous les d\u00e9partements<\/strong>. Cependant, <strong>nous le trouvons un peu co\u00fbteux<\/strong>. V\u00e9rifiez les <a href=\"https:\/\/amzn.to\/2Gx8pVy\" target=\"_blank\" rel=\"noreferrer noopener nofollow\">meilleurs prix sur Amazon<\/a>.<\/p>    <div class=\"wp-block-columns is-layout-flex wp-container-core-columns-is-layout-9d6595d7 wp-block-columns-is-layout-flex\"> <div class=\"wp-block-column is-layout-flow wp-block-column-is-layout-flow\"> <figure class=\"wp-block-image size-large\"><img decoding=\"async\" width=\"500\" height=\"500\" src=\"https:\/\/culturasonora.es\/wp-content\/uploads\/2018\/05\/Sennheiser-Momentum-2.0-ON-EAR-Wireless1.jpg\" alt=\"Sennheiser-Momentum-2.0-On-Ear\" class=\"wp-image-11060\" srcset=\"https:\/\/culturasonora.es\/wp-content\/uploads\/2018\/05\/Sennheiser-Momentum-2.0-ON-EAR-Wireless1.jpg 500w, https:\/\/culturasonora.es\/wp-content\/uploads\/2018\/05\/Sennheiser-Momentum-2.0-ON-EAR-Wireless1-150x150.jpg 150w, https:\/\/culturasonora.es\/wp-content\/uploads\/2018\/05\/Sennheiser-Momentum-2.0-ON-EAR-Wireless1-300x300.jpg 300w, https:\/\/culturasonora.es\/wp-content\/uploads\/2018\/05\/Sennheiser-Momentum-2.0-ON-EAR-Wireless1-45x45.jpg 45w\" sizes=\"(max-width: 500px) 100vw, 500px\" \/><\/figure> <\/div>    <div class=\"wp-block-column is-layout-flow wp-block-column-is-layout-flow\"> <figure class=\"wp-block-image size-large\"><img decoding=\"async\" width=\"500\" height=\"500\" src=\"https:\/\/culturasonora.es\/wp-content\/uploads\/2018\/05\/Sennheiser-Momentum-2-1.jpg\" alt=\"\" class=\"wp-image-11061\" srcset=\"https:\/\/culturasonora.es\/wp-content\/uploads\/2018\/05\/Sennheiser-Momentum-2-1.jpg 500w, https:\/\/culturasonora.es\/wp-content\/uploads\/2018\/05\/Sennheiser-Momentum-2-1-150x150.jpg 150w, https:\/\/culturasonora.es\/wp-content\/uploads\/2018\/05\/Sennheiser-Momentum-2-1-300x300.jpg 300w, https:\/\/culturasonora.es\/wp-content\/uploads\/2018\/05\/Sennheiser-Momentum-2-1-45x45.jpg 45w\" sizes=\"(max-width: 500px) 100vw, 500px\" \/><\/figure> <\/div>    <div class=\"wp-block-column is-layout-flow wp-block-column-is-layout-flow\"> <figure class=\"wp-block-image size-large\"><img decoding=\"async\" width=\"500\" height=\"500\" src=\"https:\/\/culturasonora.es\/wp-content\/uploads\/2018\/07\/Sennheiser-Momentum-2.0-ON-EAR-Wireless3.jpg\" alt=\"Sennheiser-Momentum-2.0\" class=\"wp-image-12117\" srcset=\"https:\/\/culturasonora.es\/wp-content\/uploads\/2018\/07\/Sennheiser-Momentum-2.0-ON-EAR-Wireless3.jpg 500w, https:\/\/culturasonora.es\/wp-content\/uploads\/2018\/07\/Sennheiser-Momentum-2.0-ON-EAR-Wireless3-150x150.jpg 150w, https:\/\/culturasonora.es\/wp-content\/uploads\/2018\/07\/Sennheiser-Momentum-2.0-ON-EAR-Wireless3-300x300.jpg 300w, https:\/\/culturasonora.es\/wp-content\/uploads\/2018\/07\/Sennheiser-Momentum-2.0-ON-EAR-Wireless3-45x45.jpg 45w\" sizes=\"(max-width: 500px) 100vw, 500px\" \/><\/figure> <\/div> <\/div>    <figure class=\"wp-block-embed is-type-video is-provider-youtube wp-block-embed-youtube wp-embed-aspect-16-9 wp-has-aspect-ratio\"><div class=\"wp-block-embed__wrapper\"> <iframe loading=\"lazy\" title=\"Sennheiser Momentum 2.0 Wireless Headphones Review - @Barnacules\" width=\"500\" height=\"281\" src=\"https:\/\/www.youtube.com\/embed\/VZw-46DshZ4?feature=oembed\" frameborder=\"0\" allow=\"accelerometer; autoplay; clipboard-write; encrypted-media; gyroscope; picture-in-picture; web-share\" referrerpolicy=\"strict-origin-when-cross-origin\" allowfullscreen><\/iframe> <\/div><\/figure>    <h2 class=\"wp-block-heading has-text-align-center\">Sp\u00e9cifications techniques du casque sans fil Sennheiser Momentum 2.0 On-Ear :<\/h2>   <div class=\"wptm_table tablesorter-bootstrap\" data-id=\"1381\" data-hightlight=\"0\"><div class=\"wptm_buttons buttons_wptmTbl1381\"><\/div><div class=\"wptmresponsive dataTables-wptmtable wptmtable\" id=\"wptmtable1381\" data-tableid=\"wptmTbl1381\"><table data-format=\"YYYY-MM-DD\" id=\"wptmTbl1381\" data-id=\"1381\" data-responsive=\"false\" data-hidecols=\"false\" data-type=\"html\" data-paging=\"false\" data-searching=\"false\" data-ordering=\"false\" data-table-breakpoint=\"980\" data-scroll-x=\"true\" data-scroll-collapse=\"true\" data-align=\"center\" data-range=\"[]\" data-hidecolumn=\"[0,0]\" data-colwidths=\"[200,420]\" class=\"disablePager\"><colgroup><col data-dtr=\"0\" data-dtc=\"0\" class=\"dtc0\"><col data-dtr=\"0\" data-dtc=\"1\" class=\"dtc1\"><\/colgroup><thead><tr class=\"wptm-header-cells-index dnone\"><th rowspan=\"1\" colspan=\"1\" data-dtr=\"0\" data-dtc=\"0\" class=\"dtr0 dtc0\"><\/th><th rowspan=\"1\" colspan=\"1\" data-dtr=\"0\" data-dtc=\"1\" class=\"dtr0 dtc1\"><\/th><\/tr><tr class=\"row0\"><th   data-priority=\"0\" class=\"dtr0 dtc0\">Sp\u00e9cifications techniques<\/th><th   data-priority=\"0\" class=\"dtr0 dtc1\">Sennheiser Momentum 2.0 Wireless<\/th><\/thead><tbody><tr class=\"row1\"><td    class=\"dtr1 dtc0\">Fabricant <\/td><td    class=\"dtr1 dtc1\">Sennheiser<\/td><\/tr><tr class=\"row2\"><td    class=\"dtr2 dtc0\">Mod\u00e8le <\/td><td    class=\"dtr2 dtc1\">Momentum 2.0 On-Ear Wireless<\/td><\/tr><tr class=\"row3\"><td    class=\"dtr3 dtc0\">Type <\/td><td    class=\"dtr3 dtc1\">On-Ear \/ Supra-auriculaire<\/td><\/tr><tr class=\"row4\"><td    class=\"dtr4 dtc0\">Connectivit\u00e9 <\/td><td    class=\"dtr4 dtc1\">Bluetooth<\/td><\/tr><tr class=\"row5\"><td    class=\"dtr5 dtc0\">Annulation du bruit<\/td><td    class=\"dtr5 dtc1\">Oui<\/td><\/tr><tr class=\"row6\"><td    class=\"dtr6 dtc0\">Poids <\/td><td    class=\"dtr6 dtc1\">210g<\/td><\/tr><tr class=\"row7\"><td    class=\"dtr7 dtc0\">Couleurs <\/td><td    class=\"dtr7 dtc1\">Ivoire, noir<\/td><\/tr><tr class=\"row8\"><td    class=\"dtr8 dtc0\">Dimensions <\/td><td    class=\"dtr8 dtc1\">190 x 96 x 200 mm<\/td><\/tr><tr class=\"row9\"><td    class=\"dtr9 dtc0\">Autonomie de la batterie <\/td><td    class=\"dtr9 dtc1\">22 heures<\/td><\/tr><tr class=\"row10\"><td    class=\"dtr10 dtc0\">Type de batterie <\/td><td    class=\"dtr10 dtc1\">Lithium Ion<\/td><\/tr><tr class=\"row11\"><td    class=\"dtr11 dtc0\">Type de mat\u00e9riau <\/td><td    class=\"dtr11 dtc1\">Acier inoxydable, cuir<\/td><\/tr><tr class=\"row12\"><td    class=\"dtr12 dtc0\">Composants inclus <\/td><td    class=\"dtr12 dtc1\">Audio (3,5 mm), Micro-USB, \u00e9tui de transport<\/td><\/tr><tr class=\"row13\"><td    class=\"dtr13 dtc0\">Dispositifs compatibles <\/td><td    class=\"dtr13 dtc1\">Smartphones, ipods, iphone, andro\u00efdes et tablettes<\/td><\/tr><tr class=\"row14\"><td    class=\"dtr14 dtc0\">Type de connecteur <\/td><td    class=\"dtr14 dtc1\">Prise auxiliaire de 3,5 mm<\/td><\/tr><tr class=\"row15\"><td    class=\"dtr15 dtc0\">R\u00e9ponse en fr\u00e9quence <\/td><td    class=\"dtr15 dtc1\">16Hz \u2013 22kHz<\/td><\/tr><tr class=\"row16\"><td    class=\"dtr16 dtc0\">Sensibilit\u00e9 <\/td><td    class=\"dtr16 dtc1\">111 dB<\/td><\/tr><tr class=\"row17\"><td    class=\"dtr17 dtc0\">Imp\u00e9dance<\/td><td    class=\"dtr17 dtc1\">28 \u03a9 <\/td><\/tr><\/tbody><tfoot><tr><td class=\"dtr17 dtc0\" style=\"height: 0;\"><\/td><td class=\"dtr17 dtc1\" style=\"height: 0;\"><\/td><\/tr><\/tfoot><\/table><\/div><style>#wptmtable1381 .dataTables_wrapper > .dataTables_scroll {max-height:500px;overflow: auto;}<\/style><script>window.wptm_ajaxurl = 'https:\/\/culturasonora.es\/wp-admin\/admin-ajax.php?juwpfisadmin=false&action=Wptm&'; window.wptm_front = 'https:\/\/culturasonora.es\/wp-content\/plugins\/wp-table-manager\/app\/site\/assets\/'; window.wptm_style = 'https:\/\/culturasonora.es\/wp-content\/uploads\/wptm\/';<\/script><\/div><style>.droptables-highlight-horizontal, .droptables-highlight-vertical  {  color: #ffffff !important; background: rgba(255,255,170,0.9) !important; }<\/style>","protected":false},"excerpt":{"rendered":"<p>Le Sennheiser Momentum 2.0 On-Ear Wireless fait partie d&rsquo;une nouvelle gamme de casques antibruit Sennheiser con\u00e7us pour \u00eatre utilis\u00e9s partout. Vous pouvez lire notre critique de sur la version plus&#8230;<\/p>\n","protected":false},"author":29,"featured_media":0,"parent":69510,"menu_order":0,"comment_status":"closed","ping_status":"closed","template":"views\/page-without-intro.php","meta":{"footnotes":""},"tags":[],"class_list":["post-70921","page","type-page","status-publish","hentry"],"acf":[],"_links":{"self":[{"href":"https:\/\/culturasonora.es\/fr\/wp-json\/wp\/v2\/pages\/70921","targetHints":{"allow":["GET"]}}],"collection":[{"href":"https:\/\/culturasonora.es\/fr\/wp-json\/wp\/v2\/pages"}],"about":[{"href":"https:\/\/culturasonora.es\/fr\/wp-json\/wp\/v2\/types\/page"}],"author":[{"embeddable":true,"href":"https:\/\/culturasonora.es\/fr\/wp-json\/wp\/v2\/users\/29"}],"replies":[{"embeddable":true,"href":"https:\/\/culturasonora.es\/fr\/wp-json\/wp\/v2\/comments?post=70921"}],"version-history":[{"count":0,"href":"https:\/\/culturasonora.es\/fr\/wp-json\/wp\/v2\/pages\/70921\/revisions"}],"up":[{"embeddable":true,"href":"https:\/\/culturasonora.es\/fr\/wp-json\/wp\/v2\/pages\/69510"}],"wp:attachment":[{"href":"https:\/\/culturasonora.es\/fr\/wp-json\/wp\/v2\/media?parent=70921"}],"wp:term":[{"taxonomy":"post_tag","embeddable":true,"href":"https:\/\/culturasonora.es\/fr\/wp-json\/wp\/v2\/tags?post=70921"}],"curies":[{"name":"wp","href":"https:\/\/api.w.org\/{rel}","templated":true}]}}