{"id":94833,"date":"2023-03-04T11:00:38","date_gmt":"2023-03-04T11:00:38","guid":{"rendered":"https:\/\/culturasonora.es\/?page_id=94833"},"modified":"2024-06-12T16:35:04","modified_gmt":"2024-06-12T16:35:04","slug":"akg-k550","status":"publish","type":"page","link":"https:\/\/culturasonora.es\/fr\/casques\/akg-k550\/","title":{"rendered":"Casque Hi-Fi AKG K550 : Critique compl\u00e8te de CulturaSonora"},"content":{"rendered":"<div class=\"wp-block-image is-resized\"> <figure class=\"aligncenter size-large\"><img decoding=\"async\" width=\"900\" height=\"900\" src=\"https:\/\/culturasonora.es\/wp-content\/uploads\/2017\/09\/AKG-k550-peke.jpg\" alt=\"Casque hi fi AKG-k550\" class=\"wp-image-1991\" srcset=\"https:\/\/culturasonora.es\/wp-content\/uploads\/2017\/09\/AKG-k550-peke.jpg 900w, https:\/\/culturasonora.es\/wp-content\/uploads\/2017\/09\/AKG-k550-peke-45x45.jpg 45w, https:\/\/culturasonora.es\/wp-content\/uploads\/2017\/09\/AKG-k550-peke-150x150.jpg 150w, https:\/\/culturasonora.es\/wp-content\/uploads\/2017\/09\/AKG-k550-peke-300x300.jpg 300w, https:\/\/culturasonora.es\/wp-content\/uploads\/2017\/09\/AKG-k550-peke-768x768.jpg 768w, https:\/\/culturasonora.es\/wp-content\/uploads\/2017\/09\/AKG-k550-peke-65x65.jpg 65w, https:\/\/culturasonora.es\/wp-content\/uploads\/2017\/09\/AKG-k550-peke-50x50.jpg 50w\" sizes=\"(max-width: 900px) 100vw, 900px\" \/><\/figure><\/div>   <p><strong>AKG K550,<\/strong> <strong>casque HIFI filaire pour \u00e9couter de la musique<\/strong> \u00e0 la maison.<\/p>   <div class=\"about_product_page\">     <div class=\"half_children_block\">                     <div class=\"rating_wrapper\">                 <div id=\"rating\" class=\"rating\">                     <span id=\"ratingCount\">80<\/span>                 <\/div>                 <p>Rating<\/p>             <\/div>                 <div>                             <img decoding=\"async\" width=\"350\" height=\"77\" src=\"https:\/\/culturasonora.es\/wp-content\/themes\/new-cultura-sonora\/assets\/img\/PROS.jpg\" alt=\"Pros\" loading=\"lazy\">                 <p>Un son d\u00e9taill\u00e9 avec presque tous les genres musicaux, tr\u00e8s confortable, avec une bonne isolation sonore.<\/p>                                         <img decoding=\"async\" width=\"350\" height=\"77\" src=\"https:\/\/culturasonora.es\/wp-content\/themes\/new-cultura-sonora\/assets\/img\/CONS.jpg\" alt=\"Cons\" loading=\"lazy\">                 <p>C\u00e2ble long non amovible pour une utilisation portable, non fourni avec un \u00e9tui de transport. Assez grand<\/p>                     <\/div>     <\/div>             <div class=\"fullwidth_block\">             <a href=\"https:\/\/amzn.to\/2K68iBM\" class=\"style_btn orange_btn\" target=\"_blank\" rel=\"noopener noreferrer nofollow\"><span>VOIR LE PRIX<\/span><\/a>         <\/div>             <div class=\"fullwidth_block product_after\"><p>L&rsquo;un des casques au meilleur rapport qualit\u00e9-prix. Mais il n&rsquo;est pratique qu&rsquo;\u00e0 la maison.<\/p> <ul> <li><strong>Type : <\/strong>Over-Ear\/Circum-auriculaire, type ferm\u00e9.<\/li> <li><strong>R\u00e9ponse en fr\u00e9quence : <\/strong>12Hz-28kHz<\/li> <li><strong>Imp\u00e9dance : <\/strong>32 \u03a9<\/li> <li><strong>Sensibilit\u00e9 : <\/strong>114 db<\/li> <\/ul> <\/div> <\/div>     <p>Pendant une d\u00e9cennie, <strong>le casque Hifi d&rsquo;AKG<\/strong> est rest\u00e9 un mod\u00e8le ouvert qui ne permettait aucune forme d&rsquo;isolation, et \u00e9tait destin\u00e9 \u00e0 \u00eatre utilis\u00e9 dans les studios de musique. Cependant, c&rsquo;\u00e9tait des <a href=\"https:\/\/culturasonora.es\/fr\/casques\/hifi\/\" target=\"_blank\" rel=\"noreferrer noopener\">casques Hifi<\/a> d&rsquo;<strong>un tr\u00e8s bon rapport qualit\u00e9-prix<\/strong>.<\/p>    <p>Pour tout cela et plus encore, CulturaSonora a consacr\u00e9 une revue exhaustive \u00e0 l&rsquo;AKG K550, qui r\u00e9v\u00e9lera tous les d\u00e9tails.<\/p>   <div class=\"wp-block-image\"> <figure class=\"aligncenter size-large\"><img decoding=\"async\" width=\"1024\" height=\"618\" src=\"https:\/\/culturasonora.es\/wp-content\/uploads\/2017\/09\/Sin-t\u00edtulo1234-1024x618.jpg\" alt=\"Casque AKG K550\" class=\"wp-image-1041\" srcset=\"https:\/\/culturasonora.es\/wp-content\/uploads\/2017\/09\/Sin-t\u00edtulo1234-1024x618.jpg 1024w, https:\/\/culturasonora.es\/wp-content\/uploads\/2017\/09\/Sin-t\u00edtulo1234-300x181.jpg 300w, https:\/\/culturasonora.es\/wp-content\/uploads\/2017\/09\/Sin-t\u00edtulo1234-768x463.jpg 768w, https:\/\/culturasonora.es\/wp-content\/uploads\/2017\/09\/Sin-t\u00edtulo1234-1080x652.jpg 1080w, https:\/\/culturasonora.es\/wp-content\/uploads\/2017\/09\/Sin-t\u00edtulo1234-50x30.jpg 50w, https:\/\/culturasonora.es\/wp-content\/uploads\/2017\/09\/Sin-t\u00edtulo1234.jpg 1503w\" sizes=\"(max-width: 1024px) 100vw, 1024px\" \/><\/figure><\/div>   <h2 class=\"wp-block-heading\"><br>Design<\/h2>    <p>L&rsquo;AKG K550 MKII est grand \u00e0 tous points de vue : le casque est large et \u00e9pais, le c\u00e2ble est assez long et \u00e0 l&rsquo;int\u00e9rieur il contient <strong>des transducteurs jusqu&rsquo;\u00e0 50 mm.<\/strong> C&rsquo;est un casque avec une <strong>conception ferm\u00e9e<\/strong>, et une composition con\u00e7ue pour isoler l&rsquo;utilisateur du bruit, en emp\u00eachant \u00e9galement les fuites sonores de l&rsquo;int\u00e9rieur (ce qui emp\u00eachera aussi les autres d&rsquo;entendre votre musique).<\/p>    <p>C\u00f4t\u00e9 inconv\u00e9nient, en le testant, nous avons remarqu\u00e9 qu&rsquo;il ne s&rsquo;adaptait pas aussi bien qu&rsquo;il le devra. Si vous vous penchez, vous remarquez qu&rsquo;il peut tomber. Le probl\u00e8me est exacerb\u00e9 par les sauts ou les mouvements brusques.<\/p>    <p>Pour le moment, l&rsquo;AKG K550 MK II n&rsquo;est disponible qu&rsquo;en une seule couleur : noir. C&rsquo;est assez diff\u00e9rent de ce que proposent des marques comme Bose et Sony.<\/p>    <h3 class=\"wp-block-heading\">Connexion<\/h3>    <p>L&rsquo;AKG K550 M2 utilise un c\u00e2ble en caoutchouc non amovible. Pour ce prix, nous aurions aim\u00e9 voir un c\u00e2ble d\u00e9tachable. Pas seulement pour des raisons de durabilit\u00e9, mais \u00e9galement pour des questions de portabilit\u00e9. Avec une longueur de <strong>3 m\u00e8tres<\/strong>, le c\u00e2ble de l&rsquo;AKG K550 MKII est trop long pour \u00eatre transport\u00e9 confortablement partout. Il semble que les concepteurs ne se soient pas tellement concentr\u00e9s sur l&rsquo;utilisation en ext\u00e9rieur.<\/p>    <p>De toute fa\u00e7on, sa taille le faisait d\u00e9j\u00e0 ressembler \u00e0 un casque non portable. Mais lorsque nous recherchons une isolation dans des environnements bruyants avec une forte concentration de personnes, cela nous limitera beaucoup.<\/p>    <p>Ce c\u00e2ble probl\u00e9matique se termine par <strong>un connecteur filet\u00e9 de 3,5 mm<\/strong>. De plus, <strong>un adaptateur 6.3 mm<\/strong> est inclus dans la bo\u00eete.<\/p>   <div class=\"wp-block-image\"> <figure class=\"aligncenter size-large\"><img decoding=\"async\" width=\"1024\" height=\"620\" src=\"https:\/\/culturasonora.es\/wp-content\/uploads\/2017\/09\/Sin-t\u00edtulo-1-1024x620.jpg\" alt=\"Casque AKG K550\" class=\"wp-image-1037\" srcset=\"https:\/\/culturasonora.es\/wp-content\/uploads\/2017\/09\/Sin-t\u00edtulo-1-1024x620.jpg 1024w, https:\/\/culturasonora.es\/wp-content\/uploads\/2017\/09\/Sin-t\u00edtulo-1-300x182.jpg 300w, https:\/\/culturasonora.es\/wp-content\/uploads\/2017\/09\/Sin-t\u00edtulo-1-768x465.jpg 768w, https:\/\/culturasonora.es\/wp-content\/uploads\/2017\/09\/Sin-t\u00edtulo-1-1080x653.jpg 1080w, https:\/\/culturasonora.es\/wp-content\/uploads\/2017\/09\/Sin-t\u00edtulo-1-50x30.jpg 50w, https:\/\/culturasonora.es\/wp-content\/uploads\/2017\/09\/Sin-t\u00edtulo-1.jpg 1499w\" sizes=\"(max-width: 1024px) 100vw, 1024px\" \/><\/figure><\/div>   <h2 class=\"wp-block-heading\">Son<\/h2>    <p>Nous voulions commencer par un blues classique, et nous avons choisi \u00ab\u00a0<a href=\"https:\/\/www.youtube.com\/watch?v=4fk2prKnYnI\" target=\"_blank\" rel=\"noopener\">The Thrill Is Gone<\/a>\u00a0\u00bb de B. B. King.<\/p>    <p>La premi\u00e8re chose que l&rsquo;on remarque, c&rsquo;est que l&rsquo;AKG K550 MK2 est spacieux dans les oreilles, et d&rsquo;une mani\u00e8re qui d\u00e9passe la plupart des designs ferm\u00e9s. L&rsquo;ensemble des sons, qui semblent avoir une \u00e9trange sensation de distance, est bien d\u00e9finie et le casque s\u00e9pare les diff\u00e9rents fils de la chanson, tout en les r\u00e9int\u00e9grant dans un ensemble coh\u00e9rent.<\/p>    <p>La voix (qui est essentielle dans cette chanson) a beaucoup d&rsquo;espace et est pleine de raffinement. D&rsquo;apr\u00e8s ce que nous pouvons voir, le casque AKG K550 MK2 ne manque pas un seul d\u00e9tail. La pr\u00e9sentation g\u00e9n\u00e9rale est assez compl\u00e8te et \u00e9quilibr\u00e9e. Le K550 est tr\u00e8s communicatif, g\u00e8re les rythmes de mani\u00e8re naturelle et non forc\u00e9e, et approfondit la ligne de basse avec pr\u00e9cision.<\/p>    <p>Par moments, il semble tr\u00e8s proche d&rsquo;\u00eatre d\u00e9saccord\u00e9, mais l&rsquo;AKG avance avec assurance. Bien qu&rsquo;il savoure les voix stridentes de B.B King, il a suffisamment de dynamisme et d&rsquo;attaque pour faire de The Thrill Is Gone un titre passionnant, dur et dynamique \u00e0 \u00e9couter.<\/p>    <p><br>De plus, la finesse de la guitare dans la composition est tout \u00e0 fait remarquable, car elle donne une touche vivante et haute r\u00e9solution au mix.<\/p>    <p><br>Nous avons trouv\u00e9 tr\u00e8s peu de d\u00e9fauts. Dans certaines parties, les aigus ont \u00e9t\u00e9 accentu\u00e9s un peu plus que d&rsquo;habitude. Dans d&rsquo;autres, la basse n&rsquo;\u00e9tait pas \u00e0 100%. Mais vu son prix mod\u00e9r\u00e9, il est normal que nous ne trouvions pas un son parfait.<\/p>    <p>D&rsquo;apr\u00e8s ce que nous avons entendu et analys\u00e9, nous pouvons dire que <strong>le rapport qualit\u00e9-prix est bon<\/strong>. Il faut ajouter qu&rsquo;il n&rsquo;y a pas de sac de protection pour le casque dans la bo\u00eete.<\/p>   <div class=\"wp-block-image\"> <figure class=\"aligncenter size-large\"><img decoding=\"async\" width=\"1024\" height=\"677\" src=\"https:\/\/culturasonora.es\/wp-content\/uploads\/2017\/09\/Sin-t\u00edtulo123-1024x677.jpg\" alt=\"Casque AKG K550\" class=\"wp-image-1040\" srcset=\"https:\/\/culturasonora.es\/wp-content\/uploads\/2017\/09\/Sin-t\u00edtulo123-1024x677.jpg 1024w, https:\/\/culturasonora.es\/wp-content\/uploads\/2017\/09\/Sin-t\u00edtulo123-300x198.jpg 300w, https:\/\/culturasonora.es\/wp-content\/uploads\/2017\/09\/Sin-t\u00edtulo123-768x508.jpg 768w, https:\/\/culturasonora.es\/wp-content\/uploads\/2017\/09\/Sin-t\u00edtulo123-1080x714.jpg 1080w, https:\/\/culturasonora.es\/wp-content\/uploads\/2017\/09\/Sin-t\u00edtulo123-50x33.jpg 50w, https:\/\/culturasonora.es\/wp-content\/uploads\/2017\/09\/Sin-t\u00edtulo123.jpg 1487w\" sizes=\"(max-width: 1024px) 100vw, 1024px\" \/><\/figure><\/div>   <h2 class=\"wp-block-heading\">Conclusion<\/h2>    <p>Si vous cherchez un son \u00e9quilibr\u00e9 et clair, vous ne trouverez pas de meilleur rapport qualit\u00e9-prix que le K550 pour un casque ferm\u00e9<strong>.<\/strong><\/p>    <p>Nous aimerions juste qu&rsquo;il soit plus portable. Son c\u00e2ble \u00e9pais de 3 m\u00e8tres ne vous g\u00eane pas quand vous \u00eates \u00e0 la maison, mais vous laisse avec une poche pleine de fil quand vous \u00eates en d\u00e9placement. Peut-\u00eatre que nous nous plaignons trop \u00e0 ce sujet, mais de nos jours, lorsque quelque chose obtient un son si acceptable, nous n&rsquo;aimons pas le laisser \u00e0 la maison. Mais si vous avez un budget limit\u00e9, l&rsquo;AKG K550 MKII est l&rsquo;un des <strong>meilleurs casques pour son rapport qualit\u00e9-prix. <\/strong>Ceci vous donne envie ? Trouvez les meilleurs prix sur <a href=\"https:\/\/amzn.to\/2K68iBM\" target=\"_blank\" rel=\"noreferrer noopener nofollow\">Amazon France<\/a>.<\/p>    <figure class=\"wp-block-embed is-type-video is-provider-youtube wp-block-embed-youtube wp-embed-aspect-16-9 wp-has-aspect-ratio\"><div class=\"wp-block-embed__wrapper\"> <iframe loading=\"lazy\" title=\"AKG K550 headphones\" width=\"500\" height=\"281\" src=\"https:\/\/www.youtube.com\/embed\/_ONDH4Cbhco?feature=oembed\" frameborder=\"0\" allow=\"accelerometer; autoplay; clipboard-write; encrypted-media; gyroscope; picture-in-picture; web-share\" referrerpolicy=\"strict-origin-when-cross-origin\" allowfullscreen><\/iframe> <\/div><\/figure>  <div id=\"mediavine-settings\" data-blocklist-content-desktop=\"1\" data-blocklist-content-mobile=\"1\" data-blocklist-adhesion-mobile=\"1\" data-blocklist-adhesion-tablet=\"1\" data-blocklist-adhesion-desktop=\"1\" data-blocklist-recipe=\"1\" data-blocklist-auto-insert-sticky=\"1\" data-blocklist-in-image=\"1\" data-blocklist-chicory=\"1\" data-blocklist-zergnet=\"1\" data-blocklist-interstitial-mobile=\"1\" data-blocklist-interstitial-desktop=\"1\" data-blocklist-universal-player-desktop=\"1\" data-blocklist-universal-player-mobile=\"1\" data-expires-at=\"2032-05-27\"><\/div>","protected":false},"excerpt":{"rendered":"<p>AKG K550, casque HIFI filaire pour \u00e9couter de la musique \u00e0 la maison. Pendant une d\u00e9cennie, le casque Hifi d&rsquo;AKG est rest\u00e9 un mod\u00e8le ouvert qui ne permettait aucune forme&#8230;<\/p>\n","protected":false},"author":29,"featured_media":0,"parent":69500,"menu_order":0,"comment_status":"closed","ping_status":"closed","template":"","meta":{"footnotes":""},"tags":[],"class_list":["post-94833","page","type-page","status-publish","hentry"],"acf":[],"_links":{"self":[{"href":"https:\/\/culturasonora.es\/fr\/wp-json\/wp\/v2\/pages\/94833","targetHints":{"allow":["GET"]}}],"collection":[{"href":"https:\/\/culturasonora.es\/fr\/wp-json\/wp\/v2\/pages"}],"about":[{"href":"https:\/\/culturasonora.es\/fr\/wp-json\/wp\/v2\/types\/page"}],"author":[{"embeddable":true,"href":"https:\/\/culturasonora.es\/fr\/wp-json\/wp\/v2\/users\/29"}],"replies":[{"embeddable":true,"href":"https:\/\/culturasonora.es\/fr\/wp-json\/wp\/v2\/comments?post=94833"}],"version-history":[{"count":0,"href":"https:\/\/culturasonora.es\/fr\/wp-json\/wp\/v2\/pages\/94833\/revisions"}],"up":[{"embeddable":true,"href":"https:\/\/culturasonora.es\/fr\/wp-json\/wp\/v2\/pages\/69500"}],"wp:attachment":[{"href":"https:\/\/culturasonora.es\/fr\/wp-json\/wp\/v2\/media?parent=94833"}],"wp:term":[{"taxonomy":"post_tag","embeddable":true,"href":"https:\/\/culturasonora.es\/fr\/wp-json\/wp\/v2\/tags?post=94833"}],"curies":[{"name":"wp","href":"https:\/\/api.w.org\/{rel}","templated":true}]}}