{"id":94839,"date":"2023-03-04T11:03:37","date_gmt":"2023-03-04T11:03:37","guid":{"rendered":"https:\/\/culturasonora.es\/?page_id=94839"},"modified":"2024-06-13T17:49:53","modified_gmt":"2024-06-13T17:49:53","slug":"soundsport-pulse","status":"publish","type":"page","link":"https:\/\/culturasonora.es\/fr\/casques\/soundsport-pulse\/","title":{"rendered":"Bose SoundSport Pulse : l&rsquo;uns des meilleurs \u00e9couteurs sans fil pour le sport"},"content":{"rendered":"<div class=\"wp-block-image\"> <figure class=\"aligncenter size-large\"><img decoding=\"async\" width=\"999\" height=\"562\" src=\"https:\/\/culturasonora.es\/wp-content\/uploads\/2017\/07\/Bose-SoundSport-Pulse-1.jpg\" alt=\"Casques-Bose-SoundSport-Pulse\" class=\"wp-image-403\" srcset=\"https:\/\/culturasonora.es\/wp-content\/uploads\/2017\/07\/Bose-SoundSport-Pulse-1.jpg 999w, https:\/\/culturasonora.es\/wp-content\/uploads\/2017\/07\/Bose-SoundSport-Pulse-1-300x169.jpg 300w, https:\/\/culturasonora.es\/wp-content\/uploads\/2017\/07\/Bose-SoundSport-Pulse-1-768x432.jpg 768w, https:\/\/culturasonora.es\/wp-content\/uploads\/2017\/07\/Bose-SoundSport-Pulse-1-50x28.jpg 50w\" sizes=\"(max-width: 999px) 100vw, 999px\" \/><\/figure><\/div>  <div class=\"about_product_page\">     <div class=\"half_children_block\">                     <div class=\"rating_wrapper\">                 <div id=\"rating\" class=\"rating\">                     <span id=\"ratingCount\">91<\/span>                 <\/div>                 <p>Rating<\/p>             <\/div>                 <div>                             <img decoding=\"async\" width=\"350\" height=\"77\" src=\"https:\/\/culturasonora.es\/wp-content\/themes\/new-cultura-sonora\/assets\/img\/PROS.jpg\" alt=\"Pros\" loading=\"lazy\">                 <p>&#8211; Excellente qualit\u00e9 sonore<br \/>  &#8211; Durables et tr\u00e8s confortables<br \/>  &#8211; R\u00e9sistants \u00e0 l&rsquo;eau<br \/>  &#8211; Compatibles Apple et Android<br \/>  &#8211; Bon moniteur de fr\u00e9quence cardiaque<br \/>  &#8211; Syst\u00e8me d&rsquo;appairage NFC<\/p>                                         <img decoding=\"async\" width=\"350\" height=\"77\" src=\"https:\/\/culturasonora.es\/wp-content\/themes\/new-cultura-sonora\/assets\/img\/CONS.jpg\" alt=\"Cons\" loading=\"lazy\">                 <p>&#8211; Pas de fermeture ext\u00e9rieure<br \/>  &#8211; Pas d&rsquo;ajustement de taille<\/p>                     <\/div>     <\/div>             <div class=\"fullwidth_block\">             <a href=\"https:\/\/amzn.to\/3xIaaw3\" class=\"style_btn orange_btn\" target=\"_blank\" rel=\"noopener noreferrer nofollow\"><span>VOIR LE PRIX<\/span><\/a>         <\/div>             <div class=\"fullwidth_block product_after\"><ul> <li><strong>Connexion : <\/strong>Bluetooth<\/li> <li><strong>Autonomie de la batterie :<\/strong> 8 heures<\/li> <li><strong>NFC : <\/strong>Oui<\/li> <li><strong>Poids: <\/strong>22 gr<\/li> <\/ul> <\/div> <\/div>     <h2 class=\"wp-block-heading\">Ecouteurs de sport sans fil Bose SoundSport Pulse<\/h2>   <div class=\"wp-block-image\"> <figure class=\"alignleft size-large is-resized\"><img decoding=\"async\" src=\"https:\/\/culturasonora.es\/wp-content\/uploads\/2017\/07\/Bose-SoundSport-Wireless.jpg\" alt=\"Bose SoundSport Wireless\" class=\"wp-image-326\" width=\"272\" height=\"272\" srcset=\"https:\/\/culturasonora.es\/wp-content\/uploads\/2017\/07\/Bose-SoundSport-Wireless.jpg 1024w, https:\/\/culturasonora.es\/wp-content\/uploads\/2017\/07\/Bose-SoundSport-Wireless-150x150.jpg 150w, https:\/\/culturasonora.es\/wp-content\/uploads\/2017\/07\/Bose-SoundSport-Wireless-300x300.jpg 300w, https:\/\/culturasonora.es\/wp-content\/uploads\/2017\/07\/Bose-SoundSport-Wireless-768x768.jpg 768w, https:\/\/culturasonora.es\/wp-content\/uploads\/2017\/07\/Bose-SoundSport-Wireless-65x65.jpg 65w, https:\/\/culturasonora.es\/wp-content\/uploads\/2017\/07\/Bose-SoundSport-Wireless-50x50.jpg 50w\" sizes=\"(max-width: 272px) 100vw, 272px\" \/><\/figure><\/div>   <p>Lorsqu&rsquo;on parle des <a href=\"https:\/\/culturasonora.es\/auriculares\/auriculares-deportivos\/\" target=\"_blank\" rel=\"noreferrer noopener\">meilleurs \u00e9couteurs sans fil pour le sport<\/a>, les \u00e9couteurs <strong><a href=\"https:\/\/assets.bose.com\/content\/dam\/Bose_DAM\/Web\/consumer_electronics\/global\/products\/headphones\/sspw_product_page\/PDF\/AM771977_00_OG_SoundSport%20Pulse_SPAvo.pdf\" target=\"_blank\" rel=\"noopener\">Bose SoundSport Pulse<\/a><\/strong> sont incontournables. Etant dot\u00e9s d&rsquo;un <strong>syst\u00e8me<\/strong> innovant <strong>de mesure de la fr\u00e9quence cardiaque int\u00e9gr\u00e9<\/strong>.<\/p>    <p>Ces \u00e9couteurs sans fil <strong>conservent les principaux avantages de la technologie Bose StayHear+,<\/strong> qui assure un maintien ferme dans l&rsquo;oreille. Ils ont une l\u00e9g\u00e8re diff\u00e9rence dans la coupure en raison du capteur de fr\u00e9quence cardiaque.<\/p>    <p>Ils pr\u00e9sentent \u00e9galement un \u00e9ventail de couleurs vives ou de couleurs de base comme le noir et le blanc.<\/p>    <p>Si vous faites du sport qui implique des mouvements vigoureux, vous pouvez compter sur ces \u00e9couteurs pour s&rsquo;adapter confortablement \u00e0 vos oreilles.<\/p>    <p>Ils perdent un peu de l\u00e9g\u00e8ret\u00e9 \u00e0 cause du poids suppl\u00e9mentaire des piles, mais ce n&rsquo;est pas un trop grand inconv\u00e9nient.<\/p>    <h2 class=\"wp-block-heading\">Design<\/h2>    <p>Ils sont con\u00e7us avec des couleurs vives, tout comme leur homologue filaire. Dans le cas des Pulse, c&rsquo;est la couleur unique qui pr\u00e9domine, plut\u00f4t que la bicolore. Comme ils sont l\u00e9g\u00e8rement plus grands, le branding ressort sur les \u00e9couteurs.<\/p>   <div class=\"wp-block-image\"> <figure class=\"alignleft size-large is-resized\"><img decoding=\"async\" src=\"https:\/\/culturasonora.es\/wp-content\/uploads\/2017\/07\/SoundSport_wireless_headphones-1024x1024.jpg\" alt=\"sport-soundsport-pulse-headphones\" class=\"wp-image-404\" width=\"321\" height=\"321\" srcset=\"https:\/\/culturasonora.es\/wp-content\/uploads\/2017\/07\/SoundSport_wireless_headphones-1024x1024.jpg 1024w, https:\/\/culturasonora.es\/wp-content\/uploads\/2017\/07\/SoundSport_wireless_headphones-150x150.jpg 150w, https:\/\/culturasonora.es\/wp-content\/uploads\/2017\/07\/SoundSport_wireless_headphones-300x300.jpg 300w, https:\/\/culturasonora.es\/wp-content\/uploads\/2017\/07\/SoundSport_wireless_headphones-768x768.jpg 768w, https:\/\/culturasonora.es\/wp-content\/uploads\/2017\/07\/SoundSport_wireless_headphones-65x65.jpg 65w, https:\/\/culturasonora.es\/wp-content\/uploads\/2017\/07\/SoundSport_wireless_headphones-50x50.jpg 50w, https:\/\/culturasonora.es\/wp-content\/uploads\/2017\/07\/SoundSport_wireless_headphones.jpg 1920w\" sizes=\"(max-width: 321px) 100vw, 321px\" \/><\/figure><\/div>   <p>Comme mentionn\u00e9 ci-dessus, ils utilisent la technologie \u00ab\u00a0In Ear\u00a0\u00bb de Bose pour un excellent<strong> confort, <\/strong>et pour les maintenir en place.<\/p>    <p>Le c\u00e2ble qui maintient les deux \u00e9couteurs ensemble reste derri\u00e8re le cou, ce qui peut causer un peu d&rsquo;inconfort pendant la course, bien qu&rsquo;il ne p\u00e8se pas vraiment lourd. Le poids total des \u00e9couteurs est d&rsquo;environ<strong> 22 grammes<\/strong>. De plus, ils sont livr\u00e9s avec un <strong>petit clip<\/strong> pour les attacher \u00e0 votre T-shirt.<\/p>    <p>Il est possible que Bose envisage \u00e0 l&rsquo;avenir d&rsquo;ajouter une sorte de r\u00e9glage de la taille pour le tenir derri\u00e8re la t\u00eate comme plusieurs mod\u00e8les concurrents d&rsquo;\u00e9couteurs Bluetooth. Nous garderons un \u0153il sur ces am\u00e9liorations.<\/p>    <p>Ce qui est important, c&rsquo;est qu&rsquo;ils sont aussi fabriqu\u00e9s dans des mat\u00e9riaux qui<strong> r\u00e9sistent \u00e0 l&rsquo;eau<\/strong> et \u00e0 une forte transpiration.<\/p>    <h3 class=\"wp-block-heading\">Compteur de fr\u00e9quence cardiaque<\/h3>   <div class=\"wp-block-image\"> <figure class=\"alignleft size-large is-resized\"><img decoding=\"async\" src=\"https:\/\/culturasonora.es\/wp-content\/uploads\/2017\/07\/Pulse.png\" alt=\"Application Bose SoundSport Pulse\" class=\"wp-image-132\" width=\"349\" height=\"330\" srcset=\"https:\/\/culturasonora.es\/wp-content\/uploads\/2017\/07\/Pulse.png 600w, https:\/\/culturasonora.es\/wp-content\/uploads\/2017\/07\/Pulse-300x285.png 300w, https:\/\/culturasonora.es\/wp-content\/uploads\/2017\/07\/Pulse-50x47.png 50w\" sizes=\"(max-width: 349px) 100vw, 349px\" \/><\/figure><\/div>   <p>S&rsquo;il y a une chose int\u00e9ressante dans ces \u00e9couteurs, c&rsquo;est le <strong><a href=\"https:\/\/www.elmundo.es\/tecnologia\/2017\/04\/08\/58e7b7a5e2704e8a068b460a.html\" target=\"_blank\" rel=\"noopener\">moniteur de fr\u00e9quence cardiaque<\/a><\/strong>. C&rsquo;est tr\u00e8s pratique pour r\u00e9duire la quantit\u00e9 d&rsquo;\u00e9quipement que vous avez sur votre corps pendant l&rsquo;entra\u00eenement.<\/p>    <p>La technologie <strong>biom\u00e9trique de pr\u00e9cision PerformTek <\/strong>de Bose fournit des mesures tr\u00e8s pr\u00e9cises directement \u00e0 partir de nos oreilles. Les athl\u00e8tes y trouvent un grand avantage car nous pouvons r\u00e9guler l&rsquo;intensit\u00e9 de l&rsquo;exercice et en m\u00eame temps profiter de notre musique.<\/p>    <p>L&rsquo;application <a href=\"https:\/\/apps.apple.com\/fr\/app\/bose-connect\/id1046510029\" target=\"_blank\" rel=\"noreferrer noopener\">Bose Connect<\/a> vous permet de visualiser votre fr\u00e9quence cardiaque directement sur votre <strong>appareil mobile<\/strong>. La technologie des Pulse fonctionne \u00e9galement avec des applications telles que <a href=\"https:\/\/www.mapmyrun.com\/app\/\" target=\"_blank\" rel=\"noreferrer noopener\">MapMyRun<\/a>, <a href=\"https:\/\/runkeeper.com\/running-app\" target=\"_blank\" rel=\"noreferrer noopener\">Runkeeper<\/a>, <a href=\"https:\/\/play.google.com\/store\/apps\/details?id=com.fitnesskeeper.runkeeper.pro&amp;hl=en\" target=\"_blank\" rel=\"noreferrer noopener\">Endomondo<\/a>, <a href=\"https:\/\/www.runtastic.com\/en\/apps\" target=\"_blank\" rel=\"noreferrer noopener\">Runtastic<\/a>, <a href=\"https:\/\/developer.apple.com\/healthkit\/\" target=\"_blank\" rel=\"noreferrer noopener\">Apple HealthKit<\/a> et autres.<\/p>    <p>L&rsquo;application peut \u00eatre configur\u00e9e en fonction des go\u00fbts de l&rsquo;utilisateur et permet une excellente polyvalence en termes de couplage de l&rsquo;appareil mobile et des \u00e9couteurs sans fil.<\/p>    <h2 class=\"wp-block-heading\">Qualit\u00e9 du son<\/h2>    <p> <strong>Nous \u00e9valuons le son comme tr\u00e8s bon \u00e0 excellent<\/strong>, ils sont consid\u00e9r\u00e9s comme un bijou dans la gamme des \u00e9couteurs de sport sans fil. Leur son peut surpasser la qualit\u00e9 sonore d&rsquo;autres marques, avec les consid\u00e9rations \u00e9voqu\u00e9es ci-dessus.<\/p>    <p>Pour rappel, l&rsquo;une des consid\u00e9rations que nous avons faites est qu&rsquo;ils n&rsquo;isolent pas compl\u00e8tement le bruit ambiant. Comme mentionn\u00e9 ci-dessus, cela peut \u00eatre un avantage ou un inconv\u00e9nient selon le lieu de formation.<\/p>    <h2 class=\"wp-block-heading\">Batterie<\/h2>   <div class=\"wp-block-image\"> <figure class=\"alignright size-large is-resized\"><img decoding=\"async\" src=\"https:\/\/culturasonora.es\/wp-content\/uploads\/2017\/06\/18447621_10155242792943398_7002376215883171436_n.jpg\" alt=\"Casque sport bluethooth Bose SoundSport Pulse\" class=\"wp-image-70\" width=\"294\" height=\"294\" srcset=\"https:\/\/culturasonora.es\/wp-content\/uploads\/2017\/06\/18447621_10155242792943398_7002376215883171436_n.jpg 960w, https:\/\/culturasonora.es\/wp-content\/uploads\/2017\/06\/18447621_10155242792943398_7002376215883171436_n-150x150.jpg 150w, https:\/\/culturasonora.es\/wp-content\/uploads\/2017\/06\/18447621_10155242792943398_7002376215883171436_n-300x300.jpg 300w, https:\/\/culturasonora.es\/wp-content\/uploads\/2017\/06\/18447621_10155242792943398_7002376215883171436_n-768x768.jpg 768w, https:\/\/culturasonora.es\/wp-content\/uploads\/2017\/06\/18447621_10155242792943398_7002376215883171436_n-65x65.jpg 65w, https:\/\/culturasonora.es\/wp-content\/uploads\/2017\/06\/18447621_10155242792943398_7002376215883171436_n-650x650.jpg 650w, https:\/\/culturasonora.es\/wp-content\/uploads\/2017\/06\/18447621_10155242792943398_7002376215883171436_n-50x50.jpg 50w\" sizes=\"(max-width: 294px) 100vw, 294px\" \/><\/figure><\/div>   <p>La batterie a d&rsquo;excellentes performances et peut atteindre <strong>6 \u00e0 8 heures <\/strong>d&rsquo;utilisation continue, l&rsquo;autonomie de la batterie d\u00e9pendra du niveau de volume auquel l&rsquo;oreillette Bluetooth est r\u00e9gl\u00e9e.<\/p>    <p>Une charge de 15 minutes fournit environ une heure de lecture continue. De plus, il poss\u00e8de une fonction d&rsquo;arr\u00eat automatique, ce qui est tr\u00e8s utile pour \u00e9conomiser de l&rsquo;\u00e9nergie.<\/p>    <h2 class=\"wp-block-heading\">Compatibilit\u00e9<\/h2>    <p>Les \u00e9couteurs sport sans fil de Bose peuvent se targuer d&rsquo;une excellente compatibilit\u00e9 avec les smartphones iPhone ou Android. Ils peuvent \u00eatre appari\u00e9s sans difficult\u00e9 et leur cardiofr\u00e9quencem\u00e8tre est compatible avec l&rsquo;application Sant\u00e9 de votre iPhone.<\/p>    <p>La technologie <a href=\"https:\/\/culturasonora.es\/en\/blog\/types-of-bluetooth\/\" target=\"_blank\">Bluetooth 4.0<\/a><strong> <\/strong>permet une compatibilit\u00e9 maximale avec les applications de mesure et d&rsquo;appariement des sports.<\/p>    <h2 class=\"wp-block-heading\">Conclusion<\/h2>    <p>Les \u00e9couteurs sans fil <a href=\"https:\/\/culturasonora.es\/auriculares\/inalambricos\/bluetooth\/bose-soundsport-free-wireles\/\" target=\"_blank\">Bose SOundSport<\/a> Pulse sont dot\u00e9s d&rsquo;un moniteur de fr\u00e9quence cardiaque int\u00e9gr\u00e9 pour que vous puissiez mesurer vos performances d&rsquo;entra\u00eenement, tout en profitant de votre musique pr\u00e9f\u00e9r\u00e9e. Ils offrent une grande qualit\u00e9 sonore, s&rsquo;adaptent parfaitement aux oreilles et peuvent \u00eatre jumel\u00e9s par Bluetooth avec n&rsquo;importe quel t\u00e9l\u00e9phone portable, iPhone ou Android. Vous \u00eates int\u00e9ress\u00e9 ? V\u00e9rifiez les <a href=\"https:\/\/amzn.to\/3xIaaw3\" target=\"_blank\" rel=\"noreferrer noopener nofollow nofollow\">meilleurs prix sur Amazon<\/a>.<\/p>    <p>Si vous avez besoin d&rsquo;un <a href=\"https:\/\/culturasonora.es\/fr\/casques\/mp3-casque-aquatique-et-sous-marin-les-meilleurs-casques-de-piscine-pour-2022\/\" target=\"_blank\" rel=\"noreferrer noopener\">lecteur MP3 \u00e9tanche<\/a>, vous pouvez consulter notre comparatif.<\/p>    <figure class=\"wp-block-embed is-type-video is-provider-youtube wp-block-embed-youtube wp-embed-aspect-16-9 wp-has-aspect-ratio\"><div class=\"wp-block-embed__wrapper\"> https:\/\/youtu.be\/szTXcgsGlNI <\/div><\/figure>    <h2 class=\"has-text-align-center wp-block-heading\">Caract\u00e9ristiques des \u00e9couteurs SoundSport Pulse de Bose<\/h2>   <div class=\"wptm_table tablesorter-bootstrap\" data-id=\"1340\" data-hightlight=\"0\"><div class=\"wptm_buttons buttons_wptmTbl1340\"><\/div><div class=\"wptmresponsive dataTables-wptmtable wptmtable\" id=\"wptmtable1340\" data-tableid=\"wptmTbl1340\"><table data-format=\"YYYY-MM-d\" id=\"wptmTbl1340\" data-id=\"1340\" data-responsive=\"false\" data-hidecols=\"false\" data-type=\"html\" data-paging=\"false\" data-searching=\"false\" data-ordering=\"false\" data-table-breakpoint=\"980\" data-scroll-x=\"true\" data-scroll-collapse=\"true\" data-align=\"center\" data-range=\"[]\" data-hidecolumn=\"[0,0]\" data-colwidths=\"[130,550]\" class=\"disablePager\"><colgroup><col data-dtr=\"0\" data-dtc=\"0\" class=\"dtc0\"><col data-dtr=\"0\" data-dtc=\"1\" class=\"dtc1\"><\/colgroup><thead><tr class=\"wptm-header-cells-index dnone\"><th rowspan=\"1\" colspan=\"1\" data-dtr=\"0\" data-dtc=\"0\" class=\"dtr0 dtc0\"><\/th><th rowspan=\"1\" colspan=\"1\" data-dtr=\"0\" data-dtc=\"1\" class=\"dtr0 dtc1\"><\/th><\/tr><tr class=\"row0\"><th   data-priority=\"0\" class=\"dtr0 dtc0\">Sp\u00e9cifications techniques<\/th><th   data-priority=\"0\" class=\"dtr0 dtc1\">Bose QC 35 II<\/th><\/thead><tbody><tr class=\"row1\"><td    class=\"dtr1 dtc0\">Type<\/td><td    class=\"dtr1 dtc1\">Over-Ear \/ circum-auriculaires<\/td><\/tr><tr class=\"row2\"><td    class=\"dtr2 dtc0\">Connectivit\u00e9<\/td><td    class=\"dtr2 dtc1\">Bluetooth<\/td><\/tr><tr class=\"row3\"><td    class=\"dtr3 dtc0\">Annulation du bruit<\/td><td    class=\"dtr3 dtc1\">Oui<\/td><\/tr><tr class=\"row4\"><td    class=\"dtr4 dtc0\">Poids<\/td><td    class=\"dtr4 dtc1\">236 g<\/td><\/tr><tr class=\"row5\"><td    class=\"dtr5 dtc0\">Couleurs<\/td><td    class=\"dtr5 dtc1\">Noir, Argent<\/td><\/tr><tr class=\"row6\"><td    class=\"dtr6 dtc0\">Dimensions<\/td><td    class=\"dtr6 dtc1\">170 x 81 x 180 mm<\/td><\/tr><tr class=\"row7\"><td    class=\"dtr7 dtc0\">Autonomie de la batterie<\/td><td    class=\"dtr7 dtc1\">20 heures (annulation de bruit activ\u00e9e)<\/td><\/tr><tr class=\"row8\"><td    class=\"dtr8 dtc0\">Type de batterie<\/td><td    class=\"dtr8 dtc1\">Lithium Ion<\/td><\/tr><tr class=\"row9\"><td    class=\"dtr9 dtc0\">Type de mat\u00e9riau<\/td><td    class=\"dtr9 dtc1\">Acier inoxydable, plastique, alcantara<\/td><\/tr><tr class=\"row10\"><td    class=\"dtr10 dtc0\">Composants inclus<\/td><td    class=\"dtr10 dtc1\">Audio (3,5 mm), Micro-USB, \u00e9tui de transport<\/td><\/tr><tr class=\"row11\"><td    class=\"dtr11 dtc0\">Dispositifs compatibles<\/td><td    class=\"dtr11 dtc1\">Smartphones, ipods, iphones, andro\u00efdes et tablettes<\/td><\/tr><tr class=\"row12\"><td    class=\"dtr12 dtc0\">Type de connecteur<\/td><td    class=\"dtr12 dtc1\">Prise auxiliaire de 3,5 mm<\/td><\/tr><tr class=\"row13\"><td    class=\"dtr13 dtc0\">R\u00e9ponse en fr\u00e9quence<\/td><td    class=\"dtr13 dtc1\">-<\/td><\/tr><tr class=\"row14\"><td    class=\"dtr14 dtc0\">Sensibilit\u00e9<\/td><td    class=\"dtr14 dtc1\">101 dB<\/td><\/tr><tr class=\"row15\"><td    class=\"dtr15 dtc0\">Imp\u00e9dance<\/td><td    class=\"dtr15 dtc1\">-<\/td><\/tr><\/tbody><tfoot><tr><td class=\"dtr15 dtc0\" style=\"height: 0;\"><\/td><td class=\"dtr15 dtc1\" style=\"height: 0;\"><\/td><\/tr><\/tfoot><\/table><\/div><style>#wptmtable1340 .dataTables_wrapper > .dataTables_scroll {max-height:500px;overflow: auto;}<\/style><script>window.wptm_ajaxurl = 'https:\/\/culturasonora.es\/wp-admin\/admin-ajax.php?juwpfisadmin=false&action=Wptm&'; window.wptm_front = 'https:\/\/culturasonora.es\/wp-content\/plugins\/wp-table-manager\/app\/site\/assets\/'; window.wptm_style = 'https:\/\/culturasonora.es\/wp-content\/uploads\/wptm\/';<\/script><\/div><style>.droptables-highlight-horizontal, .droptables-highlight-vertical  {  color: #ffffff !important; background: rgba(255,255,170,0.9) !important; }<\/style>  <div id=\"mediavine-settings\" data-blocklist-content-desktop=\"1\" data-blocklist-content-mobile=\"1\" data-blocklist-adhesion-mobile=\"1\" data-blocklist-adhesion-tablet=\"1\" data-blocklist-adhesion-desktop=\"1\" data-blocklist-recipe=\"1\" data-blocklist-auto-insert-sticky=\"1\" data-blocklist-in-image=\"1\" data-blocklist-chicory=\"1\" data-blocklist-zergnet=\"1\" data-blocklist-interstitial-mobile=\"1\" data-blocklist-interstitial-desktop=\"1\" data-blocklist-universal-player-desktop=\"1\" data-blocklist-universal-player-mobile=\"1\" data-expires-at=\"2032-05-27\"><\/div>","protected":false},"excerpt":{"rendered":"<p>Ecouteurs de sport sans fil Bose SoundSport Pulse Lorsqu&rsquo;on parle des meilleurs \u00e9couteurs sans fil pour le sport, les \u00e9couteurs Bose SoundSport Pulse sont incontournables. Etant dot\u00e9s d&rsquo;un syst\u00e8me innovant&#8230;<\/p>\n","protected":false},"author":29,"featured_media":0,"parent":69500,"menu_order":0,"comment_status":"closed","ping_status":"closed","template":"","meta":{"footnotes":""},"tags":[],"class_list":["post-94839","page","type-page","status-publish","hentry"],"acf":[],"_links":{"self":[{"href":"https:\/\/culturasonora.es\/fr\/wp-json\/wp\/v2\/pages\/94839","targetHints":{"allow":["GET"]}}],"collection":[{"href":"https:\/\/culturasonora.es\/fr\/wp-json\/wp\/v2\/pages"}],"about":[{"href":"https:\/\/culturasonora.es\/fr\/wp-json\/wp\/v2\/types\/page"}],"author":[{"embeddable":true,"href":"https:\/\/culturasonora.es\/fr\/wp-json\/wp\/v2\/users\/29"}],"replies":[{"embeddable":true,"href":"https:\/\/culturasonora.es\/fr\/wp-json\/wp\/v2\/comments?post=94839"}],"version-history":[{"count":0,"href":"https:\/\/culturasonora.es\/fr\/wp-json\/wp\/v2\/pages\/94839\/revisions"}],"up":[{"embeddable":true,"href":"https:\/\/culturasonora.es\/fr\/wp-json\/wp\/v2\/pages\/69500"}],"wp:attachment":[{"href":"https:\/\/culturasonora.es\/fr\/wp-json\/wp\/v2\/media?parent=94839"}],"wp:term":[{"taxonomy":"post_tag","embeddable":true,"href":"https:\/\/culturasonora.es\/fr\/wp-json\/wp\/v2\/tags?post=94839"}],"curies":[{"name":"wp","href":"https:\/\/api.w.org\/{rel}","templated":true}]}}